{"id":9273,"date":"2015-09-14T14:01:42","date_gmt":"2015-09-14T12:01:42","guid":{"rendered":"http:\/\/gdirekt.hamstage.hamrenmedia.se\/produkt\/pladefod-til-beach-flag-fenan-og-droppen\/"},"modified":"2024-02-01T09:41:23","modified_gmt":"2024-02-01T08:41:23","slug":"pladefod-til-beach-flag-fenan-og-droppen","status":"publish","type":"product","link":"https:\/\/www.gdirekt.se\/da\/produkt\/pladefod-til-beach-flag-fenan-og-droppen\/","title":{"rendered":"Pladefod til Beach flag Fenan og Droppen"},"content":{"rendered":"<p>Pladefod til Beach flag Fenan og Droppener en 40 x 40 cm stor\u00a0tung fod til Fenan og Droppen. Fastg\u00f8ringss\u00e6t med drejefunktion, s\u00e5 strandflaget f\u00f8lger vinden. Uanset om der er svag vind eller h\u00e5rd bl\u00e6st. Foden vejer 5,3 kg, hvilket er den optimale v\u00e6gt til at holde strandflaget p\u00e5 plads. Har I behov for ekstra v\u00e6gt til beachflaget, kan I bestille vands\u00e6kke p\u00e5 dette\u00a0<a href=\"https:\/\/www.gdirekt.se\/butik\/beachflaggor\/tillbehor-till-beachflaggor\/vattensack-tygnd-till-beachflaggor\/\">link.<\/a>\u00a0Vi lagerf\u00f8rer vores tunge f\u00f8dder, s\u00e5 levering sker hurtigt. Vores tunge f\u00f8dder er prisbillige, kvaliteten er h\u00f8j, og designet er flot. Skal I k\u00f8be strandflag, finder I dem under vores kategori\u00a0<a href=\"https:\/\/www.gdirekt.se\/produkt-kategori\/beachflaggor\/\">Beachflag og flag<\/a>.<\/p>\n<p><span lang=\"DA\">Skal I bruge andet tilbeh\u00f8r, kan I bes\u00f8ge vores moderselskab<span class=\"apple-converted-space\">\u00a0<\/span><\/span><span lang=\"DA\"><a href=\"http:\/\/www.gigantprint.se\/\"><b><i>GigantPrint<\/i><\/b><\/a><\/span><span lang=\"DA\">!<\/span><\/p>\n","protected":false},"excerpt":{"rendered":"<p>Pladefod til Beach flag <span lang=\"DA\">Fenan og Droppen<\/span><span lang=\"DA\">er en 40 x 40 cm stor tung fod med drejefunktion til strandflag. Den vejer 5,3 kg og er sortlakeret. <\/span><\/p>\n","protected":false},"featured_media":8082,"template":"","meta":{"_acf_changed":false},"product_brand":[],"product_cat":[371],"product_tag":[],"class_list":{"0":"post-9273","1":"product","2":"type-product","3":"status-publish","4":"has-post-thumbnail","6":"product_cat-beachflag-tilbehoer","7":"product_shipping_class-250kr","9":"first","10":"instock","11":"taxable","12":"shipping-taxable","13":"purchasable","14":"product-type-simple"},"exclude_global_add_ons":[],"addons":[],"acf":[],"yoast_head":"<!-- This site is optimized with the Yoast SEO plugin v27.2 - https:\/\/yoast.com\/product\/yoast-seo-wordpress\/ -->\n<title>Pladefod til Beach flag Fenan og Droppen, k\u00f6p fot tygnd | Gdirekt.se<\/title>\n<meta name=\"description\" content=\"Pladefod til Beach flag Fenan og Droppen er en 40 x 40 cm stor tung fod med drejefunktion til strandflag. Den vejer 5,3 kg og er sortlakeret. Foden passer til vores strandflag p\u00e5 asfalt-, beton-, grus- og stenunderlag. Bestil til en god pris allerede i dag. Vi har hurtig levering til virksomheder og private.\" \/>\n<meta name=\"robots\" content=\"index, follow, max-snippet:-1, max-image-preview:large, max-video-preview:-1\" \/>\n<link rel=\"canonical\" href=\"https:\/\/www.gdirekt.se\/da\/produkt\/pladefod-til-beach-flag-fenan-og-droppen\/\" \/>\n<meta property=\"og:locale\" content=\"da_DK\" \/>\n<meta property=\"og:type\" content=\"article\" \/>\n<meta property=\"og:title\" content=\"Pladefod til Beach flag Fenan og Droppen, k\u00f6p fot tygnd | Gdirekt.se\" \/>\n<meta property=\"og:description\" content=\"Pladefod til Beach flag Fenan og Droppen er en 40 x 40 cm stor tung fod med drejefunktion til strandflag. Den vejer 5,3 kg og er sortlakeret. Foden passer til vores strandflag p\u00e5 asfalt-, beton-, grus- og stenunderlag. Bestil til en god pris allerede i dag. Vi har hurtig levering til virksomheder og private.\" \/>\n<meta property=\"og:url\" content=\"https:\/\/www.gdirekt.se\/da\/produkt\/pladefod-til-beach-flag-fenan-og-droppen\/\" \/>\n<meta property=\"og:site_name\" content=\"Gdirekt.se\" \/>\n<meta property=\"article:modified_time\" content=\"2024-02-01T08:41:23+00:00\" \/>\n<meta property=\"og:image\" content=\"https:\/\/www.gdirekt.se\/wp-content\/uploads\/Beachlagga-markplatta-fenan-droppen.png\" \/>\n\t<meta property=\"og:image:width\" content=\"1000\" \/>\n\t<meta property=\"og:image:height\" content=\"1000\" \/>\n\t<meta property=\"og:image:type\" content=\"image\/png\" \/>\n<meta name=\"twitter:card\" content=\"summary_large_image\" \/>\n<meta name=\"twitter:label1\" content=\"Estimeret l\u00e6setid\" \/>\n\t<meta name=\"twitter:data1\" content=\"1 minut\" \/>\n<script type=\"application\/ld+json\" class=\"yoast-schema-graph\">{\"@context\":\"https:\/\/schema.org\",\"@graph\":[{\"@type\":\"WebPage\",\"@id\":\"https:\/\/www.gdirekt.se\/da\/produkt\/pladefod-til-beach-flag-fenan-og-droppen\/\",\"url\":\"https:\/\/www.gdirekt.se\/da\/produkt\/pladefod-til-beach-flag-fenan-og-droppen\/\",\"name\":\"Pladefod til Beach flag Fenan og Droppen, k\u00f6p fot tygnd | Gdirekt.se\",\"isPartOf\":{\"@id\":\"https:\/\/www.gdirekt.se\/#website\"},\"primaryImageOfPage\":{\"@id\":\"https:\/\/www.gdirekt.se\/da\/produkt\/pladefod-til-beach-flag-fenan-og-droppen\/#primaryimage\"},\"image\":{\"@id\":\"https:\/\/www.gdirekt.se\/da\/produkt\/pladefod-til-beach-flag-fenan-og-droppen\/#primaryimage\"},\"thumbnailUrl\":\"https:\/\/www.gdirekt.se\/wp-content\/uploads\/Beachlagga-markplatta-fenan-droppen.png\",\"datePublished\":\"2015-09-14T12:01:42+00:00\",\"dateModified\":\"2024-02-01T08:41:23+00:00\",\"description\":\"Pladefod til Beach flag Fenan og Droppen er en 40 x 40 cm stor tung fod med drejefunktion til strandflag. Den vejer 5,3 kg og er sortlakeret. Foden passer til vores strandflag p\u00e5 asfalt-, beton-, grus- og stenunderlag. Bestil til en god pris allerede i dag. Vi har hurtig levering til virksomheder og private.\",\"breadcrumb\":{\"@id\":\"https:\/\/www.gdirekt.se\/da\/produkt\/pladefod-til-beach-flag-fenan-og-droppen\/#breadcrumb\"},\"inLanguage\":\"da-DK\",\"potentialAction\":[{\"@type\":\"ReadAction\",\"target\":[\"https:\/\/www.gdirekt.se\/da\/produkt\/pladefod-til-beach-flag-fenan-og-droppen\/\"]}]},{\"@type\":\"ImageObject\",\"inLanguage\":\"da-DK\",\"@id\":\"https:\/\/www.gdirekt.se\/da\/produkt\/pladefod-til-beach-flag-fenan-og-droppen\/#primaryimage\",\"url\":\"https:\/\/www.gdirekt.se\/wp-content\/uploads\/Beachlagga-markplatta-fenan-droppen.png\",\"contentUrl\":\"https:\/\/www.gdirekt.se\/wp-content\/uploads\/Beachlagga-markplatta-fenan-droppen.png\",\"width\":1000,\"height\":1000,\"caption\":\"Markplatta till Gdirekts beachflaggor\"},{\"@type\":\"BreadcrumbList\",\"@id\":\"https:\/\/www.gdirekt.se\/da\/produkt\/pladefod-til-beach-flag-fenan-og-droppen\/#breadcrumb\",\"itemListElement\":[{\"@type\":\"ListItem\",\"position\":1,\"name\":\"Hem\",\"item\":\"https:\/\/www.gdirekt.se\/da\/\"},{\"@type\":\"ListItem\",\"position\":2,\"name\":\"Start\",\"item\":\"https:\/\/www.gdirekt.se\/da\/\"},{\"@type\":\"ListItem\",\"position\":3,\"name\":\"Pladefod til Beach flag Fenan og Droppen\"}]},{\"@type\":\"WebSite\",\"@id\":\"https:\/\/www.gdirekt.se\/#website\",\"url\":\"https:\/\/www.gdirekt.se\/\",\"name\":\"Gdirekt.se\",\"description\":\"Tryck snabbt \u00e5 l\u00e4tt = Gdirekt\",\"potentialAction\":[{\"@type\":\"SearchAction\",\"target\":{\"@type\":\"EntryPoint\",\"urlTemplate\":\"https:\/\/www.gdirekt.se\/?s={search_term_string}\"},\"query-input\":{\"@type\":\"PropertyValueSpecification\",\"valueRequired\":true,\"valueName\":\"search_term_string\"}}],\"inLanguage\":\"da-DK\"}]}<\/script>\n<!-- \/ Yoast SEO plugin. -->","yoast_head_json":{"title":"Pladefod til Beach flag Fenan og Droppen, k\u00f6p fot tygnd | Gdirekt.se","description":"Pladefod til Beach flag Fenan og Droppen er en 40 x 40 cm stor tung fod med drejefunktion til strandflag. Den vejer 5,3 kg og er sortlakeret. Foden passer til vores strandflag p\u00e5 asfalt-, beton-, grus- og stenunderlag. Bestil til en god pris allerede i dag. Vi har hurtig levering til virksomheder og private.","robots":{"index":"index","follow":"follow","max-snippet":"max-snippet:-1","max-image-preview":"max-image-preview:large","max-video-preview":"max-video-preview:-1"},"canonical":"https:\/\/www.gdirekt.se\/da\/produkt\/pladefod-til-beach-flag-fenan-og-droppen\/","og_locale":"da_DK","og_type":"article","og_title":"Pladefod til Beach flag Fenan og Droppen, k\u00f6p fot tygnd | Gdirekt.se","og_description":"Pladefod til Beach flag Fenan og Droppen er en 40 x 40 cm stor tung fod med drejefunktion til strandflag. Den vejer 5,3 kg og er sortlakeret. Foden passer til vores strandflag p\u00e5 asfalt-, beton-, grus- og stenunderlag. Bestil til en god pris allerede i dag. Vi har hurtig levering til virksomheder og private.","og_url":"https:\/\/www.gdirekt.se\/da\/produkt\/pladefod-til-beach-flag-fenan-og-droppen\/","og_site_name":"Gdirekt.se","article_modified_time":"2024-02-01T08:41:23+00:00","og_image":[{"width":1000,"height":1000,"url":"https:\/\/www.gdirekt.se\/wp-content\/uploads\/Beachlagga-markplatta-fenan-droppen.png","type":"image\/png"}],"twitter_card":"summary_large_image","twitter_misc":{"Estimeret l\u00e6setid":"1 minut"},"schema":{"@context":"https:\/\/schema.org","@graph":[{"@type":"WebPage","@id":"https:\/\/www.gdirekt.se\/da\/produkt\/pladefod-til-beach-flag-fenan-og-droppen\/","url":"https:\/\/www.gdirekt.se\/da\/produkt\/pladefod-til-beach-flag-fenan-og-droppen\/","name":"Pladefod til Beach flag Fenan og Droppen, k\u00f6p fot tygnd | Gdirekt.se","isPartOf":{"@id":"https:\/\/www.gdirekt.se\/#website"},"primaryImageOfPage":{"@id":"https:\/\/www.gdirekt.se\/da\/produkt\/pladefod-til-beach-flag-fenan-og-droppen\/#primaryimage"},"image":{"@id":"https:\/\/www.gdirekt.se\/da\/produkt\/pladefod-til-beach-flag-fenan-og-droppen\/#primaryimage"},"thumbnailUrl":"https:\/\/www.gdirekt.se\/wp-content\/uploads\/Beachlagga-markplatta-fenan-droppen.png","datePublished":"2015-09-14T12:01:42+00:00","dateModified":"2024-02-01T08:41:23+00:00","description":"Pladefod til Beach flag Fenan og Droppen er en 40 x 40 cm stor tung fod med drejefunktion til strandflag. Den vejer 5,3 kg og er sortlakeret. Foden passer til vores strandflag p\u00e5 asfalt-, beton-, grus- og stenunderlag. Bestil til en god pris allerede i dag. Vi har hurtig levering til virksomheder og private.","breadcrumb":{"@id":"https:\/\/www.gdirekt.se\/da\/produkt\/pladefod-til-beach-flag-fenan-og-droppen\/#breadcrumb"},"inLanguage":"da-DK","potentialAction":[{"@type":"ReadAction","target":["https:\/\/www.gdirekt.se\/da\/produkt\/pladefod-til-beach-flag-fenan-og-droppen\/"]}]},{"@type":"ImageObject","inLanguage":"da-DK","@id":"https:\/\/www.gdirekt.se\/da\/produkt\/pladefod-til-beach-flag-fenan-og-droppen\/#primaryimage","url":"https:\/\/www.gdirekt.se\/wp-content\/uploads\/Beachlagga-markplatta-fenan-droppen.png","contentUrl":"https:\/\/www.gdirekt.se\/wp-content\/uploads\/Beachlagga-markplatta-fenan-droppen.png","width":1000,"height":1000,"caption":"Markplatta till Gdirekts beachflaggor"},{"@type":"BreadcrumbList","@id":"https:\/\/www.gdirekt.se\/da\/produkt\/pladefod-til-beach-flag-fenan-og-droppen\/#breadcrumb","itemListElement":[{"@type":"ListItem","position":1,"name":"Hem","item":"https:\/\/www.gdirekt.se\/da\/"},{"@type":"ListItem","position":2,"name":"Start","item":"https:\/\/www.gdirekt.se\/da\/"},{"@type":"ListItem","position":3,"name":"Pladefod til Beach flag Fenan og Droppen"}]},{"@type":"WebSite","@id":"https:\/\/www.gdirekt.se\/#website","url":"https:\/\/www.gdirekt.se\/","name":"Gdirekt.se","description":"Tryck snabbt \u00e5 l\u00e4tt = Gdirekt","potentialAction":[{"@type":"SearchAction","target":{"@type":"EntryPoint","urlTemplate":"https:\/\/www.gdirekt.se\/?s={search_term_string}"},"query-input":{"@type":"PropertyValueSpecification","valueRequired":true,"valueName":"search_term_string"}}],"inLanguage":"da-DK"}]}},"_links":{"self":[{"href":"https:\/\/www.gdirekt.se\/da\/wp-json\/wp\/v2\/product\/9273","targetHints":{"allow":["GET"]}}],"collection":[{"href":"https:\/\/www.gdirekt.se\/da\/wp-json\/wp\/v2\/product"}],"about":[{"href":"https:\/\/www.gdirekt.se\/da\/wp-json\/wp\/v2\/types\/product"}],"wp:featuredmedia":[{"embeddable":true,"href":"https:\/\/www.gdirekt.se\/da\/wp-json\/wp\/v2\/media\/8082"}],"wp:attachment":[{"href":"https:\/\/www.gdirekt.se\/da\/wp-json\/wp\/v2\/media?parent=9273"}],"wp:term":[{"taxonomy":"product_brand","embeddable":true,"href":"https:\/\/www.gdirekt.se\/da\/wp-json\/wp\/v2\/product_brand?post=9273"},{"taxonomy":"product_cat","embeddable":true,"href":"https:\/\/www.gdirekt.se\/da\/wp-json\/wp\/v2\/product_cat?post=9273"},{"taxonomy":"product_tag","embeddable":true,"href":"https:\/\/www.gdirekt.se\/da\/wp-json\/wp\/v2\/product_tag?post=9273"}],"curies":[{"name":"wp","href":"https:\/\/api.w.org\/{rel}","templated":true}]}}