{"id":9272,"date":"2017-01-18T10:54:18","date_gmt":"2017-01-18T09:54:18","guid":{"rendered":"http:\/\/gdirekt.hamstage.hamrenmedia.se\/produkt\/brochureholder-a4-a5-med-magnet\/"},"modified":"2024-02-01T09:36:47","modified_gmt":"2024-02-01T08:36:47","slug":"brochureholder-a4-a5-med-magnet","status":"publish","type":"product","link":"https:\/\/www.gdirekt.se\/da\/produkt\/brochureholder-a4-a5-med-magnet\/","title":{"rendered":"Brochureholder A4\/A5 med magnet"},"content":{"rendered":"<p>Brochureholder A4\/A5 med magnet er et transparent brochurerum, som passer til roll-up-bannere, messedisplays og stofbannere samt bannere. Magneten p\u00e5 brochureholderen er st\u00e6rk, og der medf\u00f8lger en metalb\u00f8jle til A4 og A5. Brochureholderen fastg\u00f8res ved at holde den p\u00e5 det rette sted p\u00e5 messedisplayets forside eller roll-up-banneret. Derefter fastg\u00f8res den nemt med den st\u00e6rke magnet p\u00e5 bagsiden. En prisbillig brochureholder, som er enkel at bestille. Og vi har ogs\u00e5 prisbillige roll-up-bannere,\u00a0<a href=\"https:\/\/www.gdirekt.se\/produkt-kategori\/roll-up-och-rollups\/\"><strong><em>klik her<\/em><\/strong><\/a><strong><em>.<\/em><\/strong><\/p>\n","protected":false},"excerpt":{"rendered":"<p><span lang=\"DA\">Brochureholder A4\/A5 med magnet fungerer med roll-up-bannere, messedisplays og stofbannere samt bannere. Magneten p\u00e5 brochureholderen er st\u00e6rk og passer til A4 og A5. <\/span><\/p>\n","protected":false},"featured_media":8448,"template":"","meta":{"_acf_changed":false},"product_brand":[],"product_cat":[368],"product_tag":[],"class_list":{"0":"post-9272","1":"product","2":"type-product","3":"status-publish","4":"has-post-thumbnail","6":"product_cat-brochurestander-og-informationsstander","7":"product_shipping_class-85kr-da","9":"first","10":"instock","11":"taxable","12":"shipping-taxable","13":"purchasable","14":"product-type-simple"},"exclude_global_add_ons":[],"addons":[],"acf":[],"yoast_head":"<!-- This site is optimized with the Yoast SEO plugin v27.2 - https:\/\/yoast.com\/product\/yoast-seo-wordpress\/ -->\n<title>Brochureholder A4\/A5 med magnet til rollup og skilte | Gdirekt.se<\/title>\n<meta name=\"description\" content=\"Brochureholder til displaystander i transparent plast til tryksager og foldere. Passer til A6 og A5. K\u00f8b brochureholder billigt i dag. Hurtig levering fra vores store lager. Disse enkle holdere til tryksager kan h\u00e6nges op eller tapes fast p\u00e5 trykte skilte og displays i karton.\" \/>\n<meta name=\"robots\" content=\"index, follow, max-snippet:-1, max-image-preview:large, max-video-preview:-1\" \/>\n<link rel=\"canonical\" href=\"https:\/\/www.gdirekt.se\/da\/produkt\/brochureholder-a4-a5-med-magnet\/\" \/>\n<meta property=\"og:locale\" content=\"da_DK\" \/>\n<meta property=\"og:type\" content=\"article\" \/>\n<meta property=\"og:title\" content=\"Brochureholder A4\/A5 med magnet til rollup og skilte | Gdirekt.se\" \/>\n<meta property=\"og:description\" content=\"Brochureholder til displaystander i transparent plast til tryksager og foldere. Passer til A6 og A5. K\u00f8b brochureholder billigt i dag. Hurtig levering fra vores store lager. Disse enkle holdere til tryksager kan h\u00e6nges op eller tapes fast p\u00e5 trykte skilte og displays i karton.\" \/>\n<meta property=\"og:url\" content=\"https:\/\/www.gdirekt.se\/da\/produkt\/brochureholder-a4-a5-med-magnet\/\" \/>\n<meta property=\"og:site_name\" content=\"Gdirekt.se\" \/>\n<meta property=\"article:modified_time\" content=\"2024-02-01T08:36:47+00:00\" \/>\n<meta property=\"og:image\" content=\"https:\/\/www.gdirekt.se\/wp-content\/uploads\/broschyrhallare_magnet.png\" \/>\n\t<meta property=\"og:image:width\" content=\"1000\" \/>\n\t<meta property=\"og:image:height\" content=\"1000\" \/>\n\t<meta property=\"og:image:type\" content=\"image\/png\" \/>\n<meta name=\"twitter:card\" content=\"summary_large_image\" \/>\n<script type=\"application\/ld+json\" class=\"yoast-schema-graph\">{\"@context\":\"https:\/\/schema.org\",\"@graph\":[{\"@type\":\"WebPage\",\"@id\":\"https:\/\/www.gdirekt.se\/da\/produkt\/brochureholder-a4-a5-med-magnet\/\",\"url\":\"https:\/\/www.gdirekt.se\/da\/produkt\/brochureholder-a4-a5-med-magnet\/\",\"name\":\"Brochureholder A4\/A5 med magnet til rollup og skilte | Gdirekt.se\",\"isPartOf\":{\"@id\":\"https:\/\/www.gdirekt.se\/#website\"},\"primaryImageOfPage\":{\"@id\":\"https:\/\/www.gdirekt.se\/da\/produkt\/brochureholder-a4-a5-med-magnet\/#primaryimage\"},\"image\":{\"@id\":\"https:\/\/www.gdirekt.se\/da\/produkt\/brochureholder-a4-a5-med-magnet\/#primaryimage\"},\"thumbnailUrl\":\"https:\/\/www.gdirekt.se\/wp-content\/uploads\/broschyrhallare_magnet.png\",\"datePublished\":\"2017-01-18T09:54:18+00:00\",\"dateModified\":\"2024-02-01T08:36:47+00:00\",\"description\":\"Brochureholder til displaystander i transparent plast til tryksager og foldere. Passer til A6 og A5. K\u00f8b brochureholder billigt i dag. Hurtig levering fra vores store lager. Disse enkle holdere til tryksager kan h\u00e6nges op eller tapes fast p\u00e5 trykte skilte og displays i karton.\",\"breadcrumb\":{\"@id\":\"https:\/\/www.gdirekt.se\/da\/produkt\/brochureholder-a4-a5-med-magnet\/#breadcrumb\"},\"inLanguage\":\"da-DK\",\"potentialAction\":[{\"@type\":\"ReadAction\",\"target\":[\"https:\/\/www.gdirekt.se\/da\/produkt\/brochureholder-a4-a5-med-magnet\/\"]}]},{\"@type\":\"ImageObject\",\"inLanguage\":\"da-DK\",\"@id\":\"https:\/\/www.gdirekt.se\/da\/produkt\/brochureholder-a4-a5-med-magnet\/#primaryimage\",\"url\":\"https:\/\/www.gdirekt.se\/wp-content\/uploads\/broschyrhallare_magnet.png\",\"contentUrl\":\"https:\/\/www.gdirekt.se\/wp-content\/uploads\/broschyrhallare_magnet.png\",\"width\":1000,\"height\":1000,\"caption\":\"Holder med magnet A4 A5\"},{\"@type\":\"BreadcrumbList\",\"@id\":\"https:\/\/www.gdirekt.se\/da\/produkt\/brochureholder-a4-a5-med-magnet\/#breadcrumb\",\"itemListElement\":[{\"@type\":\"ListItem\",\"position\":1,\"name\":\"Hem\",\"item\":\"https:\/\/www.gdirekt.se\/da\/\"},{\"@type\":\"ListItem\",\"position\":2,\"name\":\"Start\",\"item\":\"https:\/\/www.gdirekt.se\/da\/\"},{\"@type\":\"ListItem\",\"position\":3,\"name\":\"Brochureholder A4\/A5 med magnet\"}]},{\"@type\":\"WebSite\",\"@id\":\"https:\/\/www.gdirekt.se\/#website\",\"url\":\"https:\/\/www.gdirekt.se\/\",\"name\":\"Gdirekt.se\",\"description\":\"Tryck snabbt \u00e5 l\u00e4tt = Gdirekt\",\"potentialAction\":[{\"@type\":\"SearchAction\",\"target\":{\"@type\":\"EntryPoint\",\"urlTemplate\":\"https:\/\/www.gdirekt.se\/?s={search_term_string}\"},\"query-input\":{\"@type\":\"PropertyValueSpecification\",\"valueRequired\":true,\"valueName\":\"search_term_string\"}}],\"inLanguage\":\"da-DK\"}]}<\/script>\n<!-- \/ Yoast SEO plugin. -->","yoast_head_json":{"title":"Brochureholder A4\/A5 med magnet til rollup og skilte | Gdirekt.se","description":"Brochureholder til displaystander i transparent plast til tryksager og foldere. Passer til A6 og A5. K\u00f8b brochureholder billigt i dag. Hurtig levering fra vores store lager. Disse enkle holdere til tryksager kan h\u00e6nges op eller tapes fast p\u00e5 trykte skilte og displays i karton.","robots":{"index":"index","follow":"follow","max-snippet":"max-snippet:-1","max-image-preview":"max-image-preview:large","max-video-preview":"max-video-preview:-1"},"canonical":"https:\/\/www.gdirekt.se\/da\/produkt\/brochureholder-a4-a5-med-magnet\/","og_locale":"da_DK","og_type":"article","og_title":"Brochureholder A4\/A5 med magnet til rollup og skilte | Gdirekt.se","og_description":"Brochureholder til displaystander i transparent plast til tryksager og foldere. Passer til A6 og A5. K\u00f8b brochureholder billigt i dag. Hurtig levering fra vores store lager. Disse enkle holdere til tryksager kan h\u00e6nges op eller tapes fast p\u00e5 trykte skilte og displays i karton.","og_url":"https:\/\/www.gdirekt.se\/da\/produkt\/brochureholder-a4-a5-med-magnet\/","og_site_name":"Gdirekt.se","article_modified_time":"2024-02-01T08:36:47+00:00","og_image":[{"width":1000,"height":1000,"url":"https:\/\/www.gdirekt.se\/wp-content\/uploads\/broschyrhallare_magnet.png","type":"image\/png"}],"twitter_card":"summary_large_image","schema":{"@context":"https:\/\/schema.org","@graph":[{"@type":"WebPage","@id":"https:\/\/www.gdirekt.se\/da\/produkt\/brochureholder-a4-a5-med-magnet\/","url":"https:\/\/www.gdirekt.se\/da\/produkt\/brochureholder-a4-a5-med-magnet\/","name":"Brochureholder A4\/A5 med magnet til rollup og skilte | Gdirekt.se","isPartOf":{"@id":"https:\/\/www.gdirekt.se\/#website"},"primaryImageOfPage":{"@id":"https:\/\/www.gdirekt.se\/da\/produkt\/brochureholder-a4-a5-med-magnet\/#primaryimage"},"image":{"@id":"https:\/\/www.gdirekt.se\/da\/produkt\/brochureholder-a4-a5-med-magnet\/#primaryimage"},"thumbnailUrl":"https:\/\/www.gdirekt.se\/wp-content\/uploads\/broschyrhallare_magnet.png","datePublished":"2017-01-18T09:54:18+00:00","dateModified":"2024-02-01T08:36:47+00:00","description":"Brochureholder til displaystander i transparent plast til tryksager og foldere. Passer til A6 og A5. K\u00f8b brochureholder billigt i dag. Hurtig levering fra vores store lager. Disse enkle holdere til tryksager kan h\u00e6nges op eller tapes fast p\u00e5 trykte skilte og displays i karton.","breadcrumb":{"@id":"https:\/\/www.gdirekt.se\/da\/produkt\/brochureholder-a4-a5-med-magnet\/#breadcrumb"},"inLanguage":"da-DK","potentialAction":[{"@type":"ReadAction","target":["https:\/\/www.gdirekt.se\/da\/produkt\/brochureholder-a4-a5-med-magnet\/"]}]},{"@type":"ImageObject","inLanguage":"da-DK","@id":"https:\/\/www.gdirekt.se\/da\/produkt\/brochureholder-a4-a5-med-magnet\/#primaryimage","url":"https:\/\/www.gdirekt.se\/wp-content\/uploads\/broschyrhallare_magnet.png","contentUrl":"https:\/\/www.gdirekt.se\/wp-content\/uploads\/broschyrhallare_magnet.png","width":1000,"height":1000,"caption":"Holder med magnet A4 A5"},{"@type":"BreadcrumbList","@id":"https:\/\/www.gdirekt.se\/da\/produkt\/brochureholder-a4-a5-med-magnet\/#breadcrumb","itemListElement":[{"@type":"ListItem","position":1,"name":"Hem","item":"https:\/\/www.gdirekt.se\/da\/"},{"@type":"ListItem","position":2,"name":"Start","item":"https:\/\/www.gdirekt.se\/da\/"},{"@type":"ListItem","position":3,"name":"Brochureholder A4\/A5 med magnet"}]},{"@type":"WebSite","@id":"https:\/\/www.gdirekt.se\/#website","url":"https:\/\/www.gdirekt.se\/","name":"Gdirekt.se","description":"Tryck snabbt \u00e5 l\u00e4tt = Gdirekt","potentialAction":[{"@type":"SearchAction","target":{"@type":"EntryPoint","urlTemplate":"https:\/\/www.gdirekt.se\/?s={search_term_string}"},"query-input":{"@type":"PropertyValueSpecification","valueRequired":true,"valueName":"search_term_string"}}],"inLanguage":"da-DK"}]}},"_links":{"self":[{"href":"https:\/\/www.gdirekt.se\/da\/wp-json\/wp\/v2\/product\/9272","targetHints":{"allow":["GET"]}}],"collection":[{"href":"https:\/\/www.gdirekt.se\/da\/wp-json\/wp\/v2\/product"}],"about":[{"href":"https:\/\/www.gdirekt.se\/da\/wp-json\/wp\/v2\/types\/product"}],"wp:featuredmedia":[{"embeddable":true,"href":"https:\/\/www.gdirekt.se\/da\/wp-json\/wp\/v2\/media\/8448"}],"wp:attachment":[{"href":"https:\/\/www.gdirekt.se\/da\/wp-json\/wp\/v2\/media?parent=9272"}],"wp:term":[{"taxonomy":"product_brand","embeddable":true,"href":"https:\/\/www.gdirekt.se\/da\/wp-json\/wp\/v2\/product_brand?post=9272"},{"taxonomy":"product_cat","embeddable":true,"href":"https:\/\/www.gdirekt.se\/da\/wp-json\/wp\/v2\/product_cat?post=9272"},{"taxonomy":"product_tag","embeddable":true,"href":"https:\/\/www.gdirekt.se\/da\/wp-json\/wp\/v2\/product_tag?post=9272"}],"curies":[{"name":"wp","href":"https:\/\/api.w.org\/{rel}","templated":true}]}}