{"id":9271,"date":"2015-09-14T14:48:23","date_gmt":"2015-09-14T12:48:23","guid":{"rendered":"http:\/\/gdirekt.hamstage.hamrenmedia.se\/produkt\/krydsfod-til-beachflag-aventos-og-urban\/"},"modified":"2024-02-01T09:41:18","modified_gmt":"2024-02-01T08:41:18","slug":"krydsfod-til-beachflag-aventos-og-urban","status":"publish","type":"product","link":"https:\/\/www.gdirekt.se\/da\/produkt\/krydsfod-til-beachflag-aventos-og-urban\/","title":{"rendered":"Krydsfod til Beachflag Aventos og Urban"},"content":{"rendered":"<p>Krydsfod til Beachflag Aventos og Urban anvendes b\u00e5de inde og ude. Krydsfod med drejefunktion til Aventos- og Urban Beachflag. Krydsfoden vejer 4 kg. Disse fastg\u00f8ringss\u00e6t anvendes til at fastg\u00f8re alle beachflag p\u00e5 underlaget, s\u00e5 de ikke bl\u00e6ser v\u00e6k. Fastg\u00f8ringss\u00e6t til Beachflag Aventos og Urban er sortlakerede. Krydsf\u00f8dderne passer fint til idr\u00e6tskonkurrencer og butikscentre samt ved ny\u00e5bninger. Krydsfoden er indbygget i designet, s\u00e5 det ser meget flot ud. K\u00f8b strandflag hos os\u00a0<a href=\"https:\/\/www.gdirekt.se\/produkt-kategori\/beachflaggor\/\"><strong><em>her!<\/em><\/strong><\/a><\/p>\n","protected":false},"excerpt":{"rendered":"<p><span lang=\"DA\">Krydsfod til Beachflag Aventos og Urban er et stabilt fastg\u00f8ringss\u00e6t med drejefunktion. Den vejer 4 kg og er sortlakeret og stavens diameter er 15 mm. Den kan bruges udenfor og indenfor.<\/span><\/p>\n","protected":false},"featured_media":8086,"template":"","meta":{"_acf_changed":false},"product_brand":[],"product_cat":[371],"product_tag":[],"class_list":{"0":"post-9271","1":"product","2":"type-product","3":"status-publish","4":"has-post-thumbnail","6":"product_cat-beachflag-tilbehoer","7":"product_shipping_class-180sek","9":"first","10":"instock","11":"taxable","12":"shipping-taxable","13":"purchasable","14":"product-type-simple"},"exclude_global_add_ons":[],"addons":[],"acf":[],"yoast_head":"<!-- This site is optimized with the Yoast SEO plugin v27.2 - https:\/\/yoast.com\/product\/yoast-seo-wordpress\/ -->\n<title>Krydsfod til Beachflag Aventos og Urban, altid p\u00e5 lager | Gdirekt.se<\/title>\n<meta name=\"description\" content=\"Krydsfod til Beachflag Aventos og Urban er et stabilt fastg\u00f8ringss\u00e6t med drejefunktion. Den vejer 4 kg og er sortlakeret. Den kan bruges udenfor og indenfor, helst p\u00e5 plant underlag s\u00e5som asfalt, grus eller fliser. Hvis I bestiller tilbeh\u00f8r til beachflag hos os i dag, sender vi det hurtigt fra vores lager.\" \/>\n<meta name=\"robots\" content=\"index, follow, max-snippet:-1, max-image-preview:large, max-video-preview:-1\" \/>\n<link rel=\"canonical\" href=\"https:\/\/www.gdirekt.se\/da\/produkt\/krydsfod-til-beachflag-aventos-og-urban\/\" \/>\n<meta property=\"og:locale\" content=\"da_DK\" \/>\n<meta property=\"og:type\" content=\"article\" \/>\n<meta property=\"og:title\" content=\"Krydsfod til Beachflag Aventos og Urban, altid p\u00e5 lager | Gdirekt.se\" \/>\n<meta property=\"og:description\" content=\"Krydsfod til Beachflag Aventos og Urban er et stabilt fastg\u00f8ringss\u00e6t med drejefunktion. Den vejer 4 kg og er sortlakeret. Den kan bruges udenfor og indenfor, helst p\u00e5 plant underlag s\u00e5som asfalt, grus eller fliser. Hvis I bestiller tilbeh\u00f8r til beachflag hos os i dag, sender vi det hurtigt fra vores lager.\" \/>\n<meta property=\"og:url\" content=\"https:\/\/www.gdirekt.se\/da\/produkt\/krydsfod-til-beachflag-aventos-og-urban\/\" \/>\n<meta property=\"og:site_name\" content=\"Gdirekt.se\" \/>\n<meta property=\"article:modified_time\" content=\"2024-02-01T08:41:18+00:00\" \/>\n<meta property=\"og:image\" content=\"https:\/\/www.gdirekt.se\/wp-content\/uploads\/Kryss-fot-till-beachflaggor-Aventos.png\" \/>\n\t<meta property=\"og:image:width\" content=\"1000\" \/>\n\t<meta property=\"og:image:height\" content=\"1000\" \/>\n\t<meta property=\"og:image:type\" content=\"image\/png\" \/>\n<meta name=\"twitter:card\" content=\"summary_large_image\" \/>\n<script type=\"application\/ld+json\" class=\"yoast-schema-graph\">{\"@context\":\"https:\/\/schema.org\",\"@graph\":[{\"@type\":\"WebPage\",\"@id\":\"https:\/\/www.gdirekt.se\/da\/produkt\/krydsfod-til-beachflag-aventos-og-urban\/\",\"url\":\"https:\/\/www.gdirekt.se\/da\/produkt\/krydsfod-til-beachflag-aventos-og-urban\/\",\"name\":\"Krydsfod til Beachflag Aventos og Urban, altid p\u00e5 lager | Gdirekt.se\",\"isPartOf\":{\"@id\":\"https:\/\/www.gdirekt.se\/#website\"},\"primaryImageOfPage\":{\"@id\":\"https:\/\/www.gdirekt.se\/da\/produkt\/krydsfod-til-beachflag-aventos-og-urban\/#primaryimage\"},\"image\":{\"@id\":\"https:\/\/www.gdirekt.se\/da\/produkt\/krydsfod-til-beachflag-aventos-og-urban\/#primaryimage\"},\"thumbnailUrl\":\"https:\/\/www.gdirekt.se\/wp-content\/uploads\/Kryss-fot-till-beachflaggor-Aventos.png\",\"datePublished\":\"2015-09-14T12:48:23+00:00\",\"dateModified\":\"2024-02-01T08:41:18+00:00\",\"description\":\"Krydsfod til Beachflag Aventos og Urban er et stabilt fastg\u00f8ringss\u00e6t med drejefunktion. Den vejer 4 kg og er sortlakeret. Den kan bruges udenfor og indenfor, helst p\u00e5 plant underlag s\u00e5som asfalt, grus eller fliser. Hvis I bestiller tilbeh\u00f8r til beachflag hos os i dag, sender vi det hurtigt fra vores lager.\",\"breadcrumb\":{\"@id\":\"https:\/\/www.gdirekt.se\/da\/produkt\/krydsfod-til-beachflag-aventos-og-urban\/#breadcrumb\"},\"inLanguage\":\"da-DK\",\"potentialAction\":[{\"@type\":\"ReadAction\",\"target\":[\"https:\/\/www.gdirekt.se\/da\/produkt\/krydsfod-til-beachflag-aventos-og-urban\/\"]}]},{\"@type\":\"ImageObject\",\"inLanguage\":\"da-DK\",\"@id\":\"https:\/\/www.gdirekt.se\/da\/produkt\/krydsfod-til-beachflag-aventos-og-urban\/#primaryimage\",\"url\":\"https:\/\/www.gdirekt.se\/wp-content\/uploads\/Kryss-fot-till-beachflaggor-Aventos.png\",\"contentUrl\":\"https:\/\/www.gdirekt.se\/wp-content\/uploads\/Kryss-fot-till-beachflaggor-Aventos.png\",\"width\":1000,\"height\":1000,\"caption\":\"Krydsfod til Beachflag - Aventos og Urban\"},{\"@type\":\"BreadcrumbList\",\"@id\":\"https:\/\/www.gdirekt.se\/da\/produkt\/krydsfod-til-beachflag-aventos-og-urban\/#breadcrumb\",\"itemListElement\":[{\"@type\":\"ListItem\",\"position\":1,\"name\":\"Hem\",\"item\":\"https:\/\/www.gdirekt.se\/da\/\"},{\"@type\":\"ListItem\",\"position\":2,\"name\":\"Start\",\"item\":\"https:\/\/www.gdirekt.se\/da\/\"},{\"@type\":\"ListItem\",\"position\":3,\"name\":\"Krydsfod til Beachflag Aventos og Urban\"}]},{\"@type\":\"WebSite\",\"@id\":\"https:\/\/www.gdirekt.se\/#website\",\"url\":\"https:\/\/www.gdirekt.se\/\",\"name\":\"Gdirekt.se\",\"description\":\"Tryck snabbt \u00e5 l\u00e4tt = Gdirekt\",\"potentialAction\":[{\"@type\":\"SearchAction\",\"target\":{\"@type\":\"EntryPoint\",\"urlTemplate\":\"https:\/\/www.gdirekt.se\/?s={search_term_string}\"},\"query-input\":{\"@type\":\"PropertyValueSpecification\",\"valueRequired\":true,\"valueName\":\"search_term_string\"}}],\"inLanguage\":\"da-DK\"}]}<\/script>\n<!-- \/ Yoast SEO plugin. -->","yoast_head_json":{"title":"Krydsfod til Beachflag Aventos og Urban, altid p\u00e5 lager | Gdirekt.se","description":"Krydsfod til Beachflag Aventos og Urban er et stabilt fastg\u00f8ringss\u00e6t med drejefunktion. Den vejer 4 kg og er sortlakeret. Den kan bruges udenfor og indenfor, helst p\u00e5 plant underlag s\u00e5som asfalt, grus eller fliser. Hvis I bestiller tilbeh\u00f8r til beachflag hos os i dag, sender vi det hurtigt fra vores lager.","robots":{"index":"index","follow":"follow","max-snippet":"max-snippet:-1","max-image-preview":"max-image-preview:large","max-video-preview":"max-video-preview:-1"},"canonical":"https:\/\/www.gdirekt.se\/da\/produkt\/krydsfod-til-beachflag-aventos-og-urban\/","og_locale":"da_DK","og_type":"article","og_title":"Krydsfod til Beachflag Aventos og Urban, altid p\u00e5 lager | Gdirekt.se","og_description":"Krydsfod til Beachflag Aventos og Urban er et stabilt fastg\u00f8ringss\u00e6t med drejefunktion. Den vejer 4 kg og er sortlakeret. Den kan bruges udenfor og indenfor, helst p\u00e5 plant underlag s\u00e5som asfalt, grus eller fliser. Hvis I bestiller tilbeh\u00f8r til beachflag hos os i dag, sender vi det hurtigt fra vores lager.","og_url":"https:\/\/www.gdirekt.se\/da\/produkt\/krydsfod-til-beachflag-aventos-og-urban\/","og_site_name":"Gdirekt.se","article_modified_time":"2024-02-01T08:41:18+00:00","og_image":[{"width":1000,"height":1000,"url":"https:\/\/www.gdirekt.se\/wp-content\/uploads\/Kryss-fot-till-beachflaggor-Aventos.png","type":"image\/png"}],"twitter_card":"summary_large_image","schema":{"@context":"https:\/\/schema.org","@graph":[{"@type":"WebPage","@id":"https:\/\/www.gdirekt.se\/da\/produkt\/krydsfod-til-beachflag-aventos-og-urban\/","url":"https:\/\/www.gdirekt.se\/da\/produkt\/krydsfod-til-beachflag-aventos-og-urban\/","name":"Krydsfod til Beachflag Aventos og Urban, altid p\u00e5 lager | Gdirekt.se","isPartOf":{"@id":"https:\/\/www.gdirekt.se\/#website"},"primaryImageOfPage":{"@id":"https:\/\/www.gdirekt.se\/da\/produkt\/krydsfod-til-beachflag-aventos-og-urban\/#primaryimage"},"image":{"@id":"https:\/\/www.gdirekt.se\/da\/produkt\/krydsfod-til-beachflag-aventos-og-urban\/#primaryimage"},"thumbnailUrl":"https:\/\/www.gdirekt.se\/wp-content\/uploads\/Kryss-fot-till-beachflaggor-Aventos.png","datePublished":"2015-09-14T12:48:23+00:00","dateModified":"2024-02-01T08:41:18+00:00","description":"Krydsfod til Beachflag Aventos og Urban er et stabilt fastg\u00f8ringss\u00e6t med drejefunktion. Den vejer 4 kg og er sortlakeret. Den kan bruges udenfor og indenfor, helst p\u00e5 plant underlag s\u00e5som asfalt, grus eller fliser. Hvis I bestiller tilbeh\u00f8r til beachflag hos os i dag, sender vi det hurtigt fra vores lager.","breadcrumb":{"@id":"https:\/\/www.gdirekt.se\/da\/produkt\/krydsfod-til-beachflag-aventos-og-urban\/#breadcrumb"},"inLanguage":"da-DK","potentialAction":[{"@type":"ReadAction","target":["https:\/\/www.gdirekt.se\/da\/produkt\/krydsfod-til-beachflag-aventos-og-urban\/"]}]},{"@type":"ImageObject","inLanguage":"da-DK","@id":"https:\/\/www.gdirekt.se\/da\/produkt\/krydsfod-til-beachflag-aventos-og-urban\/#primaryimage","url":"https:\/\/www.gdirekt.se\/wp-content\/uploads\/Kryss-fot-till-beachflaggor-Aventos.png","contentUrl":"https:\/\/www.gdirekt.se\/wp-content\/uploads\/Kryss-fot-till-beachflaggor-Aventos.png","width":1000,"height":1000,"caption":"Krydsfod til Beachflag - Aventos og Urban"},{"@type":"BreadcrumbList","@id":"https:\/\/www.gdirekt.se\/da\/produkt\/krydsfod-til-beachflag-aventos-og-urban\/#breadcrumb","itemListElement":[{"@type":"ListItem","position":1,"name":"Hem","item":"https:\/\/www.gdirekt.se\/da\/"},{"@type":"ListItem","position":2,"name":"Start","item":"https:\/\/www.gdirekt.se\/da\/"},{"@type":"ListItem","position":3,"name":"Krydsfod til Beachflag Aventos og Urban"}]},{"@type":"WebSite","@id":"https:\/\/www.gdirekt.se\/#website","url":"https:\/\/www.gdirekt.se\/","name":"Gdirekt.se","description":"Tryck snabbt \u00e5 l\u00e4tt = Gdirekt","potentialAction":[{"@type":"SearchAction","target":{"@type":"EntryPoint","urlTemplate":"https:\/\/www.gdirekt.se\/?s={search_term_string}"},"query-input":{"@type":"PropertyValueSpecification","valueRequired":true,"valueName":"search_term_string"}}],"inLanguage":"da-DK"}]}},"_links":{"self":[{"href":"https:\/\/www.gdirekt.se\/da\/wp-json\/wp\/v2\/product\/9271","targetHints":{"allow":["GET"]}}],"collection":[{"href":"https:\/\/www.gdirekt.se\/da\/wp-json\/wp\/v2\/product"}],"about":[{"href":"https:\/\/www.gdirekt.se\/da\/wp-json\/wp\/v2\/types\/product"}],"wp:featuredmedia":[{"embeddable":true,"href":"https:\/\/www.gdirekt.se\/da\/wp-json\/wp\/v2\/media\/8086"}],"wp:attachment":[{"href":"https:\/\/www.gdirekt.se\/da\/wp-json\/wp\/v2\/media?parent=9271"}],"wp:term":[{"taxonomy":"product_brand","embeddable":true,"href":"https:\/\/www.gdirekt.se\/da\/wp-json\/wp\/v2\/product_brand?post=9271"},{"taxonomy":"product_cat","embeddable":true,"href":"https:\/\/www.gdirekt.se\/da\/wp-json\/wp\/v2\/product_cat?post=9271"},{"taxonomy":"product_tag","embeddable":true,"href":"https:\/\/www.gdirekt.se\/da\/wp-json\/wp\/v2\/product_tag?post=9271"}],"curies":[{"name":"wp","href":"https:\/\/api.w.org\/{rel}","templated":true}]}}