{"id":9270,"date":"2015-09-14T14:53:05","date_gmt":"2015-09-14T12:53:05","guid":{"rendered":"http:\/\/gdirekt.hamstage.hamrenmedia.se\/produkt\/krydsfod-til-beachflag-fenan-og-droppen\/"},"modified":"2024-02-01T09:41:15","modified_gmt":"2024-02-01T08:41:15","slug":"krydsfod-til-beachflag-fenan-og-droppen","status":"publish","type":"product","link":"https:\/\/www.gdirekt.se\/da\/produkt\/krydsfod-til-beachflag-fenan-og-droppen\/","title":{"rendered":"Krydsfod til Beachflag &#8211; Fenan og Droppen"},"content":{"rendered":"<p>Krydsfod til Beachflag Fenan og Droppen anvendes b\u00e5de inde og ude. Krydsfod med drejefunktion til Beachflag Fenan og Droppen. Krydsfoden vejer 4 kg. Disse fastg\u00f8ringss\u00e6t anvendes til at fastg\u00f8re alle strandflag p\u00e5 underlaget, s\u00e5 de ikke bl\u00e6ser v\u00e6k. Fastg\u00f8ringss\u00e6t til Beachflag Fenan og Droppen er sortlakerede. Krydsf\u00f8dderne passer fint til idr\u00e6tskonkurrencer og butikscentre samt ved ny\u00e5bninger. Krydsfod til Beachflag Fenan og Droppen er indbygget i designet, s\u00e5 det ser meget flot ud. K\u00f8b beachflag hos os\u00a0<a href=\"https:\/\/www.gdirekt.se\/produkt-kategori\/beachflaggor\/\"><strong><em>her!<\/em><\/strong><\/a><\/p>\n","protected":false},"excerpt":{"rendered":"<p><span lang=\"DA\">Krydsfod til Beachflag Fenan og Droppen anvendes b\u00e5de inde og ude. Krydsfod med drejefunktion til beachflag g\u00f8r, at strandflaget st\u00e5r godt fast. Krydsfoden vejer 4 kg og stavens diameter er 15 mm.<\/span><\/p>\n","protected":false},"featured_media":8086,"template":"","meta":{"_acf_changed":false},"product_brand":[],"product_cat":[371],"product_tag":[],"class_list":{"0":"post-9270","1":"product","2":"type-product","3":"status-publish","4":"has-post-thumbnail","6":"product_cat-beachflag-tilbehoer","7":"product_shipping_class-180sek","9":"first","10":"instock","11":"taxable","12":"shipping-taxable","13":"purchasable","14":"product-type-simple"},"exclude_global_add_ons":[],"addons":[],"acf":[],"yoast_head":"<!-- This site is optimized with the Yoast SEO plugin v27.2 - https:\/\/yoast.com\/product\/yoast-seo-wordpress\/ -->\n<title>Krydsfod til Beachflag - Fenan og Droppen til en god pris | Gdirekt.se<\/title>\n<meta name=\"description\" content=\"Krydsfod til Beachflag Fenan og Droppen anvendes b\u00e5de inde og ude. Krydsfod med drejefunktion til beachflag g\u00f8r, at strandflaget st\u00e5r godt fast. Krydsfoden vejer 4 kg, er sortlakeret og kan bruges p\u00e5 asfalt, i grus og gr\u00e6s. Bestil allerede i dag. Hurtig og sporbar fragt samt den bedste service.\" \/>\n<meta name=\"robots\" content=\"index, follow, max-snippet:-1, max-image-preview:large, max-video-preview:-1\" \/>\n<link rel=\"canonical\" href=\"https:\/\/www.gdirekt.se\/da\/produkt\/krydsfod-til-beachflag-fenan-og-droppen\/\" \/>\n<meta property=\"og:locale\" content=\"da_DK\" \/>\n<meta property=\"og:type\" content=\"article\" \/>\n<meta property=\"og:title\" content=\"Krydsfod til Beachflag - Fenan og Droppen til en god pris | Gdirekt.se\" \/>\n<meta property=\"og:description\" content=\"Krydsfod til Beachflag Fenan og Droppen anvendes b\u00e5de inde og ude. Krydsfod med drejefunktion til beachflag g\u00f8r, at strandflaget st\u00e5r godt fast. Krydsfoden vejer 4 kg, er sortlakeret og kan bruges p\u00e5 asfalt, i grus og gr\u00e6s. Bestil allerede i dag. Hurtig og sporbar fragt samt den bedste service.\" \/>\n<meta property=\"og:url\" content=\"https:\/\/www.gdirekt.se\/da\/produkt\/krydsfod-til-beachflag-fenan-og-droppen\/\" \/>\n<meta property=\"og:site_name\" content=\"Gdirekt.se\" \/>\n<meta property=\"article:modified_time\" content=\"2024-02-01T08:41:15+00:00\" \/>\n<meta property=\"og:image\" content=\"https:\/\/www.gdirekt.se\/wp-content\/uploads\/Kryss-fot-till-beachflaggor-Aventos.png\" \/>\n\t<meta property=\"og:image:width\" content=\"1000\" \/>\n\t<meta property=\"og:image:height\" content=\"1000\" \/>\n\t<meta property=\"og:image:type\" content=\"image\/png\" \/>\n<meta name=\"twitter:card\" content=\"summary_large_image\" \/>\n<script type=\"application\/ld+json\" class=\"yoast-schema-graph\">{\"@context\":\"https:\/\/schema.org\",\"@graph\":[{\"@type\":\"WebPage\",\"@id\":\"https:\/\/www.gdirekt.se\/da\/produkt\/krydsfod-til-beachflag-fenan-og-droppen\/\",\"url\":\"https:\/\/www.gdirekt.se\/da\/produkt\/krydsfod-til-beachflag-fenan-og-droppen\/\",\"name\":\"Krydsfod til Beachflag - Fenan og Droppen til en god pris | Gdirekt.se\",\"isPartOf\":{\"@id\":\"https:\/\/www.gdirekt.se\/#website\"},\"primaryImageOfPage\":{\"@id\":\"https:\/\/www.gdirekt.se\/da\/produkt\/krydsfod-til-beachflag-fenan-og-droppen\/#primaryimage\"},\"image\":{\"@id\":\"https:\/\/www.gdirekt.se\/da\/produkt\/krydsfod-til-beachflag-fenan-og-droppen\/#primaryimage\"},\"thumbnailUrl\":\"https:\/\/www.gdirekt.se\/wp-content\/uploads\/Kryss-fot-till-beachflaggor-Aventos.png\",\"datePublished\":\"2015-09-14T12:53:05+00:00\",\"dateModified\":\"2024-02-01T08:41:15+00:00\",\"description\":\"Krydsfod til Beachflag Fenan og Droppen anvendes b\u00e5de inde og ude. Krydsfod med drejefunktion til beachflag g\u00f8r, at strandflaget st\u00e5r godt fast. Krydsfoden vejer 4 kg, er sortlakeret og kan bruges p\u00e5 asfalt, i grus og gr\u00e6s. Bestil allerede i dag. Hurtig og sporbar fragt samt den bedste service.\",\"breadcrumb\":{\"@id\":\"https:\/\/www.gdirekt.se\/da\/produkt\/krydsfod-til-beachflag-fenan-og-droppen\/#breadcrumb\"},\"inLanguage\":\"da-DK\",\"potentialAction\":[{\"@type\":\"ReadAction\",\"target\":[\"https:\/\/www.gdirekt.se\/da\/produkt\/krydsfod-til-beachflag-fenan-og-droppen\/\"]}]},{\"@type\":\"ImageObject\",\"inLanguage\":\"da-DK\",\"@id\":\"https:\/\/www.gdirekt.se\/da\/produkt\/krydsfod-til-beachflag-fenan-og-droppen\/#primaryimage\",\"url\":\"https:\/\/www.gdirekt.se\/wp-content\/uploads\/Kryss-fot-till-beachflaggor-Aventos.png\",\"contentUrl\":\"https:\/\/www.gdirekt.se\/wp-content\/uploads\/Kryss-fot-till-beachflaggor-Aventos.png\",\"width\":1000,\"height\":1000,\"caption\":\"Krydsfod til Beachflag - Aventos og Urban\"},{\"@type\":\"BreadcrumbList\",\"@id\":\"https:\/\/www.gdirekt.se\/da\/produkt\/krydsfod-til-beachflag-fenan-og-droppen\/#breadcrumb\",\"itemListElement\":[{\"@type\":\"ListItem\",\"position\":1,\"name\":\"Hem\",\"item\":\"https:\/\/www.gdirekt.se\/da\/\"},{\"@type\":\"ListItem\",\"position\":2,\"name\":\"Start\",\"item\":\"https:\/\/www.gdirekt.se\/da\/\"},{\"@type\":\"ListItem\",\"position\":3,\"name\":\"Krydsfod til Beachflag &#8211; Fenan og Droppen\"}]},{\"@type\":\"WebSite\",\"@id\":\"https:\/\/www.gdirekt.se\/#website\",\"url\":\"https:\/\/www.gdirekt.se\/\",\"name\":\"Gdirekt.se\",\"description\":\"Tryck snabbt \u00e5 l\u00e4tt = Gdirekt\",\"potentialAction\":[{\"@type\":\"SearchAction\",\"target\":{\"@type\":\"EntryPoint\",\"urlTemplate\":\"https:\/\/www.gdirekt.se\/?s={search_term_string}\"},\"query-input\":{\"@type\":\"PropertyValueSpecification\",\"valueRequired\":true,\"valueName\":\"search_term_string\"}}],\"inLanguage\":\"da-DK\"}]}<\/script>\n<!-- \/ Yoast SEO plugin. -->","yoast_head_json":{"title":"Krydsfod til Beachflag - Fenan og Droppen til en god pris | Gdirekt.se","description":"Krydsfod til Beachflag Fenan og Droppen anvendes b\u00e5de inde og ude. Krydsfod med drejefunktion til beachflag g\u00f8r, at strandflaget st\u00e5r godt fast. Krydsfoden vejer 4 kg, er sortlakeret og kan bruges p\u00e5 asfalt, i grus og gr\u00e6s. Bestil allerede i dag. Hurtig og sporbar fragt samt den bedste service.","robots":{"index":"index","follow":"follow","max-snippet":"max-snippet:-1","max-image-preview":"max-image-preview:large","max-video-preview":"max-video-preview:-1"},"canonical":"https:\/\/www.gdirekt.se\/da\/produkt\/krydsfod-til-beachflag-fenan-og-droppen\/","og_locale":"da_DK","og_type":"article","og_title":"Krydsfod til Beachflag - Fenan og Droppen til en god pris | Gdirekt.se","og_description":"Krydsfod til Beachflag Fenan og Droppen anvendes b\u00e5de inde og ude. Krydsfod med drejefunktion til beachflag g\u00f8r, at strandflaget st\u00e5r godt fast. Krydsfoden vejer 4 kg, er sortlakeret og kan bruges p\u00e5 asfalt, i grus og gr\u00e6s. Bestil allerede i dag. Hurtig og sporbar fragt samt den bedste service.","og_url":"https:\/\/www.gdirekt.se\/da\/produkt\/krydsfod-til-beachflag-fenan-og-droppen\/","og_site_name":"Gdirekt.se","article_modified_time":"2024-02-01T08:41:15+00:00","og_image":[{"width":1000,"height":1000,"url":"https:\/\/www.gdirekt.se\/wp-content\/uploads\/Kryss-fot-till-beachflaggor-Aventos.png","type":"image\/png"}],"twitter_card":"summary_large_image","schema":{"@context":"https:\/\/schema.org","@graph":[{"@type":"WebPage","@id":"https:\/\/www.gdirekt.se\/da\/produkt\/krydsfod-til-beachflag-fenan-og-droppen\/","url":"https:\/\/www.gdirekt.se\/da\/produkt\/krydsfod-til-beachflag-fenan-og-droppen\/","name":"Krydsfod til Beachflag - Fenan og Droppen til en god pris | Gdirekt.se","isPartOf":{"@id":"https:\/\/www.gdirekt.se\/#website"},"primaryImageOfPage":{"@id":"https:\/\/www.gdirekt.se\/da\/produkt\/krydsfod-til-beachflag-fenan-og-droppen\/#primaryimage"},"image":{"@id":"https:\/\/www.gdirekt.se\/da\/produkt\/krydsfod-til-beachflag-fenan-og-droppen\/#primaryimage"},"thumbnailUrl":"https:\/\/www.gdirekt.se\/wp-content\/uploads\/Kryss-fot-till-beachflaggor-Aventos.png","datePublished":"2015-09-14T12:53:05+00:00","dateModified":"2024-02-01T08:41:15+00:00","description":"Krydsfod til Beachflag Fenan og Droppen anvendes b\u00e5de inde og ude. Krydsfod med drejefunktion til beachflag g\u00f8r, at strandflaget st\u00e5r godt fast. Krydsfoden vejer 4 kg, er sortlakeret og kan bruges p\u00e5 asfalt, i grus og gr\u00e6s. Bestil allerede i dag. Hurtig og sporbar fragt samt den bedste service.","breadcrumb":{"@id":"https:\/\/www.gdirekt.se\/da\/produkt\/krydsfod-til-beachflag-fenan-og-droppen\/#breadcrumb"},"inLanguage":"da-DK","potentialAction":[{"@type":"ReadAction","target":["https:\/\/www.gdirekt.se\/da\/produkt\/krydsfod-til-beachflag-fenan-og-droppen\/"]}]},{"@type":"ImageObject","inLanguage":"da-DK","@id":"https:\/\/www.gdirekt.se\/da\/produkt\/krydsfod-til-beachflag-fenan-og-droppen\/#primaryimage","url":"https:\/\/www.gdirekt.se\/wp-content\/uploads\/Kryss-fot-till-beachflaggor-Aventos.png","contentUrl":"https:\/\/www.gdirekt.se\/wp-content\/uploads\/Kryss-fot-till-beachflaggor-Aventos.png","width":1000,"height":1000,"caption":"Krydsfod til Beachflag - Aventos og Urban"},{"@type":"BreadcrumbList","@id":"https:\/\/www.gdirekt.se\/da\/produkt\/krydsfod-til-beachflag-fenan-og-droppen\/#breadcrumb","itemListElement":[{"@type":"ListItem","position":1,"name":"Hem","item":"https:\/\/www.gdirekt.se\/da\/"},{"@type":"ListItem","position":2,"name":"Start","item":"https:\/\/www.gdirekt.se\/da\/"},{"@type":"ListItem","position":3,"name":"Krydsfod til Beachflag &#8211; Fenan og Droppen"}]},{"@type":"WebSite","@id":"https:\/\/www.gdirekt.se\/#website","url":"https:\/\/www.gdirekt.se\/","name":"Gdirekt.se","description":"Tryck snabbt \u00e5 l\u00e4tt = Gdirekt","potentialAction":[{"@type":"SearchAction","target":{"@type":"EntryPoint","urlTemplate":"https:\/\/www.gdirekt.se\/?s={search_term_string}"},"query-input":{"@type":"PropertyValueSpecification","valueRequired":true,"valueName":"search_term_string"}}],"inLanguage":"da-DK"}]}},"_links":{"self":[{"href":"https:\/\/www.gdirekt.se\/da\/wp-json\/wp\/v2\/product\/9270","targetHints":{"allow":["GET"]}}],"collection":[{"href":"https:\/\/www.gdirekt.se\/da\/wp-json\/wp\/v2\/product"}],"about":[{"href":"https:\/\/www.gdirekt.se\/da\/wp-json\/wp\/v2\/types\/product"}],"wp:featuredmedia":[{"embeddable":true,"href":"https:\/\/www.gdirekt.se\/da\/wp-json\/wp\/v2\/media\/8086"}],"wp:attachment":[{"href":"https:\/\/www.gdirekt.se\/da\/wp-json\/wp\/v2\/media?parent=9270"}],"wp:term":[{"taxonomy":"product_brand","embeddable":true,"href":"https:\/\/www.gdirekt.se\/da\/wp-json\/wp\/v2\/product_brand?post=9270"},{"taxonomy":"product_cat","embeddable":true,"href":"https:\/\/www.gdirekt.se\/da\/wp-json\/wp\/v2\/product_cat?post=9270"},{"taxonomy":"product_tag","embeddable":true,"href":"https:\/\/www.gdirekt.se\/da\/wp-json\/wp\/v2\/product_tag?post=9270"}],"curies":[{"name":"wp","href":"https:\/\/api.w.org\/{rel}","templated":true}]}}