{"id":9253,"date":"2017-01-30T11:29:55","date_gmt":"2017-01-30T10:29:55","guid":{"rendered":"http:\/\/gdirekt.hamstage.hamrenmedia.se\/produkt\/beachflag-urban-kung-flag\/"},"modified":"2019-01-10T16:14:29","modified_gmt":"2019-01-10T15:14:29","slug":"beachflag-urban-kun-flag","status":"publish","type":"product","link":"https:\/\/www.gdirekt.se\/da\/produkt\/beachflag-urban-kun-flag\/","title":{"rendered":"Beachflag Urban &#8211; kun flag"},"content":{"rendered":"<p>Beachflag Urban&#8211; kun flag er et af vores superprodukter. Det er et beachflag i h\u00f8jeste kvalitet. Har I allerede en stander eller holder til beachflaget, men vil skifte motivet ud? S\u00e5 k\u00f8ber I det nemt hos os. Det fremstilles af perforeret polyester. Vi producerer selv alle beachflag, her er ingen mellemled som hos de fleste andre. Beachflag Urban&#8211; kun flag f\u00e5s i fire forskellige st\u00f8rrelser. Small (70 cm bredt, totalh\u00f8jde 205 cm), medium (90 cm bredt, totalh\u00f8jde 300 cm) og large (90 cm bredt, totalh\u00f8jde 415 cm) samt XL (90 cm bredt, totalh\u00f8jde 510 cm). V\u00e6lg selv, hvilke f\u00f8dder\/fastg\u00f8ringss\u00e6t I har brug for.<\/p>\n<p>Selve flagstoffet til Beachflag Urban er et stoftryk, der holder til vand og vind. Gennemtrykket p\u00e5 beachflagene er ca. 90 %, s\u00e5 man ser reklamebudskabet fra begge sider. Der kan ogs\u00e5 v\u00e6lges et fastg\u00f8ringss\u00e6t til asfalt og beton som ekstraudstyr. Der findes forskellige f\u00f8dder til strandflagene, som er en krydsfod med en roterende funktion. I vores sortiment finder du ogs\u00e5 et skruespyd til jord og sne samt et jordspyd, som oftest anvendes til gr\u00e6s og andre lidt bl\u00f8dere underlag.<\/p>\n<p>Ved k\u00f8b af Beachflag Urban- kun flag, f\u00e5r man den bedste kvalitet og holdbarhed, der findes. Hvis det virkelig bl\u00e6ser, kan der bruges ekstra v\u00e6gte til strandflagene. Vi s\u00e6lger vand- eller sands\u00e6kke, som placeres oven p\u00e5 foden.<\/p>\n<p>Beachflaget er formet som en trekant. De egner sig til formidling af budskaber eller som reklames\u00f8jler i idr\u00e6tsklubber og idr\u00e6tsforeninger i hele Danmark. Vi har kontor i K\u00f8benhavn, Horsens, G\u00f6teborg, Malm\u00f6, og Oslo. Vil I bestille beachflag med virksomhedens logo, s\u00e5 kontakt Gdirekt. Hurtig levering med gode farver, som g\u00f8r jer tilfredse med trykkvaliteten. Vi bruger den nyeste trykteknik p\u00e5 vores Beachflag Urban. Se ogs\u00e5 vores andre\u00a0<a href=\"https:\/\/www.gdirekt.se\/produkt-kategori\/beachflaggor\/\"><strong><em>modeller<\/em><\/strong><\/a>!<\/p>\n<p>Skal I udskifte flagene fra de eksisterende standere, er det let at bestille p\u00e5 nettet.\u00a0Liges\u00e5 nemt er det at k\u00f8be et nyt fastg\u00f8ringss\u00e6t, som holder strandflaget p\u00e5 plads. Vi leverer ogs\u00e5 strandflag til Norge og Sverige. Og har I id\u00e9er til reklame og kampagner for jeres virksomhed, hj\u00e6lper vi gerne. Vores moderselskab\u00a0<a href=\"http:\/\/www.gigantprint.se\/\"><strong><em>GigantPrint<\/em><\/strong><\/a>har alle l\u00f8sninger!<\/p>\n","protected":false},"excerpt":{"rendered":"<p><span lang=\"DA\">Har I allerede en stander eller holder til beachflaget Urban, men vil skifte motivet ud? S\u00e5 k\u00f8ber I det nemt hos os.\u00a0<\/span><span lang=\"DA\">F\u00e5s i st\u00f8rrelserne small, medium og large samt XL<\/span><\/p>\n","protected":false},"featured_media":8466,"template":"","meta":{"_acf_changed":false},"product_brand":[],"product_cat":[371],"product_tag":[],"class_list":{"0":"post-9253","1":"product","2":"type-product","3":"status-publish","4":"has-post-thumbnail","6":"product_cat-beachflag-tilbehoer","7":"product_shipping_class-180sek","9":"first","10":"instock","11":"taxable","12":"shipping-taxable","13":"purchasable","14":"product-type-variable","15":"has-default-attributes"},"exclude_global_add_ons":[],"addons":[],"acf":[],"yoast_head":"<!-- This site is optimized with the Yoast SEO plugin v27.2 - https:\/\/yoast.com\/product\/yoast-seo-wordpress\/ -->\n<title>Beachflag Urban - kun flag, k\u00f8b billigt online | Gdirekt.se<\/title>\n<meta name=\"description\" content=\"Beachflag Urban- kun flag er et beachflag i h\u00f8jeste kvalitet i slidst\u00e6rkt aluminium. Leveres i sort nylontaske. F\u00e5s i st\u00f8rrelserne small, medium og large samt XL. K\u00f8b beachflag med lige form, som holder godt udend\u00f8rs. Tryk i 4 farver er altid inkluderet i prisen samt hurtig levering \u2013 naturligvis fra vores trykkeri.\" \/>\n<meta name=\"robots\" content=\"index, follow, max-snippet:-1, max-image-preview:large, max-video-preview:-1\" \/>\n<link rel=\"canonical\" href=\"https:\/\/www.gdirekt.se\/da\/produkt\/beachflag-urban-kun-flag\/\" \/>\n<meta property=\"og:locale\" content=\"da_DK\" \/>\n<meta property=\"og:type\" content=\"article\" \/>\n<meta property=\"og:title\" content=\"Beachflag Urban - kun flag, k\u00f8b billigt online | Gdirekt.se\" \/>\n<meta property=\"og:description\" content=\"Beachflag Urban- kun flag er et beachflag i h\u00f8jeste kvalitet i slidst\u00e6rkt aluminium. Leveres i sort nylontaske. F\u00e5s i st\u00f8rrelserne small, medium og large samt XL. K\u00f8b beachflag med lige form, som holder godt udend\u00f8rs. Tryk i 4 farver er altid inkluderet i prisen samt hurtig levering \u2013 naturligvis fra vores trykkeri.\" \/>\n<meta property=\"og:url\" content=\"https:\/\/www.gdirekt.se\/da\/produkt\/beachflag-urban-kun-flag\/\" \/>\n<meta property=\"og:site_name\" content=\"Gdirekt.se\" \/>\n<meta property=\"article:modified_time\" content=\"2019-01-10T15:14:29+00:00\" \/>\n<meta property=\"og:image\" content=\"https:\/\/www.gdirekt.se\/wp-content\/uploads\/beachflag_urban.png\" \/>\n\t<meta property=\"og:image:width\" content=\"1000\" \/>\n\t<meta property=\"og:image:height\" content=\"1000\" \/>\n\t<meta property=\"og:image:type\" content=\"image\/png\" \/>\n<meta name=\"twitter:card\" content=\"summary_large_image\" \/>\n<meta name=\"twitter:label1\" content=\"Estimeret l\u00e6setid\" \/>\n\t<meta name=\"twitter:data1\" content=\"2 minutter\" \/>\n<script type=\"application\/ld+json\" class=\"yoast-schema-graph\">{\"@context\":\"https:\/\/schema.org\",\"@graph\":[{\"@type\":\"WebPage\",\"@id\":\"https:\/\/www.gdirekt.se\/da\/produkt\/beachflag-urban-kun-flag\/\",\"url\":\"https:\/\/www.gdirekt.se\/da\/produkt\/beachflag-urban-kun-flag\/\",\"name\":\"Beachflag Urban - kun flag, k\u00f8b billigt online | Gdirekt.se\",\"isPartOf\":{\"@id\":\"https:\/\/www.gdirekt.se\/#website\"},\"primaryImageOfPage\":{\"@id\":\"https:\/\/www.gdirekt.se\/da\/produkt\/beachflag-urban-kun-flag\/#primaryimage\"},\"image\":{\"@id\":\"https:\/\/www.gdirekt.se\/da\/produkt\/beachflag-urban-kun-flag\/#primaryimage\"},\"thumbnailUrl\":\"https:\/\/www.gdirekt.se\/wp-content\/uploads\/beachflag_urban.png\",\"datePublished\":\"2017-01-30T10:29:55+00:00\",\"dateModified\":\"2019-01-10T15:14:29+00:00\",\"description\":\"Beachflag Urban- kun flag er et beachflag i h\u00f8jeste kvalitet i slidst\u00e6rkt aluminium. Leveres i sort nylontaske. F\u00e5s i st\u00f8rrelserne small, medium og large samt XL. K\u00f8b beachflag med lige form, som holder godt udend\u00f8rs. Tryk i 4 farver er altid inkluderet i prisen samt hurtig levering \u2013 naturligvis fra vores trykkeri.\",\"breadcrumb\":{\"@id\":\"https:\/\/www.gdirekt.se\/da\/produkt\/beachflag-urban-kun-flag\/#breadcrumb\"},\"inLanguage\":\"da-DK\",\"potentialAction\":[{\"@type\":\"ReadAction\",\"target\":[\"https:\/\/www.gdirekt.se\/da\/produkt\/beachflag-urban-kun-flag\/\"]}]},{\"@type\":\"ImageObject\",\"inLanguage\":\"da-DK\",\"@id\":\"https:\/\/www.gdirekt.se\/da\/produkt\/beachflag-urban-kun-flag\/#primaryimage\",\"url\":\"https:\/\/www.gdirekt.se\/wp-content\/uploads\/beachflag_urban.png\",\"contentUrl\":\"https:\/\/www.gdirekt.se\/wp-content\/uploads\/beachflag_urban.png\",\"width\":1000,\"height\":1000,\"caption\":\"K\u00f8b til kun flag til flaghaverne\"},{\"@type\":\"BreadcrumbList\",\"@id\":\"https:\/\/www.gdirekt.se\/da\/produkt\/beachflag-urban-kun-flag\/#breadcrumb\",\"itemListElement\":[{\"@type\":\"ListItem\",\"position\":1,\"name\":\"Hem\",\"item\":\"https:\/\/www.gdirekt.se\/da\/\"},{\"@type\":\"ListItem\",\"position\":2,\"name\":\"Start\",\"item\":\"https:\/\/www.gdirekt.se\/da\/\"},{\"@type\":\"ListItem\",\"position\":3,\"name\":\"Beachflag Urban &#8211; kun flag\"}]},{\"@type\":\"WebSite\",\"@id\":\"https:\/\/www.gdirekt.se\/#website\",\"url\":\"https:\/\/www.gdirekt.se\/\",\"name\":\"Gdirekt.se\",\"description\":\"Tryck snabbt \u00e5 l\u00e4tt = Gdirekt\",\"potentialAction\":[{\"@type\":\"SearchAction\",\"target\":{\"@type\":\"EntryPoint\",\"urlTemplate\":\"https:\/\/www.gdirekt.se\/?s={search_term_string}\"},\"query-input\":{\"@type\":\"PropertyValueSpecification\",\"valueRequired\":true,\"valueName\":\"search_term_string\"}}],\"inLanguage\":\"da-DK\"}]}<\/script>\n<!-- \/ Yoast SEO plugin. -->","yoast_head_json":{"title":"Beachflag Urban - kun flag, k\u00f8b billigt online | Gdirekt.se","description":"Beachflag Urban- kun flag er et beachflag i h\u00f8jeste kvalitet i slidst\u00e6rkt aluminium. Leveres i sort nylontaske. F\u00e5s i st\u00f8rrelserne small, medium og large samt XL. K\u00f8b beachflag med lige form, som holder godt udend\u00f8rs. Tryk i 4 farver er altid inkluderet i prisen samt hurtig levering \u2013 naturligvis fra vores trykkeri.","robots":{"index":"index","follow":"follow","max-snippet":"max-snippet:-1","max-image-preview":"max-image-preview:large","max-video-preview":"max-video-preview:-1"},"canonical":"https:\/\/www.gdirekt.se\/da\/produkt\/beachflag-urban-kun-flag\/","og_locale":"da_DK","og_type":"article","og_title":"Beachflag Urban - kun flag, k\u00f8b billigt online | Gdirekt.se","og_description":"Beachflag Urban- kun flag er et beachflag i h\u00f8jeste kvalitet i slidst\u00e6rkt aluminium. Leveres i sort nylontaske. F\u00e5s i st\u00f8rrelserne small, medium og large samt XL. K\u00f8b beachflag med lige form, som holder godt udend\u00f8rs. Tryk i 4 farver er altid inkluderet i prisen samt hurtig levering \u2013 naturligvis fra vores trykkeri.","og_url":"https:\/\/www.gdirekt.se\/da\/produkt\/beachflag-urban-kun-flag\/","og_site_name":"Gdirekt.se","article_modified_time":"2019-01-10T15:14:29+00:00","og_image":[{"width":1000,"height":1000,"url":"https:\/\/www.gdirekt.se\/wp-content\/uploads\/beachflag_urban.png","type":"image\/png"}],"twitter_card":"summary_large_image","twitter_misc":{"Estimeret l\u00e6setid":"2 minutter"},"schema":{"@context":"https:\/\/schema.org","@graph":[{"@type":"WebPage","@id":"https:\/\/www.gdirekt.se\/da\/produkt\/beachflag-urban-kun-flag\/","url":"https:\/\/www.gdirekt.se\/da\/produkt\/beachflag-urban-kun-flag\/","name":"Beachflag Urban - kun flag, k\u00f8b billigt online | Gdirekt.se","isPartOf":{"@id":"https:\/\/www.gdirekt.se\/#website"},"primaryImageOfPage":{"@id":"https:\/\/www.gdirekt.se\/da\/produkt\/beachflag-urban-kun-flag\/#primaryimage"},"image":{"@id":"https:\/\/www.gdirekt.se\/da\/produkt\/beachflag-urban-kun-flag\/#primaryimage"},"thumbnailUrl":"https:\/\/www.gdirekt.se\/wp-content\/uploads\/beachflag_urban.png","datePublished":"2017-01-30T10:29:55+00:00","dateModified":"2019-01-10T15:14:29+00:00","description":"Beachflag Urban- kun flag er et beachflag i h\u00f8jeste kvalitet i slidst\u00e6rkt aluminium. Leveres i sort nylontaske. F\u00e5s i st\u00f8rrelserne small, medium og large samt XL. K\u00f8b beachflag med lige form, som holder godt udend\u00f8rs. Tryk i 4 farver er altid inkluderet i prisen samt hurtig levering \u2013 naturligvis fra vores trykkeri.","breadcrumb":{"@id":"https:\/\/www.gdirekt.se\/da\/produkt\/beachflag-urban-kun-flag\/#breadcrumb"},"inLanguage":"da-DK","potentialAction":[{"@type":"ReadAction","target":["https:\/\/www.gdirekt.se\/da\/produkt\/beachflag-urban-kun-flag\/"]}]},{"@type":"ImageObject","inLanguage":"da-DK","@id":"https:\/\/www.gdirekt.se\/da\/produkt\/beachflag-urban-kun-flag\/#primaryimage","url":"https:\/\/www.gdirekt.se\/wp-content\/uploads\/beachflag_urban.png","contentUrl":"https:\/\/www.gdirekt.se\/wp-content\/uploads\/beachflag_urban.png","width":1000,"height":1000,"caption":"K\u00f8b til kun flag til flaghaverne"},{"@type":"BreadcrumbList","@id":"https:\/\/www.gdirekt.se\/da\/produkt\/beachflag-urban-kun-flag\/#breadcrumb","itemListElement":[{"@type":"ListItem","position":1,"name":"Hem","item":"https:\/\/www.gdirekt.se\/da\/"},{"@type":"ListItem","position":2,"name":"Start","item":"https:\/\/www.gdirekt.se\/da\/"},{"@type":"ListItem","position":3,"name":"Beachflag Urban &#8211; kun flag"}]},{"@type":"WebSite","@id":"https:\/\/www.gdirekt.se\/#website","url":"https:\/\/www.gdirekt.se\/","name":"Gdirekt.se","description":"Tryck snabbt \u00e5 l\u00e4tt = Gdirekt","potentialAction":[{"@type":"SearchAction","target":{"@type":"EntryPoint","urlTemplate":"https:\/\/www.gdirekt.se\/?s={search_term_string}"},"query-input":{"@type":"PropertyValueSpecification","valueRequired":true,"valueName":"search_term_string"}}],"inLanguage":"da-DK"}]}},"_links":{"self":[{"href":"https:\/\/www.gdirekt.se\/da\/wp-json\/wp\/v2\/product\/9253","targetHints":{"allow":["GET"]}}],"collection":[{"href":"https:\/\/www.gdirekt.se\/da\/wp-json\/wp\/v2\/product"}],"about":[{"href":"https:\/\/www.gdirekt.se\/da\/wp-json\/wp\/v2\/types\/product"}],"wp:featuredmedia":[{"embeddable":true,"href":"https:\/\/www.gdirekt.se\/da\/wp-json\/wp\/v2\/media\/8466"}],"wp:attachment":[{"href":"https:\/\/www.gdirekt.se\/da\/wp-json\/wp\/v2\/media?parent=9253"}],"wp:term":[{"taxonomy":"product_brand","embeddable":true,"href":"https:\/\/www.gdirekt.se\/da\/wp-json\/wp\/v2\/product_brand?post=9253"},{"taxonomy":"product_cat","embeddable":true,"href":"https:\/\/www.gdirekt.se\/da\/wp-json\/wp\/v2\/product_cat?post=9253"},{"taxonomy":"product_tag","embeddable":true,"href":"https:\/\/www.gdirekt.se\/da\/wp-json\/wp\/v2\/product_tag?post=9253"}],"curies":[{"name":"wp","href":"https:\/\/api.w.org\/{rel}","templated":true}]}}