{"id":9249,"date":"2017-01-30T11:06:29","date_gmt":"2017-01-30T10:06:29","guid":{"rendered":"http:\/\/gdirekt.hamstage.hamrenmedia.se\/produkt\/beachflag-fenan-hajfinne-kun-flag\/"},"modified":"2019-01-16T15:30:39","modified_gmt":"2019-01-16T14:30:39","slug":"beachflag-fenan-hajfinne-kun-flag","status":"publish","type":"product","link":"https:\/\/www.gdirekt.se\/da\/produkt\/beachflag-fenan-hajfinne-kun-flag\/","title":{"rendered":"Beachflag Fenan\/hajfinne &#8211; kun flag"},"content":{"rendered":"<p><span lang=\"DA\">Beachflag Fenan\/hajfinne &#8211; kun flag er vores prisbillige beachflag. Har I allerede en stander eller holder til beachflaget, men vil skifte motivet ud? S\u00e5 k\u00f8ber I det nemt hos os. Det er fremstillet af perforeret flagpolyester. Vi producerer selv alle beachflag, her er ingen mellemled som hos de fleste andre. Beachflag Fenan\/hajfinne f\u00e5s i tre st\u00f8rrelser. Small (60 cm bredt, totalh\u00f8jde 270 cm), medium (78 cm bredt, totalh\u00f8jde 415 cm) og large (92,5 cm bredt, totalh\u00f8jde 495 cm). I v\u00e6lger, hvilke f\u00f8dder og fastg\u00f8ringss\u00e6t I vil bruge. Det afh\u00e6nger af, hvor eventen eller ny\u00e5bningen skal v\u00e6re.<\/span><\/p>\n<p><span lang=\"DA\">Selve flagstoffet til Beachflag Fenan\/hajfinne &#8211; kun flag er et stoftryk, der holder til vand og vind. Gennemtrykket p\u00e5 beachflagene er ca. 90 %, s\u00e5 reklamebudskabet ses fra begge sider. Der kan ogs\u00e5 v\u00e6lges et fastg\u00f8ringss\u00e6t til asfalt og beton som ekstraudstyr. Der findes forskellige f\u00f8dder til strandflagene, som er en krydsfod med en roterende funktion. I vores sortiment finder du ogs\u00e5 et skruespyd til jord og sne samt et jordspyd, som oftest anvendes til gr\u00e6s og andre lidt bl\u00f8dere underlag.<\/span><\/p>\n<p><span lang=\"DA\">Ved k\u00f8b af Beachflag Fenan\/hajfinne &#8211; kun flag f\u00e5r man det mest prisbillige og holdbare flag p\u00e5 markedet. Hvis det virkelig bl\u00e6ser, kan der bruges ekstra v\u00e6gte til beachflagene. Vi s\u00e6lger vand- eller sands\u00e6kke, som placeres oven p\u00e5 foden.<\/span><\/p>\n<p><span lang=\"DA\">Beachflaget er finne-formet eller har form som en hajfinne, og der er god plads til budskabet. De egner sig til formidling af budskaber eller som reklames\u00f8jler i idr\u00e6tsklubber og idr\u00e6tsforeninger i hele Danmark. Vi har kontor i K\u00f8benhavn , Horsen, Malm\u00f6, Stockholm, G\u00f6teborg og Oslo samt. Vil I bestille beachflag med virksomhedens logo, s\u00e5 kontakt Gdirekt. Hurtig levering med gode farver, som g\u00f8r jer tilfredse med trykkvaliteten. Vi bruger den nyeste trykteknik p\u00e5 vores Beachflag Fenan.<\/span><\/p>\n<p><span lang=\"DA\">Liges\u00e5 nemt er det at k\u00f8be et nyt <span class=\"apple-converted-space\">\u00a0<\/span><\/span><span lang=\"DA\"><a href=\"https:\/\/www.gdirekt.se\/produkt-kategori\/beachflaggor-tillbehor\/\"><b><i>fastg\u00f8ringss\u00e6t, <\/i><\/b><\/a><\/span><span lang=\"DA\">som holder strandflaget p\u00e5 plads.Vi leverer ogs\u00e5 beachflag til Norge og Sverige.<\/span><\/p>\n<p><span lang=\"DA\">Har jeres virksomhed brug for hj\u00e6lp med reklametryk? \u2013 Kontakt<span class=\"apple-converted-space\">\u00a0<\/span><\/span><span lang=\"DA\"><a href=\"http:\/\/www.gigantprint.se\/\"><b><i>GigantPrint,<\/i><\/b><\/a><\/span><span lang=\"DA\">og f\u00e5 den bedste hj\u00e6lp!<\/span><\/p>\n","protected":false},"excerpt":{"rendered":"<p><span lang=\"DA\">Beachflag Fenan\/hajfinne &#8211; kun flag er et prisbilligt beachflag. Standeren til flaget er dr\u00e5beformet. K\u00f8b kun beachflagflag, hvis I har flagsystemet. Bestil et lille, mellemstort eller stort flag<\/span><\/p>\n","protected":false},"featured_media":8464,"template":"","meta":{"_acf_changed":false},"product_brand":[],"product_cat":[371],"product_tag":[],"class_list":{"0":"post-9249","1":"product","2":"type-product","3":"status-publish","4":"has-post-thumbnail","6":"product_cat-beachflag-tilbehoer","7":"product_shipping_class-180sek","9":"first","10":"instock","11":"taxable","12":"shipping-taxable","13":"purchasable","14":"product-type-variable","15":"has-default-attributes"},"exclude_global_add_ons":[],"addons":[],"acf":[],"yoast_head":"<!-- This site is optimized with the Yoast SEO plugin v27.2 - https:\/\/yoast.com\/product\/yoast-seo-wordpress\/ -->\n<title>Beachflag Fenan\/hajfinne - kun flag, billig tryk | Gdirekt.se<\/title>\n<meta name=\"description\" content=\"Beachflagga Fenan - Haj - endast flagga \u00e4r en billig beachflag. St\u00e4llet \u00e4r formad som en droppe till designen. K\u00f6p endast beachflagga om Ni har flaggsystemet. Best\u00e4ll en liten, medium eller stor flagga. Trycket ing\u00e5r alltid i det billiga priset fr\u00e5n v\u00e5rt tryckeri i Sverige.\" \/>\n<meta name=\"robots\" content=\"index, follow, max-snippet:-1, max-image-preview:large, max-video-preview:-1\" \/>\n<link rel=\"canonical\" href=\"https:\/\/www.gdirekt.se\/da\/produkt\/beachflag-fenan-hajfinne-kun-flag\/\" \/>\n<meta property=\"og:locale\" content=\"da_DK\" \/>\n<meta property=\"og:type\" content=\"article\" \/>\n<meta property=\"og:title\" content=\"Beachflag Fenan\/hajfinne - kun flag, billig tryk | Gdirekt.se\" \/>\n<meta property=\"og:description\" content=\"Beachflagga Fenan - Haj - endast flagga \u00e4r en billig beachflag. St\u00e4llet \u00e4r formad som en droppe till designen. K\u00f6p endast beachflagga om Ni har flaggsystemet. Best\u00e4ll en liten, medium eller stor flagga. Trycket ing\u00e5r alltid i det billiga priset fr\u00e5n v\u00e5rt tryckeri i Sverige.\" \/>\n<meta property=\"og:url\" content=\"https:\/\/www.gdirekt.se\/da\/produkt\/beachflag-fenan-hajfinne-kun-flag\/\" \/>\n<meta property=\"og:site_name\" content=\"Gdirekt.se\" \/>\n<meta property=\"article:modified_time\" content=\"2019-01-16T14:30:39+00:00\" \/>\n<meta property=\"og:image\" content=\"https:\/\/www.gdirekt.se\/wp-content\/uploads\/beachflag_fenan_haj.png\" \/>\n\t<meta property=\"og:image:width\" content=\"1000\" \/>\n\t<meta property=\"og:image:height\" content=\"1000\" \/>\n\t<meta property=\"og:image:type\" content=\"image\/png\" \/>\n<meta name=\"twitter:card\" content=\"summary_large_image\" \/>\n<meta name=\"twitter:label1\" content=\"Estimeret l\u00e6setid\" \/>\n\t<meta name=\"twitter:data1\" content=\"2 minutter\" \/>\n<script type=\"application\/ld+json\" class=\"yoast-schema-graph\">{\"@context\":\"https:\/\/schema.org\",\"@graph\":[{\"@type\":\"WebPage\",\"@id\":\"https:\/\/www.gdirekt.se\/da\/produkt\/beachflag-fenan-hajfinne-kun-flag\/\",\"url\":\"https:\/\/www.gdirekt.se\/da\/produkt\/beachflag-fenan-hajfinne-kun-flag\/\",\"name\":\"Beachflag Fenan\/hajfinne - kun flag, billig tryk | Gdirekt.se\",\"isPartOf\":{\"@id\":\"https:\/\/www.gdirekt.se\/#website\"},\"primaryImageOfPage\":{\"@id\":\"https:\/\/www.gdirekt.se\/da\/produkt\/beachflag-fenan-hajfinne-kun-flag\/#primaryimage\"},\"image\":{\"@id\":\"https:\/\/www.gdirekt.se\/da\/produkt\/beachflag-fenan-hajfinne-kun-flag\/#primaryimage\"},\"thumbnailUrl\":\"https:\/\/www.gdirekt.se\/wp-content\/uploads\/beachflag_fenan_haj.png\",\"datePublished\":\"2017-01-30T10:06:29+00:00\",\"dateModified\":\"2019-01-16T14:30:39+00:00\",\"description\":\"Beachflagga Fenan - Haj - endast flagga \u00e4r en billig beachflag. St\u00e4llet \u00e4r formad som en droppe till designen. K\u00f6p endast beachflagga om Ni har flaggsystemet. Best\u00e4ll en liten, medium eller stor flagga. Trycket ing\u00e5r alltid i det billiga priset fr\u00e5n v\u00e5rt tryckeri i Sverige.\",\"breadcrumb\":{\"@id\":\"https:\/\/www.gdirekt.se\/da\/produkt\/beachflag-fenan-hajfinne-kun-flag\/#breadcrumb\"},\"inLanguage\":\"da-DK\",\"potentialAction\":[{\"@type\":\"ReadAction\",\"target\":[\"https:\/\/www.gdirekt.se\/da\/produkt\/beachflag-fenan-hajfinne-kun-flag\/\"]}]},{\"@type\":\"ImageObject\",\"inLanguage\":\"da-DK\",\"@id\":\"https:\/\/www.gdirekt.se\/da\/produkt\/beachflag-fenan-hajfinne-kun-flag\/#primaryimage\",\"url\":\"https:\/\/www.gdirekt.se\/wp-content\/uploads\/beachflag_fenan_haj.png\",\"contentUrl\":\"https:\/\/www.gdirekt.se\/wp-content\/uploads\/beachflag_fenan_haj.png\",\"width\":1000,\"height\":1000,\"caption\":\"Kun flag til beachflag\"},{\"@type\":\"BreadcrumbList\",\"@id\":\"https:\/\/www.gdirekt.se\/da\/produkt\/beachflag-fenan-hajfinne-kun-flag\/#breadcrumb\",\"itemListElement\":[{\"@type\":\"ListItem\",\"position\":1,\"name\":\"Hem\",\"item\":\"https:\/\/www.gdirekt.se\/da\/\"},{\"@type\":\"ListItem\",\"position\":2,\"name\":\"Start\",\"item\":\"https:\/\/www.gdirekt.se\/da\/\"},{\"@type\":\"ListItem\",\"position\":3,\"name\":\"Beachflag Fenan\/hajfinne &#8211; kun flag\"}]},{\"@type\":\"WebSite\",\"@id\":\"https:\/\/www.gdirekt.se\/#website\",\"url\":\"https:\/\/www.gdirekt.se\/\",\"name\":\"Gdirekt.se\",\"description\":\"Tryck snabbt \u00e5 l\u00e4tt = Gdirekt\",\"potentialAction\":[{\"@type\":\"SearchAction\",\"target\":{\"@type\":\"EntryPoint\",\"urlTemplate\":\"https:\/\/www.gdirekt.se\/?s={search_term_string}\"},\"query-input\":{\"@type\":\"PropertyValueSpecification\",\"valueRequired\":true,\"valueName\":\"search_term_string\"}}],\"inLanguage\":\"da-DK\"}]}<\/script>\n<!-- \/ Yoast SEO plugin. -->","yoast_head_json":{"title":"Beachflag Fenan\/hajfinne - kun flag, billig tryk | Gdirekt.se","description":"Beachflagga Fenan - Haj - endast flagga \u00e4r en billig beachflag. St\u00e4llet \u00e4r formad som en droppe till designen. K\u00f6p endast beachflagga om Ni har flaggsystemet. Best\u00e4ll en liten, medium eller stor flagga. Trycket ing\u00e5r alltid i det billiga priset fr\u00e5n v\u00e5rt tryckeri i Sverige.","robots":{"index":"index","follow":"follow","max-snippet":"max-snippet:-1","max-image-preview":"max-image-preview:large","max-video-preview":"max-video-preview:-1"},"canonical":"https:\/\/www.gdirekt.se\/da\/produkt\/beachflag-fenan-hajfinne-kun-flag\/","og_locale":"da_DK","og_type":"article","og_title":"Beachflag Fenan\/hajfinne - kun flag, billig tryk | Gdirekt.se","og_description":"Beachflagga Fenan - Haj - endast flagga \u00e4r en billig beachflag. St\u00e4llet \u00e4r formad som en droppe till designen. K\u00f6p endast beachflagga om Ni har flaggsystemet. Best\u00e4ll en liten, medium eller stor flagga. Trycket ing\u00e5r alltid i det billiga priset fr\u00e5n v\u00e5rt tryckeri i Sverige.","og_url":"https:\/\/www.gdirekt.se\/da\/produkt\/beachflag-fenan-hajfinne-kun-flag\/","og_site_name":"Gdirekt.se","article_modified_time":"2019-01-16T14:30:39+00:00","og_image":[{"width":1000,"height":1000,"url":"https:\/\/www.gdirekt.se\/wp-content\/uploads\/beachflag_fenan_haj.png","type":"image\/png"}],"twitter_card":"summary_large_image","twitter_misc":{"Estimeret l\u00e6setid":"2 minutter"},"schema":{"@context":"https:\/\/schema.org","@graph":[{"@type":"WebPage","@id":"https:\/\/www.gdirekt.se\/da\/produkt\/beachflag-fenan-hajfinne-kun-flag\/","url":"https:\/\/www.gdirekt.se\/da\/produkt\/beachflag-fenan-hajfinne-kun-flag\/","name":"Beachflag Fenan\/hajfinne - kun flag, billig tryk | Gdirekt.se","isPartOf":{"@id":"https:\/\/www.gdirekt.se\/#website"},"primaryImageOfPage":{"@id":"https:\/\/www.gdirekt.se\/da\/produkt\/beachflag-fenan-hajfinne-kun-flag\/#primaryimage"},"image":{"@id":"https:\/\/www.gdirekt.se\/da\/produkt\/beachflag-fenan-hajfinne-kun-flag\/#primaryimage"},"thumbnailUrl":"https:\/\/www.gdirekt.se\/wp-content\/uploads\/beachflag_fenan_haj.png","datePublished":"2017-01-30T10:06:29+00:00","dateModified":"2019-01-16T14:30:39+00:00","description":"Beachflagga Fenan - Haj - endast flagga \u00e4r en billig beachflag. St\u00e4llet \u00e4r formad som en droppe till designen. K\u00f6p endast beachflagga om Ni har flaggsystemet. Best\u00e4ll en liten, medium eller stor flagga. Trycket ing\u00e5r alltid i det billiga priset fr\u00e5n v\u00e5rt tryckeri i Sverige.","breadcrumb":{"@id":"https:\/\/www.gdirekt.se\/da\/produkt\/beachflag-fenan-hajfinne-kun-flag\/#breadcrumb"},"inLanguage":"da-DK","potentialAction":[{"@type":"ReadAction","target":["https:\/\/www.gdirekt.se\/da\/produkt\/beachflag-fenan-hajfinne-kun-flag\/"]}]},{"@type":"ImageObject","inLanguage":"da-DK","@id":"https:\/\/www.gdirekt.se\/da\/produkt\/beachflag-fenan-hajfinne-kun-flag\/#primaryimage","url":"https:\/\/www.gdirekt.se\/wp-content\/uploads\/beachflag_fenan_haj.png","contentUrl":"https:\/\/www.gdirekt.se\/wp-content\/uploads\/beachflag_fenan_haj.png","width":1000,"height":1000,"caption":"Kun flag til beachflag"},{"@type":"BreadcrumbList","@id":"https:\/\/www.gdirekt.se\/da\/produkt\/beachflag-fenan-hajfinne-kun-flag\/#breadcrumb","itemListElement":[{"@type":"ListItem","position":1,"name":"Hem","item":"https:\/\/www.gdirekt.se\/da\/"},{"@type":"ListItem","position":2,"name":"Start","item":"https:\/\/www.gdirekt.se\/da\/"},{"@type":"ListItem","position":3,"name":"Beachflag Fenan\/hajfinne &#8211; kun flag"}]},{"@type":"WebSite","@id":"https:\/\/www.gdirekt.se\/#website","url":"https:\/\/www.gdirekt.se\/","name":"Gdirekt.se","description":"Tryck snabbt \u00e5 l\u00e4tt = Gdirekt","potentialAction":[{"@type":"SearchAction","target":{"@type":"EntryPoint","urlTemplate":"https:\/\/www.gdirekt.se\/?s={search_term_string}"},"query-input":{"@type":"PropertyValueSpecification","valueRequired":true,"valueName":"search_term_string"}}],"inLanguage":"da-DK"}]}},"_links":{"self":[{"href":"https:\/\/www.gdirekt.se\/da\/wp-json\/wp\/v2\/product\/9249","targetHints":{"allow":["GET"]}}],"collection":[{"href":"https:\/\/www.gdirekt.se\/da\/wp-json\/wp\/v2\/product"}],"about":[{"href":"https:\/\/www.gdirekt.se\/da\/wp-json\/wp\/v2\/types\/product"}],"wp:featuredmedia":[{"embeddable":true,"href":"https:\/\/www.gdirekt.se\/da\/wp-json\/wp\/v2\/media\/8464"}],"wp:attachment":[{"href":"https:\/\/www.gdirekt.se\/da\/wp-json\/wp\/v2\/media?parent=9249"}],"wp:term":[{"taxonomy":"product_brand","embeddable":true,"href":"https:\/\/www.gdirekt.se\/da\/wp-json\/wp\/v2\/product_brand?post=9249"},{"taxonomy":"product_cat","embeddable":true,"href":"https:\/\/www.gdirekt.se\/da\/wp-json\/wp\/v2\/product_cat?post=9249"},{"taxonomy":"product_tag","embeddable":true,"href":"https:\/\/www.gdirekt.se\/da\/wp-json\/wp\/v2\/product_tag?post=9249"}],"curies":[{"name":"wp","href":"https:\/\/api.w.org\/{rel}","templated":true}]}}