{"id":9245,"date":"2016-11-10T16:38:26","date_gmt":"2016-11-10T15:38:26","guid":{"rendered":"http:\/\/gdirekt.hamstage.hamrenmedia.se\/produkt\/beachflag-fenan-hajfinne\/"},"modified":"2019-01-11T11:55:24","modified_gmt":"2019-01-11T10:55:24","slug":"beachflag-fenan-hajfinne","status":"publish","type":"product","link":"https:\/\/www.gdirekt.se\/da\/produkt\/beachflag-fenan-hajfinne\/","title":{"rendered":"Beachflag Fenan (hajfinne)"},"content":{"rendered":"<p>Beachflag Fenan (hajfinne) er vores prisbillige strandflag. Det er fremstillet i slidst\u00e6rkt glasfiberplast. Beachflaget Fenan samles med en klik-fastg\u00f8relsesanordning, som holder i bl\u00e6st. Vi producerer selv alle beachflag, her er ingen mellemled som hos de fleste andre. Beachflag Fenan f\u00e5s i tre st\u00f8rrelser. Small (60 cm bredt, totalh\u00f8jde 270 cm), medium (78 cm bredt, totalh\u00f8jde 415 cm) og large (92,5 cm bredt, totalh\u00f8jde 495 cm). I v\u00e6lger, hvilke f\u00f8dder og fastg\u00f8ringss\u00e6t I vil bruge. Det afh\u00e6nger af, hvor eventen eller ny\u00e5bningen skal v\u00e6re.<\/p>\n<p>Selve flagstoffet til Beachflaget Fenan (hajfinne) er et stoftryk, der holder til vand og vind. Gennemtrykket p\u00e5 strandflagene er ca. 90 %, s\u00e5 reklamebudskabet ses fra begge sider. Der kan ogs\u00e5 v\u00e6lges et fastg\u00f8ringss\u00e6t til asfalt og beton som ekstraudstyr. Der findes forskellige f\u00f8dder til strandflagene, som er en krydsfod med en roterende funktion. I vores sortiment finder du ogs\u00e5 et skruespyd til jord og sne samt et jordspyd, som oftest anvendes til gr\u00e6s og andre lidt bl\u00f8dere underlag.<\/p>\n<p>Ved k\u00f8b af beachflag Fenan, f\u00e5r man det mest prisbillige og holdbare flag p\u00e5 markedet. Hvis det virkelig bl\u00e6ser, kan der bruges ekstra v\u00e6gte til beachflagene. Vi s\u00e6lger vand- eller sands\u00e6kke, som placeres oven p\u00e5 foden.<\/p>\n<p>Beachflaget er finne-formet og kaldes ofte hajfinne-strandflag, og der er god plads til budskabet. De egner sig til formidling af budskaber eller som reklames\u00f8jler i idr\u00e6tsklubber og idr\u00e6tsforeninger i hele Danmark. Vi har kontor i K\u00f8benhavn, Horsens, G\u00f6teborg, Malm\u00f6 og Oslo. Vil I bestille strandflag med virksomhedens logo, s\u00e5 kontakt Gdirekt. Hurtig levering med gode farver, som g\u00f8r jer tilfredse med trykkvaliteten. Vi bruger den nyeste trykteknik p\u00e5 vores beachflag Fenan. Her bestiller I andre modeller af\u00a0<a href=\"https:\/\/www.gdirekt.se\/produkt-kategori\/beachflaggor\/\"><strong><em>Beachflag<\/em><\/strong><\/a>!<\/p>\n<p>Skal I udskifte flagene fra de eksisterende standere, er det let at bestille p\u00e5 nettet.\u00a0Liges\u00e5 nemt er det at k\u00f8be et nyt fastg\u00f8ringss\u00e6t, som holder strandflaget p\u00e5 plads. Vi leverer ogs\u00e5 strandflag til Norge og Sverige.<\/p>\n<p>Skal I bruge andre udend\u00f8rsskilte, kan I se mere p\u00e5 vores side\u00a0<a href=\"https:\/\/shop.svasab.se\/\"><strong><em>SVASAB<\/em><\/strong><\/a>!<\/p>\n","protected":false},"excerpt":{"rendered":"<p><span lang=\"DA\">Beachflag Fenan (hajfinne) er et prisbilligt strandflag i finne-form. Kaldes ogs\u00e5 hajfinne! Leveres i sort nylontaske og f\u00e5s i st\u00f8rrelse small, medium og large.\u00a0L\u00e6ngere nede v\u00e6lger du bundbeslaget \/ foden.<\/span><\/p>\n","protected":false},"featured_media":8092,"template":"","meta":{"_acf_changed":false},"product_brand":[],"product_cat":[370],"product_tag":[],"class_list":{"0":"post-9245","1":"product","2":"type-product","3":"status-publish","4":"has-post-thumbnail","6":"product_cat-beachflag","7":"product_shipping_class-250kr","9":"first","10":"instock","11":"sale","12":"taxable","13":"shipping-taxable","14":"purchasable","15":"product-type-variable","16":"has-default-attributes"},"exclude_global_add_ons":[],"addons":[],"acf":[],"yoast_head":"<!-- This site is optimized with the Yoast SEO plugin v27.2 - https:\/\/yoast.com\/product\/yoast-seo-wordpress\/ -->\n<title>Beachflag Fenan (hajfinne) med tryckmall, k\u00f6p till markfot f\u00e4ste | Gdirekt.se<\/title>\n<meta name=\"description\" content=\"Beachflagga Fenan - Haj \u00e4r en billig beachflagga formad som en fena, kallas \u00e4ven hajen! Levereras i svart nylonv\u00e4ska och finns i storlek small, medium &amp; large. Best\u00e4ll av n\u00e4tets b\u00e4sta leverant\u00f6r, Gdirekt tillverkar allt sj\u00e4lva med svensk kvalite. K\u00f6p till markf\u00e4sten och tyngder.\" \/>\n<meta name=\"robots\" content=\"index, follow, max-snippet:-1, max-image-preview:large, max-video-preview:-1\" \/>\n<link rel=\"canonical\" href=\"https:\/\/www.gdirekt.se\/da\/produkt\/beachflag-fenan-hajfinne\/\" \/>\n<meta property=\"og:locale\" content=\"da_DK\" \/>\n<meta property=\"og:type\" content=\"article\" \/>\n<meta property=\"og:title\" content=\"Beachflag Fenan (hajfinne) med tryckmall, k\u00f6p till markfot f\u00e4ste | Gdirekt.se\" \/>\n<meta property=\"og:description\" content=\"Beachflagga Fenan - Haj \u00e4r en billig beachflagga formad som en fena, kallas \u00e4ven hajen! Levereras i svart nylonv\u00e4ska och finns i storlek small, medium &amp; large. Best\u00e4ll av n\u00e4tets b\u00e4sta leverant\u00f6r, Gdirekt tillverkar allt sj\u00e4lva med svensk kvalite. K\u00f6p till markf\u00e4sten och tyngder.\" \/>\n<meta property=\"og:url\" content=\"https:\/\/www.gdirekt.se\/da\/produkt\/beachflag-fenan-hajfinne\/\" \/>\n<meta property=\"og:site_name\" content=\"Gdirekt.se\" \/>\n<meta property=\"article:modified_time\" content=\"2019-01-11T10:55:24+00:00\" \/>\n<meta property=\"og:image\" content=\"https:\/\/www.gdirekt.se\/wp-content\/uploads\/Beachflagga-Fenan-Gdirekt.png\" \/>\n\t<meta property=\"og:image:width\" content=\"1000\" \/>\n\t<meta property=\"og:image:height\" content=\"1000\" \/>\n\t<meta property=\"og:image:type\" content=\"image\/png\" \/>\n<meta name=\"twitter:card\" content=\"summary_large_image\" \/>\n<meta name=\"twitter:label1\" content=\"Estimeret l\u00e6setid\" \/>\n\t<meta name=\"twitter:data1\" content=\"2 minutter\" \/>\n<script type=\"application\/ld+json\" class=\"yoast-schema-graph\">{\"@context\":\"https:\/\/schema.org\",\"@graph\":[{\"@type\":\"WebPage\",\"@id\":\"https:\/\/www.gdirekt.se\/da\/produkt\/beachflag-fenan-hajfinne\/\",\"url\":\"https:\/\/www.gdirekt.se\/da\/produkt\/beachflag-fenan-hajfinne\/\",\"name\":\"Beachflag Fenan (hajfinne) med tryckmall, k\u00f6p till markfot f\u00e4ste | Gdirekt.se\",\"isPartOf\":{\"@id\":\"https:\/\/www.gdirekt.se\/#website\"},\"primaryImageOfPage\":{\"@id\":\"https:\/\/www.gdirekt.se\/da\/produkt\/beachflag-fenan-hajfinne\/#primaryimage\"},\"image\":{\"@id\":\"https:\/\/www.gdirekt.se\/da\/produkt\/beachflag-fenan-hajfinne\/#primaryimage\"},\"thumbnailUrl\":\"https:\/\/www.gdirekt.se\/wp-content\/uploads\/Beachflagga-Fenan-Gdirekt.png\",\"datePublished\":\"2016-11-10T15:38:26+00:00\",\"dateModified\":\"2019-01-11T10:55:24+00:00\",\"description\":\"Beachflagga Fenan - Haj \u00e4r en billig beachflagga formad som en fena, kallas \u00e4ven hajen! Levereras i svart nylonv\u00e4ska och finns i storlek small, medium & large. Best\u00e4ll av n\u00e4tets b\u00e4sta leverant\u00f6r, Gdirekt tillverkar allt sj\u00e4lva med svensk kvalite. K\u00f6p till markf\u00e4sten och tyngder.\",\"breadcrumb\":{\"@id\":\"https:\/\/www.gdirekt.se\/da\/produkt\/beachflag-fenan-hajfinne\/#breadcrumb\"},\"inLanguage\":\"da-DK\",\"potentialAction\":[{\"@type\":\"ReadAction\",\"target\":[\"https:\/\/www.gdirekt.se\/da\/produkt\/beachflag-fenan-hajfinne\/\"]}]},{\"@type\":\"ImageObject\",\"inLanguage\":\"da-DK\",\"@id\":\"https:\/\/www.gdirekt.se\/da\/produkt\/beachflag-fenan-hajfinne\/#primaryimage\",\"url\":\"https:\/\/www.gdirekt.se\/wp-content\/uploads\/Beachflagga-Fenan-Gdirekt.png\",\"contentUrl\":\"https:\/\/www.gdirekt.se\/wp-content\/uploads\/Beachflagga-Fenan-Gdirekt.png\",\"width\":1000,\"height\":1000,\"caption\":\"Billig beachflag Fenan fra Gdirekt\"},{\"@type\":\"BreadcrumbList\",\"@id\":\"https:\/\/www.gdirekt.se\/da\/produkt\/beachflag-fenan-hajfinne\/#breadcrumb\",\"itemListElement\":[{\"@type\":\"ListItem\",\"position\":1,\"name\":\"Hem\",\"item\":\"https:\/\/www.gdirekt.se\/da\/\"},{\"@type\":\"ListItem\",\"position\":2,\"name\":\"Start\",\"item\":\"https:\/\/www.gdirekt.se\/da\/\"},{\"@type\":\"ListItem\",\"position\":3,\"name\":\"Beachflag Fenan (hajfinne)\"}]},{\"@type\":\"WebSite\",\"@id\":\"https:\/\/www.gdirekt.se\/#website\",\"url\":\"https:\/\/www.gdirekt.se\/\",\"name\":\"Gdirekt.se\",\"description\":\"Tryck snabbt \u00e5 l\u00e4tt = Gdirekt\",\"potentialAction\":[{\"@type\":\"SearchAction\",\"target\":{\"@type\":\"EntryPoint\",\"urlTemplate\":\"https:\/\/www.gdirekt.se\/?s={search_term_string}\"},\"query-input\":{\"@type\":\"PropertyValueSpecification\",\"valueRequired\":true,\"valueName\":\"search_term_string\"}}],\"inLanguage\":\"da-DK\"}]}<\/script>\n<!-- \/ Yoast SEO plugin. -->","yoast_head_json":{"title":"Beachflag Fenan (hajfinne) med tryckmall, k\u00f6p till markfot f\u00e4ste | Gdirekt.se","description":"Beachflagga Fenan - Haj \u00e4r en billig beachflagga formad som en fena, kallas \u00e4ven hajen! Levereras i svart nylonv\u00e4ska och finns i storlek small, medium & large. Best\u00e4ll av n\u00e4tets b\u00e4sta leverant\u00f6r, Gdirekt tillverkar allt sj\u00e4lva med svensk kvalite. K\u00f6p till markf\u00e4sten och tyngder.","robots":{"index":"index","follow":"follow","max-snippet":"max-snippet:-1","max-image-preview":"max-image-preview:large","max-video-preview":"max-video-preview:-1"},"canonical":"https:\/\/www.gdirekt.se\/da\/produkt\/beachflag-fenan-hajfinne\/","og_locale":"da_DK","og_type":"article","og_title":"Beachflag Fenan (hajfinne) med tryckmall, k\u00f6p till markfot f\u00e4ste | Gdirekt.se","og_description":"Beachflagga Fenan - Haj \u00e4r en billig beachflagga formad som en fena, kallas \u00e4ven hajen! Levereras i svart nylonv\u00e4ska och finns i storlek small, medium & large. Best\u00e4ll av n\u00e4tets b\u00e4sta leverant\u00f6r, Gdirekt tillverkar allt sj\u00e4lva med svensk kvalite. K\u00f6p till markf\u00e4sten och tyngder.","og_url":"https:\/\/www.gdirekt.se\/da\/produkt\/beachflag-fenan-hajfinne\/","og_site_name":"Gdirekt.se","article_modified_time":"2019-01-11T10:55:24+00:00","og_image":[{"width":1000,"height":1000,"url":"https:\/\/www.gdirekt.se\/wp-content\/uploads\/Beachflagga-Fenan-Gdirekt.png","type":"image\/png"}],"twitter_card":"summary_large_image","twitter_misc":{"Estimeret l\u00e6setid":"2 minutter"},"schema":{"@context":"https:\/\/schema.org","@graph":[{"@type":"WebPage","@id":"https:\/\/www.gdirekt.se\/da\/produkt\/beachflag-fenan-hajfinne\/","url":"https:\/\/www.gdirekt.se\/da\/produkt\/beachflag-fenan-hajfinne\/","name":"Beachflag Fenan (hajfinne) med tryckmall, k\u00f6p till markfot f\u00e4ste | Gdirekt.se","isPartOf":{"@id":"https:\/\/www.gdirekt.se\/#website"},"primaryImageOfPage":{"@id":"https:\/\/www.gdirekt.se\/da\/produkt\/beachflag-fenan-hajfinne\/#primaryimage"},"image":{"@id":"https:\/\/www.gdirekt.se\/da\/produkt\/beachflag-fenan-hajfinne\/#primaryimage"},"thumbnailUrl":"https:\/\/www.gdirekt.se\/wp-content\/uploads\/Beachflagga-Fenan-Gdirekt.png","datePublished":"2016-11-10T15:38:26+00:00","dateModified":"2019-01-11T10:55:24+00:00","description":"Beachflagga Fenan - Haj \u00e4r en billig beachflagga formad som en fena, kallas \u00e4ven hajen! Levereras i svart nylonv\u00e4ska och finns i storlek small, medium & large. Best\u00e4ll av n\u00e4tets b\u00e4sta leverant\u00f6r, Gdirekt tillverkar allt sj\u00e4lva med svensk kvalite. K\u00f6p till markf\u00e4sten och tyngder.","breadcrumb":{"@id":"https:\/\/www.gdirekt.se\/da\/produkt\/beachflag-fenan-hajfinne\/#breadcrumb"},"inLanguage":"da-DK","potentialAction":[{"@type":"ReadAction","target":["https:\/\/www.gdirekt.se\/da\/produkt\/beachflag-fenan-hajfinne\/"]}]},{"@type":"ImageObject","inLanguage":"da-DK","@id":"https:\/\/www.gdirekt.se\/da\/produkt\/beachflag-fenan-hajfinne\/#primaryimage","url":"https:\/\/www.gdirekt.se\/wp-content\/uploads\/Beachflagga-Fenan-Gdirekt.png","contentUrl":"https:\/\/www.gdirekt.se\/wp-content\/uploads\/Beachflagga-Fenan-Gdirekt.png","width":1000,"height":1000,"caption":"Billig beachflag Fenan fra Gdirekt"},{"@type":"BreadcrumbList","@id":"https:\/\/www.gdirekt.se\/da\/produkt\/beachflag-fenan-hajfinne\/#breadcrumb","itemListElement":[{"@type":"ListItem","position":1,"name":"Hem","item":"https:\/\/www.gdirekt.se\/da\/"},{"@type":"ListItem","position":2,"name":"Start","item":"https:\/\/www.gdirekt.se\/da\/"},{"@type":"ListItem","position":3,"name":"Beachflag Fenan (hajfinne)"}]},{"@type":"WebSite","@id":"https:\/\/www.gdirekt.se\/#website","url":"https:\/\/www.gdirekt.se\/","name":"Gdirekt.se","description":"Tryck snabbt \u00e5 l\u00e4tt = Gdirekt","potentialAction":[{"@type":"SearchAction","target":{"@type":"EntryPoint","urlTemplate":"https:\/\/www.gdirekt.se\/?s={search_term_string}"},"query-input":{"@type":"PropertyValueSpecification","valueRequired":true,"valueName":"search_term_string"}}],"inLanguage":"da-DK"}]}},"_links":{"self":[{"href":"https:\/\/www.gdirekt.se\/da\/wp-json\/wp\/v2\/product\/9245","targetHints":{"allow":["GET"]}}],"collection":[{"href":"https:\/\/www.gdirekt.se\/da\/wp-json\/wp\/v2\/product"}],"about":[{"href":"https:\/\/www.gdirekt.se\/da\/wp-json\/wp\/v2\/types\/product"}],"wp:featuredmedia":[{"embeddable":true,"href":"https:\/\/www.gdirekt.se\/da\/wp-json\/wp\/v2\/media\/8092"}],"wp:attachment":[{"href":"https:\/\/www.gdirekt.se\/da\/wp-json\/wp\/v2\/media?parent=9245"}],"wp:term":[{"taxonomy":"product_brand","embeddable":true,"href":"https:\/\/www.gdirekt.se\/da\/wp-json\/wp\/v2\/product_brand?post=9245"},{"taxonomy":"product_cat","embeddable":true,"href":"https:\/\/www.gdirekt.se\/da\/wp-json\/wp\/v2\/product_cat?post=9245"},{"taxonomy":"product_tag","embeddable":true,"href":"https:\/\/www.gdirekt.se\/da\/wp-json\/wp\/v2\/product_tag?post=9245"}],"curies":[{"name":"wp","href":"https:\/\/api.w.org\/{rel}","templated":true}]}}