{"id":9241,"date":"2017-01-30T10:39:22","date_gmt":"2017-01-30T09:39:22","guid":{"rendered":"http:\/\/gdirekt.hamstage.hamrenmedia.se\/produkt\/strandflag-droppen-kun-flag\/"},"modified":"2019-01-16T15:40:50","modified_gmt":"2019-01-16T14:40:50","slug":"strandflag-droppen-kun-flag","status":"publish","type":"product","link":"https:\/\/www.gdirekt.se\/da\/produkt\/strandflag-droppen-kun-flag\/","title":{"rendered":"Strandflag Droppen &#8211; kun flag"},"content":{"rendered":"<p>Beachflag Droppen &#8211; kun flag er vores prisbillige strandflag. Har I allerede en stander eller holder til beachflaget, men vil skifte motivet ud? S\u00e5 k\u00f8ber I det nemt hos os. Det er fremstillet i perforeret flagpolyester. Vi producerer selv alle beachflag, her er ingen mellemled som hos de fleste andre. Strandflag Droppen f\u00e5s i tre forskellige st\u00f8rrelser. Small (75 cm bredt, totalh\u00f8jde 210 cm), medium (135 cm bredt, totalh\u00f8jde 315 cm) og large (150 cm bredt, totalh\u00f8jde 395 cm h\u00f8jt). I v\u00e6lger, hvilke f\u00f8dder og fastg\u00f8ringss\u00e6t I vil bruge. Det afh\u00e6nger af, hvor eventen eller ny\u00e5bningen skal v\u00e6re.<\/p>\n<p>Liges\u00e5 nemt er det at k\u00f8be et nyt fastg\u00f8ringss\u00e6t, som holder strandflaget p\u00e5 plads. Vi leverer ogs\u00e5 strandflag til Norge og Sverige.<\/p>\n<p>Strandflag Droppen &#8211; kun flag er prisbilligt og dr\u00e5beformet! K\u00f8b kun beachflaget, hvis I har standeren. F\u00e5s i st\u00f8rrelserne small, medium og large. Tryk er inkluderet i den billige pris. Designskabeloner kan downloades gratis.<\/p>\n","protected":false},"excerpt":{"rendered":"<p><span lang=\"DA\">Strandflag Droppen &#8211; kun flag er prisbilligt og dr\u00e5beformet! K\u00f8b kun beachflaget, hvis I har standeren. F\u00e5s i st\u00f8rrelserne small, medium og large. Tryk er inkluderet i den billige pris<\/span><\/p>\n","protected":false},"featured_media":8463,"template":"","meta":{"_acf_changed":false},"product_brand":[],"product_cat":[371],"product_tag":[],"class_list":{"0":"post-9241","1":"product","2":"type-product","3":"status-publish","4":"has-post-thumbnail","6":"product_cat-beachflag-tilbehoer","7":"product_shipping_class-180sek","9":"first","10":"instock","11":"taxable","12":"shipping-taxable","13":"purchasable","14":"product-type-variable","15":"has-default-attributes"},"exclude_global_add_ons":[],"addons":[],"acf":[],"yoast_head":"<!-- This site is optimized with the Yoast SEO plugin v27.2 - https:\/\/yoast.com\/product\/yoast-seo-wordpress\/ -->\n<title>Strandflag Droppen - kun flag med tryckt text | Gdirekt.se<\/title>\n<meta name=\"description\" content=\"Beachflagga Droppen - endast flagga \u00e4r billig och formad som en droppe! K\u00f6p endast beachflagga om Ni har st\u00e4llet. Finns i small, medium och large.\" \/>\n<meta name=\"robots\" content=\"index, follow, max-snippet:-1, max-image-preview:large, max-video-preview:-1\" \/>\n<link rel=\"canonical\" href=\"https:\/\/www.gdirekt.se\/da\/produkt\/strandflag-droppen-kun-flag\/\" \/>\n<meta property=\"og:locale\" content=\"da_DK\" \/>\n<meta property=\"og:type\" content=\"article\" \/>\n<meta property=\"og:title\" content=\"Strandflag Droppen - kun flag med tryckt text | Gdirekt.se\" \/>\n<meta property=\"og:description\" content=\"Beachflagga Droppen - endast flagga \u00e4r billig och formad som en droppe! K\u00f6p endast beachflagga om Ni har st\u00e4llet. Finns i small, medium och large.\" \/>\n<meta property=\"og:url\" content=\"https:\/\/www.gdirekt.se\/da\/produkt\/strandflag-droppen-kun-flag\/\" \/>\n<meta property=\"og:site_name\" content=\"Gdirekt.se\" \/>\n<meta property=\"article:modified_time\" content=\"2019-01-16T14:40:50+00:00\" \/>\n<meta property=\"og:image\" content=\"https:\/\/www.gdirekt.se\/wp-content\/uploads\/beachflag_droppen.png\" \/>\n\t<meta property=\"og:image:width\" content=\"1000\" \/>\n\t<meta property=\"og:image:height\" content=\"1000\" \/>\n\t<meta property=\"og:image:type\" content=\"image\/png\" \/>\n<meta name=\"twitter:card\" content=\"summary_large_image\" \/>\n<meta name=\"twitter:label1\" content=\"Estimeret l\u00e6setid\" \/>\n\t<meta name=\"twitter:data1\" content=\"1 minut\" \/>\n<script type=\"application\/ld+json\" class=\"yoast-schema-graph\">{\"@context\":\"https:\/\/schema.org\",\"@graph\":[{\"@type\":\"WebPage\",\"@id\":\"https:\/\/www.gdirekt.se\/da\/produkt\/strandflag-droppen-kun-flag\/\",\"url\":\"https:\/\/www.gdirekt.se\/da\/produkt\/strandflag-droppen-kun-flag\/\",\"name\":\"Strandflag Droppen - kun flag med tryckt text | Gdirekt.se\",\"isPartOf\":{\"@id\":\"https:\/\/www.gdirekt.se\/#website\"},\"primaryImageOfPage\":{\"@id\":\"https:\/\/www.gdirekt.se\/da\/produkt\/strandflag-droppen-kun-flag\/#primaryimage\"},\"image\":{\"@id\":\"https:\/\/www.gdirekt.se\/da\/produkt\/strandflag-droppen-kun-flag\/#primaryimage\"},\"thumbnailUrl\":\"https:\/\/www.gdirekt.se\/wp-content\/uploads\/beachflag_droppen.png\",\"datePublished\":\"2017-01-30T09:39:22+00:00\",\"dateModified\":\"2019-01-16T14:40:50+00:00\",\"description\":\"Beachflagga Droppen - endast flagga \u00e4r billig och formad som en droppe! K\u00f6p endast beachflagga om Ni har st\u00e4llet. Finns i small, medium och large.\",\"breadcrumb\":{\"@id\":\"https:\/\/www.gdirekt.se\/da\/produkt\/strandflag-droppen-kun-flag\/#breadcrumb\"},\"inLanguage\":\"da-DK\",\"potentialAction\":[{\"@type\":\"ReadAction\",\"target\":[\"https:\/\/www.gdirekt.se\/da\/produkt\/strandflag-droppen-kun-flag\/\"]}]},{\"@type\":\"ImageObject\",\"inLanguage\":\"da-DK\",\"@id\":\"https:\/\/www.gdirekt.se\/da\/produkt\/strandflag-droppen-kun-flag\/#primaryimage\",\"url\":\"https:\/\/www.gdirekt.se\/wp-content\/uploads\/beachflag_droppen.png\",\"contentUrl\":\"https:\/\/www.gdirekt.se\/wp-content\/uploads\/beachflag_droppen.png\",\"width\":1000,\"height\":1000,\"caption\":\"Bestil flag til strand flag\"},{\"@type\":\"BreadcrumbList\",\"@id\":\"https:\/\/www.gdirekt.se\/da\/produkt\/strandflag-droppen-kun-flag\/#breadcrumb\",\"itemListElement\":[{\"@type\":\"ListItem\",\"position\":1,\"name\":\"Hem\",\"item\":\"https:\/\/www.gdirekt.se\/da\/\"},{\"@type\":\"ListItem\",\"position\":2,\"name\":\"Start\",\"item\":\"https:\/\/www.gdirekt.se\/da\/\"},{\"@type\":\"ListItem\",\"position\":3,\"name\":\"Strandflag Droppen &#8211; kun flag\"}]},{\"@type\":\"WebSite\",\"@id\":\"https:\/\/www.gdirekt.se\/#website\",\"url\":\"https:\/\/www.gdirekt.se\/\",\"name\":\"Gdirekt.se\",\"description\":\"Tryck snabbt \u00e5 l\u00e4tt = Gdirekt\",\"potentialAction\":[{\"@type\":\"SearchAction\",\"target\":{\"@type\":\"EntryPoint\",\"urlTemplate\":\"https:\/\/www.gdirekt.se\/?s={search_term_string}\"},\"query-input\":{\"@type\":\"PropertyValueSpecification\",\"valueRequired\":true,\"valueName\":\"search_term_string\"}}],\"inLanguage\":\"da-DK\"}]}<\/script>\n<!-- \/ Yoast SEO plugin. -->","yoast_head_json":{"title":"Strandflag Droppen - kun flag med tryckt text | Gdirekt.se","description":"Beachflagga Droppen - endast flagga \u00e4r billig och formad som en droppe! K\u00f6p endast beachflagga om Ni har st\u00e4llet. Finns i small, medium och large.","robots":{"index":"index","follow":"follow","max-snippet":"max-snippet:-1","max-image-preview":"max-image-preview:large","max-video-preview":"max-video-preview:-1"},"canonical":"https:\/\/www.gdirekt.se\/da\/produkt\/strandflag-droppen-kun-flag\/","og_locale":"da_DK","og_type":"article","og_title":"Strandflag Droppen - kun flag med tryckt text | Gdirekt.se","og_description":"Beachflagga Droppen - endast flagga \u00e4r billig och formad som en droppe! K\u00f6p endast beachflagga om Ni har st\u00e4llet. Finns i small, medium och large.","og_url":"https:\/\/www.gdirekt.se\/da\/produkt\/strandflag-droppen-kun-flag\/","og_site_name":"Gdirekt.se","article_modified_time":"2019-01-16T14:40:50+00:00","og_image":[{"width":1000,"height":1000,"url":"https:\/\/www.gdirekt.se\/wp-content\/uploads\/beachflag_droppen.png","type":"image\/png"}],"twitter_card":"summary_large_image","twitter_misc":{"Estimeret l\u00e6setid":"1 minut"},"schema":{"@context":"https:\/\/schema.org","@graph":[{"@type":"WebPage","@id":"https:\/\/www.gdirekt.se\/da\/produkt\/strandflag-droppen-kun-flag\/","url":"https:\/\/www.gdirekt.se\/da\/produkt\/strandflag-droppen-kun-flag\/","name":"Strandflag Droppen - kun flag med tryckt text | Gdirekt.se","isPartOf":{"@id":"https:\/\/www.gdirekt.se\/#website"},"primaryImageOfPage":{"@id":"https:\/\/www.gdirekt.se\/da\/produkt\/strandflag-droppen-kun-flag\/#primaryimage"},"image":{"@id":"https:\/\/www.gdirekt.se\/da\/produkt\/strandflag-droppen-kun-flag\/#primaryimage"},"thumbnailUrl":"https:\/\/www.gdirekt.se\/wp-content\/uploads\/beachflag_droppen.png","datePublished":"2017-01-30T09:39:22+00:00","dateModified":"2019-01-16T14:40:50+00:00","description":"Beachflagga Droppen - endast flagga \u00e4r billig och formad som en droppe! K\u00f6p endast beachflagga om Ni har st\u00e4llet. Finns i small, medium och large.","breadcrumb":{"@id":"https:\/\/www.gdirekt.se\/da\/produkt\/strandflag-droppen-kun-flag\/#breadcrumb"},"inLanguage":"da-DK","potentialAction":[{"@type":"ReadAction","target":["https:\/\/www.gdirekt.se\/da\/produkt\/strandflag-droppen-kun-flag\/"]}]},{"@type":"ImageObject","inLanguage":"da-DK","@id":"https:\/\/www.gdirekt.se\/da\/produkt\/strandflag-droppen-kun-flag\/#primaryimage","url":"https:\/\/www.gdirekt.se\/wp-content\/uploads\/beachflag_droppen.png","contentUrl":"https:\/\/www.gdirekt.se\/wp-content\/uploads\/beachflag_droppen.png","width":1000,"height":1000,"caption":"Bestil flag til strand flag"},{"@type":"BreadcrumbList","@id":"https:\/\/www.gdirekt.se\/da\/produkt\/strandflag-droppen-kun-flag\/#breadcrumb","itemListElement":[{"@type":"ListItem","position":1,"name":"Hem","item":"https:\/\/www.gdirekt.se\/da\/"},{"@type":"ListItem","position":2,"name":"Start","item":"https:\/\/www.gdirekt.se\/da\/"},{"@type":"ListItem","position":3,"name":"Strandflag Droppen &#8211; kun flag"}]},{"@type":"WebSite","@id":"https:\/\/www.gdirekt.se\/#website","url":"https:\/\/www.gdirekt.se\/","name":"Gdirekt.se","description":"Tryck snabbt \u00e5 l\u00e4tt = Gdirekt","potentialAction":[{"@type":"SearchAction","target":{"@type":"EntryPoint","urlTemplate":"https:\/\/www.gdirekt.se\/?s={search_term_string}"},"query-input":{"@type":"PropertyValueSpecification","valueRequired":true,"valueName":"search_term_string"}}],"inLanguage":"da-DK"}]}},"_links":{"self":[{"href":"https:\/\/www.gdirekt.se\/da\/wp-json\/wp\/v2\/product\/9241","targetHints":{"allow":["GET"]}}],"collection":[{"href":"https:\/\/www.gdirekt.se\/da\/wp-json\/wp\/v2\/product"}],"about":[{"href":"https:\/\/www.gdirekt.se\/da\/wp-json\/wp\/v2\/types\/product"}],"wp:featuredmedia":[{"embeddable":true,"href":"https:\/\/www.gdirekt.se\/da\/wp-json\/wp\/v2\/media\/8463"}],"wp:attachment":[{"href":"https:\/\/www.gdirekt.se\/da\/wp-json\/wp\/v2\/media?parent=9241"}],"wp:term":[{"taxonomy":"product_brand","embeddable":true,"href":"https:\/\/www.gdirekt.se\/da\/wp-json\/wp\/v2\/product_brand?post=9241"},{"taxonomy":"product_cat","embeddable":true,"href":"https:\/\/www.gdirekt.se\/da\/wp-json\/wp\/v2\/product_cat?post=9241"},{"taxonomy":"product_tag","embeddable":true,"href":"https:\/\/www.gdirekt.se\/da\/wp-json\/wp\/v2\/product_tag?post=9241"}],"curies":[{"name":"wp","href":"https:\/\/api.w.org\/{rel}","templated":true}]}}