{"id":9237,"date":"2015-09-14T20:03:39","date_gmt":"2015-09-14T18:03:39","guid":{"rendered":"http:\/\/gdirekt.hamstage.hamrenmedia.se\/produkt\/beachflag-droppen\/"},"modified":"2019-01-11T11:54:05","modified_gmt":"2019-01-11T10:54:05","slug":"beachflag-droppen","status":"publish","type":"product","link":"https:\/\/www.gdirekt.se\/da\/produkt\/beachflag-droppen\/","title":{"rendered":"Beachflag Droppen"},"content":{"rendered":"<p>Beachflag Droppen er vores prisbillige strandflag. Det er fremstillet i slidst\u00e6rkt glasfiberplast. Beachflaget Droppen samles med en klik-fastg\u00f8relsesanordning, som holder i bl\u00e6st. Vi producerer selv alle beachflag, her er ingen mellemled som hos de fleste andre. Beachflag Droppen f\u00e5s i tre forskellige st\u00f8rrelser. Small (75 cm bredt, totalh\u00f8jde 210 cm), medium (135 cm bredt, totalh\u00f8jde 315 cm) og large (150 cm bredt, totalh\u00f8jde 395 cm h\u00f8jt). I v\u00e6lger, hvilke f\u00f8dder og fastg\u00f8ringss\u00e6t I vil bruge. Det afh\u00e6nger af, hvor eventen eller ny\u00e5bningen skal v\u00e6re.<\/p>\n<p>Selve flagstoffet til beachflagene er et stoftryk, der holder til vand og vind. Gennemtrykket p\u00e5 sbeachflagene er ca. 90 %, s\u00e5 reklamebudskabet ses fra begge sider. Der kan ogs\u00e5 v\u00e6lges et fastg\u00f8ringss\u00e6t til asfalt og beton som ekstraudstyr. Der findes forskellige f\u00f8dder til strandflagene, som er en krydsfod med en roterende funktion. I vores sortiment finder du ogs\u00e5 et skruespyd til jord og sne samt et jordspyd, som oftest anvendes til gr\u00e6s og andre lidt bl\u00f8dere underlag.<\/p>\n<p>Ved k\u00f8b af Beachflag Droppen f\u00e5r man det mest prisbillige og holdbare flag p\u00e5 markedet. Hvis det virkelig bl\u00e6ser, kan der bruges ekstra v\u00e6gte til beachflagene. Vi s\u00e6lger vand- eller sands\u00e6kke, som placeres oven p\u00e5 foden.<\/p>\n<p>Beachflaget er dr\u00e5beformet, og der er god plads til budskabet. De egner sig til formidling af budskaber eller som reklames\u00f8jler i idr\u00e6tsklubber og idr\u00e6tsforeninger i hele Danmark. Vi har kontor i Horsens, K\u00f8benhavn, Malm\u00f6, Norrk\u00f6ping og Oslo. Vil I bestille beachflag med virksomhedens logo, s\u00e5 kontakt Gdirekt. Hurtig levering med gode farver, som g\u00f8r jer tilfredse med trykkvaliteten. Vi bruger den nyeste trykteknik p\u00e5 vores Beachflag Fenan. Se alle vores modeller af\u00a0<a href=\"https:\/\/www.gdirekt.se\/produkt-kategori\/beachflaggor\/\"><strong><em>Beachflag<\/em><\/strong><\/a>!<\/p>\n<p>Skal I udskifte flagene fra de eksisterende standere, er det let at bestille p\u00e5 nettet.\u00a0Liges\u00e5 nemt er det at k\u00f8be et nyt fastg\u00f8ringss\u00e6t, som holder strandflaget p\u00e5 plads. Vi leverer ogs\u00e5 strandflag til Norge og Sverige.<\/p>\n<p>Leder I efter andre produkter som standardskilte med tryk, skal I klikke\u00a0<a href=\"https:\/\/shop.svasab.se\/\"><strong><em>her<\/em><\/strong><\/a>!<\/p>\n","protected":false},"excerpt":{"rendered":"<p><span lang=\"DA\">Billige beachflag og dr\u00e5beformet! Beachflaget leveres i en sort nylontaske og f\u00e5s i tre st\u00f8rrelser.\u00a0Glem ikke at k\u00f8be en fastg\u00f8relsesenhed!<\/span><\/p>\n","protected":false},"featured_media":8081,"template":"","meta":{"_acf_changed":false},"product_brand":[],"product_cat":[370],"product_tag":[],"class_list":{"0":"post-9237","1":"product","2":"type-product","3":"status-publish","4":"has-post-thumbnail","6":"product_cat-beachflag","7":"product_shipping_class-350kr","9":"first","10":"instock","11":"sale","12":"taxable","13":"shipping-taxable","14":"purchasable","15":"product-type-variable","16":"has-default-attributes"},"exclude_global_add_ons":[],"addons":[],"acf":[],"yoast_head":"<!-- This site is optimized with the Yoast SEO plugin v27.2 - https:\/\/yoast.com\/product\/yoast-seo-wordpress\/ -->\n<title>Beachflag Droppen, k\u00f8b billige til den rigtige pris | Gdirekt.se<\/title>\n<meta name=\"description\" content=\"Beachflag Droppen er prisbilligt og dr\u00e5beformet! Beachflaget leveres i en sort nylontaske og f\u00e5s i tre st\u00f8rrelser. Small, medium og large. Du kan helt gratis downloade designskabeloner i den rette st\u00f8rrelse. Trykt budskab er inkluderet i den pris, som du ser online. Hurtig og sikker fragt hver dag til jeres virksomhed.\" \/>\n<meta name=\"robots\" content=\"index, follow, max-snippet:-1, max-image-preview:large, max-video-preview:-1\" \/>\n<link rel=\"canonical\" href=\"https:\/\/www.gdirekt.se\/da\/produkt\/beachflag-droppen\/\" \/>\n<meta property=\"og:locale\" content=\"da_DK\" \/>\n<meta property=\"og:type\" content=\"article\" \/>\n<meta property=\"og:title\" content=\"Beachflag Droppen, k\u00f8b billige til den rigtige pris | Gdirekt.se\" \/>\n<meta property=\"og:description\" content=\"Beachflag Droppen er prisbilligt og dr\u00e5beformet! Beachflaget leveres i en sort nylontaske og f\u00e5s i tre st\u00f8rrelser. Small, medium og large. Du kan helt gratis downloade designskabeloner i den rette st\u00f8rrelse. Trykt budskab er inkluderet i den pris, som du ser online. Hurtig og sikker fragt hver dag til jeres virksomhed.\" \/>\n<meta property=\"og:url\" content=\"https:\/\/www.gdirekt.se\/da\/produkt\/beachflag-droppen\/\" \/>\n<meta property=\"og:site_name\" content=\"Gdirekt.se\" \/>\n<meta property=\"article:modified_time\" content=\"2019-01-11T10:54:05+00:00\" \/>\n<meta property=\"og:image\" content=\"https:\/\/www.gdirekt.se\/wp-content\/uploads\/Beachflagga-Dropp-Gdirekt.png\" \/>\n\t<meta property=\"og:image:width\" content=\"1000\" \/>\n\t<meta property=\"og:image:height\" content=\"1000\" \/>\n\t<meta property=\"og:image:type\" content=\"image\/png\" \/>\n<meta name=\"twitter:card\" content=\"summary_large_image\" \/>\n<meta name=\"twitter:label1\" content=\"Estimeret l\u00e6setid\" \/>\n\t<meta name=\"twitter:data1\" content=\"2 minutter\" \/>\n<script type=\"application\/ld+json\" class=\"yoast-schema-graph\">{\"@context\":\"https:\/\/schema.org\",\"@graph\":[{\"@type\":\"WebPage\",\"@id\":\"https:\/\/www.gdirekt.se\/da\/produkt\/beachflag-droppen\/\",\"url\":\"https:\/\/www.gdirekt.se\/da\/produkt\/beachflag-droppen\/\",\"name\":\"Beachflag Droppen, k\u00f8b billige til den rigtige pris | Gdirekt.se\",\"isPartOf\":{\"@id\":\"https:\/\/www.gdirekt.se\/#website\"},\"primaryImageOfPage\":{\"@id\":\"https:\/\/www.gdirekt.se\/da\/produkt\/beachflag-droppen\/#primaryimage\"},\"image\":{\"@id\":\"https:\/\/www.gdirekt.se\/da\/produkt\/beachflag-droppen\/#primaryimage\"},\"thumbnailUrl\":\"https:\/\/www.gdirekt.se\/wp-content\/uploads\/Beachflagga-Dropp-Gdirekt.png\",\"datePublished\":\"2015-09-14T18:03:39+00:00\",\"dateModified\":\"2019-01-11T10:54:05+00:00\",\"description\":\"Beachflag Droppen er prisbilligt og dr\u00e5beformet! Beachflaget leveres i en sort nylontaske og f\u00e5s i tre st\u00f8rrelser. Small, medium og large. Du kan helt gratis downloade designskabeloner i den rette st\u00f8rrelse. Trykt budskab er inkluderet i den pris, som du ser online. Hurtig og sikker fragt hver dag til jeres virksomhed.\",\"breadcrumb\":{\"@id\":\"https:\/\/www.gdirekt.se\/da\/produkt\/beachflag-droppen\/#breadcrumb\"},\"inLanguage\":\"da-DK\",\"potentialAction\":[{\"@type\":\"ReadAction\",\"target\":[\"https:\/\/www.gdirekt.se\/da\/produkt\/beachflag-droppen\/\"]}]},{\"@type\":\"ImageObject\",\"inLanguage\":\"da-DK\",\"@id\":\"https:\/\/www.gdirekt.se\/da\/produkt\/beachflag-droppen\/#primaryimage\",\"url\":\"https:\/\/www.gdirekt.se\/wp-content\/uploads\/Beachflagga-Dropp-Gdirekt.png\",\"contentUrl\":\"https:\/\/www.gdirekt.se\/wp-content\/uploads\/Beachflagga-Dropp-Gdirekt.png\",\"width\":1000,\"height\":1000,\"caption\":\"Beachflaggor till bra pris fr\u00e5n Gdirekt\"},{\"@type\":\"BreadcrumbList\",\"@id\":\"https:\/\/www.gdirekt.se\/da\/produkt\/beachflag-droppen\/#breadcrumb\",\"itemListElement\":[{\"@type\":\"ListItem\",\"position\":1,\"name\":\"Hem\",\"item\":\"https:\/\/www.gdirekt.se\/da\/\"},{\"@type\":\"ListItem\",\"position\":2,\"name\":\"Start\",\"item\":\"https:\/\/www.gdirekt.se\/da\/\"},{\"@type\":\"ListItem\",\"position\":3,\"name\":\"Beachflag Droppen\"}]},{\"@type\":\"WebSite\",\"@id\":\"https:\/\/www.gdirekt.se\/#website\",\"url\":\"https:\/\/www.gdirekt.se\/\",\"name\":\"Gdirekt.se\",\"description\":\"Tryck snabbt \u00e5 l\u00e4tt = Gdirekt\",\"potentialAction\":[{\"@type\":\"SearchAction\",\"target\":{\"@type\":\"EntryPoint\",\"urlTemplate\":\"https:\/\/www.gdirekt.se\/?s={search_term_string}\"},\"query-input\":{\"@type\":\"PropertyValueSpecification\",\"valueRequired\":true,\"valueName\":\"search_term_string\"}}],\"inLanguage\":\"da-DK\"}]}<\/script>\n<!-- \/ Yoast SEO plugin. -->","yoast_head_json":{"title":"Beachflag Droppen, k\u00f8b billige til den rigtige pris | Gdirekt.se","description":"Beachflag Droppen er prisbilligt og dr\u00e5beformet! Beachflaget leveres i en sort nylontaske og f\u00e5s i tre st\u00f8rrelser. Small, medium og large. Du kan helt gratis downloade designskabeloner i den rette st\u00f8rrelse. Trykt budskab er inkluderet i den pris, som du ser online. Hurtig og sikker fragt hver dag til jeres virksomhed.","robots":{"index":"index","follow":"follow","max-snippet":"max-snippet:-1","max-image-preview":"max-image-preview:large","max-video-preview":"max-video-preview:-1"},"canonical":"https:\/\/www.gdirekt.se\/da\/produkt\/beachflag-droppen\/","og_locale":"da_DK","og_type":"article","og_title":"Beachflag Droppen, k\u00f8b billige til den rigtige pris | Gdirekt.se","og_description":"Beachflag Droppen er prisbilligt og dr\u00e5beformet! Beachflaget leveres i en sort nylontaske og f\u00e5s i tre st\u00f8rrelser. Small, medium og large. Du kan helt gratis downloade designskabeloner i den rette st\u00f8rrelse. Trykt budskab er inkluderet i den pris, som du ser online. Hurtig og sikker fragt hver dag til jeres virksomhed.","og_url":"https:\/\/www.gdirekt.se\/da\/produkt\/beachflag-droppen\/","og_site_name":"Gdirekt.se","article_modified_time":"2019-01-11T10:54:05+00:00","og_image":[{"width":1000,"height":1000,"url":"https:\/\/www.gdirekt.se\/wp-content\/uploads\/Beachflagga-Dropp-Gdirekt.png","type":"image\/png"}],"twitter_card":"summary_large_image","twitter_misc":{"Estimeret l\u00e6setid":"2 minutter"},"schema":{"@context":"https:\/\/schema.org","@graph":[{"@type":"WebPage","@id":"https:\/\/www.gdirekt.se\/da\/produkt\/beachflag-droppen\/","url":"https:\/\/www.gdirekt.se\/da\/produkt\/beachflag-droppen\/","name":"Beachflag Droppen, k\u00f8b billige til den rigtige pris | Gdirekt.se","isPartOf":{"@id":"https:\/\/www.gdirekt.se\/#website"},"primaryImageOfPage":{"@id":"https:\/\/www.gdirekt.se\/da\/produkt\/beachflag-droppen\/#primaryimage"},"image":{"@id":"https:\/\/www.gdirekt.se\/da\/produkt\/beachflag-droppen\/#primaryimage"},"thumbnailUrl":"https:\/\/www.gdirekt.se\/wp-content\/uploads\/Beachflagga-Dropp-Gdirekt.png","datePublished":"2015-09-14T18:03:39+00:00","dateModified":"2019-01-11T10:54:05+00:00","description":"Beachflag Droppen er prisbilligt og dr\u00e5beformet! Beachflaget leveres i en sort nylontaske og f\u00e5s i tre st\u00f8rrelser. Small, medium og large. Du kan helt gratis downloade designskabeloner i den rette st\u00f8rrelse. Trykt budskab er inkluderet i den pris, som du ser online. Hurtig og sikker fragt hver dag til jeres virksomhed.","breadcrumb":{"@id":"https:\/\/www.gdirekt.se\/da\/produkt\/beachflag-droppen\/#breadcrumb"},"inLanguage":"da-DK","potentialAction":[{"@type":"ReadAction","target":["https:\/\/www.gdirekt.se\/da\/produkt\/beachflag-droppen\/"]}]},{"@type":"ImageObject","inLanguage":"da-DK","@id":"https:\/\/www.gdirekt.se\/da\/produkt\/beachflag-droppen\/#primaryimage","url":"https:\/\/www.gdirekt.se\/wp-content\/uploads\/Beachflagga-Dropp-Gdirekt.png","contentUrl":"https:\/\/www.gdirekt.se\/wp-content\/uploads\/Beachflagga-Dropp-Gdirekt.png","width":1000,"height":1000,"caption":"Beachflaggor till bra pris fr\u00e5n Gdirekt"},{"@type":"BreadcrumbList","@id":"https:\/\/www.gdirekt.se\/da\/produkt\/beachflag-droppen\/#breadcrumb","itemListElement":[{"@type":"ListItem","position":1,"name":"Hem","item":"https:\/\/www.gdirekt.se\/da\/"},{"@type":"ListItem","position":2,"name":"Start","item":"https:\/\/www.gdirekt.se\/da\/"},{"@type":"ListItem","position":3,"name":"Beachflag Droppen"}]},{"@type":"WebSite","@id":"https:\/\/www.gdirekt.se\/#website","url":"https:\/\/www.gdirekt.se\/","name":"Gdirekt.se","description":"Tryck snabbt \u00e5 l\u00e4tt = Gdirekt","potentialAction":[{"@type":"SearchAction","target":{"@type":"EntryPoint","urlTemplate":"https:\/\/www.gdirekt.se\/?s={search_term_string}"},"query-input":{"@type":"PropertyValueSpecification","valueRequired":true,"valueName":"search_term_string"}}],"inLanguage":"da-DK"}]}},"_links":{"self":[{"href":"https:\/\/www.gdirekt.se\/da\/wp-json\/wp\/v2\/product\/9237","targetHints":{"allow":["GET"]}}],"collection":[{"href":"https:\/\/www.gdirekt.se\/da\/wp-json\/wp\/v2\/product"}],"about":[{"href":"https:\/\/www.gdirekt.se\/da\/wp-json\/wp\/v2\/types\/product"}],"wp:featuredmedia":[{"embeddable":true,"href":"https:\/\/www.gdirekt.se\/da\/wp-json\/wp\/v2\/media\/8081"}],"wp:attachment":[{"href":"https:\/\/www.gdirekt.se\/da\/wp-json\/wp\/v2\/media?parent=9237"}],"wp:term":[{"taxonomy":"product_brand","embeddable":true,"href":"https:\/\/www.gdirekt.se\/da\/wp-json\/wp\/v2\/product_brand?post=9237"},{"taxonomy":"product_cat","embeddable":true,"href":"https:\/\/www.gdirekt.se\/da\/wp-json\/wp\/v2\/product_cat?post=9237"},{"taxonomy":"product_tag","embeddable":true,"href":"https:\/\/www.gdirekt.se\/da\/wp-json\/wp\/v2\/product_tag?post=9237"}],"curies":[{"name":"wp","href":"https:\/\/api.w.org\/{rel}","templated":true}]}}