{"id":9232,"date":"2016-11-14T10:30:35","date_gmt":"2016-11-14T09:30:35","guid":{"rendered":"http:\/\/gdirekt.hamstage.hamrenmedia.se\/produkt\/beachflag-urban\/"},"modified":"2021-05-05T08:20:30","modified_gmt":"2021-05-05T06:20:30","slug":"beachflag-urban","status":"publish","type":"product","link":"https:\/\/www.gdirekt.se\/da\/produkt\/beachflag-urban\/","title":{"rendered":"Beachflag Urban"},"content":{"rendered":"<p>Beachflag Urban er et af vores superprodukter. Det er et beachflag i h\u00f8jeste kvalitet. Det fremstilles af perforeret polyester. Vi producerer selv alle beachflag, her er ingen mellemled som hos de fleste andre. Beachflaget Urban f\u00e5s i fire forskellige st\u00f8rrelser. Small (70 cm bredt, totalh\u00f8jde 205 cm), medium (90 cm bredt, totalh\u00f8jde 300 cm) og large (90 cm bredt, totalh\u00f8jde 415 cm) samt XL (90 cm bredt, totalh\u00f8jde 510 cm). V\u00e6lg selv, hvilke f\u00f8dder\/fastg\u00f8ringss\u00e6t I har brug for.<\/p>\n","protected":false},"excerpt":{"rendered":"<p><span lang=\"DA\">Beachflag Urbaner et beachflag i h\u00f8jeste kvalitet i slidst\u00e6rkt aluminium. Leveres i sort nylontaske. F\u00e5s i st\u00f8rrelserne small, medium og large samt XL. K\u00f8b beachflag med lige form, som holder godt udend\u00f8rs.\u00a0<strong>L\u00e6ngere nede v\u00e6lger du bundbeslaget\/foden.<\/strong><\/span><\/p>\n","protected":false},"featured_media":8096,"template":"","meta":{"_acf_changed":false},"product_brand":[],"product_cat":[370],"product_tag":[],"class_list":{"0":"post-9232","1":"product","2":"type-product","3":"status-publish","4":"has-post-thumbnail","6":"product_cat-beachflag","7":"product_shipping_class-180sek","9":"first","10":"instock","11":"taxable","12":"shipping-taxable","13":"purchasable","14":"product-type-variable","15":"has-default-attributes"},"exclude_global_add_ons":[],"addons":[],"acf":[],"yoast_head":"<!-- This site is optimized with the Yoast SEO plugin v27.2 - https:\/\/yoast.com\/product\/yoast-seo-wordpress\/ -->\n<title>Beachflag Urban med hurtig levering i hele Danmark | Gdirekt.se<\/title>\n<meta name=\"description\" content=\"Beachflag Urbaner et beachflag i h\u00f8jeste kvalitet i slidst\u00e6rkt aluminium. Leveres i sort nylontaske. F\u00e5s i st\u00f8rrelserne small, medium og large samt XL. K\u00f8b beachflag med lige form, som holder godt udend\u00f8rs. Tryk i 4 farver er altid inkluderet i prisen samt hurtig levering \u2013 naturligvis fra vores trykkeri.\" \/>\n<meta name=\"robots\" content=\"index, follow, max-snippet:-1, max-image-preview:large, max-video-preview:-1\" \/>\n<link rel=\"canonical\" href=\"https:\/\/www.gdirekt.se\/da\/produkt\/beachflag-urban\/\" \/>\n<meta property=\"og:locale\" content=\"da_DK\" \/>\n<meta property=\"og:type\" content=\"article\" \/>\n<meta property=\"og:title\" content=\"Beachflag Urban med hurtig levering i hele Danmark | Gdirekt.se\" \/>\n<meta property=\"og:description\" content=\"Beachflag Urbaner et beachflag i h\u00f8jeste kvalitet i slidst\u00e6rkt aluminium. Leveres i sort nylontaske. F\u00e5s i st\u00f8rrelserne small, medium og large samt XL. K\u00f8b beachflag med lige form, som holder godt udend\u00f8rs. Tryk i 4 farver er altid inkluderet i prisen samt hurtig levering \u2013 naturligvis fra vores trykkeri.\" \/>\n<meta property=\"og:url\" content=\"https:\/\/www.gdirekt.se\/da\/produkt\/beachflag-urban\/\" \/>\n<meta property=\"og:site_name\" content=\"Gdirekt.se\" \/>\n<meta property=\"article:modified_time\" content=\"2021-05-05T06:20:30+00:00\" \/>\n<meta property=\"og:image\" content=\"https:\/\/www.gdirekt.se\/wp-content\/uploads\/urban.png\" \/>\n\t<meta property=\"og:image:width\" content=\"1000\" \/>\n\t<meta property=\"og:image:height\" content=\"1000\" \/>\n\t<meta property=\"og:image:type\" content=\"image\/png\" \/>\n<meta name=\"twitter:card\" content=\"summary_large_image\" \/>\n<script type=\"application\/ld+json\" class=\"yoast-schema-graph\">{\"@context\":\"https:\/\/schema.org\",\"@graph\":[{\"@type\":\"WebPage\",\"@id\":\"https:\/\/www.gdirekt.se\/da\/produkt\/beachflag-urban\/\",\"url\":\"https:\/\/www.gdirekt.se\/da\/produkt\/beachflag-urban\/\",\"name\":\"Beachflag Urban med hurtig levering i hele Danmark | Gdirekt.se\",\"isPartOf\":{\"@id\":\"https:\/\/www.gdirekt.se\/#website\"},\"primaryImageOfPage\":{\"@id\":\"https:\/\/www.gdirekt.se\/da\/produkt\/beachflag-urban\/#primaryimage\"},\"image\":{\"@id\":\"https:\/\/www.gdirekt.se\/da\/produkt\/beachflag-urban\/#primaryimage\"},\"thumbnailUrl\":\"https:\/\/www.gdirekt.se\/wp-content\/uploads\/urban.png\",\"datePublished\":\"2016-11-14T09:30:35+00:00\",\"dateModified\":\"2021-05-05T06:20:30+00:00\",\"description\":\"Beachflag Urbaner et beachflag i h\u00f8jeste kvalitet i slidst\u00e6rkt aluminium. Leveres i sort nylontaske. F\u00e5s i st\u00f8rrelserne small, medium og large samt XL. K\u00f8b beachflag med lige form, som holder godt udend\u00f8rs. Tryk i 4 farver er altid inkluderet i prisen samt hurtig levering \u2013 naturligvis fra vores trykkeri.\",\"breadcrumb\":{\"@id\":\"https:\/\/www.gdirekt.se\/da\/produkt\/beachflag-urban\/#breadcrumb\"},\"inLanguage\":\"da-DK\",\"potentialAction\":[{\"@type\":\"ReadAction\",\"target\":[\"https:\/\/www.gdirekt.se\/da\/produkt\/beachflag-urban\/\"]}]},{\"@type\":\"ImageObject\",\"inLanguage\":\"da-DK\",\"@id\":\"https:\/\/www.gdirekt.se\/da\/produkt\/beachflag-urban\/#primaryimage\",\"url\":\"https:\/\/www.gdirekt.se\/wp-content\/uploads\/urban.png\",\"contentUrl\":\"https:\/\/www.gdirekt.se\/wp-content\/uploads\/urban.png\",\"width\":1000,\"height\":1000,\"caption\":\"Beachflagga Urban fr\u00e5n Gdirekt, t\u00e5lig i aluminium\"},{\"@type\":\"BreadcrumbList\",\"@id\":\"https:\/\/www.gdirekt.se\/da\/produkt\/beachflag-urban\/#breadcrumb\",\"itemListElement\":[{\"@type\":\"ListItem\",\"position\":1,\"name\":\"Hem\",\"item\":\"https:\/\/www.gdirekt.se\/da\/\"},{\"@type\":\"ListItem\",\"position\":2,\"name\":\"Start\",\"item\":\"https:\/\/www.gdirekt.se\/da\/\"},{\"@type\":\"ListItem\",\"position\":3,\"name\":\"Beachflag Urban\"}]},{\"@type\":\"WebSite\",\"@id\":\"https:\/\/www.gdirekt.se\/#website\",\"url\":\"https:\/\/www.gdirekt.se\/\",\"name\":\"Gdirekt.se\",\"description\":\"Tryck snabbt \u00e5 l\u00e4tt = Gdirekt\",\"potentialAction\":[{\"@type\":\"SearchAction\",\"target\":{\"@type\":\"EntryPoint\",\"urlTemplate\":\"https:\/\/www.gdirekt.se\/?s={search_term_string}\"},\"query-input\":{\"@type\":\"PropertyValueSpecification\",\"valueRequired\":true,\"valueName\":\"search_term_string\"}}],\"inLanguage\":\"da-DK\"}]}<\/script>\n<!-- \/ Yoast SEO plugin. -->","yoast_head_json":{"title":"Beachflag Urban med hurtig levering i hele Danmark | Gdirekt.se","description":"Beachflag Urbaner et beachflag i h\u00f8jeste kvalitet i slidst\u00e6rkt aluminium. Leveres i sort nylontaske. F\u00e5s i st\u00f8rrelserne small, medium og large samt XL. K\u00f8b beachflag med lige form, som holder godt udend\u00f8rs. Tryk i 4 farver er altid inkluderet i prisen samt hurtig levering \u2013 naturligvis fra vores trykkeri.","robots":{"index":"index","follow":"follow","max-snippet":"max-snippet:-1","max-image-preview":"max-image-preview:large","max-video-preview":"max-video-preview:-1"},"canonical":"https:\/\/www.gdirekt.se\/da\/produkt\/beachflag-urban\/","og_locale":"da_DK","og_type":"article","og_title":"Beachflag Urban med hurtig levering i hele Danmark | Gdirekt.se","og_description":"Beachflag Urbaner et beachflag i h\u00f8jeste kvalitet i slidst\u00e6rkt aluminium. Leveres i sort nylontaske. F\u00e5s i st\u00f8rrelserne small, medium og large samt XL. K\u00f8b beachflag med lige form, som holder godt udend\u00f8rs. Tryk i 4 farver er altid inkluderet i prisen samt hurtig levering \u2013 naturligvis fra vores trykkeri.","og_url":"https:\/\/www.gdirekt.se\/da\/produkt\/beachflag-urban\/","og_site_name":"Gdirekt.se","article_modified_time":"2021-05-05T06:20:30+00:00","og_image":[{"width":1000,"height":1000,"url":"https:\/\/www.gdirekt.se\/wp-content\/uploads\/urban.png","type":"image\/png"}],"twitter_card":"summary_large_image","schema":{"@context":"https:\/\/schema.org","@graph":[{"@type":"WebPage","@id":"https:\/\/www.gdirekt.se\/da\/produkt\/beachflag-urban\/","url":"https:\/\/www.gdirekt.se\/da\/produkt\/beachflag-urban\/","name":"Beachflag Urban med hurtig levering i hele Danmark | Gdirekt.se","isPartOf":{"@id":"https:\/\/www.gdirekt.se\/#website"},"primaryImageOfPage":{"@id":"https:\/\/www.gdirekt.se\/da\/produkt\/beachflag-urban\/#primaryimage"},"image":{"@id":"https:\/\/www.gdirekt.se\/da\/produkt\/beachflag-urban\/#primaryimage"},"thumbnailUrl":"https:\/\/www.gdirekt.se\/wp-content\/uploads\/urban.png","datePublished":"2016-11-14T09:30:35+00:00","dateModified":"2021-05-05T06:20:30+00:00","description":"Beachflag Urbaner et beachflag i h\u00f8jeste kvalitet i slidst\u00e6rkt aluminium. Leveres i sort nylontaske. F\u00e5s i st\u00f8rrelserne small, medium og large samt XL. K\u00f8b beachflag med lige form, som holder godt udend\u00f8rs. Tryk i 4 farver er altid inkluderet i prisen samt hurtig levering \u2013 naturligvis fra vores trykkeri.","breadcrumb":{"@id":"https:\/\/www.gdirekt.se\/da\/produkt\/beachflag-urban\/#breadcrumb"},"inLanguage":"da-DK","potentialAction":[{"@type":"ReadAction","target":["https:\/\/www.gdirekt.se\/da\/produkt\/beachflag-urban\/"]}]},{"@type":"ImageObject","inLanguage":"da-DK","@id":"https:\/\/www.gdirekt.se\/da\/produkt\/beachflag-urban\/#primaryimage","url":"https:\/\/www.gdirekt.se\/wp-content\/uploads\/urban.png","contentUrl":"https:\/\/www.gdirekt.se\/wp-content\/uploads\/urban.png","width":1000,"height":1000,"caption":"Beachflagga Urban fr\u00e5n Gdirekt, t\u00e5lig i aluminium"},{"@type":"BreadcrumbList","@id":"https:\/\/www.gdirekt.se\/da\/produkt\/beachflag-urban\/#breadcrumb","itemListElement":[{"@type":"ListItem","position":1,"name":"Hem","item":"https:\/\/www.gdirekt.se\/da\/"},{"@type":"ListItem","position":2,"name":"Start","item":"https:\/\/www.gdirekt.se\/da\/"},{"@type":"ListItem","position":3,"name":"Beachflag Urban"}]},{"@type":"WebSite","@id":"https:\/\/www.gdirekt.se\/#website","url":"https:\/\/www.gdirekt.se\/","name":"Gdirekt.se","description":"Tryck snabbt \u00e5 l\u00e4tt = Gdirekt","potentialAction":[{"@type":"SearchAction","target":{"@type":"EntryPoint","urlTemplate":"https:\/\/www.gdirekt.se\/?s={search_term_string}"},"query-input":{"@type":"PropertyValueSpecification","valueRequired":true,"valueName":"search_term_string"}}],"inLanguage":"da-DK"}]}},"_links":{"self":[{"href":"https:\/\/www.gdirekt.se\/da\/wp-json\/wp\/v2\/product\/9232","targetHints":{"allow":["GET"]}}],"collection":[{"href":"https:\/\/www.gdirekt.se\/da\/wp-json\/wp\/v2\/product"}],"about":[{"href":"https:\/\/www.gdirekt.se\/da\/wp-json\/wp\/v2\/types\/product"}],"wp:featuredmedia":[{"embeddable":true,"href":"https:\/\/www.gdirekt.se\/da\/wp-json\/wp\/v2\/media\/8096"}],"wp:attachment":[{"href":"https:\/\/www.gdirekt.se\/da\/wp-json\/wp\/v2\/media?parent=9232"}],"wp:term":[{"taxonomy":"product_brand","embeddable":true,"href":"https:\/\/www.gdirekt.se\/da\/wp-json\/wp\/v2\/product_brand?post=9232"},{"taxonomy":"product_cat","embeddable":true,"href":"https:\/\/www.gdirekt.se\/da\/wp-json\/wp\/v2\/product_cat?post=9232"},{"taxonomy":"product_tag","embeddable":true,"href":"https:\/\/www.gdirekt.se\/da\/wp-json\/wp\/v2\/product_tag?post=9232"}],"curies":[{"name":"wp","href":"https:\/\/api.w.org\/{rel}","templated":true}]}}