{"id":9228,"date":"2016-11-14T09:19:01","date_gmt":"2016-11-14T08:19:01","guid":{"rendered":"http:\/\/gdirekt.hamstage.hamrenmedia.se\/produkt\/beachflag\/"},"modified":"2019-01-22T18:27:09","modified_gmt":"2019-01-22T17:27:09","slug":"beachflag-aventos","status":"publish","type":"product","link":"https:\/\/www.gdirekt.se\/da\/produkt\/beachflag-aventos\/","title":{"rendered":"Beachflag Aventos"},"content":{"rendered":"<p>Beachflag Aventos er vores superprodukt. Det er produceret i slidst\u00e6rkt aluminium. Beachflag Aventos\u00a0samles med klik-fastg\u00f8relsesanordninger, som holder i h\u00e5rd bl\u00e6st. Vi producerer selv alle beachflag, her er ingen mellemled som hos de fleste andre. Aventos beachflag f\u00e5s i tre st\u00f8rrelser. Small (70 cm bredt, totalh\u00f8jde 230 cm), medium (90 cm bredt, totalh\u00f8jde 415 cm) og large (90 cm bredt, totalh\u00f8jde 510 cm). I v\u00e6lger selv, hvilke f\u00f8dder\/fastg\u00f8ringss\u00e6t I har brug for.<\/p>\n<p>Selve flagstoffet til beachflag Aventos er et stoftryk, der holder til vand og vind. Gennemtrykket p\u00e5 beachflagene er ca. 90 %, s\u00e5 man ser reklamebudskabet fra begge sider. Der kan ogs\u00e5 v\u00e6lges et fastg\u00f8ringss\u00e6t til asfalt og beton som ekstraudstyr. Der findes forskellige f\u00f8dder til beachflagene, som er en krydsfod med en roterende funktion. I vores sortiment finder du ogs\u00e5 et skruespyd til jord og sne samt et jordspyd, som oftest anvendes til gr\u00e6s og andre lidt bl\u00f8dere underlag.<\/p>\n<p>N\u00e5r man k\u00f8ber beachflag Aventos, f\u00e5r man den bedste kvalitet og slidstyrke, der findes. Hvis det virkelig bl\u00e6ser, kan man bruge ekstra v\u00e6gte til beachflagene. Vi s\u00e6lger vand- eller sands\u00e6kke, som placeres oven p\u00e5 foden.<\/p>\n<p>Beachflagene er formet som en finne eller en haj, som nogen siger. De egner sig til formidling af budskaber eller som reklames\u00f8jler i idr\u00e6tsklubber og idr\u00e6tsforeninger i hele Danmark. Vi har kontor i Horsens, K\u00f8benhavn, G\u00f6teborg, Malm\u00f6 og Oslo i Norge. Vil I bestille beachflag med virksomhedens logo, s\u00e5 kontakt Gdirekt. Hurtig levering med gode farver, som g\u00f8r jer tilfredse med trykkvaliteten. Vi bruger den nyeste trykteknik p\u00e5 vores beachflag Aventos.<\/p>\n<p>Skal I udskifte flagene fra de eksisterende standere, er det let at bestille p\u00e5 nettet.\u00a0Liges\u00e5 nemt er det at k\u00f8be et nyt fastg\u00f8ringss\u00e6t, som holder beachflaget p\u00e5 plads. Vi leverer ogs\u00e5 beachflag til Norge og Danmark. Se flere varianter af vores\u00a0<a href=\"https:\/\/www.gdirekt.se\/produkt-kategori\/beachflaggor\/\"><strong><em>beachflag<\/em><\/strong><\/a>!<\/p>\n<p>Vores koncern s\u00e6lger ogs\u00e5 trykte skilte med f\u00e6rdige budskaber. Se vores side\u00a0<a href=\"https:\/\/shop.svasab.se\/\"><strong><em>her<\/em><\/strong><\/a>!<\/p>\n","protected":false},"excerpt":{"rendered":"<p><span lang=\"DA\">Beach<\/span><span lang=\"DA\">flag Aventos\u00a0i h\u00f8jeste kvalitet med slidst\u00e6rke aluminiumsst\u00e6nger. Beachflaget leveres i en bl\u00e5 taske af kraftig nylon. F\u00e5s i small, medium og large. Trykskabeloner kan downloades. Trykt tekst, logo og billeder er inkluderet, n\u00e5r I k\u00f8ber beachflaget fra vores trykkeri.<\/span><\/p>\n","protected":false},"featured_media":8094,"template":"","meta":{"_acf_changed":false},"product_brand":[],"product_cat":[370],"product_tag":[],"class_list":{"0":"post-9228","1":"product","2":"type-product","3":"status-publish","4":"has-post-thumbnail","6":"product_cat-beachflag","7":"product_shipping_class-250kr","9":"first","10":"instock","11":"taxable","12":"shipping-taxable","13":"purchasable","14":"product-type-variable","15":"has-default-attributes"},"exclude_global_add_ons":[],"addons":[],"acf":[],"yoast_head":"<!-- This site is optimized with the Yoast SEO plugin v27.2 - https:\/\/yoast.com\/product\/yoast-seo-wordpress\/ -->\n<title>Beachflag Aventos, h\u00f6gsta kvalit\u00e9n p\u00e5 tryckt i Sverige | Gdirekt.se<\/title>\n<meta name=\"description\" content=\"Beachflagga Aventos i h\u00f6gsta kvalit\u00e9 med h\u00e5llbara aluminium st\u00e4nger. Beachflaggorna levereras i bl\u00e5 kraftig nylonv\u00e4ska. Finns i small, medium och large och tryckmallar finns att ladda ner. Tryckt text, logga och fotobilder ing\u00e5r n\u00e4r Ni k\u00f6per beachflag av v\u00e5rt tryckeri p\u00e5 n\u00e4tet. Ni f\u00e5r b\u00e4sta servicen och snabb leverans.\" \/>\n<meta name=\"robots\" content=\"index, follow, max-snippet:-1, max-image-preview:large, max-video-preview:-1\" \/>\n<link rel=\"canonical\" href=\"https:\/\/www.gdirekt.se\/da\/produkt\/beachflag-aventos\/\" \/>\n<meta property=\"og:locale\" content=\"da_DK\" \/>\n<meta property=\"og:type\" content=\"article\" \/>\n<meta property=\"og:title\" content=\"Beachflag Aventos, h\u00f6gsta kvalit\u00e9n p\u00e5 tryckt i Sverige | Gdirekt.se\" \/>\n<meta property=\"og:description\" content=\"Beachflagga Aventos i h\u00f6gsta kvalit\u00e9 med h\u00e5llbara aluminium st\u00e4nger. Beachflaggorna levereras i bl\u00e5 kraftig nylonv\u00e4ska. Finns i small, medium och large och tryckmallar finns att ladda ner. Tryckt text, logga och fotobilder ing\u00e5r n\u00e4r Ni k\u00f6per beachflag av v\u00e5rt tryckeri p\u00e5 n\u00e4tet. Ni f\u00e5r b\u00e4sta servicen och snabb leverans.\" \/>\n<meta property=\"og:url\" content=\"https:\/\/www.gdirekt.se\/da\/produkt\/beachflag-aventos\/\" \/>\n<meta property=\"og:site_name\" content=\"Gdirekt.se\" \/>\n<meta property=\"article:modified_time\" content=\"2019-01-22T17:27:09+00:00\" \/>\n<meta property=\"og:image\" content=\"https:\/\/www.gdirekt.se\/wp-content\/uploads\/AVENTOS.png\" \/>\n\t<meta property=\"og:image:width\" content=\"1000\" \/>\n\t<meta property=\"og:image:height\" content=\"1000\" \/>\n\t<meta property=\"og:image:type\" content=\"image\/png\" \/>\n<meta name=\"twitter:card\" content=\"summary_large_image\" \/>\n<meta name=\"twitter:label1\" content=\"Estimeret l\u00e6setid\" \/>\n\t<meta name=\"twitter:data1\" content=\"2 minutter\" \/>\n<script type=\"application\/ld+json\" class=\"yoast-schema-graph\">{\"@context\":\"https:\/\/schema.org\",\"@graph\":[{\"@type\":\"WebPage\",\"@id\":\"https:\/\/www.gdirekt.se\/da\/produkt\/beachflag-aventos\/\",\"url\":\"https:\/\/www.gdirekt.se\/da\/produkt\/beachflag-aventos\/\",\"name\":\"Beachflag Aventos, h\u00f6gsta kvalit\u00e9n p\u00e5 tryckt i Sverige | Gdirekt.se\",\"isPartOf\":{\"@id\":\"https:\/\/www.gdirekt.se\/#website\"},\"primaryImageOfPage\":{\"@id\":\"https:\/\/www.gdirekt.se\/da\/produkt\/beachflag-aventos\/#primaryimage\"},\"image\":{\"@id\":\"https:\/\/www.gdirekt.se\/da\/produkt\/beachflag-aventos\/#primaryimage\"},\"thumbnailUrl\":\"https:\/\/www.gdirekt.se\/wp-content\/uploads\/AVENTOS.png\",\"datePublished\":\"2016-11-14T08:19:01+00:00\",\"dateModified\":\"2019-01-22T17:27:09+00:00\",\"description\":\"Beachflagga Aventos i h\u00f6gsta kvalit\u00e9 med h\u00e5llbara aluminium st\u00e4nger. Beachflaggorna levereras i bl\u00e5 kraftig nylonv\u00e4ska. Finns i small, medium och large och tryckmallar finns att ladda ner. Tryckt text, logga och fotobilder ing\u00e5r n\u00e4r Ni k\u00f6per beachflag av v\u00e5rt tryckeri p\u00e5 n\u00e4tet. Ni f\u00e5r b\u00e4sta servicen och snabb leverans.\",\"breadcrumb\":{\"@id\":\"https:\/\/www.gdirekt.se\/da\/produkt\/beachflag-aventos\/#breadcrumb\"},\"inLanguage\":\"da-DK\",\"potentialAction\":[{\"@type\":\"ReadAction\",\"target\":[\"https:\/\/www.gdirekt.se\/da\/produkt\/beachflag-aventos\/\"]}]},{\"@type\":\"ImageObject\",\"inLanguage\":\"da-DK\",\"@id\":\"https:\/\/www.gdirekt.se\/da\/produkt\/beachflag-aventos\/#primaryimage\",\"url\":\"https:\/\/www.gdirekt.se\/wp-content\/uploads\/AVENTOS.png\",\"contentUrl\":\"https:\/\/www.gdirekt.se\/wp-content\/uploads\/AVENTOS.png\",\"width\":1000,\"height\":1000,\"caption\":\"H\u00e5llbaraste beachflaggan p\u00e5 marknads, Aventos fr\u00e5n Gdirekt\"},{\"@type\":\"BreadcrumbList\",\"@id\":\"https:\/\/www.gdirekt.se\/da\/produkt\/beachflag-aventos\/#breadcrumb\",\"itemListElement\":[{\"@type\":\"ListItem\",\"position\":1,\"name\":\"Hem\",\"item\":\"https:\/\/www.gdirekt.se\/da\/\"},{\"@type\":\"ListItem\",\"position\":2,\"name\":\"Start\",\"item\":\"https:\/\/www.gdirekt.se\/da\/\"},{\"@type\":\"ListItem\",\"position\":3,\"name\":\"Beachflag Aventos\"}]},{\"@type\":\"WebSite\",\"@id\":\"https:\/\/www.gdirekt.se\/#website\",\"url\":\"https:\/\/www.gdirekt.se\/\",\"name\":\"Gdirekt.se\",\"description\":\"Tryck snabbt \u00e5 l\u00e4tt = Gdirekt\",\"potentialAction\":[{\"@type\":\"SearchAction\",\"target\":{\"@type\":\"EntryPoint\",\"urlTemplate\":\"https:\/\/www.gdirekt.se\/?s={search_term_string}\"},\"query-input\":{\"@type\":\"PropertyValueSpecification\",\"valueRequired\":true,\"valueName\":\"search_term_string\"}}],\"inLanguage\":\"da-DK\"}]}<\/script>\n<!-- \/ Yoast SEO plugin. -->","yoast_head_json":{"title":"Beachflag Aventos, h\u00f6gsta kvalit\u00e9n p\u00e5 tryckt i Sverige | Gdirekt.se","description":"Beachflagga Aventos i h\u00f6gsta kvalit\u00e9 med h\u00e5llbara aluminium st\u00e4nger. Beachflaggorna levereras i bl\u00e5 kraftig nylonv\u00e4ska. Finns i small, medium och large och tryckmallar finns att ladda ner. Tryckt text, logga och fotobilder ing\u00e5r n\u00e4r Ni k\u00f6per beachflag av v\u00e5rt tryckeri p\u00e5 n\u00e4tet. Ni f\u00e5r b\u00e4sta servicen och snabb leverans.","robots":{"index":"index","follow":"follow","max-snippet":"max-snippet:-1","max-image-preview":"max-image-preview:large","max-video-preview":"max-video-preview:-1"},"canonical":"https:\/\/www.gdirekt.se\/da\/produkt\/beachflag-aventos\/","og_locale":"da_DK","og_type":"article","og_title":"Beachflag Aventos, h\u00f6gsta kvalit\u00e9n p\u00e5 tryckt i Sverige | Gdirekt.se","og_description":"Beachflagga Aventos i h\u00f6gsta kvalit\u00e9 med h\u00e5llbara aluminium st\u00e4nger. Beachflaggorna levereras i bl\u00e5 kraftig nylonv\u00e4ska. Finns i small, medium och large och tryckmallar finns att ladda ner. Tryckt text, logga och fotobilder ing\u00e5r n\u00e4r Ni k\u00f6per beachflag av v\u00e5rt tryckeri p\u00e5 n\u00e4tet. Ni f\u00e5r b\u00e4sta servicen och snabb leverans.","og_url":"https:\/\/www.gdirekt.se\/da\/produkt\/beachflag-aventos\/","og_site_name":"Gdirekt.se","article_modified_time":"2019-01-22T17:27:09+00:00","og_image":[{"width":1000,"height":1000,"url":"https:\/\/www.gdirekt.se\/wp-content\/uploads\/AVENTOS.png","type":"image\/png"}],"twitter_card":"summary_large_image","twitter_misc":{"Estimeret l\u00e6setid":"2 minutter"},"schema":{"@context":"https:\/\/schema.org","@graph":[{"@type":"WebPage","@id":"https:\/\/www.gdirekt.se\/da\/produkt\/beachflag-aventos\/","url":"https:\/\/www.gdirekt.se\/da\/produkt\/beachflag-aventos\/","name":"Beachflag Aventos, h\u00f6gsta kvalit\u00e9n p\u00e5 tryckt i Sverige | Gdirekt.se","isPartOf":{"@id":"https:\/\/www.gdirekt.se\/#website"},"primaryImageOfPage":{"@id":"https:\/\/www.gdirekt.se\/da\/produkt\/beachflag-aventos\/#primaryimage"},"image":{"@id":"https:\/\/www.gdirekt.se\/da\/produkt\/beachflag-aventos\/#primaryimage"},"thumbnailUrl":"https:\/\/www.gdirekt.se\/wp-content\/uploads\/AVENTOS.png","datePublished":"2016-11-14T08:19:01+00:00","dateModified":"2019-01-22T17:27:09+00:00","description":"Beachflagga Aventos i h\u00f6gsta kvalit\u00e9 med h\u00e5llbara aluminium st\u00e4nger. Beachflaggorna levereras i bl\u00e5 kraftig nylonv\u00e4ska. Finns i small, medium och large och tryckmallar finns att ladda ner. Tryckt text, logga och fotobilder ing\u00e5r n\u00e4r Ni k\u00f6per beachflag av v\u00e5rt tryckeri p\u00e5 n\u00e4tet. Ni f\u00e5r b\u00e4sta servicen och snabb leverans.","breadcrumb":{"@id":"https:\/\/www.gdirekt.se\/da\/produkt\/beachflag-aventos\/#breadcrumb"},"inLanguage":"da-DK","potentialAction":[{"@type":"ReadAction","target":["https:\/\/www.gdirekt.se\/da\/produkt\/beachflag-aventos\/"]}]},{"@type":"ImageObject","inLanguage":"da-DK","@id":"https:\/\/www.gdirekt.se\/da\/produkt\/beachflag-aventos\/#primaryimage","url":"https:\/\/www.gdirekt.se\/wp-content\/uploads\/AVENTOS.png","contentUrl":"https:\/\/www.gdirekt.se\/wp-content\/uploads\/AVENTOS.png","width":1000,"height":1000,"caption":"H\u00e5llbaraste beachflaggan p\u00e5 marknads, Aventos fr\u00e5n Gdirekt"},{"@type":"BreadcrumbList","@id":"https:\/\/www.gdirekt.se\/da\/produkt\/beachflag-aventos\/#breadcrumb","itemListElement":[{"@type":"ListItem","position":1,"name":"Hem","item":"https:\/\/www.gdirekt.se\/da\/"},{"@type":"ListItem","position":2,"name":"Start","item":"https:\/\/www.gdirekt.se\/da\/"},{"@type":"ListItem","position":3,"name":"Beachflag Aventos"}]},{"@type":"WebSite","@id":"https:\/\/www.gdirekt.se\/#website","url":"https:\/\/www.gdirekt.se\/","name":"Gdirekt.se","description":"Tryck snabbt \u00e5 l\u00e4tt = Gdirekt","potentialAction":[{"@type":"SearchAction","target":{"@type":"EntryPoint","urlTemplate":"https:\/\/www.gdirekt.se\/?s={search_term_string}"},"query-input":{"@type":"PropertyValueSpecification","valueRequired":true,"valueName":"search_term_string"}}],"inLanguage":"da-DK"}]}},"_links":{"self":[{"href":"https:\/\/www.gdirekt.se\/da\/wp-json\/wp\/v2\/product\/9228","targetHints":{"allow":["GET"]}}],"collection":[{"href":"https:\/\/www.gdirekt.se\/da\/wp-json\/wp\/v2\/product"}],"about":[{"href":"https:\/\/www.gdirekt.se\/da\/wp-json\/wp\/v2\/types\/product"}],"wp:featuredmedia":[{"embeddable":true,"href":"https:\/\/www.gdirekt.se\/da\/wp-json\/wp\/v2\/media\/8094"}],"wp:attachment":[{"href":"https:\/\/www.gdirekt.se\/da\/wp-json\/wp\/v2\/media?parent=9228"}],"wp:term":[{"taxonomy":"product_brand","embeddable":true,"href":"https:\/\/www.gdirekt.se\/da\/wp-json\/wp\/v2\/product_brand?post=9228"},{"taxonomy":"product_cat","embeddable":true,"href":"https:\/\/www.gdirekt.se\/da\/wp-json\/wp\/v2\/product_cat?post=9228"},{"taxonomy":"product_tag","embeddable":true,"href":"https:\/\/www.gdirekt.se\/da\/wp-json\/wp\/v2\/product_tag?post=9228"}],"curies":[{"name":"wp","href":"https:\/\/api.w.org\/{rel}","templated":true}]}}