{"id":9227,"date":"2016-12-28T09:22:07","date_gmt":"2016-12-28T08:22:07","guid":{"rendered":"http:\/\/gdirekt.hamstage.hamrenmedia.se\/produkt\/travare-lober-med-spaenderem\/"},"modified":"2024-02-01T09:36:58","modified_gmt":"2024-02-01T08:36:58","slug":"travare-loeber-med-rem","status":"publish","type":"product","link":"https:\/\/www.gdirekt.se\/da\/produkt\/travare-loeber-med-rem\/","title":{"rendered":"Travare | L\u00f8ber med rem"},"content":{"rendered":"<p><span lang=\"DA\">Travare | L\u00f8ber med rem passer til vores Keder-lister, der anvendes til oph\u00e6ngning af facadebannere og scenet\u00e6pper. Fremstillet i h\u00e5rd plast, som kan holde til h\u00e5rd belastning. Sp\u00e6nderemmen er meget slidst\u00e6rk og 80 cm lang<\/span><\/p>\n","protected":false},"excerpt":{"rendered":"<p>Travare | L\u00f8bere med rem, som passer til vore Keder-lister, der anvendes til oph\u00e6ngning af facadebannere og scenet\u00e6pper. Bannerfastg\u00f8relsen har 80 cm lange remme.<\/p>\n","protected":false},"featured_media":8349,"template":"","meta":{"_acf_changed":false},"product_brand":[],"product_cat":[367],"product_tag":[],"class_list":{"0":"post-9227","1":"product","2":"type-product","3":"status-publish","4":"has-post-thumbnail","6":"product_cat-bannere-og-facadebannere-tilbehoer","7":"product_shipping_class-85kr-da","9":"first","10":"instock","11":"taxable","12":"shipping-taxable","13":"purchasable","14":"product-type-simple"},"exclude_global_add_ons":[],"addons":[],"acf":[],"yoast_head":"<!-- This site is optimized with the Yoast SEO plugin v27.2 - https:\/\/yoast.com\/product\/yoast-seo-wordpress\/ -->\n<title>Travare | L\u00f8ber med rem i h\u00f8jeste kvalitet til bannere | Gdirekt.se<\/title>\n<meta name=\"description\" content=\"Travare | L\u00f8ber med rem som passer til vore Keder-lister, der anvendes til oph\u00e6ngning af facadebannere og scenet\u00e6pper. Bannerfastg\u00f8relsen remme er 80 cm.\" \/>\n<meta name=\"robots\" content=\"index, follow, max-snippet:-1, max-image-preview:large, max-video-preview:-1\" \/>\n<link rel=\"canonical\" href=\"https:\/\/www.gdirekt.se\/da\/produkt\/travare-loeber-med-rem\/\" \/>\n<meta property=\"og:locale\" content=\"da_DK\" \/>\n<meta property=\"og:type\" content=\"article\" \/>\n<meta property=\"og:title\" content=\"Travare | L\u00f8ber med rem i h\u00f8jeste kvalitet til bannere | Gdirekt.se\" \/>\n<meta property=\"og:description\" content=\"Travare | L\u00f8ber med rem som passer til vore Keder-lister, der anvendes til oph\u00e6ngning af facadebannere og scenet\u00e6pper. Bannerfastg\u00f8relsen remme er 80 cm.\" \/>\n<meta property=\"og:url\" content=\"https:\/\/www.gdirekt.se\/da\/produkt\/travare-loeber-med-rem\/\" \/>\n<meta property=\"og:site_name\" content=\"Gdirekt.se\" \/>\n<meta property=\"article:modified_time\" content=\"2024-02-01T08:36:58+00:00\" \/>\n<meta property=\"og:image\" content=\"https:\/\/www.gdirekt.se\/wp-content\/uploads\/travare-med-rem.png\" \/>\n\t<meta property=\"og:image:width\" content=\"1000\" \/>\n\t<meta property=\"og:image:height\" content=\"1000\" \/>\n\t<meta property=\"og:image:type\" content=\"image\/png\" \/>\n<meta name=\"twitter:card\" content=\"summary_large_image\" \/>\n<script type=\"application\/ld+json\" class=\"yoast-schema-graph\">{\"@context\":\"https:\/\/schema.org\",\"@graph\":[{\"@type\":\"WebPage\",\"@id\":\"https:\/\/www.gdirekt.se\/da\/produkt\/travare-loeber-med-rem\/\",\"url\":\"https:\/\/www.gdirekt.se\/da\/produkt\/travare-loeber-med-rem\/\",\"name\":\"Travare | L\u00f8ber med rem i h\u00f8jeste kvalitet til bannere | Gdirekt.se\",\"isPartOf\":{\"@id\":\"https:\/\/www.gdirekt.se\/#website\"},\"primaryImageOfPage\":{\"@id\":\"https:\/\/www.gdirekt.se\/da\/produkt\/travare-loeber-med-rem\/#primaryimage\"},\"image\":{\"@id\":\"https:\/\/www.gdirekt.se\/da\/produkt\/travare-loeber-med-rem\/#primaryimage\"},\"thumbnailUrl\":\"https:\/\/www.gdirekt.se\/wp-content\/uploads\/travare-med-rem.png\",\"datePublished\":\"2016-12-28T08:22:07+00:00\",\"dateModified\":\"2024-02-01T08:36:58+00:00\",\"description\":\"Travare | L\u00f8ber med rem som passer til vore Keder-lister, der anvendes til oph\u00e6ngning af facadebannere og scenet\u00e6pper. Bannerfastg\u00f8relsen remme er 80 cm.\",\"breadcrumb\":{\"@id\":\"https:\/\/www.gdirekt.se\/da\/produkt\/travare-loeber-med-rem\/#breadcrumb\"},\"inLanguage\":\"da-DK\",\"potentialAction\":[{\"@type\":\"ReadAction\",\"target\":[\"https:\/\/www.gdirekt.se\/da\/produkt\/travare-loeber-med-rem\/\"]}]},{\"@type\":\"ImageObject\",\"inLanguage\":\"da-DK\",\"@id\":\"https:\/\/www.gdirekt.se\/da\/produkt\/travare-loeber-med-rem\/#primaryimage\",\"url\":\"https:\/\/www.gdirekt.se\/wp-content\/uploads\/travare-med-rem.png\",\"contentUrl\":\"https:\/\/www.gdirekt.se\/wp-content\/uploads\/travare-med-rem.png\",\"width\":1000,\"height\":1000,\"caption\":\"L\u00f8ber med sp\u00e6nderem til kederprofil\"},{\"@type\":\"BreadcrumbList\",\"@id\":\"https:\/\/www.gdirekt.se\/da\/produkt\/travare-loeber-med-rem\/#breadcrumb\",\"itemListElement\":[{\"@type\":\"ListItem\",\"position\":1,\"name\":\"Hem\",\"item\":\"https:\/\/www.gdirekt.se\/da\/\"},{\"@type\":\"ListItem\",\"position\":2,\"name\":\"Start\",\"item\":\"https:\/\/www.gdirekt.se\/da\/\"},{\"@type\":\"ListItem\",\"position\":3,\"name\":\"Travare | L\u00f8ber med rem\"}]},{\"@type\":\"WebSite\",\"@id\":\"https:\/\/www.gdirekt.se\/#website\",\"url\":\"https:\/\/www.gdirekt.se\/\",\"name\":\"Gdirekt.se\",\"description\":\"Tryck snabbt \u00e5 l\u00e4tt = Gdirekt\",\"potentialAction\":[{\"@type\":\"SearchAction\",\"target\":{\"@type\":\"EntryPoint\",\"urlTemplate\":\"https:\/\/www.gdirekt.se\/?s={search_term_string}\"},\"query-input\":{\"@type\":\"PropertyValueSpecification\",\"valueRequired\":true,\"valueName\":\"search_term_string\"}}],\"inLanguage\":\"da-DK\"}]}<\/script>\n<!-- \/ Yoast SEO plugin. -->","yoast_head_json":{"title":"Travare | L\u00f8ber med rem i h\u00f8jeste kvalitet til bannere | Gdirekt.se","description":"Travare | L\u00f8ber med rem som passer til vore Keder-lister, der anvendes til oph\u00e6ngning af facadebannere og scenet\u00e6pper. Bannerfastg\u00f8relsen remme er 80 cm.","robots":{"index":"index","follow":"follow","max-snippet":"max-snippet:-1","max-image-preview":"max-image-preview:large","max-video-preview":"max-video-preview:-1"},"canonical":"https:\/\/www.gdirekt.se\/da\/produkt\/travare-loeber-med-rem\/","og_locale":"da_DK","og_type":"article","og_title":"Travare | L\u00f8ber med rem i h\u00f8jeste kvalitet til bannere | Gdirekt.se","og_description":"Travare | L\u00f8ber med rem som passer til vore Keder-lister, der anvendes til oph\u00e6ngning af facadebannere og scenet\u00e6pper. Bannerfastg\u00f8relsen remme er 80 cm.","og_url":"https:\/\/www.gdirekt.se\/da\/produkt\/travare-loeber-med-rem\/","og_site_name":"Gdirekt.se","article_modified_time":"2024-02-01T08:36:58+00:00","og_image":[{"width":1000,"height":1000,"url":"https:\/\/www.gdirekt.se\/wp-content\/uploads\/travare-med-rem.png","type":"image\/png"}],"twitter_card":"summary_large_image","schema":{"@context":"https:\/\/schema.org","@graph":[{"@type":"WebPage","@id":"https:\/\/www.gdirekt.se\/da\/produkt\/travare-loeber-med-rem\/","url":"https:\/\/www.gdirekt.se\/da\/produkt\/travare-loeber-med-rem\/","name":"Travare | L\u00f8ber med rem i h\u00f8jeste kvalitet til bannere | Gdirekt.se","isPartOf":{"@id":"https:\/\/www.gdirekt.se\/#website"},"primaryImageOfPage":{"@id":"https:\/\/www.gdirekt.se\/da\/produkt\/travare-loeber-med-rem\/#primaryimage"},"image":{"@id":"https:\/\/www.gdirekt.se\/da\/produkt\/travare-loeber-med-rem\/#primaryimage"},"thumbnailUrl":"https:\/\/www.gdirekt.se\/wp-content\/uploads\/travare-med-rem.png","datePublished":"2016-12-28T08:22:07+00:00","dateModified":"2024-02-01T08:36:58+00:00","description":"Travare | L\u00f8ber med rem som passer til vore Keder-lister, der anvendes til oph\u00e6ngning af facadebannere og scenet\u00e6pper. Bannerfastg\u00f8relsen remme er 80 cm.","breadcrumb":{"@id":"https:\/\/www.gdirekt.se\/da\/produkt\/travare-loeber-med-rem\/#breadcrumb"},"inLanguage":"da-DK","potentialAction":[{"@type":"ReadAction","target":["https:\/\/www.gdirekt.se\/da\/produkt\/travare-loeber-med-rem\/"]}]},{"@type":"ImageObject","inLanguage":"da-DK","@id":"https:\/\/www.gdirekt.se\/da\/produkt\/travare-loeber-med-rem\/#primaryimage","url":"https:\/\/www.gdirekt.se\/wp-content\/uploads\/travare-med-rem.png","contentUrl":"https:\/\/www.gdirekt.se\/wp-content\/uploads\/travare-med-rem.png","width":1000,"height":1000,"caption":"L\u00f8ber med sp\u00e6nderem til kederprofil"},{"@type":"BreadcrumbList","@id":"https:\/\/www.gdirekt.se\/da\/produkt\/travare-loeber-med-rem\/#breadcrumb","itemListElement":[{"@type":"ListItem","position":1,"name":"Hem","item":"https:\/\/www.gdirekt.se\/da\/"},{"@type":"ListItem","position":2,"name":"Start","item":"https:\/\/www.gdirekt.se\/da\/"},{"@type":"ListItem","position":3,"name":"Travare | L\u00f8ber med rem"}]},{"@type":"WebSite","@id":"https:\/\/www.gdirekt.se\/#website","url":"https:\/\/www.gdirekt.se\/","name":"Gdirekt.se","description":"Tryck snabbt \u00e5 l\u00e4tt = Gdirekt","potentialAction":[{"@type":"SearchAction","target":{"@type":"EntryPoint","urlTemplate":"https:\/\/www.gdirekt.se\/?s={search_term_string}"},"query-input":{"@type":"PropertyValueSpecification","valueRequired":true,"valueName":"search_term_string"}}],"inLanguage":"da-DK"}]}},"_links":{"self":[{"href":"https:\/\/www.gdirekt.se\/da\/wp-json\/wp\/v2\/product\/9227","targetHints":{"allow":["GET"]}}],"collection":[{"href":"https:\/\/www.gdirekt.se\/da\/wp-json\/wp\/v2\/product"}],"about":[{"href":"https:\/\/www.gdirekt.se\/da\/wp-json\/wp\/v2\/types\/product"}],"wp:featuredmedia":[{"embeddable":true,"href":"https:\/\/www.gdirekt.se\/da\/wp-json\/wp\/v2\/media\/8349"}],"wp:attachment":[{"href":"https:\/\/www.gdirekt.se\/da\/wp-json\/wp\/v2\/media?parent=9227"}],"wp:term":[{"taxonomy":"product_brand","embeddable":true,"href":"https:\/\/www.gdirekt.se\/da\/wp-json\/wp\/v2\/product_brand?post=9227"},{"taxonomy":"product_cat","embeddable":true,"href":"https:\/\/www.gdirekt.se\/da\/wp-json\/wp\/v2\/product_cat?post=9227"},{"taxonomy":"product_tag","embeddable":true,"href":"https:\/\/www.gdirekt.se\/da\/wp-json\/wp\/v2\/product_tag?post=9227"}],"curies":[{"name":"wp","href":"https:\/\/api.w.org\/{rel}","templated":true}]}}