{"id":9226,"date":"2016-12-28T09:12:14","date_gmt":"2016-12-28T08:12:14","guid":{"rendered":"http:\/\/gdirekt.hamstage.hamrenmedia.se\/produkt\/travare-lober\/"},"modified":"2024-02-01T09:37:01","modified_gmt":"2024-02-01T08:37:01","slug":"travare-lober","status":"publish","type":"product","link":"https:\/\/www.gdirekt.se\/da\/produkt\/travare-lober\/","title":{"rendered":"Travare | L\u00f8ber"},"content":{"rendered":"<p>Travare | L\u00f8ber, som passer til vore Keder-lister, der anvendes til oph\u00e6ngning af facadebannere og scenet\u00e6pper. Fremstillet i h\u00e5rd plast, som kan holde til h\u00e5rd belastning.<\/p>\n<p><strong>M\u00e5l:<\/strong><\/p>\n<p>Bredde: 50 mm<\/p>\n<p>Rund del: 9 mm i diameter<\/p>\n<p>Smalleste del: 5 mm bred og 3 mm tyk<\/p>\n<p>Hul: 26 x 6 mm<\/p>\n","protected":false},"excerpt":{"rendered":"<p>Travare | L\u00f8ber, som passer til vore Keder-lister, der anvendes til oph\u00e6ngning af facadebannere og scenet\u00e6pper. Fremstillet i h\u00e5rd plast, som kan holde til h\u00e5rd belastning.<\/p>\n","protected":false},"featured_media":8348,"template":"","meta":{"_acf_changed":false},"product_brand":[],"product_cat":[367],"product_tag":[],"class_list":{"0":"post-9226","1":"product","2":"type-product","3":"status-publish","4":"has-post-thumbnail","6":"product_cat-bannere-og-facadebannere-tilbehoer","7":"product_shipping_class-85kr-da","9":"first","10":"instock","11":"taxable","12":"shipping-taxable","13":"purchasable","14":"product-type-simple"},"exclude_global_add_ons":[],"addons":[],"acf":[],"yoast_head":"<!-- This site is optimized with the Yoast SEO plugin v27.2 - https:\/\/yoast.com\/product\/yoast-seo-wordpress\/ -->\n<title>Travare | L\u00f8ber montering af banners p\u00e5 facader | Gdirekt.se<\/title>\n<meta name=\"description\" content=\"Travare | L\u00f8ber, som passer til vore Keder-lister, der anvendes til oph\u00e6ngning af facadebannere og scenet\u00e6pper. Fremstillet i h\u00e5rd plast, som kan holde til h\u00e5rd belastning.\" \/>\n<meta name=\"robots\" content=\"index, follow, max-snippet:-1, max-image-preview:large, max-video-preview:-1\" \/>\n<link rel=\"canonical\" href=\"https:\/\/www.gdirekt.se\/da\/produkt\/travare-lober\/\" \/>\n<meta property=\"og:locale\" content=\"da_DK\" \/>\n<meta property=\"og:type\" content=\"article\" \/>\n<meta property=\"og:title\" content=\"Travare | L\u00f8ber montering af banners p\u00e5 facader | Gdirekt.se\" \/>\n<meta property=\"og:description\" content=\"Travare | L\u00f8ber, som passer til vore Keder-lister, der anvendes til oph\u00e6ngning af facadebannere og scenet\u00e6pper. Fremstillet i h\u00e5rd plast, som kan holde til h\u00e5rd belastning.\" \/>\n<meta property=\"og:url\" content=\"https:\/\/www.gdirekt.se\/da\/produkt\/travare-lober\/\" \/>\n<meta property=\"og:site_name\" content=\"Gdirekt.se\" \/>\n<meta property=\"article:modified_time\" content=\"2024-02-01T08:37:01+00:00\" \/>\n<meta property=\"og:image\" content=\"https:\/\/www.gdirekt.se\/wp-content\/uploads\/travare.png\" \/>\n\t<meta property=\"og:image:width\" content=\"1000\" \/>\n\t<meta property=\"og:image:height\" content=\"1000\" \/>\n\t<meta property=\"og:image:type\" content=\"image\/png\" \/>\n<meta name=\"twitter:card\" content=\"summary_large_image\" \/>\n<script type=\"application\/ld+json\" class=\"yoast-schema-graph\">{\"@context\":\"https:\/\/schema.org\",\"@graph\":[{\"@type\":\"WebPage\",\"@id\":\"https:\/\/www.gdirekt.se\/da\/produkt\/travare-lober\/\",\"url\":\"https:\/\/www.gdirekt.se\/da\/produkt\/travare-lober\/\",\"name\":\"Travare | L\u00f8ber montering af banners p\u00e5 facader | Gdirekt.se\",\"isPartOf\":{\"@id\":\"https:\/\/www.gdirekt.se\/#website\"},\"primaryImageOfPage\":{\"@id\":\"https:\/\/www.gdirekt.se\/da\/produkt\/travare-lober\/#primaryimage\"},\"image\":{\"@id\":\"https:\/\/www.gdirekt.se\/da\/produkt\/travare-lober\/#primaryimage\"},\"thumbnailUrl\":\"https:\/\/www.gdirekt.se\/wp-content\/uploads\/travare.png\",\"datePublished\":\"2016-12-28T08:12:14+00:00\",\"dateModified\":\"2024-02-01T08:37:01+00:00\",\"description\":\"Travare | L\u00f8ber, som passer til vore Keder-lister, der anvendes til oph\u00e6ngning af facadebannere og scenet\u00e6pper. Fremstillet i h\u00e5rd plast, som kan holde til h\u00e5rd belastning.\",\"breadcrumb\":{\"@id\":\"https:\/\/www.gdirekt.se\/da\/produkt\/travare-lober\/#breadcrumb\"},\"inLanguage\":\"da-DK\",\"potentialAction\":[{\"@type\":\"ReadAction\",\"target\":[\"https:\/\/www.gdirekt.se\/da\/produkt\/travare-lober\/\"]}]},{\"@type\":\"ImageObject\",\"inLanguage\":\"da-DK\",\"@id\":\"https:\/\/www.gdirekt.se\/da\/produkt\/travare-lober\/#primaryimage\",\"url\":\"https:\/\/www.gdirekt.se\/wp-content\/uploads\/travare.png\",\"contentUrl\":\"https:\/\/www.gdirekt.se\/wp-content\/uploads\/travare.png\",\"width\":1000,\"height\":1000,\"caption\":\"Travare til kederprofil\"},{\"@type\":\"BreadcrumbList\",\"@id\":\"https:\/\/www.gdirekt.se\/da\/produkt\/travare-lober\/#breadcrumb\",\"itemListElement\":[{\"@type\":\"ListItem\",\"position\":1,\"name\":\"Hem\",\"item\":\"https:\/\/www.gdirekt.se\/da\/\"},{\"@type\":\"ListItem\",\"position\":2,\"name\":\"Start\",\"item\":\"https:\/\/www.gdirekt.se\/da\/\"},{\"@type\":\"ListItem\",\"position\":3,\"name\":\"Travare | L\u00f8ber\"}]},{\"@type\":\"WebSite\",\"@id\":\"https:\/\/www.gdirekt.se\/#website\",\"url\":\"https:\/\/www.gdirekt.se\/\",\"name\":\"Gdirekt.se\",\"description\":\"Tryck snabbt \u00e5 l\u00e4tt = Gdirekt\",\"potentialAction\":[{\"@type\":\"SearchAction\",\"target\":{\"@type\":\"EntryPoint\",\"urlTemplate\":\"https:\/\/www.gdirekt.se\/?s={search_term_string}\"},\"query-input\":{\"@type\":\"PropertyValueSpecification\",\"valueRequired\":true,\"valueName\":\"search_term_string\"}}],\"inLanguage\":\"da-DK\"}]}<\/script>\n<!-- \/ Yoast SEO plugin. -->","yoast_head_json":{"title":"Travare | L\u00f8ber montering af banners p\u00e5 facader | Gdirekt.se","description":"Travare | L\u00f8ber, som passer til vore Keder-lister, der anvendes til oph\u00e6ngning af facadebannere og scenet\u00e6pper. Fremstillet i h\u00e5rd plast, som kan holde til h\u00e5rd belastning.","robots":{"index":"index","follow":"follow","max-snippet":"max-snippet:-1","max-image-preview":"max-image-preview:large","max-video-preview":"max-video-preview:-1"},"canonical":"https:\/\/www.gdirekt.se\/da\/produkt\/travare-lober\/","og_locale":"da_DK","og_type":"article","og_title":"Travare | L\u00f8ber montering af banners p\u00e5 facader | Gdirekt.se","og_description":"Travare | L\u00f8ber, som passer til vore Keder-lister, der anvendes til oph\u00e6ngning af facadebannere og scenet\u00e6pper. Fremstillet i h\u00e5rd plast, som kan holde til h\u00e5rd belastning.","og_url":"https:\/\/www.gdirekt.se\/da\/produkt\/travare-lober\/","og_site_name":"Gdirekt.se","article_modified_time":"2024-02-01T08:37:01+00:00","og_image":[{"width":1000,"height":1000,"url":"https:\/\/www.gdirekt.se\/wp-content\/uploads\/travare.png","type":"image\/png"}],"twitter_card":"summary_large_image","schema":{"@context":"https:\/\/schema.org","@graph":[{"@type":"WebPage","@id":"https:\/\/www.gdirekt.se\/da\/produkt\/travare-lober\/","url":"https:\/\/www.gdirekt.se\/da\/produkt\/travare-lober\/","name":"Travare | L\u00f8ber montering af banners p\u00e5 facader | Gdirekt.se","isPartOf":{"@id":"https:\/\/www.gdirekt.se\/#website"},"primaryImageOfPage":{"@id":"https:\/\/www.gdirekt.se\/da\/produkt\/travare-lober\/#primaryimage"},"image":{"@id":"https:\/\/www.gdirekt.se\/da\/produkt\/travare-lober\/#primaryimage"},"thumbnailUrl":"https:\/\/www.gdirekt.se\/wp-content\/uploads\/travare.png","datePublished":"2016-12-28T08:12:14+00:00","dateModified":"2024-02-01T08:37:01+00:00","description":"Travare | L\u00f8ber, som passer til vore Keder-lister, der anvendes til oph\u00e6ngning af facadebannere og scenet\u00e6pper. Fremstillet i h\u00e5rd plast, som kan holde til h\u00e5rd belastning.","breadcrumb":{"@id":"https:\/\/www.gdirekt.se\/da\/produkt\/travare-lober\/#breadcrumb"},"inLanguage":"da-DK","potentialAction":[{"@type":"ReadAction","target":["https:\/\/www.gdirekt.se\/da\/produkt\/travare-lober\/"]}]},{"@type":"ImageObject","inLanguage":"da-DK","@id":"https:\/\/www.gdirekt.se\/da\/produkt\/travare-lober\/#primaryimage","url":"https:\/\/www.gdirekt.se\/wp-content\/uploads\/travare.png","contentUrl":"https:\/\/www.gdirekt.se\/wp-content\/uploads\/travare.png","width":1000,"height":1000,"caption":"Travare til kederprofil"},{"@type":"BreadcrumbList","@id":"https:\/\/www.gdirekt.se\/da\/produkt\/travare-lober\/#breadcrumb","itemListElement":[{"@type":"ListItem","position":1,"name":"Hem","item":"https:\/\/www.gdirekt.se\/da\/"},{"@type":"ListItem","position":2,"name":"Start","item":"https:\/\/www.gdirekt.se\/da\/"},{"@type":"ListItem","position":3,"name":"Travare | L\u00f8ber"}]},{"@type":"WebSite","@id":"https:\/\/www.gdirekt.se\/#website","url":"https:\/\/www.gdirekt.se\/","name":"Gdirekt.se","description":"Tryck snabbt \u00e5 l\u00e4tt = Gdirekt","potentialAction":[{"@type":"SearchAction","target":{"@type":"EntryPoint","urlTemplate":"https:\/\/www.gdirekt.se\/?s={search_term_string}"},"query-input":{"@type":"PropertyValueSpecification","valueRequired":true,"valueName":"search_term_string"}}],"inLanguage":"da-DK"}]}},"_links":{"self":[{"href":"https:\/\/www.gdirekt.se\/da\/wp-json\/wp\/v2\/product\/9226","targetHints":{"allow":["GET"]}}],"collection":[{"href":"https:\/\/www.gdirekt.se\/da\/wp-json\/wp\/v2\/product"}],"about":[{"href":"https:\/\/www.gdirekt.se\/da\/wp-json\/wp\/v2\/types\/product"}],"wp:featuredmedia":[{"embeddable":true,"href":"https:\/\/www.gdirekt.se\/da\/wp-json\/wp\/v2\/media\/8348"}],"wp:attachment":[{"href":"https:\/\/www.gdirekt.se\/da\/wp-json\/wp\/v2\/media?parent=9226"}],"wp:term":[{"taxonomy":"product_brand","embeddable":true,"href":"https:\/\/www.gdirekt.se\/da\/wp-json\/wp\/v2\/product_brand?post=9226"},{"taxonomy":"product_cat","embeddable":true,"href":"https:\/\/www.gdirekt.se\/da\/wp-json\/wp\/v2\/product_cat?post=9226"},{"taxonomy":"product_tag","embeddable":true,"href":"https:\/\/www.gdirekt.se\/da\/wp-json\/wp\/v2\/product_tag?post=9226"}],"curies":[{"name":"wp","href":"https:\/\/api.w.org\/{rel}","templated":true}]}}