{"id":9225,"date":"2017-10-17T16:40:40","date_gmt":"2017-10-17T14:40:40","guid":{"rendered":"http:\/\/gdirekt.hamstage.hamrenmedia.se\/produkt\/skiltebelysning\/"},"modified":"2024-02-01T09:33:14","modified_gmt":"2024-02-01T08:33:14","slug":"skiltebelysning","status":"publish","type":"product","link":"https:\/\/www.gdirekt.se\/da\/produkt\/skiltebelysning\/","title":{"rendered":"Skiltebelysning"},"content":{"rendered":"<p>Skiltebelysning i markedets bedste kvalitet. Justerbar str\u00e5lekaster med arm til perfekt belysning af skilte og facadebannere b\u00e5de inde og ude. Facadebelysningen er produceret i formst\u00f8bt aluminium med lakeret overflade. CE-m\u00e6rket med 30 watt, hvilket giver en meget effektiv belysning. V\u00e6gten er 1,5 kg, og der er fire stk. fastg\u00f8relsespunkter til montering samt kontakt til 220V inkluderet i prisen. Disse skiltebelysninger giver en meget god spredning, som I kan se p\u00e5 billederne ved produktet. I kan ogs\u00e5 se alle m\u00e5l p\u00e5 str\u00e5lekasteren i LED p\u00e5 billederne. Skal I bruge metalskilt, skal I klikke\u00a0<a href=\"https:\/\/www.gdirekt.se\/produkt\/platskylt-reklamskylt-byggskylt-kantbockad-kantvikt\/\"><strong><em>her,<\/em><\/strong><\/a><strong><em>\u00a0<\/em><\/strong>og facadebannere som banner eller trykt mesh findes p\u00e5\u00a0<a href=\"https:\/\/www.gdirekt.se\/produkt-kategori\/banderoller-och-fasadvepor\/\"><strong><em>dette link.<\/em><\/strong><\/a><\/p>\n","protected":false},"excerpt":{"rendered":"<p>H\u00f8jkvalitets s<span lang=\"DA\">kiltebelysning<\/span> med god lysdiffusion i LED. God styrke p\u00e5\u00a030 watt justerbar forlygte til belysning af skilte og facader udenfor og indend\u00f8rs. Komplet medtransformer og netledning till 220v. Se billeder til alle m\u00e5linger,\u00a0v\u00e6gt kun 1,5 kg.<\/p>\n","protected":false},"featured_media":12474,"template":"","meta":{"_acf_changed":false},"product_brand":[],"product_cat":[367,379,356],"product_tag":[],"class_list":{"0":"post-9225","1":"product","2":"type-product","3":"status-publish","4":"has-post-thumbnail","6":"product_cat-bannere-og-facadebannere-tilbehoer","7":"product_cat-skilte-tilbehoer","8":"product_cat-udendoersskilte-og-expo","9":"product_shipping_class-180sek","11":"first","12":"instock","13":"taxable","14":"shipping-taxable","15":"purchasable","16":"product-type-simple"},"exclude_global_add_ons":[],"addons":[],"acf":[],"yoast_head":"<!-- This site is optimized with the Yoast SEO plugin v27.2 - https:\/\/yoast.com\/product\/yoast-seo-wordpress\/ -->\n<title>Skiltebelysning | Gdirekt.se<\/title>\n<meta name=\"description\" content=\"Skiltebelysning med skarpt lys til bannere og skilte udend\u00f8rs. H\u00f8j kvalitet, som holder og holder l\u00e6nge. LED-belysningen har god spredning til udend\u00f8rsskilte. Skruefastg\u00f8relsen sikrer st\u00e6rk fastg\u00f8relse.\" \/>\n<meta name=\"robots\" content=\"index, follow, max-snippet:-1, max-image-preview:large, max-video-preview:-1\" \/>\n<link rel=\"canonical\" href=\"https:\/\/www.gdirekt.se\/da\/produkt\/skiltebelysning\/\" \/>\n<meta property=\"og:locale\" content=\"da_DK\" \/>\n<meta property=\"og:type\" content=\"article\" \/>\n<meta property=\"og:title\" content=\"Skiltebelysning | Gdirekt.se\" \/>\n<meta property=\"og:description\" content=\"Skiltebelysning med skarpt lys til bannere og skilte udend\u00f8rs. H\u00f8j kvalitet, som holder og holder l\u00e6nge. LED-belysningen har god spredning til udend\u00f8rsskilte. Skruefastg\u00f8relsen sikrer st\u00e6rk fastg\u00f8relse.\" \/>\n<meta property=\"og:url\" content=\"https:\/\/www.gdirekt.se\/da\/produkt\/skiltebelysning\/\" \/>\n<meta property=\"og:site_name\" content=\"Gdirekt.se\" \/>\n<meta property=\"article:modified_time\" content=\"2024-02-01T08:33:14+00:00\" \/>\n<meta property=\"og:image\" content=\"https:\/\/www.gdirekt.se\/wp-content\/uploads\/skyltbelysning.png\" \/>\n\t<meta property=\"og:image:width\" content=\"1000\" \/>\n\t<meta property=\"og:image:height\" content=\"1000\" \/>\n\t<meta property=\"og:image:type\" content=\"image\/png\" \/>\n<meta name=\"twitter:card\" content=\"summary_large_image\" \/>\n<meta name=\"twitter:label1\" content=\"Estimeret l\u00e6setid\" \/>\n\t<meta name=\"twitter:data1\" content=\"1 minut\" \/>\n<script type=\"application\/ld+json\" class=\"yoast-schema-graph\">{\"@context\":\"https:\/\/schema.org\",\"@graph\":[{\"@type\":\"WebPage\",\"@id\":\"https:\/\/www.gdirekt.se\/da\/produkt\/skiltebelysning\/\",\"url\":\"https:\/\/www.gdirekt.se\/da\/produkt\/skiltebelysning\/\",\"name\":\"Skiltebelysning | Gdirekt.se\",\"isPartOf\":{\"@id\":\"https:\/\/www.gdirekt.se\/#website\"},\"primaryImageOfPage\":{\"@id\":\"https:\/\/www.gdirekt.se\/da\/produkt\/skiltebelysning\/#primaryimage\"},\"image\":{\"@id\":\"https:\/\/www.gdirekt.se\/da\/produkt\/skiltebelysning\/#primaryimage\"},\"thumbnailUrl\":\"https:\/\/www.gdirekt.se\/wp-content\/uploads\/skyltbelysning.png\",\"datePublished\":\"2017-10-17T14:40:40+00:00\",\"dateModified\":\"2024-02-01T08:33:14+00:00\",\"description\":\"Skiltebelysning med skarpt lys til bannere og skilte udend\u00f8rs. H\u00f8j kvalitet, som holder og holder l\u00e6nge. LED-belysningen har god spredning til udend\u00f8rsskilte. Skruefastg\u00f8relsen sikrer st\u00e6rk fastg\u00f8relse.\",\"breadcrumb\":{\"@id\":\"https:\/\/www.gdirekt.se\/da\/produkt\/skiltebelysning\/#breadcrumb\"},\"inLanguage\":\"da-DK\",\"potentialAction\":[{\"@type\":\"ReadAction\",\"target\":[\"https:\/\/www.gdirekt.se\/da\/produkt\/skiltebelysning\/\"]}]},{\"@type\":\"ImageObject\",\"inLanguage\":\"da-DK\",\"@id\":\"https:\/\/www.gdirekt.se\/da\/produkt\/skiltebelysning\/#primaryimage\",\"url\":\"https:\/\/www.gdirekt.se\/wp-content\/uploads\/skyltbelysning.png\",\"contentUrl\":\"https:\/\/www.gdirekt.se\/wp-content\/uploads\/skyltbelysning.png\",\"width\":1000,\"height\":1000,\"caption\":\"Perfekt LED lampa till skyltar\"},{\"@type\":\"BreadcrumbList\",\"@id\":\"https:\/\/www.gdirekt.se\/da\/produkt\/skiltebelysning\/#breadcrumb\",\"itemListElement\":[{\"@type\":\"ListItem\",\"position\":1,\"name\":\"Hem\",\"item\":\"https:\/\/www.gdirekt.se\/da\/\"},{\"@type\":\"ListItem\",\"position\":2,\"name\":\"Start\",\"item\":\"https:\/\/www.gdirekt.se\/da\/\"},{\"@type\":\"ListItem\",\"position\":3,\"name\":\"Skiltebelysning\"}]},{\"@type\":\"WebSite\",\"@id\":\"https:\/\/www.gdirekt.se\/#website\",\"url\":\"https:\/\/www.gdirekt.se\/\",\"name\":\"Gdirekt.se\",\"description\":\"Tryck snabbt \u00e5 l\u00e4tt = Gdirekt\",\"potentialAction\":[{\"@type\":\"SearchAction\",\"target\":{\"@type\":\"EntryPoint\",\"urlTemplate\":\"https:\/\/www.gdirekt.se\/?s={search_term_string}\"},\"query-input\":{\"@type\":\"PropertyValueSpecification\",\"valueRequired\":true,\"valueName\":\"search_term_string\"}}],\"inLanguage\":\"da-DK\"}]}<\/script>\n<!-- \/ Yoast SEO plugin. -->","yoast_head_json":{"title":"Skiltebelysning | Gdirekt.se","description":"Skiltebelysning med skarpt lys til bannere og skilte udend\u00f8rs. H\u00f8j kvalitet, som holder og holder l\u00e6nge. LED-belysningen har god spredning til udend\u00f8rsskilte. Skruefastg\u00f8relsen sikrer st\u00e6rk fastg\u00f8relse.","robots":{"index":"index","follow":"follow","max-snippet":"max-snippet:-1","max-image-preview":"max-image-preview:large","max-video-preview":"max-video-preview:-1"},"canonical":"https:\/\/www.gdirekt.se\/da\/produkt\/skiltebelysning\/","og_locale":"da_DK","og_type":"article","og_title":"Skiltebelysning | Gdirekt.se","og_description":"Skiltebelysning med skarpt lys til bannere og skilte udend\u00f8rs. H\u00f8j kvalitet, som holder og holder l\u00e6nge. LED-belysningen har god spredning til udend\u00f8rsskilte. Skruefastg\u00f8relsen sikrer st\u00e6rk fastg\u00f8relse.","og_url":"https:\/\/www.gdirekt.se\/da\/produkt\/skiltebelysning\/","og_site_name":"Gdirekt.se","article_modified_time":"2024-02-01T08:33:14+00:00","og_image":[{"width":1000,"height":1000,"url":"https:\/\/www.gdirekt.se\/wp-content\/uploads\/skyltbelysning.png","type":"image\/png"}],"twitter_card":"summary_large_image","twitter_misc":{"Estimeret l\u00e6setid":"1 minut"},"schema":{"@context":"https:\/\/schema.org","@graph":[{"@type":"WebPage","@id":"https:\/\/www.gdirekt.se\/da\/produkt\/skiltebelysning\/","url":"https:\/\/www.gdirekt.se\/da\/produkt\/skiltebelysning\/","name":"Skiltebelysning | Gdirekt.se","isPartOf":{"@id":"https:\/\/www.gdirekt.se\/#website"},"primaryImageOfPage":{"@id":"https:\/\/www.gdirekt.se\/da\/produkt\/skiltebelysning\/#primaryimage"},"image":{"@id":"https:\/\/www.gdirekt.se\/da\/produkt\/skiltebelysning\/#primaryimage"},"thumbnailUrl":"https:\/\/www.gdirekt.se\/wp-content\/uploads\/skyltbelysning.png","datePublished":"2017-10-17T14:40:40+00:00","dateModified":"2024-02-01T08:33:14+00:00","description":"Skiltebelysning med skarpt lys til bannere og skilte udend\u00f8rs. H\u00f8j kvalitet, som holder og holder l\u00e6nge. LED-belysningen har god spredning til udend\u00f8rsskilte. Skruefastg\u00f8relsen sikrer st\u00e6rk fastg\u00f8relse.","breadcrumb":{"@id":"https:\/\/www.gdirekt.se\/da\/produkt\/skiltebelysning\/#breadcrumb"},"inLanguage":"da-DK","potentialAction":[{"@type":"ReadAction","target":["https:\/\/www.gdirekt.se\/da\/produkt\/skiltebelysning\/"]}]},{"@type":"ImageObject","inLanguage":"da-DK","@id":"https:\/\/www.gdirekt.se\/da\/produkt\/skiltebelysning\/#primaryimage","url":"https:\/\/www.gdirekt.se\/wp-content\/uploads\/skyltbelysning.png","contentUrl":"https:\/\/www.gdirekt.se\/wp-content\/uploads\/skyltbelysning.png","width":1000,"height":1000,"caption":"Perfekt LED lampa till skyltar"},{"@type":"BreadcrumbList","@id":"https:\/\/www.gdirekt.se\/da\/produkt\/skiltebelysning\/#breadcrumb","itemListElement":[{"@type":"ListItem","position":1,"name":"Hem","item":"https:\/\/www.gdirekt.se\/da\/"},{"@type":"ListItem","position":2,"name":"Start","item":"https:\/\/www.gdirekt.se\/da\/"},{"@type":"ListItem","position":3,"name":"Skiltebelysning"}]},{"@type":"WebSite","@id":"https:\/\/www.gdirekt.se\/#website","url":"https:\/\/www.gdirekt.se\/","name":"Gdirekt.se","description":"Tryck snabbt \u00e5 l\u00e4tt = Gdirekt","potentialAction":[{"@type":"SearchAction","target":{"@type":"EntryPoint","urlTemplate":"https:\/\/www.gdirekt.se\/?s={search_term_string}"},"query-input":{"@type":"PropertyValueSpecification","valueRequired":true,"valueName":"search_term_string"}}],"inLanguage":"da-DK"}]}},"_links":{"self":[{"href":"https:\/\/www.gdirekt.se\/da\/wp-json\/wp\/v2\/product\/9225","targetHints":{"allow":["GET"]}}],"collection":[{"href":"https:\/\/www.gdirekt.se\/da\/wp-json\/wp\/v2\/product"}],"about":[{"href":"https:\/\/www.gdirekt.se\/da\/wp-json\/wp\/v2\/types\/product"}],"wp:featuredmedia":[{"embeddable":true,"href":"https:\/\/www.gdirekt.se\/da\/wp-json\/wp\/v2\/media\/12474"}],"wp:attachment":[{"href":"https:\/\/www.gdirekt.se\/da\/wp-json\/wp\/v2\/media?parent=9225"}],"wp:term":[{"taxonomy":"product_brand","embeddable":true,"href":"https:\/\/www.gdirekt.se\/da\/wp-json\/wp\/v2\/product_brand?post=9225"},{"taxonomy":"product_cat","embeddable":true,"href":"https:\/\/www.gdirekt.se\/da\/wp-json\/wp\/v2\/product_cat?post=9225"},{"taxonomy":"product_tag","embeddable":true,"href":"https:\/\/www.gdirekt.se\/da\/wp-json\/wp\/v2\/product_tag?post=9225"}],"curies":[{"name":"wp","href":"https:\/\/api.w.org\/{rel}","templated":true}]}}