{"id":9224,"date":"2018-07-04T13:32:15","date_gmt":"2018-07-04T11:32:15","guid":{"rendered":"http:\/\/gdirekt.hamstage.hamrenmedia.se\/produkt\/samlestykke-til-smal-keder-i-aluminium\/"},"modified":"2024-02-01T09:30:36","modified_gmt":"2024-02-01T08:30:36","slug":"samlestykke-til-smal-keder-i-aluminium","status":"publish","type":"product","link":"https:\/\/www.gdirekt.se\/da\/produkt\/samlestykke-til-smal-keder-i-aluminium\/","title":{"rendered":"Samlestykke til smal Keder i aluminium"},"content":{"rendered":"<p><span lang=\"DA\">Samlestykke til smal Keder i aluminium passer til vores smalle Keder-profil. Det er beregnet til at samle to<span class=\"apple-converted-space\">\u00a0<\/span><\/span><span lang=\"DA\"><a href=\"https:\/\/www.gdirekt.se\/produkt\/aluminiumprofil-till-banderoll-med-kederlist\/\"><i>Keder-profiler<\/i><\/a><\/span><i><\/i><span lang=\"DA\">af den smallere variant, som er 25 mm bred og 14 mm tyk. Det bruges som regel indend\u00f8rs. Man stikker samlestykket ind i profilen og skruer stykket fast med skruer med indvendigt gevind, som er inkluderet i prisen.<\/span><\/p>\n<p><span lang=\"DA\">Samlestykket m\u00e5ler 120 x 10 x 1,7 mm<\/span><\/p>\n<p><span lang=\"DA\">Sp\u00f8rg os, hvis I skal bruge tips til fastg\u00f8relsesanordninger.<\/span><\/p>\n","protected":false},"excerpt":{"rendered":"<p><span lang=\"DA\">Samlestykke til smal Keder i aluminium <\/span> bestiller dig, hvis du vil sl\u00e5 sammen vores smalere kederprofil, der er mest almindeligt til indend\u00f8rs brug, men arbejder udend\u00f8rs. M\u00e5lingen af s<span lang=\"DA\">amlestykket<\/span> er 120x10x1.7mm og passer ind i profilens rille. Skru hurtigt med sekskantede skruer.<\/p>\n","protected":false},"featured_media":8933,"template":"","meta":{"_acf_changed":false},"product_brand":[],"product_cat":[367,380],"product_tag":[],"class_list":{"0":"post-9224","1":"product","2":"type-product","3":"status-publish","4":"has-post-thumbnail","6":"product_cat-bannere-og-facadebannere-tilbehoer","7":"product_cat-tekstiltryk-og-scenetaepper","8":"product_shipping_class-85kr-da","10":"first","11":"instock","12":"taxable","13":"shipping-taxable","14":"purchasable","15":"product-type-simple"},"exclude_global_add_ons":[],"addons":[],"acf":[],"yoast_head":"<!-- This site is optimized with the Yoast SEO plugin v27.2 - https:\/\/yoast.com\/product\/yoast-seo-wordpress\/ -->\n<title>Samlestykke til smal Keder i aluminium passer til profiler til s\u00e6t af bannere | Gdirekt.se<\/title>\n<meta name=\"description\" content=\"Samlestykke til Keder i aluminium er beregnet til at s\u00e6tte flere profiler sammen. K\u00f8b disse, n\u00e5r I skal montere store reklamebannere og bannere med lister. S\u00e5 bliver monteringen slidst\u00e6rk med h\u00f8j kvalitet til billig pris\" \/>\n<meta name=\"robots\" content=\"index, follow, max-snippet:-1, max-image-preview:large, max-video-preview:-1\" \/>\n<link rel=\"canonical\" href=\"https:\/\/www.gdirekt.se\/da\/produkt\/samlestykke-til-smal-keder-i-aluminium\/\" \/>\n<meta property=\"og:locale\" content=\"da_DK\" \/>\n<meta property=\"og:type\" content=\"article\" \/>\n<meta property=\"og:title\" content=\"Samlestykke til smal Keder i aluminium passer til profiler til s\u00e6t af bannere | Gdirekt.se\" \/>\n<meta property=\"og:description\" content=\"Samlestykke til Keder i aluminium er beregnet til at s\u00e6tte flere profiler sammen. K\u00f8b disse, n\u00e5r I skal montere store reklamebannere og bannere med lister. S\u00e5 bliver monteringen slidst\u00e6rk med h\u00f8j kvalitet til billig pris\" \/>\n<meta property=\"og:url\" content=\"https:\/\/www.gdirekt.se\/da\/produkt\/samlestykke-til-smal-keder-i-aluminium\/\" \/>\n<meta property=\"og:site_name\" content=\"Gdirekt.se\" \/>\n<meta property=\"article:modified_time\" content=\"2024-02-01T08:30:36+00:00\" \/>\n<meta property=\"og:image\" content=\"https:\/\/www.gdirekt.se\/wp-content\/uploads\/skarvbit-smal-keder.png\" \/>\n\t<meta property=\"og:image:width\" content=\"1000\" \/>\n\t<meta property=\"og:image:height\" content=\"1000\" \/>\n\t<meta property=\"og:image:type\" content=\"image\/png\" \/>\n<meta name=\"twitter:card\" content=\"summary_large_image\" \/>\n<script type=\"application\/ld+json\" class=\"yoast-schema-graph\">{\"@context\":\"https:\/\/schema.org\",\"@graph\":[{\"@type\":\"WebPage\",\"@id\":\"https:\/\/www.gdirekt.se\/da\/produkt\/samlestykke-til-smal-keder-i-aluminium\/\",\"url\":\"https:\/\/www.gdirekt.se\/da\/produkt\/samlestykke-til-smal-keder-i-aluminium\/\",\"name\":\"Samlestykke til smal Keder i aluminium passer til profiler til s\u00e6t af bannere | Gdirekt.se\",\"isPartOf\":{\"@id\":\"https:\/\/www.gdirekt.se\/#website\"},\"primaryImageOfPage\":{\"@id\":\"https:\/\/www.gdirekt.se\/da\/produkt\/samlestykke-til-smal-keder-i-aluminium\/#primaryimage\"},\"image\":{\"@id\":\"https:\/\/www.gdirekt.se\/da\/produkt\/samlestykke-til-smal-keder-i-aluminium\/#primaryimage\"},\"thumbnailUrl\":\"https:\/\/www.gdirekt.se\/wp-content\/uploads\/skarvbit-smal-keder.png\",\"datePublished\":\"2018-07-04T11:32:15+00:00\",\"dateModified\":\"2024-02-01T08:30:36+00:00\",\"description\":\"Samlestykke til Keder i aluminium er beregnet til at s\u00e6tte flere profiler sammen. K\u00f8b disse, n\u00e5r I skal montere store reklamebannere og bannere med lister. S\u00e5 bliver monteringen slidst\u00e6rk med h\u00f8j kvalitet til billig pris\",\"breadcrumb\":{\"@id\":\"https:\/\/www.gdirekt.se\/da\/produkt\/samlestykke-til-smal-keder-i-aluminium\/#breadcrumb\"},\"inLanguage\":\"da-DK\",\"potentialAction\":[{\"@type\":\"ReadAction\",\"target\":[\"https:\/\/www.gdirekt.se\/da\/produkt\/samlestykke-til-smal-keder-i-aluminium\/\"]}]},{\"@type\":\"ImageObject\",\"inLanguage\":\"da-DK\",\"@id\":\"https:\/\/www.gdirekt.se\/da\/produkt\/samlestykke-til-smal-keder-i-aluminium\/#primaryimage\",\"url\":\"https:\/\/www.gdirekt.se\/wp-content\/uploads\/skarvbit-smal-keder.png\",\"contentUrl\":\"https:\/\/www.gdirekt.se\/wp-content\/uploads\/skarvbit-smal-keder.png\",\"width\":1000,\"height\":1000,\"caption\":\"Samlestykke til smal Keder i aluminium\"},{\"@type\":\"BreadcrumbList\",\"@id\":\"https:\/\/www.gdirekt.se\/da\/produkt\/samlestykke-til-smal-keder-i-aluminium\/#breadcrumb\",\"itemListElement\":[{\"@type\":\"ListItem\",\"position\":1,\"name\":\"Hem\",\"item\":\"https:\/\/www.gdirekt.se\/da\/\"},{\"@type\":\"ListItem\",\"position\":2,\"name\":\"Start\",\"item\":\"https:\/\/www.gdirekt.se\/da\/\"},{\"@type\":\"ListItem\",\"position\":3,\"name\":\"Samlestykke til smal Keder i aluminium\"}]},{\"@type\":\"WebSite\",\"@id\":\"https:\/\/www.gdirekt.se\/#website\",\"url\":\"https:\/\/www.gdirekt.se\/\",\"name\":\"Gdirekt.se\",\"description\":\"Tryck snabbt \u00e5 l\u00e4tt = Gdirekt\",\"potentialAction\":[{\"@type\":\"SearchAction\",\"target\":{\"@type\":\"EntryPoint\",\"urlTemplate\":\"https:\/\/www.gdirekt.se\/?s={search_term_string}\"},\"query-input\":{\"@type\":\"PropertyValueSpecification\",\"valueRequired\":true,\"valueName\":\"search_term_string\"}}],\"inLanguage\":\"da-DK\"}]}<\/script>\n<!-- \/ Yoast SEO plugin. -->","yoast_head_json":{"title":"Samlestykke til smal Keder i aluminium passer til profiler til s\u00e6t af bannere | Gdirekt.se","description":"Samlestykke til Keder i aluminium er beregnet til at s\u00e6tte flere profiler sammen. K\u00f8b disse, n\u00e5r I skal montere store reklamebannere og bannere med lister. S\u00e5 bliver monteringen slidst\u00e6rk med h\u00f8j kvalitet til billig pris","robots":{"index":"index","follow":"follow","max-snippet":"max-snippet:-1","max-image-preview":"max-image-preview:large","max-video-preview":"max-video-preview:-1"},"canonical":"https:\/\/www.gdirekt.se\/da\/produkt\/samlestykke-til-smal-keder-i-aluminium\/","og_locale":"da_DK","og_type":"article","og_title":"Samlestykke til smal Keder i aluminium passer til profiler til s\u00e6t af bannere | Gdirekt.se","og_description":"Samlestykke til Keder i aluminium er beregnet til at s\u00e6tte flere profiler sammen. K\u00f8b disse, n\u00e5r I skal montere store reklamebannere og bannere med lister. S\u00e5 bliver monteringen slidst\u00e6rk med h\u00f8j kvalitet til billig pris","og_url":"https:\/\/www.gdirekt.se\/da\/produkt\/samlestykke-til-smal-keder-i-aluminium\/","og_site_name":"Gdirekt.se","article_modified_time":"2024-02-01T08:30:36+00:00","og_image":[{"width":1000,"height":1000,"url":"https:\/\/www.gdirekt.se\/wp-content\/uploads\/skarvbit-smal-keder.png","type":"image\/png"}],"twitter_card":"summary_large_image","schema":{"@context":"https:\/\/schema.org","@graph":[{"@type":"WebPage","@id":"https:\/\/www.gdirekt.se\/da\/produkt\/samlestykke-til-smal-keder-i-aluminium\/","url":"https:\/\/www.gdirekt.se\/da\/produkt\/samlestykke-til-smal-keder-i-aluminium\/","name":"Samlestykke til smal Keder i aluminium passer til profiler til s\u00e6t af bannere | Gdirekt.se","isPartOf":{"@id":"https:\/\/www.gdirekt.se\/#website"},"primaryImageOfPage":{"@id":"https:\/\/www.gdirekt.se\/da\/produkt\/samlestykke-til-smal-keder-i-aluminium\/#primaryimage"},"image":{"@id":"https:\/\/www.gdirekt.se\/da\/produkt\/samlestykke-til-smal-keder-i-aluminium\/#primaryimage"},"thumbnailUrl":"https:\/\/www.gdirekt.se\/wp-content\/uploads\/skarvbit-smal-keder.png","datePublished":"2018-07-04T11:32:15+00:00","dateModified":"2024-02-01T08:30:36+00:00","description":"Samlestykke til Keder i aluminium er beregnet til at s\u00e6tte flere profiler sammen. K\u00f8b disse, n\u00e5r I skal montere store reklamebannere og bannere med lister. S\u00e5 bliver monteringen slidst\u00e6rk med h\u00f8j kvalitet til billig pris","breadcrumb":{"@id":"https:\/\/www.gdirekt.se\/da\/produkt\/samlestykke-til-smal-keder-i-aluminium\/#breadcrumb"},"inLanguage":"da-DK","potentialAction":[{"@type":"ReadAction","target":["https:\/\/www.gdirekt.se\/da\/produkt\/samlestykke-til-smal-keder-i-aluminium\/"]}]},{"@type":"ImageObject","inLanguage":"da-DK","@id":"https:\/\/www.gdirekt.se\/da\/produkt\/samlestykke-til-smal-keder-i-aluminium\/#primaryimage","url":"https:\/\/www.gdirekt.se\/wp-content\/uploads\/skarvbit-smal-keder.png","contentUrl":"https:\/\/www.gdirekt.se\/wp-content\/uploads\/skarvbit-smal-keder.png","width":1000,"height":1000,"caption":"Samlestykke til smal Keder i aluminium"},{"@type":"BreadcrumbList","@id":"https:\/\/www.gdirekt.se\/da\/produkt\/samlestykke-til-smal-keder-i-aluminium\/#breadcrumb","itemListElement":[{"@type":"ListItem","position":1,"name":"Hem","item":"https:\/\/www.gdirekt.se\/da\/"},{"@type":"ListItem","position":2,"name":"Start","item":"https:\/\/www.gdirekt.se\/da\/"},{"@type":"ListItem","position":3,"name":"Samlestykke til smal Keder i aluminium"}]},{"@type":"WebSite","@id":"https:\/\/www.gdirekt.se\/#website","url":"https:\/\/www.gdirekt.se\/","name":"Gdirekt.se","description":"Tryck snabbt \u00e5 l\u00e4tt = Gdirekt","potentialAction":[{"@type":"SearchAction","target":{"@type":"EntryPoint","urlTemplate":"https:\/\/www.gdirekt.se\/?s={search_term_string}"},"query-input":{"@type":"PropertyValueSpecification","valueRequired":true,"valueName":"search_term_string"}}],"inLanguage":"da-DK"}]}},"_links":{"self":[{"href":"https:\/\/www.gdirekt.se\/da\/wp-json\/wp\/v2\/product\/9224","targetHints":{"allow":["GET"]}}],"collection":[{"href":"https:\/\/www.gdirekt.se\/da\/wp-json\/wp\/v2\/product"}],"about":[{"href":"https:\/\/www.gdirekt.se\/da\/wp-json\/wp\/v2\/types\/product"}],"wp:featuredmedia":[{"embeddable":true,"href":"https:\/\/www.gdirekt.se\/da\/wp-json\/wp\/v2\/media\/8933"}],"wp:attachment":[{"href":"https:\/\/www.gdirekt.se\/da\/wp-json\/wp\/v2\/media?parent=9224"}],"wp:term":[{"taxonomy":"product_brand","embeddable":true,"href":"https:\/\/www.gdirekt.se\/da\/wp-json\/wp\/v2\/product_brand?post=9224"},{"taxonomy":"product_cat","embeddable":true,"href":"https:\/\/www.gdirekt.se\/da\/wp-json\/wp\/v2\/product_cat?post=9224"},{"taxonomy":"product_tag","embeddable":true,"href":"https:\/\/www.gdirekt.se\/da\/wp-json\/wp\/v2\/product_tag?post=9224"}],"curies":[{"name":"wp","href":"https:\/\/api.w.org\/{rel}","templated":true}]}}