{"id":9222,"date":"2016-12-28T09:38:13","date_gmt":"2016-12-28T08:38:13","guid":{"rendered":"http:\/\/gdirekt.hamstage.hamrenmedia.se\/produkt\/skraldespaender-med-spaenderem\/"},"modified":"2024-02-01T09:36:56","modified_gmt":"2024-02-01T08:36:56","slug":"skraldespaender","status":"publish","type":"product","link":"https:\/\/www.gdirekt.se\/da\/produkt\/skraldespaender\/","title":{"rendered":"Skraldesp\u00e6nder"},"content":{"rendered":"<p>Skraldesp\u00e6nder med sp\u00e6nderem anvendes til oph\u00e6ngning af facadebannere og scenet\u00e6pper. Meget holdbare og t\u00e5ler h\u00e5rd belastning. Selve metaldelen er 11 cm lang, 4 cm bred og 4 cm h\u00f8j. Sp\u00e6nderemmen er meget slidst\u00e6rk og 29 cm lang.<\/p>\n<p><strong>S\u00e5dan h\u00e6nger man et facadebanner op:<\/strong><\/p>\n<ol>\n<li>F\u00f8rst fastg\u00f8res en Keder-skinne i aluminium \u00f8verst p\u00e5 facaden eller byggeristanderen, derefter tr\u00e6kkes facadebanneret, som har en p\u00e5syet Keder-liste, p\u00e5.<\/li>\n<li>Tr\u00e6k derefter en Keder-skinne p\u00e5 nederst p\u00e5 facadebilledet.<\/li>\n<li>I underkanten p\u00e5 aluminiumslisten f\u00f8rer I \/\/travarna\/\/ ind med sp\u00e6nderemme p\u00e5.<\/li>\n<li>Derefter fastg\u00f8r I skraldesp\u00e6nder i facaden eller standeren, og tr\u00e6kker \/\/travarna\/\/ med remmene ind.<\/li>\n<li>Tr\u00e6k banneret fast, s\u00e5 det er sp\u00e6ndt ud som et trommeskind.<\/li>\n<\/ol>\n","protected":false},"excerpt":{"rendered":"<p><span lang=\"DA\">Skraldesp\u00e6nder med sp\u00e6nderem anvendes til oph\u00e6ngning af facadebannere og scenet\u00e6pper. Meget holdbare og t\u00e5ler h\u00e5rd belastning. Selve metaldelen er 11 cm lang, 4 cm bred og 4 cm h\u00f8j. Sp\u00e6nderemmen er meget slidst\u00e6rk og 29 cm lang<\/span><\/p>\n","protected":false},"featured_media":8350,"template":"","meta":{"_acf_changed":false},"product_brand":[],"product_cat":[367],"product_tag":[],"class_list":{"0":"post-9222","1":"product","2":"type-product","3":"status-publish","4":"has-post-thumbnail","6":"product_cat-bannere-og-facadebannere-tilbehoer","7":"product_shipping_class-180sek","9":"first","10":"instock","11":"taxable","12":"shipping-taxable","13":"purchasable","14":"product-type-simple"},"exclude_global_add_ons":[],"addons":[],"acf":[],"yoast_head":"<!-- This site is optimized with the Yoast SEO plugin v27.2 - https:\/\/yoast.com\/product\/yoast-seo-wordpress\/ -->\n<title>Skraldesp\u00e6nder til at ops\u00e6tte facade banner | Gdirekt.se<\/title>\n<meta name=\"description\" content=\"Skraldesp\u00e6nder med sp\u00e6nderem passer til vore Keder-lister, der anvendes til oph\u00e6ngning af facadebannere og scenet\u00e6pper. Leverer vi direkte fra vores lager!\" \/>\n<meta name=\"robots\" content=\"index, follow, max-snippet:-1, max-image-preview:large, max-video-preview:-1\" \/>\n<link rel=\"canonical\" href=\"https:\/\/www.gdirekt.se\/da\/produkt\/skraldespaender\/\" \/>\n<meta property=\"og:locale\" content=\"da_DK\" \/>\n<meta property=\"og:type\" content=\"article\" \/>\n<meta property=\"og:title\" content=\"Skraldesp\u00e6nder til at ops\u00e6tte facade banner | Gdirekt.se\" \/>\n<meta property=\"og:description\" content=\"Skraldesp\u00e6nder med sp\u00e6nderem passer til vore Keder-lister, der anvendes til oph\u00e6ngning af facadebannere og scenet\u00e6pper. Leverer vi direkte fra vores lager!\" \/>\n<meta property=\"og:url\" content=\"https:\/\/www.gdirekt.se\/da\/produkt\/skraldespaender\/\" \/>\n<meta property=\"og:site_name\" content=\"Gdirekt.se\" \/>\n<meta property=\"article:modified_time\" content=\"2024-02-01T08:36:56+00:00\" \/>\n<meta property=\"og:image\" content=\"https:\/\/www.gdirekt.se\/wp-content\/uploads\/pumpspannare.png\" \/>\n\t<meta property=\"og:image:width\" content=\"1000\" \/>\n\t<meta property=\"og:image:height\" content=\"1000\" \/>\n\t<meta property=\"og:image:type\" content=\"image\/png\" \/>\n<meta name=\"twitter:card\" content=\"summary_large_image\" \/>\n<meta name=\"twitter:label1\" content=\"Estimeret l\u00e6setid\" \/>\n\t<meta name=\"twitter:data1\" content=\"1 minut\" \/>\n<script type=\"application\/ld+json\" class=\"yoast-schema-graph\">{\"@context\":\"https:\/\/schema.org\",\"@graph\":[{\"@type\":\"WebPage\",\"@id\":\"https:\/\/www.gdirekt.se\/da\/produkt\/skraldespaender\/\",\"url\":\"https:\/\/www.gdirekt.se\/da\/produkt\/skraldespaender\/\",\"name\":\"Skraldesp\u00e6nder til at ops\u00e6tte facade banner | Gdirekt.se\",\"isPartOf\":{\"@id\":\"https:\/\/www.gdirekt.se\/#website\"},\"primaryImageOfPage\":{\"@id\":\"https:\/\/www.gdirekt.se\/da\/produkt\/skraldespaender\/#primaryimage\"},\"image\":{\"@id\":\"https:\/\/www.gdirekt.se\/da\/produkt\/skraldespaender\/#primaryimage\"},\"thumbnailUrl\":\"https:\/\/www.gdirekt.se\/wp-content\/uploads\/pumpspannare.png\",\"datePublished\":\"2016-12-28T08:38:13+00:00\",\"dateModified\":\"2024-02-01T08:36:56+00:00\",\"description\":\"Skraldesp\u00e6nder med sp\u00e6nderem passer til vore Keder-lister, der anvendes til oph\u00e6ngning af facadebannere og scenet\u00e6pper. Leverer vi direkte fra vores lager!\",\"breadcrumb\":{\"@id\":\"https:\/\/www.gdirekt.se\/da\/produkt\/skraldespaender\/#breadcrumb\"},\"inLanguage\":\"da-DK\",\"potentialAction\":[{\"@type\":\"ReadAction\",\"target\":[\"https:\/\/www.gdirekt.se\/da\/produkt\/skraldespaender\/\"]}]},{\"@type\":\"ImageObject\",\"inLanguage\":\"da-DK\",\"@id\":\"https:\/\/www.gdirekt.se\/da\/produkt\/skraldespaender\/#primaryimage\",\"url\":\"https:\/\/www.gdirekt.se\/wp-content\/uploads\/pumpspannare.png\",\"contentUrl\":\"https:\/\/www.gdirekt.se\/wp-content\/uploads\/pumpspannare.png\",\"width\":1000,\"height\":1000,\"caption\":\"Skraldesp\u00e6nder at montere op facadebannere med\"},{\"@type\":\"BreadcrumbList\",\"@id\":\"https:\/\/www.gdirekt.se\/da\/produkt\/skraldespaender\/#breadcrumb\",\"itemListElement\":[{\"@type\":\"ListItem\",\"position\":1,\"name\":\"Hem\",\"item\":\"https:\/\/www.gdirekt.se\/da\/\"},{\"@type\":\"ListItem\",\"position\":2,\"name\":\"Start\",\"item\":\"https:\/\/www.gdirekt.se\/da\/\"},{\"@type\":\"ListItem\",\"position\":3,\"name\":\"Skraldesp\u00e6nder\"}]},{\"@type\":\"WebSite\",\"@id\":\"https:\/\/www.gdirekt.se\/#website\",\"url\":\"https:\/\/www.gdirekt.se\/\",\"name\":\"Gdirekt.se\",\"description\":\"Tryck snabbt \u00e5 l\u00e4tt = Gdirekt\",\"potentialAction\":[{\"@type\":\"SearchAction\",\"target\":{\"@type\":\"EntryPoint\",\"urlTemplate\":\"https:\/\/www.gdirekt.se\/?s={search_term_string}\"},\"query-input\":{\"@type\":\"PropertyValueSpecification\",\"valueRequired\":true,\"valueName\":\"search_term_string\"}}],\"inLanguage\":\"da-DK\"}]}<\/script>\n<!-- \/ Yoast SEO plugin. -->","yoast_head_json":{"title":"Skraldesp\u00e6nder til at ops\u00e6tte facade banner | Gdirekt.se","description":"Skraldesp\u00e6nder med sp\u00e6nderem passer til vore Keder-lister, der anvendes til oph\u00e6ngning af facadebannere og scenet\u00e6pper. Leverer vi direkte fra vores lager!","robots":{"index":"index","follow":"follow","max-snippet":"max-snippet:-1","max-image-preview":"max-image-preview:large","max-video-preview":"max-video-preview:-1"},"canonical":"https:\/\/www.gdirekt.se\/da\/produkt\/skraldespaender\/","og_locale":"da_DK","og_type":"article","og_title":"Skraldesp\u00e6nder til at ops\u00e6tte facade banner | Gdirekt.se","og_description":"Skraldesp\u00e6nder med sp\u00e6nderem passer til vore Keder-lister, der anvendes til oph\u00e6ngning af facadebannere og scenet\u00e6pper. Leverer vi direkte fra vores lager!","og_url":"https:\/\/www.gdirekt.se\/da\/produkt\/skraldespaender\/","og_site_name":"Gdirekt.se","article_modified_time":"2024-02-01T08:36:56+00:00","og_image":[{"width":1000,"height":1000,"url":"https:\/\/www.gdirekt.se\/wp-content\/uploads\/pumpspannare.png","type":"image\/png"}],"twitter_card":"summary_large_image","twitter_misc":{"Estimeret l\u00e6setid":"1 minut"},"schema":{"@context":"https:\/\/schema.org","@graph":[{"@type":"WebPage","@id":"https:\/\/www.gdirekt.se\/da\/produkt\/skraldespaender\/","url":"https:\/\/www.gdirekt.se\/da\/produkt\/skraldespaender\/","name":"Skraldesp\u00e6nder til at ops\u00e6tte facade banner | Gdirekt.se","isPartOf":{"@id":"https:\/\/www.gdirekt.se\/#website"},"primaryImageOfPage":{"@id":"https:\/\/www.gdirekt.se\/da\/produkt\/skraldespaender\/#primaryimage"},"image":{"@id":"https:\/\/www.gdirekt.se\/da\/produkt\/skraldespaender\/#primaryimage"},"thumbnailUrl":"https:\/\/www.gdirekt.se\/wp-content\/uploads\/pumpspannare.png","datePublished":"2016-12-28T08:38:13+00:00","dateModified":"2024-02-01T08:36:56+00:00","description":"Skraldesp\u00e6nder med sp\u00e6nderem passer til vore Keder-lister, der anvendes til oph\u00e6ngning af facadebannere og scenet\u00e6pper. Leverer vi direkte fra vores lager!","breadcrumb":{"@id":"https:\/\/www.gdirekt.se\/da\/produkt\/skraldespaender\/#breadcrumb"},"inLanguage":"da-DK","potentialAction":[{"@type":"ReadAction","target":["https:\/\/www.gdirekt.se\/da\/produkt\/skraldespaender\/"]}]},{"@type":"ImageObject","inLanguage":"da-DK","@id":"https:\/\/www.gdirekt.se\/da\/produkt\/skraldespaender\/#primaryimage","url":"https:\/\/www.gdirekt.se\/wp-content\/uploads\/pumpspannare.png","contentUrl":"https:\/\/www.gdirekt.se\/wp-content\/uploads\/pumpspannare.png","width":1000,"height":1000,"caption":"Skraldesp\u00e6nder at montere op facadebannere med"},{"@type":"BreadcrumbList","@id":"https:\/\/www.gdirekt.se\/da\/produkt\/skraldespaender\/#breadcrumb","itemListElement":[{"@type":"ListItem","position":1,"name":"Hem","item":"https:\/\/www.gdirekt.se\/da\/"},{"@type":"ListItem","position":2,"name":"Start","item":"https:\/\/www.gdirekt.se\/da\/"},{"@type":"ListItem","position":3,"name":"Skraldesp\u00e6nder"}]},{"@type":"WebSite","@id":"https:\/\/www.gdirekt.se\/#website","url":"https:\/\/www.gdirekt.se\/","name":"Gdirekt.se","description":"Tryck snabbt \u00e5 l\u00e4tt = Gdirekt","potentialAction":[{"@type":"SearchAction","target":{"@type":"EntryPoint","urlTemplate":"https:\/\/www.gdirekt.se\/?s={search_term_string}"},"query-input":{"@type":"PropertyValueSpecification","valueRequired":true,"valueName":"search_term_string"}}],"inLanguage":"da-DK"}]}},"_links":{"self":[{"href":"https:\/\/www.gdirekt.se\/da\/wp-json\/wp\/v2\/product\/9222","targetHints":{"allow":["GET"]}}],"collection":[{"href":"https:\/\/www.gdirekt.se\/da\/wp-json\/wp\/v2\/product"}],"about":[{"href":"https:\/\/www.gdirekt.se\/da\/wp-json\/wp\/v2\/types\/product"}],"wp:featuredmedia":[{"embeddable":true,"href":"https:\/\/www.gdirekt.se\/da\/wp-json\/wp\/v2\/media\/8350"}],"wp:attachment":[{"href":"https:\/\/www.gdirekt.se\/da\/wp-json\/wp\/v2\/media?parent=9222"}],"wp:term":[{"taxonomy":"product_brand","embeddable":true,"href":"https:\/\/www.gdirekt.se\/da\/wp-json\/wp\/v2\/product_brand?post=9222"},{"taxonomy":"product_cat","embeddable":true,"href":"https:\/\/www.gdirekt.se\/da\/wp-json\/wp\/v2\/product_cat?post=9222"},{"taxonomy":"product_tag","embeddable":true,"href":"https:\/\/www.gdirekt.se\/da\/wp-json\/wp\/v2\/product_tag?post=9222"}],"curies":[{"name":"wp","href":"https:\/\/api.w.org\/{rel}","templated":true}]}}