{"id":9219,"date":"2017-02-08T14:26:53","date_gmt":"2017-02-08T13:26:53","guid":{"rendered":"http:\/\/gdirekt.hamstage.hamrenmedia.se\/produkt\/velcroband\/"},"modified":"2019-02-06T16:29:47","modified_gmt":"2019-02-06T15:29:47","slug":"velcroband","status":"publish","type":"product","link":"https:\/\/www.gdirekt.se\/da\/produkt\/velcroband\/","title":{"rendered":"Velcrob\u00e5nd"},"content":{"rendered":"<p><span lang=\"DA\">Velcrob\u00e5nd, som er selvh\u00e6ftende, anvendes til at fastg\u00f8re skilte og bannere. Velcrob\u00e5ndet er 20 mm bredt, og en hel rulle er 25 meter. Vi s\u00e6lger b\u00e5de kroge og l\u00f8kker separat. Den ene side af velcrob\u00e5ndet har en r\u00e6kke sm\u00e5 kroge i nylon, som sidder fast p\u00e5 en base af syntetisk materiale. Den anden side best\u00e5r af et stort antal l\u00f8kker, der sidder fast p\u00e5 et lignende b\u00e5nd. (Deraf det engelske navn &#8220;hook and loop&#8221;.)Idet velcrob\u00e5nd er s\u00e5 let at bruge, kan det bruges til en r\u00e6kke forskellige form\u00e5l, hvor der kr\u00e6ves en lejlighedsvis fastg\u00f8relse. Samme burreb\u00e5nd kan lukkes og \u00e5bnes igen mange, mange gange, f\u00f8r det er slidt op. S\u00e6lges metervis i de l\u00e6ngder, I skal bruge.<\/span><\/p>\n<p><span lang=\"DA\">Hvis I skal bruge andre materialer til at ops\u00e6tte skilte eller bannere, findes disse to sider:<span class=\"apple-converted-space\">\u00a0<\/span><\/span><span lang=\"DA\"><a href=\"https:\/\/www.gdirekt.se\/produkt-kategori\/skyltar-tillbehor\/\"><b><i>Skiltemateriale<\/i><\/b><\/a><\/span><span lang=\"DA\">og<span class=\"apple-converted-space\">\u00a0<\/span><\/span><span lang=\"DA\"><a href=\"https:\/\/www.gdirekt.se\/produkt-kategori\/banderoller-och-vepor-tillbehor\/\"><b><i>Tilbeh\u00f8r til bannere<\/i><\/b><\/a><\/span><span lang=\"DA\">.<\/span><\/p>\n","protected":false},"excerpt":{"rendered":"<p><span lang=\"DA\">Velcrob\u00e5nd med selvh\u00e6ftende klister bruges til at fastg\u00f8re skilte og bannere. Velcrob\u00e5ndet er 20 mm bredt, og en hel rulle er 25 meter. S\u00e6lges b\u00e5de kroge og l\u00f8kker separat metervis.<\/span><\/p>\n","protected":false},"featured_media":8506,"template":"","meta":{"_acf_changed":false},"product_brand":[],"product_cat":[367,379],"product_tag":[],"class_list":{"0":"post-9219","1":"product","2":"type-product","3":"status-publish","4":"has-post-thumbnail","6":"product_cat-bannere-og-facadebannere-tilbehoer","7":"product_cat-skilte-tilbehoer","8":"product_shipping_class-85kr-da","10":"first","11":"instock","12":"taxable","13":"shipping-taxable","14":"purchasable","15":"product-type-variable","16":"has-default-attributes"},"exclude_global_add_ons":[],"addons":[],"acf":[],"yoast_head":"<!-- This site is optimized with the Yoast SEO plugin v27.2 - https:\/\/yoast.com\/product\/yoast-seo-wordpress\/ -->\n<title>Velcrob\u00e5nd med selvh\u00e6ftende tilbage til skilt og bannere | Gdirekt.se<\/title>\n<meta name=\"description\" content=\"Velcrob\u00e5nd med selvh\u00e6ftende klister bruges til at fastg\u00f8re skilte og bannere. Velcrob\u00e5ndet er 25 mm bredt, og en hel rulle er 25 meter. S\u00e6lges metervis til en billig pris. Bestil allerede i dag, s\u00e5 leverer vi hurtigt!\" \/>\n<meta name=\"robots\" content=\"index, follow, max-snippet:-1, max-image-preview:large, max-video-preview:-1\" \/>\n<link rel=\"canonical\" href=\"https:\/\/www.gdirekt.se\/da\/produkt\/velcroband\/\" \/>\n<meta property=\"og:locale\" content=\"da_DK\" \/>\n<meta property=\"og:type\" content=\"article\" \/>\n<meta property=\"og:title\" content=\"Velcrob\u00e5nd med selvh\u00e6ftende tilbage til skilt og bannere | Gdirekt.se\" \/>\n<meta property=\"og:description\" content=\"Velcrob\u00e5nd med selvh\u00e6ftende klister bruges til at fastg\u00f8re skilte og bannere. Velcrob\u00e5ndet er 25 mm bredt, og en hel rulle er 25 meter. S\u00e6lges metervis til en billig pris. Bestil allerede i dag, s\u00e5 leverer vi hurtigt!\" \/>\n<meta property=\"og:url\" content=\"https:\/\/www.gdirekt.se\/da\/produkt\/velcroband\/\" \/>\n<meta property=\"og:site_name\" content=\"Gdirekt.se\" \/>\n<meta property=\"article:modified_time\" content=\"2019-02-06T15:29:47+00:00\" \/>\n<meta property=\"og:image\" content=\"https:\/\/www.gdirekt.se\/wp-content\/uploads\/karborre.png\" \/>\n\t<meta property=\"og:image:width\" content=\"1000\" \/>\n\t<meta property=\"og:image:height\" content=\"1000\" \/>\n\t<meta property=\"og:image:type\" content=\"image\/png\" \/>\n<meta name=\"twitter:card\" content=\"summary_large_image\" \/>\n<meta name=\"twitter:label1\" content=\"Estimeret l\u00e6setid\" \/>\n\t<meta name=\"twitter:data1\" content=\"1 minut\" \/>\n<script type=\"application\/ld+json\" class=\"yoast-schema-graph\">{\"@context\":\"https:\/\/schema.org\",\"@graph\":[{\"@type\":\"WebPage\",\"@id\":\"https:\/\/www.gdirekt.se\/da\/produkt\/velcroband\/\",\"url\":\"https:\/\/www.gdirekt.se\/da\/produkt\/velcroband\/\",\"name\":\"Velcrob\u00e5nd med selvh\u00e6ftende tilbage til skilt og bannere | Gdirekt.se\",\"isPartOf\":{\"@id\":\"https:\/\/www.gdirekt.se\/#website\"},\"primaryImageOfPage\":{\"@id\":\"https:\/\/www.gdirekt.se\/da\/produkt\/velcroband\/#primaryimage\"},\"image\":{\"@id\":\"https:\/\/www.gdirekt.se\/da\/produkt\/velcroband\/#primaryimage\"},\"thumbnailUrl\":\"https:\/\/www.gdirekt.se\/wp-content\/uploads\/karborre.png\",\"datePublished\":\"2017-02-08T13:26:53+00:00\",\"dateModified\":\"2019-02-06T15:29:47+00:00\",\"description\":\"Velcrob\u00e5nd med selvh\u00e6ftende klister bruges til at fastg\u00f8re skilte og bannere. Velcrob\u00e5ndet er 25 mm bredt, og en hel rulle er 25 meter. S\u00e6lges metervis til en billig pris. Bestil allerede i dag, s\u00e5 leverer vi hurtigt!\",\"breadcrumb\":{\"@id\":\"https:\/\/www.gdirekt.se\/da\/produkt\/velcroband\/#breadcrumb\"},\"inLanguage\":\"da-DK\",\"potentialAction\":[{\"@type\":\"ReadAction\",\"target\":[\"https:\/\/www.gdirekt.se\/da\/produkt\/velcroband\/\"]}]},{\"@type\":\"ImageObject\",\"inLanguage\":\"da-DK\",\"@id\":\"https:\/\/www.gdirekt.se\/da\/produkt\/velcroband\/#primaryimage\",\"url\":\"https:\/\/www.gdirekt.se\/wp-content\/uploads\/karborre.png\",\"contentUrl\":\"https:\/\/www.gdirekt.se\/wp-content\/uploads\/karborre.png\",\"width\":1000,\"height\":1000,\"caption\":\"Velcrob\u00e5nd kroge og l\u00f8kker\"},{\"@type\":\"BreadcrumbList\",\"@id\":\"https:\/\/www.gdirekt.se\/da\/produkt\/velcroband\/#breadcrumb\",\"itemListElement\":[{\"@type\":\"ListItem\",\"position\":1,\"name\":\"Hem\",\"item\":\"https:\/\/www.gdirekt.se\/da\/\"},{\"@type\":\"ListItem\",\"position\":2,\"name\":\"Start\",\"item\":\"https:\/\/www.gdirekt.se\/da\/\"},{\"@type\":\"ListItem\",\"position\":3,\"name\":\"Velcrob\u00e5nd\"}]},{\"@type\":\"WebSite\",\"@id\":\"https:\/\/www.gdirekt.se\/#website\",\"url\":\"https:\/\/www.gdirekt.se\/\",\"name\":\"Gdirekt.se\",\"description\":\"Tryck snabbt \u00e5 l\u00e4tt = Gdirekt\",\"potentialAction\":[{\"@type\":\"SearchAction\",\"target\":{\"@type\":\"EntryPoint\",\"urlTemplate\":\"https:\/\/www.gdirekt.se\/?s={search_term_string}\"},\"query-input\":{\"@type\":\"PropertyValueSpecification\",\"valueRequired\":true,\"valueName\":\"search_term_string\"}}],\"inLanguage\":\"da-DK\"}]}<\/script>\n<!-- \/ Yoast SEO plugin. -->","yoast_head_json":{"title":"Velcrob\u00e5nd med selvh\u00e6ftende tilbage til skilt og bannere | Gdirekt.se","description":"Velcrob\u00e5nd med selvh\u00e6ftende klister bruges til at fastg\u00f8re skilte og bannere. Velcrob\u00e5ndet er 25 mm bredt, og en hel rulle er 25 meter. S\u00e6lges metervis til en billig pris. Bestil allerede i dag, s\u00e5 leverer vi hurtigt!","robots":{"index":"index","follow":"follow","max-snippet":"max-snippet:-1","max-image-preview":"max-image-preview:large","max-video-preview":"max-video-preview:-1"},"canonical":"https:\/\/www.gdirekt.se\/da\/produkt\/velcroband\/","og_locale":"da_DK","og_type":"article","og_title":"Velcrob\u00e5nd med selvh\u00e6ftende tilbage til skilt og bannere | Gdirekt.se","og_description":"Velcrob\u00e5nd med selvh\u00e6ftende klister bruges til at fastg\u00f8re skilte og bannere. Velcrob\u00e5ndet er 25 mm bredt, og en hel rulle er 25 meter. S\u00e6lges metervis til en billig pris. Bestil allerede i dag, s\u00e5 leverer vi hurtigt!","og_url":"https:\/\/www.gdirekt.se\/da\/produkt\/velcroband\/","og_site_name":"Gdirekt.se","article_modified_time":"2019-02-06T15:29:47+00:00","og_image":[{"width":1000,"height":1000,"url":"https:\/\/www.gdirekt.se\/wp-content\/uploads\/karborre.png","type":"image\/png"}],"twitter_card":"summary_large_image","twitter_misc":{"Estimeret l\u00e6setid":"1 minut"},"schema":{"@context":"https:\/\/schema.org","@graph":[{"@type":"WebPage","@id":"https:\/\/www.gdirekt.se\/da\/produkt\/velcroband\/","url":"https:\/\/www.gdirekt.se\/da\/produkt\/velcroband\/","name":"Velcrob\u00e5nd med selvh\u00e6ftende tilbage til skilt og bannere | Gdirekt.se","isPartOf":{"@id":"https:\/\/www.gdirekt.se\/#website"},"primaryImageOfPage":{"@id":"https:\/\/www.gdirekt.se\/da\/produkt\/velcroband\/#primaryimage"},"image":{"@id":"https:\/\/www.gdirekt.se\/da\/produkt\/velcroband\/#primaryimage"},"thumbnailUrl":"https:\/\/www.gdirekt.se\/wp-content\/uploads\/karborre.png","datePublished":"2017-02-08T13:26:53+00:00","dateModified":"2019-02-06T15:29:47+00:00","description":"Velcrob\u00e5nd med selvh\u00e6ftende klister bruges til at fastg\u00f8re skilte og bannere. Velcrob\u00e5ndet er 25 mm bredt, og en hel rulle er 25 meter. S\u00e6lges metervis til en billig pris. Bestil allerede i dag, s\u00e5 leverer vi hurtigt!","breadcrumb":{"@id":"https:\/\/www.gdirekt.se\/da\/produkt\/velcroband\/#breadcrumb"},"inLanguage":"da-DK","potentialAction":[{"@type":"ReadAction","target":["https:\/\/www.gdirekt.se\/da\/produkt\/velcroband\/"]}]},{"@type":"ImageObject","inLanguage":"da-DK","@id":"https:\/\/www.gdirekt.se\/da\/produkt\/velcroband\/#primaryimage","url":"https:\/\/www.gdirekt.se\/wp-content\/uploads\/karborre.png","contentUrl":"https:\/\/www.gdirekt.se\/wp-content\/uploads\/karborre.png","width":1000,"height":1000,"caption":"Velcrob\u00e5nd kroge og l\u00f8kker"},{"@type":"BreadcrumbList","@id":"https:\/\/www.gdirekt.se\/da\/produkt\/velcroband\/#breadcrumb","itemListElement":[{"@type":"ListItem","position":1,"name":"Hem","item":"https:\/\/www.gdirekt.se\/da\/"},{"@type":"ListItem","position":2,"name":"Start","item":"https:\/\/www.gdirekt.se\/da\/"},{"@type":"ListItem","position":3,"name":"Velcrob\u00e5nd"}]},{"@type":"WebSite","@id":"https:\/\/www.gdirekt.se\/#website","url":"https:\/\/www.gdirekt.se\/","name":"Gdirekt.se","description":"Tryck snabbt \u00e5 l\u00e4tt = Gdirekt","potentialAction":[{"@type":"SearchAction","target":{"@type":"EntryPoint","urlTemplate":"https:\/\/www.gdirekt.se\/?s={search_term_string}"},"query-input":{"@type":"PropertyValueSpecification","valueRequired":true,"valueName":"search_term_string"}}],"inLanguage":"da-DK"}]}},"_links":{"self":[{"href":"https:\/\/www.gdirekt.se\/da\/wp-json\/wp\/v2\/product\/9219","targetHints":{"allow":["GET"]}}],"collection":[{"href":"https:\/\/www.gdirekt.se\/da\/wp-json\/wp\/v2\/product"}],"about":[{"href":"https:\/\/www.gdirekt.se\/da\/wp-json\/wp\/v2\/types\/product"}],"wp:featuredmedia":[{"embeddable":true,"href":"https:\/\/www.gdirekt.se\/da\/wp-json\/wp\/v2\/media\/8506"}],"wp:attachment":[{"href":"https:\/\/www.gdirekt.se\/da\/wp-json\/wp\/v2\/media?parent=9219"}],"wp:term":[{"taxonomy":"product_brand","embeddable":true,"href":"https:\/\/www.gdirekt.se\/da\/wp-json\/wp\/v2\/product_brand?post=9219"},{"taxonomy":"product_cat","embeddable":true,"href":"https:\/\/www.gdirekt.se\/da\/wp-json\/wp\/v2\/product_cat?post=9219"},{"taxonomy":"product_tag","embeddable":true,"href":"https:\/\/www.gdirekt.se\/da\/wp-json\/wp\/v2\/product_tag?post=9219"}],"curies":[{"name":"wp","href":"https:\/\/api.w.org\/{rel}","templated":true}]}}