{"id":9218,"date":"2016-12-05T20:35:24","date_gmt":"2016-12-05T19:35:24","guid":{"rendered":"http:\/\/gdirekt.hamstage.hamrenmedia.se\/produkt\/exl-bannerstander\/"},"modified":"2024-02-01T09:37:17","modified_gmt":"2024-02-01T08:37:17","slug":"exl-bannerstander","status":"publish","type":"product","link":"https:\/\/www.gdirekt.se\/da\/produkt\/exl-bannerstander\/","title":{"rendered":"EXL bannerstander"},"content":{"rendered":"<p>EXL bannerstander hj\u00e6lper dig med at opsp\u00e6nde bannere, der er 300 x 100 cm eller 200 x 100 cm store. Der medf\u00f8lger to jordskruer, to glasfiberr\u00f8r med fastg\u00f8relsespunkt til stropper, seks sp\u00e6ndingsanordninger til fastsp\u00e6nding af banneret samt fire st\u00f8ttestager i form af flagliner og jordspyd. Leveres i en sort taske.<\/p>\n<p>Bannerstativ til dig, der vil sp\u00e6nde banneret op p\u00e5 gr\u00e6s, jord eller sne. Anvendes til events, i\u00a0idr\u00e6tsforeninger eller butikker. Bannerstanderen med banner n\u00e5r en h\u00f8jde p\u00e5 120 cm. Vi lagerf\u00f8rer disse EXL bannerstandere, s\u00e5 vi kan levere fra vores fabrik i Norrk\u00f6ping. Der er salgskontorer i flere byer i Sverige. Alle disse byer: Stockholm, G\u00f6teborg, Malm\u00f6, Oslo, K\u00f8benhavn, N\u00e4ssj\u00f6, V\u00e4ster\u00e5s, Link\u00f6ping. S\u00e5 fra det sydlige Sverige op til midten af landet. Det skal v\u00e6re enkelt at k\u00f8be EXL bannerstander.<\/p>\n<p>K\u00f8b banner oveni, dette er kun standeren.<\/p>\n","protected":false},"excerpt":{"rendered":"<p>EXL bannerstander hj\u00e6lper dig med at sp\u00e6nde bannere, der er 3&#215;1 meter eller 2&#215;1 meter. Den omfatter to jordskruer, to glasfiberr\u00f8r med b\u00f8jlebeslag, seks sp\u00e6ndebeslag til fastg\u00f8relse af bannere samt fire underst\u00f8tninger i form af flaglinier og jordsp\u00e5ner. Leveres i en pose, hvor et banner ogs\u00e5 kan passe. K\u00f8b til banner nedenfor.<\/p>\n","protected":false},"featured_media":8238,"template":"","meta":{"_acf_changed":false},"product_brand":[],"product_cat":[367,356],"product_tag":[],"class_list":{"0":"post-9218","1":"product","2":"type-product","3":"status-publish","4":"has-post-thumbnail","6":"product_cat-bannere-og-facadebannere-tilbehoer","7":"product_cat-udendoersskilte-og-expo","8":"product_shipping_class-180sek","10":"first","11":"instock","12":"taxable","13":"shipping-taxable","14":"purchasable","15":"product-type-simple"},"exclude_global_add_ons":[],"addons":[],"acf":[],"yoast_head":"<!-- This site is optimized with the Yoast SEO plugin v27.2 - https:\/\/yoast.com\/product\/yoast-seo-wordpress\/ -->\n<title>EXL bannerstander | Gdirekt.se<\/title>\n<meta name=\"description\" content=\"EXL bannerstander hj\u00e6lper dig med at opsp\u00e6nde bannere, som er 3 x 1 meter eller 2 x 1 meter. Leveres i taske, hvor der ogs\u00e5 er plads til banneret. Smart oph\u00e6ngning af banner med f\u00f8dder til gr\u00e6s, jord og sne. Hurtig levering ved bestilling.\" \/>\n<meta name=\"robots\" content=\"index, follow, max-snippet:-1, max-image-preview:large, max-video-preview:-1\" \/>\n<link rel=\"canonical\" href=\"https:\/\/www.gdirekt.se\/da\/produkt\/exl-bannerstander\/\" \/>\n<meta property=\"og:locale\" content=\"da_DK\" \/>\n<meta property=\"og:type\" content=\"article\" \/>\n<meta property=\"og:title\" content=\"EXL bannerstander | Gdirekt.se\" \/>\n<meta property=\"og:description\" content=\"EXL bannerstander hj\u00e6lper dig med at opsp\u00e6nde bannere, som er 3 x 1 meter eller 2 x 1 meter. Leveres i taske, hvor der ogs\u00e5 er plads til banneret. Smart oph\u00e6ngning af banner med f\u00f8dder til gr\u00e6s, jord og sne. Hurtig levering ved bestilling.\" \/>\n<meta property=\"og:url\" content=\"https:\/\/www.gdirekt.se\/da\/produkt\/exl-bannerstander\/\" \/>\n<meta property=\"og:site_name\" content=\"Gdirekt.se\" \/>\n<meta property=\"article:modified_time\" content=\"2024-02-01T08:37:17+00:00\" \/>\n<meta property=\"og:image\" content=\"https:\/\/www.gdirekt.se\/wp-content\/uploads\/exlbanderoll.png\" \/>\n\t<meta property=\"og:image:width\" content=\"1000\" \/>\n\t<meta property=\"og:image:height\" content=\"1000\" \/>\n\t<meta property=\"og:image:type\" content=\"image\/png\" \/>\n<meta name=\"twitter:card\" content=\"summary_large_image\" \/>\n<meta name=\"twitter:label1\" content=\"Estimeret l\u00e6setid\" \/>\n\t<meta name=\"twitter:data1\" content=\"1 minut\" \/>\n<script type=\"application\/ld+json\" class=\"yoast-schema-graph\">{\"@context\":\"https:\/\/schema.org\",\"@graph\":[{\"@type\":\"WebPage\",\"@id\":\"https:\/\/www.gdirekt.se\/da\/produkt\/exl-bannerstander\/\",\"url\":\"https:\/\/www.gdirekt.se\/da\/produkt\/exl-bannerstander\/\",\"name\":\"EXL bannerstander | Gdirekt.se\",\"isPartOf\":{\"@id\":\"https:\/\/www.gdirekt.se\/#website\"},\"primaryImageOfPage\":{\"@id\":\"https:\/\/www.gdirekt.se\/da\/produkt\/exl-bannerstander\/#primaryimage\"},\"image\":{\"@id\":\"https:\/\/www.gdirekt.se\/da\/produkt\/exl-bannerstander\/#primaryimage\"},\"thumbnailUrl\":\"https:\/\/www.gdirekt.se\/wp-content\/uploads\/exlbanderoll.png\",\"datePublished\":\"2016-12-05T19:35:24+00:00\",\"dateModified\":\"2024-02-01T08:37:17+00:00\",\"description\":\"EXL bannerstander hj\u00e6lper dig med at opsp\u00e6nde bannere, som er 3 x 1 meter eller 2 x 1 meter. Leveres i taske, hvor der ogs\u00e5 er plads til banneret. Smart oph\u00e6ngning af banner med f\u00f8dder til gr\u00e6s, jord og sne. Hurtig levering ved bestilling.\",\"breadcrumb\":{\"@id\":\"https:\/\/www.gdirekt.se\/da\/produkt\/exl-bannerstander\/#breadcrumb\"},\"inLanguage\":\"da-DK\",\"potentialAction\":[{\"@type\":\"ReadAction\",\"target\":[\"https:\/\/www.gdirekt.se\/da\/produkt\/exl-bannerstander\/\"]}]},{\"@type\":\"ImageObject\",\"inLanguage\":\"da-DK\",\"@id\":\"https:\/\/www.gdirekt.se\/da\/produkt\/exl-bannerstander\/#primaryimage\",\"url\":\"https:\/\/www.gdirekt.se\/wp-content\/uploads\/exlbanderoll.png\",\"contentUrl\":\"https:\/\/www.gdirekt.se\/wp-content\/uploads\/exlbanderoll.png\",\"width\":1000,\"height\":1000,\"caption\":\"Banderollst\u00e4llning\"},{\"@type\":\"BreadcrumbList\",\"@id\":\"https:\/\/www.gdirekt.se\/da\/produkt\/exl-bannerstander\/#breadcrumb\",\"itemListElement\":[{\"@type\":\"ListItem\",\"position\":1,\"name\":\"Hem\",\"item\":\"https:\/\/www.gdirekt.se\/da\/\"},{\"@type\":\"ListItem\",\"position\":2,\"name\":\"Start\",\"item\":\"https:\/\/www.gdirekt.se\/da\/\"},{\"@type\":\"ListItem\",\"position\":3,\"name\":\"EXL bannerstander\"}]},{\"@type\":\"WebSite\",\"@id\":\"https:\/\/www.gdirekt.se\/#website\",\"url\":\"https:\/\/www.gdirekt.se\/\",\"name\":\"Gdirekt.se\",\"description\":\"Tryck snabbt \u00e5 l\u00e4tt = Gdirekt\",\"potentialAction\":[{\"@type\":\"SearchAction\",\"target\":{\"@type\":\"EntryPoint\",\"urlTemplate\":\"https:\/\/www.gdirekt.se\/?s={search_term_string}\"},\"query-input\":{\"@type\":\"PropertyValueSpecification\",\"valueRequired\":true,\"valueName\":\"search_term_string\"}}],\"inLanguage\":\"da-DK\"}]}<\/script>\n<!-- \/ Yoast SEO plugin. -->","yoast_head_json":{"title":"EXL bannerstander | Gdirekt.se","description":"EXL bannerstander hj\u00e6lper dig med at opsp\u00e6nde bannere, som er 3 x 1 meter eller 2 x 1 meter. Leveres i taske, hvor der ogs\u00e5 er plads til banneret. Smart oph\u00e6ngning af banner med f\u00f8dder til gr\u00e6s, jord og sne. Hurtig levering ved bestilling.","robots":{"index":"index","follow":"follow","max-snippet":"max-snippet:-1","max-image-preview":"max-image-preview:large","max-video-preview":"max-video-preview:-1"},"canonical":"https:\/\/www.gdirekt.se\/da\/produkt\/exl-bannerstander\/","og_locale":"da_DK","og_type":"article","og_title":"EXL bannerstander | Gdirekt.se","og_description":"EXL bannerstander hj\u00e6lper dig med at opsp\u00e6nde bannere, som er 3 x 1 meter eller 2 x 1 meter. Leveres i taske, hvor der ogs\u00e5 er plads til banneret. Smart oph\u00e6ngning af banner med f\u00f8dder til gr\u00e6s, jord og sne. Hurtig levering ved bestilling.","og_url":"https:\/\/www.gdirekt.se\/da\/produkt\/exl-bannerstander\/","og_site_name":"Gdirekt.se","article_modified_time":"2024-02-01T08:37:17+00:00","og_image":[{"width":1000,"height":1000,"url":"https:\/\/www.gdirekt.se\/wp-content\/uploads\/exlbanderoll.png","type":"image\/png"}],"twitter_card":"summary_large_image","twitter_misc":{"Estimeret l\u00e6setid":"1 minut"},"schema":{"@context":"https:\/\/schema.org","@graph":[{"@type":"WebPage","@id":"https:\/\/www.gdirekt.se\/da\/produkt\/exl-bannerstander\/","url":"https:\/\/www.gdirekt.se\/da\/produkt\/exl-bannerstander\/","name":"EXL bannerstander | Gdirekt.se","isPartOf":{"@id":"https:\/\/www.gdirekt.se\/#website"},"primaryImageOfPage":{"@id":"https:\/\/www.gdirekt.se\/da\/produkt\/exl-bannerstander\/#primaryimage"},"image":{"@id":"https:\/\/www.gdirekt.se\/da\/produkt\/exl-bannerstander\/#primaryimage"},"thumbnailUrl":"https:\/\/www.gdirekt.se\/wp-content\/uploads\/exlbanderoll.png","datePublished":"2016-12-05T19:35:24+00:00","dateModified":"2024-02-01T08:37:17+00:00","description":"EXL bannerstander hj\u00e6lper dig med at opsp\u00e6nde bannere, som er 3 x 1 meter eller 2 x 1 meter. Leveres i taske, hvor der ogs\u00e5 er plads til banneret. Smart oph\u00e6ngning af banner med f\u00f8dder til gr\u00e6s, jord og sne. Hurtig levering ved bestilling.","breadcrumb":{"@id":"https:\/\/www.gdirekt.se\/da\/produkt\/exl-bannerstander\/#breadcrumb"},"inLanguage":"da-DK","potentialAction":[{"@type":"ReadAction","target":["https:\/\/www.gdirekt.se\/da\/produkt\/exl-bannerstander\/"]}]},{"@type":"ImageObject","inLanguage":"da-DK","@id":"https:\/\/www.gdirekt.se\/da\/produkt\/exl-bannerstander\/#primaryimage","url":"https:\/\/www.gdirekt.se\/wp-content\/uploads\/exlbanderoll.png","contentUrl":"https:\/\/www.gdirekt.se\/wp-content\/uploads\/exlbanderoll.png","width":1000,"height":1000,"caption":"Banderollst\u00e4llning"},{"@type":"BreadcrumbList","@id":"https:\/\/www.gdirekt.se\/da\/produkt\/exl-bannerstander\/#breadcrumb","itemListElement":[{"@type":"ListItem","position":1,"name":"Hem","item":"https:\/\/www.gdirekt.se\/da\/"},{"@type":"ListItem","position":2,"name":"Start","item":"https:\/\/www.gdirekt.se\/da\/"},{"@type":"ListItem","position":3,"name":"EXL bannerstander"}]},{"@type":"WebSite","@id":"https:\/\/www.gdirekt.se\/#website","url":"https:\/\/www.gdirekt.se\/","name":"Gdirekt.se","description":"Tryck snabbt \u00e5 l\u00e4tt = Gdirekt","potentialAction":[{"@type":"SearchAction","target":{"@type":"EntryPoint","urlTemplate":"https:\/\/www.gdirekt.se\/?s={search_term_string}"},"query-input":{"@type":"PropertyValueSpecification","valueRequired":true,"valueName":"search_term_string"}}],"inLanguage":"da-DK"}]}},"_links":{"self":[{"href":"https:\/\/www.gdirekt.se\/da\/wp-json\/wp\/v2\/product\/9218","targetHints":{"allow":["GET"]}}],"collection":[{"href":"https:\/\/www.gdirekt.se\/da\/wp-json\/wp\/v2\/product"}],"about":[{"href":"https:\/\/www.gdirekt.se\/da\/wp-json\/wp\/v2\/types\/product"}],"wp:featuredmedia":[{"embeddable":true,"href":"https:\/\/www.gdirekt.se\/da\/wp-json\/wp\/v2\/media\/8238"}],"wp:attachment":[{"href":"https:\/\/www.gdirekt.se\/da\/wp-json\/wp\/v2\/media?parent=9218"}],"wp:term":[{"taxonomy":"product_brand","embeddable":true,"href":"https:\/\/www.gdirekt.se\/da\/wp-json\/wp\/v2\/product_brand?post=9218"},{"taxonomy":"product_cat","embeddable":true,"href":"https:\/\/www.gdirekt.se\/da\/wp-json\/wp\/v2\/product_cat?post=9218"},{"taxonomy":"product_tag","embeddable":true,"href":"https:\/\/www.gdirekt.se\/da\/wp-json\/wp\/v2\/product_tag?post=9218"}],"curies":[{"name":"wp","href":"https:\/\/api.w.org\/{rel}","templated":true}]}}