{"id":9214,"date":"2016-12-05T20:20:24","date_gmt":"2016-12-05T19:20:24","guid":{"rendered":"http:\/\/gdirekt.hamstage.hamrenmedia.se\/produkt\/bannerstropper\/"},"modified":"2019-02-15T11:38:13","modified_gmt":"2019-02-15T10:38:13","slug":"bannerstropper","status":"publish","type":"product","link":"https:\/\/www.gdirekt.se\/da\/produkt\/bannerstropper\/","title":{"rendered":"Bannerstropper"},"content":{"rendered":"<p><span lang=\"DA\">Bannerstropper bruges til oph\u00e6ng af bannere med sn\u00f8rehuller. Hos Gdirekt finder du b\u00e5de hvide bannerstropper og sorte bannerstropper. Man fastg\u00f8r disse elastiske snore gennem bannerets sn\u00f8rehuller. Fordelen ved denne monteringsmetode er, at n\u00e5r vinden bl\u00e6ser p\u00e5 banneret, giver det ingen h\u00e5rde ryk takket v\u00e6re de elastiske snore, hvilket forl\u00e6nger bannerets levetid betydeligt. Vi har masser af tilbeh\u00f8r og fastg\u00f8relsesanordninger til bannere. Og skal I bruge en bannerstander, kan I for eksempel kigge p\u00e5<span class=\"apple-converted-space\">\u00a0<\/span><\/span><span lang=\"DA\"><a href=\"https:\/\/www.gdirekt.se\/butik\/ljuslader\/exl-sarg\/\">denne stander<\/a><\/span><strong><span lang=\"DA\">.<\/span><\/strong><\/p>\n<p><span lang=\"DA\">Skal I bruge hj\u00e6lp med monteringen, s\u00e5 ring til os p\u00e5 +46 (0)11-251515, eller send os en mail p\u00e5<span class=\"apple-converted-space\">\u00a0<\/span><\/span><span lang=\"DA\"><a><strong><i>info@gdirekt.se<\/i><\/strong><\/a><\/span><\/p>\n","protected":false},"excerpt":{"rendered":"<p><span lang=\"DA\">Bannerstropper g\u00f8r det let at h\u00e6nge et banner med sn\u00f8rehuller op. De er 12 cm lange og f\u00e5s i sort eller hvid. De er elastiske og har en krog, s\u00e5 det er let at h\u00e6nge banneret op. <\/span><\/p>\n","protected":false},"featured_media":16291,"template":"","meta":{"_acf_changed":false},"product_brand":[],"product_cat":[367],"product_tag":[],"class_list":{"0":"post-9214","1":"product","2":"type-product","3":"status-publish","4":"has-post-thumbnail","6":"product_cat-bannere-og-facadebannere-tilbehoer","7":"product_shipping_class-85kr-da","9":"first","10":"instock","11":"taxable","12":"shipping-taxable","13":"purchasable","14":"product-type-variable","15":"has-default-attributes"},"exclude_global_add_ons":[],"addons":[],"acf":[],"yoast_head":"<!-- This site is optimized with the Yoast SEO plugin v27.2 - https:\/\/yoast.com\/product\/yoast-seo-wordpress\/ -->\n<title>Bannerstropper med krog og elastik, hurtig forsendelse | Gdirekt.se<\/title>\n<meta name=\"description\" content=\"Bannerstropper g\u00f8r det let at h\u00e6nge et banner med sn\u00f8rehuller op. De er 12 cm lange og f\u00e5s i sort eller hvid. De er elastiske og har en krog, s\u00e5 det er let at h\u00e6nge banneret op. Billig pris og hurtig levering direkte fra vores fabrik.\" \/>\n<meta name=\"robots\" content=\"index, follow, max-snippet:-1, max-image-preview:large, max-video-preview:-1\" \/>\n<link rel=\"canonical\" href=\"https:\/\/www.gdirekt.se\/da\/produkt\/bannerstropper\/\" \/>\n<meta property=\"og:locale\" content=\"da_DK\" \/>\n<meta property=\"og:type\" content=\"article\" \/>\n<meta property=\"og:title\" content=\"Bannerstropper med krog og elastik, hurtig forsendelse | Gdirekt.se\" \/>\n<meta property=\"og:description\" content=\"Bannerstropper g\u00f8r det let at h\u00e6nge et banner med sn\u00f8rehuller op. De er 12 cm lange og f\u00e5s i sort eller hvid. De er elastiske og har en krog, s\u00e5 det er let at h\u00e6nge banneret op. Billig pris og hurtig levering direkte fra vores fabrik.\" \/>\n<meta property=\"og:url\" content=\"https:\/\/www.gdirekt.se\/da\/produkt\/bannerstropper\/\" \/>\n<meta property=\"og:site_name\" content=\"Gdirekt.se\" \/>\n<meta property=\"article:modified_time\" content=\"2019-02-15T10:38:13+00:00\" \/>\n<meta property=\"og:image\" content=\"https:\/\/www.gdirekt.se\/wp-content\/uploads\/banderollsnoddar-1.png\" \/>\n\t<meta property=\"og:image:width\" content=\"1000\" \/>\n\t<meta property=\"og:image:height\" content=\"1000\" \/>\n\t<meta property=\"og:image:type\" content=\"image\/png\" \/>\n<meta name=\"twitter:card\" content=\"summary_large_image\" \/>\n<meta name=\"twitter:label1\" content=\"Estimeret l\u00e6setid\" \/>\n\t<meta name=\"twitter:data1\" content=\"1 minut\" \/>\n<script type=\"application\/ld+json\" class=\"yoast-schema-graph\">{\"@context\":\"https:\/\/schema.org\",\"@graph\":[{\"@type\":\"WebPage\",\"@id\":\"https:\/\/www.gdirekt.se\/da\/produkt\/bannerstropper\/\",\"url\":\"https:\/\/www.gdirekt.se\/da\/produkt\/bannerstropper\/\",\"name\":\"Bannerstropper med krog og elastik, hurtig forsendelse | Gdirekt.se\",\"isPartOf\":{\"@id\":\"https:\/\/www.gdirekt.se\/#website\"},\"primaryImageOfPage\":{\"@id\":\"https:\/\/www.gdirekt.se\/da\/produkt\/bannerstropper\/#primaryimage\"},\"image\":{\"@id\":\"https:\/\/www.gdirekt.se\/da\/produkt\/bannerstropper\/#primaryimage\"},\"thumbnailUrl\":\"https:\/\/www.gdirekt.se\/wp-content\/uploads\/banderollsnoddar-1.png\",\"datePublished\":\"2016-12-05T19:20:24+00:00\",\"dateModified\":\"2019-02-15T10:38:13+00:00\",\"description\":\"Bannerstropper g\u00f8r det let at h\u00e6nge et banner med sn\u00f8rehuller op. De er 12 cm lange og f\u00e5s i sort eller hvid. De er elastiske og har en krog, s\u00e5 det er let at h\u00e6nge banneret op. Billig pris og hurtig levering direkte fra vores fabrik.\",\"breadcrumb\":{\"@id\":\"https:\/\/www.gdirekt.se\/da\/produkt\/bannerstropper\/#breadcrumb\"},\"inLanguage\":\"da-DK\",\"potentialAction\":[{\"@type\":\"ReadAction\",\"target\":[\"https:\/\/www.gdirekt.se\/da\/produkt\/bannerstropper\/\"]}]},{\"@type\":\"ImageObject\",\"inLanguage\":\"da-DK\",\"@id\":\"https:\/\/www.gdirekt.se\/da\/produkt\/bannerstropper\/#primaryimage\",\"url\":\"https:\/\/www.gdirekt.se\/wp-content\/uploads\/banderollsnoddar-1.png\",\"contentUrl\":\"https:\/\/www.gdirekt.se\/wp-content\/uploads\/banderollsnoddar-1.png\",\"width\":1000,\"height\":1000,\"caption\":\"Banderollsnoddar som \u00e4r elastisk resor med metall\"},{\"@type\":\"BreadcrumbList\",\"@id\":\"https:\/\/www.gdirekt.se\/da\/produkt\/bannerstropper\/#breadcrumb\",\"itemListElement\":[{\"@type\":\"ListItem\",\"position\":1,\"name\":\"Hem\",\"item\":\"https:\/\/www.gdirekt.se\/da\/\"},{\"@type\":\"ListItem\",\"position\":2,\"name\":\"Start\",\"item\":\"https:\/\/www.gdirekt.se\/da\/\"},{\"@type\":\"ListItem\",\"position\":3,\"name\":\"Bannerstropper\"}]},{\"@type\":\"WebSite\",\"@id\":\"https:\/\/www.gdirekt.se\/#website\",\"url\":\"https:\/\/www.gdirekt.se\/\",\"name\":\"Gdirekt.se\",\"description\":\"Tryck snabbt \u00e5 l\u00e4tt = Gdirekt\",\"potentialAction\":[{\"@type\":\"SearchAction\",\"target\":{\"@type\":\"EntryPoint\",\"urlTemplate\":\"https:\/\/www.gdirekt.se\/?s={search_term_string}\"},\"query-input\":{\"@type\":\"PropertyValueSpecification\",\"valueRequired\":true,\"valueName\":\"search_term_string\"}}],\"inLanguage\":\"da-DK\"}]}<\/script>\n<!-- \/ Yoast SEO plugin. -->","yoast_head_json":{"title":"Bannerstropper med krog og elastik, hurtig forsendelse | Gdirekt.se","description":"Bannerstropper g\u00f8r det let at h\u00e6nge et banner med sn\u00f8rehuller op. De er 12 cm lange og f\u00e5s i sort eller hvid. De er elastiske og har en krog, s\u00e5 det er let at h\u00e6nge banneret op. Billig pris og hurtig levering direkte fra vores fabrik.","robots":{"index":"index","follow":"follow","max-snippet":"max-snippet:-1","max-image-preview":"max-image-preview:large","max-video-preview":"max-video-preview:-1"},"canonical":"https:\/\/www.gdirekt.se\/da\/produkt\/bannerstropper\/","og_locale":"da_DK","og_type":"article","og_title":"Bannerstropper med krog og elastik, hurtig forsendelse | Gdirekt.se","og_description":"Bannerstropper g\u00f8r det let at h\u00e6nge et banner med sn\u00f8rehuller op. De er 12 cm lange og f\u00e5s i sort eller hvid. De er elastiske og har en krog, s\u00e5 det er let at h\u00e6nge banneret op. Billig pris og hurtig levering direkte fra vores fabrik.","og_url":"https:\/\/www.gdirekt.se\/da\/produkt\/bannerstropper\/","og_site_name":"Gdirekt.se","article_modified_time":"2019-02-15T10:38:13+00:00","og_image":[{"width":1000,"height":1000,"url":"https:\/\/www.gdirekt.se\/wp-content\/uploads\/banderollsnoddar-1.png","type":"image\/png"}],"twitter_card":"summary_large_image","twitter_misc":{"Estimeret l\u00e6setid":"1 minut"},"schema":{"@context":"https:\/\/schema.org","@graph":[{"@type":"WebPage","@id":"https:\/\/www.gdirekt.se\/da\/produkt\/bannerstropper\/","url":"https:\/\/www.gdirekt.se\/da\/produkt\/bannerstropper\/","name":"Bannerstropper med krog og elastik, hurtig forsendelse | Gdirekt.se","isPartOf":{"@id":"https:\/\/www.gdirekt.se\/#website"},"primaryImageOfPage":{"@id":"https:\/\/www.gdirekt.se\/da\/produkt\/bannerstropper\/#primaryimage"},"image":{"@id":"https:\/\/www.gdirekt.se\/da\/produkt\/bannerstropper\/#primaryimage"},"thumbnailUrl":"https:\/\/www.gdirekt.se\/wp-content\/uploads\/banderollsnoddar-1.png","datePublished":"2016-12-05T19:20:24+00:00","dateModified":"2019-02-15T10:38:13+00:00","description":"Bannerstropper g\u00f8r det let at h\u00e6nge et banner med sn\u00f8rehuller op. De er 12 cm lange og f\u00e5s i sort eller hvid. De er elastiske og har en krog, s\u00e5 det er let at h\u00e6nge banneret op. Billig pris og hurtig levering direkte fra vores fabrik.","breadcrumb":{"@id":"https:\/\/www.gdirekt.se\/da\/produkt\/bannerstropper\/#breadcrumb"},"inLanguage":"da-DK","potentialAction":[{"@type":"ReadAction","target":["https:\/\/www.gdirekt.se\/da\/produkt\/bannerstropper\/"]}]},{"@type":"ImageObject","inLanguage":"da-DK","@id":"https:\/\/www.gdirekt.se\/da\/produkt\/bannerstropper\/#primaryimage","url":"https:\/\/www.gdirekt.se\/wp-content\/uploads\/banderollsnoddar-1.png","contentUrl":"https:\/\/www.gdirekt.se\/wp-content\/uploads\/banderollsnoddar-1.png","width":1000,"height":1000,"caption":"Banderollsnoddar som \u00e4r elastisk resor med metall"},{"@type":"BreadcrumbList","@id":"https:\/\/www.gdirekt.se\/da\/produkt\/bannerstropper\/#breadcrumb","itemListElement":[{"@type":"ListItem","position":1,"name":"Hem","item":"https:\/\/www.gdirekt.se\/da\/"},{"@type":"ListItem","position":2,"name":"Start","item":"https:\/\/www.gdirekt.se\/da\/"},{"@type":"ListItem","position":3,"name":"Bannerstropper"}]},{"@type":"WebSite","@id":"https:\/\/www.gdirekt.se\/#website","url":"https:\/\/www.gdirekt.se\/","name":"Gdirekt.se","description":"Tryck snabbt \u00e5 l\u00e4tt = Gdirekt","potentialAction":[{"@type":"SearchAction","target":{"@type":"EntryPoint","urlTemplate":"https:\/\/www.gdirekt.se\/?s={search_term_string}"},"query-input":{"@type":"PropertyValueSpecification","valueRequired":true,"valueName":"search_term_string"}}],"inLanguage":"da-DK"}]}},"_links":{"self":[{"href":"https:\/\/www.gdirekt.se\/da\/wp-json\/wp\/v2\/product\/9214","targetHints":{"allow":["GET"]}}],"collection":[{"href":"https:\/\/www.gdirekt.se\/da\/wp-json\/wp\/v2\/product"}],"about":[{"href":"https:\/\/www.gdirekt.se\/da\/wp-json\/wp\/v2\/types\/product"}],"wp:featuredmedia":[{"embeddable":true,"href":"https:\/\/www.gdirekt.se\/da\/wp-json\/wp\/v2\/media\/16291"}],"wp:attachment":[{"href":"https:\/\/www.gdirekt.se\/da\/wp-json\/wp\/v2\/media?parent=9214"}],"wp:term":[{"taxonomy":"product_brand","embeddable":true,"href":"https:\/\/www.gdirekt.se\/da\/wp-json\/wp\/v2\/product_brand?post=9214"},{"taxonomy":"product_cat","embeddable":true,"href":"https:\/\/www.gdirekt.se\/da\/wp-json\/wp\/v2\/product_cat?post=9214"},{"taxonomy":"product_tag","embeddable":true,"href":"https:\/\/www.gdirekt.se\/da\/wp-json\/wp\/v2\/product_tag?post=9214"}],"curies":[{"name":"wp","href":"https:\/\/api.w.org\/{rel}","templated":true}]}}