{"id":9174,"date":"2016-12-06T10:34:24","date_gmt":"2016-12-06T09:34:24","guid":{"rendered":"http:\/\/gdirekt.hamstage.hamrenmedia.se\/produkt\/meshbanner-i-standardformat\/"},"modified":"2019-12-13T10:01:00","modified_gmt":"2019-12-13T09:01:00","slug":"meshbanner-i-standardformat","status":"publish","type":"product","link":"https:\/\/www.gdirekt.se\/da\/produkt\/meshbanner-i-standardformat\/","title":{"rendered":"Meshbanner i standardformat"},"content":{"rendered":"<p><span lang=\"DA\">Meshbanner i standardformat vejer 450 gram og er i h\u00f8jeste kvalitet, s\u00e5 det holder i al slags vejr!<\/span><\/p>\n<p><span lang=\"DA\">Netbanner eller hulbanner, n\u00e6vnt ovenfor, i standardm\u00e5l vejer 350 gram og er i h\u00f8jeste kvalitet, s\u00e5 det holder i al slags vejr! De anvendes som stakitbannere og facadebilleder og lader vinden slippe igennem, idet meshbanneret har sm\u00e5 huller. Det er muligvis derfor, at en del kalder det et hulbanner!<\/span><\/p>\n<p><span lang=\"DA\">Bestil banner i standardformat. Banneret vejer 450 gram, er af h\u00f8jeste kvalitet og holder godt i al slags vejr! I kan v\u00e6lge mellem vores standardformater og bestille med hurtig levering. Vores sortiment har b\u00e5de st\u00f8rre og mindre bannere. Fordelen ved at bestille banner i standardformat er, at budskabet tilpasses til st\u00f8rrelsen.<\/span><\/p>\n<p><span lang=\"DA\">Vore egne netbannere er indk\u00f8bt i Europa, og vi producerer alt i Sverige p\u00e5 vores fabrik i Norrk\u00f6ping. Vi har personale og projektledere til at k\u00f8be meshbanner i standardformat i f\u00f8lgende byer: Stockholm, G\u00f6teborg, Malm\u00f6, Link\u00f6ping, V\u00e4ster\u00e5s, N\u00e4ssj\u00f6 samt Oslo og K\u00f8benhavn. Meshbannerne fra Gdirekt er i h\u00f8jeste kvalitet, og vi anvender milj\u00f8venlig farve uden opl\u00f8sningsmidler. Selve de trykte netvinyler produceres med s\u00e5kaldt UV-teknik, hvor farven spr\u00f8jtes p\u00e5 og t\u00f8rrer med en UV-lampe. Denne trykteknik p\u00e5 storformatsbannere g\u00f8r, at farven ikke blegner. Vi producerer vores egne meshbannere i standardformat\u00a0hele d\u00f8gnet rundt og leverer i hele Danmark. Normalt med Postnord, og hvis det virkelig haster, har vi vores egne bude hos Gdirekt, som bringer disse store bannere ud.<\/span><\/p>\n<p><span lang=\"DA\">Man handler trygt hos os p\u00e5 nettet, da vi er en p\u00e5lidelig virksomhed. Det skal v\u00e6re let og fleksibelt at trykke bannere. Vi s\u00f8rger for, at jeres reklamebannere i korrekt m\u00e5l leveres til tiden. En del billige netbannere p\u00e5 nettet holder ikke s\u00e5 godt. Derfor er det bedre at finde vores priser og f\u00e5 et meshbanner, som ikke er for tyndt. Vi anbefaler disse tykke meshbannere med eget tryk som reklameb\u00e6rere til kampagner og budskab med priser og anden information. De kan h\u00e6nges op mellem tr\u00e6er, p\u00e5 stakit eller p\u00e5 steder i trafikken.<\/span><\/p>\n<p><span lang=\"DA\">Har I ogs\u00e5 brug for<span class=\"apple-converted-space\">\u00a0<\/span><\/span><span lang=\"DA\"><a href=\"https:\/\/www.gdirekt.se\/produkt-kategori\/beachflaggor\/\"><b><i>strandflag,<\/i><\/b><\/a><\/span><span lang=\"DA\">findes det naturligvis ogs\u00e5!<\/span><\/p>\n<p><span lang=\"DA\">Vi efterbehandler meshbannerne med sn\u00f8rehuller eller syr l\u00f8begange til rundstave. Og skal der ekstra forst\u00e6rkning til, syr vi det p\u00e5. Er det speciall\u00f8sninger p\u00e5 bannerne til en event, ringer I bare til os p\u00e5 +46 (0)11-251515.<\/span><\/p>\n","protected":false},"excerpt":{"rendered":"<p>K\u00f8b meshbannere billigt i standardformat med god kvalitet og v\u00e6lg hvilken efterbehandling du \u00f8nsker. V\u00e6lg ogs\u00e5 tilbeh\u00f8r nedenfor &#8211; hurtigt og let &#8211; Gdirekt<\/p>\n","protected":false},"featured_media":8241,"template":"","meta":{"_acf_changed":false},"product_brand":[],"product_cat":[366,356],"product_tag":[],"class_list":{"0":"post-9174","1":"product","2":"type-product","3":"status-publish","4":"has-post-thumbnail","6":"product_cat-bannere-og-facadebannere","7":"product_cat-udendoersskilte-og-expo","9":"first","10":"instock","11":"taxable","12":"shipping-taxable","13":"purchasable","14":"product-type-variable","15":"has-default-attributes"},"exclude_global_add_ons":[],"addons":[],"acf":[],"yoast_head":"<!-- This site is optimized with the Yoast SEO plugin v27.2 - https:\/\/yoast.com\/product\/yoast-seo-wordpress\/ -->\n<title>Meshbanner i standardformat, bestil direkte fra leverand\u00f8ren | Gdirekt.se<\/title>\n<meta name=\"description\" content=\"K\u00f8b meshbanner i standardformat i god kvalitet, og v\u00e6lg hvilken efterbehandling, I \u00f8nsker. Kaldes ogs\u00e5 netbanner eller facadebanner med reklametekst. Trykt reklamebudskab er altid inkluderet i den billige pris. Vi har hurtig levering og supergod service, hvis du har sp\u00f8rgsm\u00e5l vedr\u00f8rende st\u00f8rrelser og skabeloner.\" \/>\n<meta name=\"robots\" content=\"index, follow, max-snippet:-1, max-image-preview:large, max-video-preview:-1\" \/>\n<link rel=\"canonical\" href=\"https:\/\/www.gdirekt.se\/da\/produkt\/meshbanner-i-standardformat\/\" \/>\n<meta property=\"og:locale\" content=\"da_DK\" \/>\n<meta property=\"og:type\" content=\"article\" \/>\n<meta property=\"og:title\" content=\"Meshbanner i standardformat, bestil direkte fra leverand\u00f8ren | Gdirekt.se\" \/>\n<meta property=\"og:description\" content=\"K\u00f8b meshbanner i standardformat i god kvalitet, og v\u00e6lg hvilken efterbehandling, I \u00f8nsker. Kaldes ogs\u00e5 netbanner eller facadebanner med reklametekst. Trykt reklamebudskab er altid inkluderet i den billige pris. Vi har hurtig levering og supergod service, hvis du har sp\u00f8rgsm\u00e5l vedr\u00f8rende st\u00f8rrelser og skabeloner.\" \/>\n<meta property=\"og:url\" content=\"https:\/\/www.gdirekt.se\/da\/produkt\/meshbanner-i-standardformat\/\" \/>\n<meta property=\"og:site_name\" content=\"Gdirekt.se\" \/>\n<meta property=\"article:modified_time\" content=\"2019-12-13T09:01:00+00:00\" \/>\n<meta property=\"og:image\" content=\"https:\/\/www.gdirekt.se\/wp-content\/uploads\/natbaderoll.png\" \/>\n\t<meta property=\"og:image:width\" content=\"1000\" \/>\n\t<meta property=\"og:image:height\" content=\"1000\" \/>\n\t<meta property=\"og:image:type\" content=\"image\/png\" \/>\n<meta name=\"twitter:card\" content=\"summary_large_image\" \/>\n<meta name=\"twitter:label1\" content=\"Estimeret l\u00e6setid\" \/>\n\t<meta name=\"twitter:data1\" content=\"2 minutter\" \/>\n<script type=\"application\/ld+json\" class=\"yoast-schema-graph\">{\"@context\":\"https:\/\/schema.org\",\"@graph\":[{\"@type\":\"WebPage\",\"@id\":\"https:\/\/www.gdirekt.se\/da\/produkt\/meshbanner-i-standardformat\/\",\"url\":\"https:\/\/www.gdirekt.se\/da\/produkt\/meshbanner-i-standardformat\/\",\"name\":\"Meshbanner i standardformat, bestil direkte fra leverand\u00f8ren | Gdirekt.se\",\"isPartOf\":{\"@id\":\"https:\/\/www.gdirekt.se\/#website\"},\"primaryImageOfPage\":{\"@id\":\"https:\/\/www.gdirekt.se\/da\/produkt\/meshbanner-i-standardformat\/#primaryimage\"},\"image\":{\"@id\":\"https:\/\/www.gdirekt.se\/da\/produkt\/meshbanner-i-standardformat\/#primaryimage\"},\"thumbnailUrl\":\"https:\/\/www.gdirekt.se\/wp-content\/uploads\/natbaderoll.png\",\"datePublished\":\"2016-12-06T09:34:24+00:00\",\"dateModified\":\"2019-12-13T09:01:00+00:00\",\"description\":\"K\u00f8b meshbanner i standardformat i god kvalitet, og v\u00e6lg hvilken efterbehandling, I \u00f8nsker. Kaldes ogs\u00e5 netbanner eller facadebanner med reklametekst. Trykt reklamebudskab er altid inkluderet i den billige pris. Vi har hurtig levering og supergod service, hvis du har sp\u00f8rgsm\u00e5l vedr\u00f8rende st\u00f8rrelser og skabeloner.\",\"breadcrumb\":{\"@id\":\"https:\/\/www.gdirekt.se\/da\/produkt\/meshbanner-i-standardformat\/#breadcrumb\"},\"inLanguage\":\"da-DK\",\"potentialAction\":[{\"@type\":\"ReadAction\",\"target\":[\"https:\/\/www.gdirekt.se\/da\/produkt\/meshbanner-i-standardformat\/\"]}]},{\"@type\":\"ImageObject\",\"inLanguage\":\"da-DK\",\"@id\":\"https:\/\/www.gdirekt.se\/da\/produkt\/meshbanner-i-standardformat\/#primaryimage\",\"url\":\"https:\/\/www.gdirekt.se\/wp-content\/uploads\/natbaderoll.png\",\"contentUrl\":\"https:\/\/www.gdirekt.se\/wp-content\/uploads\/natbaderoll.png\",\"width\":1000,\"height\":1000,\"caption\":\"Hule v\u00e6ve som kaldes netbanker eller mesh\"},{\"@type\":\"BreadcrumbList\",\"@id\":\"https:\/\/www.gdirekt.se\/da\/produkt\/meshbanner-i-standardformat\/#breadcrumb\",\"itemListElement\":[{\"@type\":\"ListItem\",\"position\":1,\"name\":\"Hem\",\"item\":\"https:\/\/www.gdirekt.se\/da\/\"},{\"@type\":\"ListItem\",\"position\":2,\"name\":\"Start\",\"item\":\"https:\/\/www.gdirekt.se\/da\/\"},{\"@type\":\"ListItem\",\"position\":3,\"name\":\"Meshbanner i standardformat\"}]},{\"@type\":\"WebSite\",\"@id\":\"https:\/\/www.gdirekt.se\/#website\",\"url\":\"https:\/\/www.gdirekt.se\/\",\"name\":\"Gdirekt.se\",\"description\":\"Tryck snabbt \u00e5 l\u00e4tt = Gdirekt\",\"potentialAction\":[{\"@type\":\"SearchAction\",\"target\":{\"@type\":\"EntryPoint\",\"urlTemplate\":\"https:\/\/www.gdirekt.se\/?s={search_term_string}\"},\"query-input\":{\"@type\":\"PropertyValueSpecification\",\"valueRequired\":true,\"valueName\":\"search_term_string\"}}],\"inLanguage\":\"da-DK\"}]}<\/script>\n<!-- \/ Yoast SEO plugin. -->","yoast_head_json":{"title":"Meshbanner i standardformat, bestil direkte fra leverand\u00f8ren | Gdirekt.se","description":"K\u00f8b meshbanner i standardformat i god kvalitet, og v\u00e6lg hvilken efterbehandling, I \u00f8nsker. Kaldes ogs\u00e5 netbanner eller facadebanner med reklametekst. Trykt reklamebudskab er altid inkluderet i den billige pris. Vi har hurtig levering og supergod service, hvis du har sp\u00f8rgsm\u00e5l vedr\u00f8rende st\u00f8rrelser og skabeloner.","robots":{"index":"index","follow":"follow","max-snippet":"max-snippet:-1","max-image-preview":"max-image-preview:large","max-video-preview":"max-video-preview:-1"},"canonical":"https:\/\/www.gdirekt.se\/da\/produkt\/meshbanner-i-standardformat\/","og_locale":"da_DK","og_type":"article","og_title":"Meshbanner i standardformat, bestil direkte fra leverand\u00f8ren | Gdirekt.se","og_description":"K\u00f8b meshbanner i standardformat i god kvalitet, og v\u00e6lg hvilken efterbehandling, I \u00f8nsker. Kaldes ogs\u00e5 netbanner eller facadebanner med reklametekst. Trykt reklamebudskab er altid inkluderet i den billige pris. Vi har hurtig levering og supergod service, hvis du har sp\u00f8rgsm\u00e5l vedr\u00f8rende st\u00f8rrelser og skabeloner.","og_url":"https:\/\/www.gdirekt.se\/da\/produkt\/meshbanner-i-standardformat\/","og_site_name":"Gdirekt.se","article_modified_time":"2019-12-13T09:01:00+00:00","og_image":[{"width":1000,"height":1000,"url":"https:\/\/www.gdirekt.se\/wp-content\/uploads\/natbaderoll.png","type":"image\/png"}],"twitter_card":"summary_large_image","twitter_misc":{"Estimeret l\u00e6setid":"2 minutter"},"schema":{"@context":"https:\/\/schema.org","@graph":[{"@type":"WebPage","@id":"https:\/\/www.gdirekt.se\/da\/produkt\/meshbanner-i-standardformat\/","url":"https:\/\/www.gdirekt.se\/da\/produkt\/meshbanner-i-standardformat\/","name":"Meshbanner i standardformat, bestil direkte fra leverand\u00f8ren | Gdirekt.se","isPartOf":{"@id":"https:\/\/www.gdirekt.se\/#website"},"primaryImageOfPage":{"@id":"https:\/\/www.gdirekt.se\/da\/produkt\/meshbanner-i-standardformat\/#primaryimage"},"image":{"@id":"https:\/\/www.gdirekt.se\/da\/produkt\/meshbanner-i-standardformat\/#primaryimage"},"thumbnailUrl":"https:\/\/www.gdirekt.se\/wp-content\/uploads\/natbaderoll.png","datePublished":"2016-12-06T09:34:24+00:00","dateModified":"2019-12-13T09:01:00+00:00","description":"K\u00f8b meshbanner i standardformat i god kvalitet, og v\u00e6lg hvilken efterbehandling, I \u00f8nsker. Kaldes ogs\u00e5 netbanner eller facadebanner med reklametekst. Trykt reklamebudskab er altid inkluderet i den billige pris. Vi har hurtig levering og supergod service, hvis du har sp\u00f8rgsm\u00e5l vedr\u00f8rende st\u00f8rrelser og skabeloner.","breadcrumb":{"@id":"https:\/\/www.gdirekt.se\/da\/produkt\/meshbanner-i-standardformat\/#breadcrumb"},"inLanguage":"da-DK","potentialAction":[{"@type":"ReadAction","target":["https:\/\/www.gdirekt.se\/da\/produkt\/meshbanner-i-standardformat\/"]}]},{"@type":"ImageObject","inLanguage":"da-DK","@id":"https:\/\/www.gdirekt.se\/da\/produkt\/meshbanner-i-standardformat\/#primaryimage","url":"https:\/\/www.gdirekt.se\/wp-content\/uploads\/natbaderoll.png","contentUrl":"https:\/\/www.gdirekt.se\/wp-content\/uploads\/natbaderoll.png","width":1000,"height":1000,"caption":"Hule v\u00e6ve som kaldes netbanker eller mesh"},{"@type":"BreadcrumbList","@id":"https:\/\/www.gdirekt.se\/da\/produkt\/meshbanner-i-standardformat\/#breadcrumb","itemListElement":[{"@type":"ListItem","position":1,"name":"Hem","item":"https:\/\/www.gdirekt.se\/da\/"},{"@type":"ListItem","position":2,"name":"Start","item":"https:\/\/www.gdirekt.se\/da\/"},{"@type":"ListItem","position":3,"name":"Meshbanner i standardformat"}]},{"@type":"WebSite","@id":"https:\/\/www.gdirekt.se\/#website","url":"https:\/\/www.gdirekt.se\/","name":"Gdirekt.se","description":"Tryck snabbt \u00e5 l\u00e4tt = Gdirekt","potentialAction":[{"@type":"SearchAction","target":{"@type":"EntryPoint","urlTemplate":"https:\/\/www.gdirekt.se\/?s={search_term_string}"},"query-input":{"@type":"PropertyValueSpecification","valueRequired":true,"valueName":"search_term_string"}}],"inLanguage":"da-DK"}]}},"_links":{"self":[{"href":"https:\/\/www.gdirekt.se\/da\/wp-json\/wp\/v2\/product\/9174","targetHints":{"allow":["GET"]}}],"collection":[{"href":"https:\/\/www.gdirekt.se\/da\/wp-json\/wp\/v2\/product"}],"about":[{"href":"https:\/\/www.gdirekt.se\/da\/wp-json\/wp\/v2\/types\/product"}],"wp:featuredmedia":[{"embeddable":true,"href":"https:\/\/www.gdirekt.se\/da\/wp-json\/wp\/v2\/media\/8241"}],"wp:attachment":[{"href":"https:\/\/www.gdirekt.se\/da\/wp-json\/wp\/v2\/media?parent=9174"}],"wp:term":[{"taxonomy":"product_brand","embeddable":true,"href":"https:\/\/www.gdirekt.se\/da\/wp-json\/wp\/v2\/product_brand?post=9174"},{"taxonomy":"product_cat","embeddable":true,"href":"https:\/\/www.gdirekt.se\/da\/wp-json\/wp\/v2\/product_cat?post=9174"},{"taxonomy":"product_tag","embeddable":true,"href":"https:\/\/www.gdirekt.se\/da\/wp-json\/wp\/v2\/product_tag?post=9174"}],"curies":[{"name":"wp","href":"https:\/\/api.w.org\/{rel}","templated":true}]}}