{"id":9168,"date":"2016-12-12T11:57:42","date_gmt":"2016-12-12T10:57:42","guid":{"rendered":"http:\/\/gdirekt.hamstage.hamrenmedia.se\/produkt\/meshbanner-i-egen-storrelse\/"},"modified":"2019-12-13T08:54:04","modified_gmt":"2019-12-13T07:54:04","slug":"meshbanner-i-egen-stoerrelse","status":"publish","type":"product","link":"https:\/\/www.gdirekt.se\/da\/produkt\/meshbanner-i-egen-stoerrelse\/","title":{"rendered":"Meshbanner i egen st\u00f8rrelse"},"content":{"rendered":"<p><span lang=\"DA\">Bestil meshbanner i din egen st\u00f8rrelse. Meshbanneret vejer 330 gram, er af h\u00f8jeste kvalitet og holder godt i al slags vejr! I kan v\u00e6lge, hvilket format I vil have, og bestille med hurtig levering. Store bannere i netvinyl op til fem meter brede fungerer fint. Fordelen ved at bestille meshbanner i egen st\u00f8rrelse er, at man tilpasser budskabet.<\/span><\/p>\n<p><span lang=\"DA\">Vore egne netbannere er indk\u00f8bt i Europa, og vi producerer alt i Sverige p\u00e5 vores fabrik i Norrk\u00f6ping. Vi har personale og projektledere til at k\u00f8be meshbanner i egen st\u00f8rrelse i f\u00f8lgende byer: Stockholm, G\u00f6teborg, Malm\u00f6, Link\u00f6ping, V\u00e4ster\u00e5s, N\u00e4ssj\u00f6 samt Oslo og K\u00f8benhavn. Meshbannerne fra Gdirekt er i h\u00f8jeste kvalitet, og vi anvender milj\u00f8venlig farve uden opl\u00f8sningsmidler. Selve de trykte meshbannere produceres med s\u00e5kaldt UV-teknik, hvor farven spr\u00f8jtes p\u00e5 og t\u00f8rrer med en UV-lampe. Denne trykteknik p\u00e5 storformatsbannere g\u00f8r, at farven ikke blegner. Vi producerer meshbannere i egen st\u00f8rrelse hele d\u00f8gnet rundt og leverer i hele Danmark. Normalt med Postnord, og hvis det virkelig haster, har vi vores egne bude hos Gdirekt, som bringer disse store bannere i netvinyl ud.<\/span><\/p>\n<p><span lang=\"DA\">Man handler trygt hos os p\u00e5 nettet, da vi er en p\u00e5lidelig virksomhed. Det skal v\u00e6re let og fleksibelt at trykke netbannere. Vi s\u00f8rger for, at jeres reklamebannere i mesh leveres til tiden. En del billige meshvinylbannere, som s\u00e6lges p\u00e5 nettet, holder ikke s\u00e5 godt. Derfor er det bedre at finde vores priser, som er gode, og man f\u00e5r et netbanner, som ikke er for tyndt. Vi anbefaler disse tykke meshbannere med eget tryk som reklameb\u00e6rere til kampagner og budskab med priser og anden information. De kan h\u00e6nges op mellem tr\u00e6er, p\u00e5 stakit eller p\u00e5 steder i trafikken. Her kan I se mere brugbart<span class=\"apple-converted-space\">\u00a0<\/span><\/span><span lang=\"DA\"><a href=\"https:\/\/www.gdirekt.se\/produkt-kategori\/banderoller-och-vepor-tillbehor\/\"><b><i>tilbeh\u00f8r<\/i><\/b><\/a><\/span><span lang=\"DA\">!<\/span><\/p>\n<p><span lang=\"DA\">Vi efterbehandler bannerne med sn\u00f8rehuller eller syr l\u00f8begange til rundstave. Og skal der ekstra forst\u00e6rkning til, syr vi det p\u00e5. Er det speciall\u00f8sninger p\u00e5 bannerne til en event, kan I ringe til os p\u00e5 +46 (0)11-251515.<\/span><\/p>\n<p><span lang=\"DA\">Vi efterbehandler bannerne med sn\u00f8rehuller eller syr l\u00f8begange til rundstave. Og skal der ekstra forst\u00e6rkning til, syr vi det p\u00e5. Er det speciall\u00f8sninger p\u00e5 bannerne til en event, kan I ringe til os p\u00e5 +46 (0)11-251515.<\/span><\/p>\n","protected":false},"excerpt":{"rendered":"<p><span lang=\"DA\">Bestil netbanner eller meshbanner i egen st\u00f8rrelse med holdbar kvalitet<\/span>\u00a0og v\u00e6lg hvilken\u00a0efterbehandling du \u00f8nsker. <span lang=\"DA\">Hurtigt og let <\/span> &#8211; Gdirekt<\/p>\n","protected":false},"featured_media":8263,"template":"","meta":{"_acf_changed":false},"product_brand":[],"product_cat":[366,356],"product_tag":[],"class_list":{"0":"post-9168","1":"product","2":"type-product","3":"status-publish","4":"has-post-thumbnail","6":"product_cat-bannere-og-facadebannere","7":"product_cat-udendoersskilte-og-expo","8":"product_shipping_class-250kr","10":"first","11":"instock","12":"taxable","13":"shipping-taxable","14":"purchasable","15":"product-type-variable","16":"has-default-attributes"},"exclude_global_add_ons":[],"addons":[],"acf":[],"yoast_head":"<!-- This site is optimized with the Yoast SEO plugin v27.2 - https:\/\/yoast.com\/product\/yoast-seo-wordpress\/ -->\n<title>Meshbanner i egen st\u00f8rrelse, k\u00f8b billigt med hurtig forsendelse | Gdirekt.se<\/title>\n<meta name=\"description\" content=\"Bestil netbanner eller meshbanner i egen st\u00f8rrelse med holdbar kvalitet. Trykte reklamebilleder p\u00e5 facadebannerne er inkluderet i den billige pris. Levering hver dag direkte fra vores fabrik. K\u00f8ber du meshbanner er milj\u00f8venligt print i farve p\u00e5 tekst og fotobillede altid inkluderet.\" \/>\n<meta name=\"robots\" content=\"index, follow, max-snippet:-1, max-image-preview:large, max-video-preview:-1\" \/>\n<link rel=\"canonical\" href=\"https:\/\/www.gdirekt.se\/da\/produkt\/meshbanner-i-egen-stoerrelse\/\" \/>\n<meta property=\"og:locale\" content=\"da_DK\" \/>\n<meta property=\"og:type\" content=\"article\" \/>\n<meta property=\"og:title\" content=\"Meshbanner i egen st\u00f8rrelse, k\u00f8b billigt med hurtig forsendelse | Gdirekt.se\" \/>\n<meta property=\"og:description\" content=\"Bestil netbanner eller meshbanner i egen st\u00f8rrelse med holdbar kvalitet. Trykte reklamebilleder p\u00e5 facadebannerne er inkluderet i den billige pris. Levering hver dag direkte fra vores fabrik. K\u00f8ber du meshbanner er milj\u00f8venligt print i farve p\u00e5 tekst og fotobillede altid inkluderet.\" \/>\n<meta property=\"og:url\" content=\"https:\/\/www.gdirekt.se\/da\/produkt\/meshbanner-i-egen-stoerrelse\/\" \/>\n<meta property=\"og:site_name\" content=\"Gdirekt.se\" \/>\n<meta property=\"article:modified_time\" content=\"2019-12-13T07:54:04+00:00\" \/>\n<meta property=\"og:image\" content=\"https:\/\/www.gdirekt.se\/wp-content\/uploads\/natbaderoll-1.png\" \/>\n\t<meta property=\"og:image:width\" content=\"1000\" \/>\n\t<meta property=\"og:image:height\" content=\"1000\" \/>\n\t<meta property=\"og:image:type\" content=\"image\/png\" \/>\n<meta name=\"twitter:card\" content=\"summary_large_image\" \/>\n<meta name=\"twitter:label1\" content=\"Estimeret l\u00e6setid\" \/>\n\t<meta name=\"twitter:data1\" content=\"2 minutter\" \/>\n<script type=\"application\/ld+json\" class=\"yoast-schema-graph\">{\"@context\":\"https:\/\/schema.org\",\"@graph\":[{\"@type\":\"WebPage\",\"@id\":\"https:\/\/www.gdirekt.se\/da\/produkt\/meshbanner-i-egen-stoerrelse\/\",\"url\":\"https:\/\/www.gdirekt.se\/da\/produkt\/meshbanner-i-egen-stoerrelse\/\",\"name\":\"Meshbanner i egen st\u00f8rrelse, k\u00f8b billigt med hurtig forsendelse | Gdirekt.se\",\"isPartOf\":{\"@id\":\"https:\/\/www.gdirekt.se\/#website\"},\"primaryImageOfPage\":{\"@id\":\"https:\/\/www.gdirekt.se\/da\/produkt\/meshbanner-i-egen-stoerrelse\/#primaryimage\"},\"image\":{\"@id\":\"https:\/\/www.gdirekt.se\/da\/produkt\/meshbanner-i-egen-stoerrelse\/#primaryimage\"},\"thumbnailUrl\":\"https:\/\/www.gdirekt.se\/wp-content\/uploads\/natbaderoll-1.png\",\"datePublished\":\"2016-12-12T10:57:42+00:00\",\"dateModified\":\"2019-12-13T07:54:04+00:00\",\"description\":\"Bestil netbanner eller meshbanner i egen st\u00f8rrelse med holdbar kvalitet. Trykte reklamebilleder p\u00e5 facadebannerne er inkluderet i den billige pris. Levering hver dag direkte fra vores fabrik. K\u00f8ber du meshbanner er milj\u00f8venligt print i farve p\u00e5 tekst og fotobillede altid inkluderet.\",\"breadcrumb\":{\"@id\":\"https:\/\/www.gdirekt.se\/da\/produkt\/meshbanner-i-egen-stoerrelse\/#breadcrumb\"},\"inLanguage\":\"da-DK\",\"potentialAction\":[{\"@type\":\"ReadAction\",\"target\":[\"https:\/\/www.gdirekt.se\/da\/produkt\/meshbanner-i-egen-stoerrelse\/\"]}]},{\"@type\":\"ImageObject\",\"inLanguage\":\"da-DK\",\"@id\":\"https:\/\/www.gdirekt.se\/da\/produkt\/meshbanner-i-egen-stoerrelse\/#primaryimage\",\"url\":\"https:\/\/www.gdirekt.se\/wp-content\/uploads\/natbaderoll-1.png\",\"contentUrl\":\"https:\/\/www.gdirekt.se\/wp-content\/uploads\/natbaderoll-1.png\",\"width\":1000,\"height\":1000,\"caption\":\"Netbanner till facadebanner\"},{\"@type\":\"BreadcrumbList\",\"@id\":\"https:\/\/www.gdirekt.se\/da\/produkt\/meshbanner-i-egen-stoerrelse\/#breadcrumb\",\"itemListElement\":[{\"@type\":\"ListItem\",\"position\":1,\"name\":\"Hem\",\"item\":\"https:\/\/www.gdirekt.se\/da\/\"},{\"@type\":\"ListItem\",\"position\":2,\"name\":\"Start\",\"item\":\"https:\/\/www.gdirekt.se\/da\/\"},{\"@type\":\"ListItem\",\"position\":3,\"name\":\"Meshbanner i egen st\u00f8rrelse\"}]},{\"@type\":\"WebSite\",\"@id\":\"https:\/\/www.gdirekt.se\/#website\",\"url\":\"https:\/\/www.gdirekt.se\/\",\"name\":\"Gdirekt.se\",\"description\":\"Tryck snabbt \u00e5 l\u00e4tt = Gdirekt\",\"potentialAction\":[{\"@type\":\"SearchAction\",\"target\":{\"@type\":\"EntryPoint\",\"urlTemplate\":\"https:\/\/www.gdirekt.se\/?s={search_term_string}\"},\"query-input\":{\"@type\":\"PropertyValueSpecification\",\"valueRequired\":true,\"valueName\":\"search_term_string\"}}],\"inLanguage\":\"da-DK\"}]}<\/script>\n<!-- \/ Yoast SEO plugin. -->","yoast_head_json":{"title":"Meshbanner i egen st\u00f8rrelse, k\u00f8b billigt med hurtig forsendelse | Gdirekt.se","description":"Bestil netbanner eller meshbanner i egen st\u00f8rrelse med holdbar kvalitet. Trykte reklamebilleder p\u00e5 facadebannerne er inkluderet i den billige pris. Levering hver dag direkte fra vores fabrik. K\u00f8ber du meshbanner er milj\u00f8venligt print i farve p\u00e5 tekst og fotobillede altid inkluderet.","robots":{"index":"index","follow":"follow","max-snippet":"max-snippet:-1","max-image-preview":"max-image-preview:large","max-video-preview":"max-video-preview:-1"},"canonical":"https:\/\/www.gdirekt.se\/da\/produkt\/meshbanner-i-egen-stoerrelse\/","og_locale":"da_DK","og_type":"article","og_title":"Meshbanner i egen st\u00f8rrelse, k\u00f8b billigt med hurtig forsendelse | Gdirekt.se","og_description":"Bestil netbanner eller meshbanner i egen st\u00f8rrelse med holdbar kvalitet. Trykte reklamebilleder p\u00e5 facadebannerne er inkluderet i den billige pris. Levering hver dag direkte fra vores fabrik. K\u00f8ber du meshbanner er milj\u00f8venligt print i farve p\u00e5 tekst og fotobillede altid inkluderet.","og_url":"https:\/\/www.gdirekt.se\/da\/produkt\/meshbanner-i-egen-stoerrelse\/","og_site_name":"Gdirekt.se","article_modified_time":"2019-12-13T07:54:04+00:00","og_image":[{"width":1000,"height":1000,"url":"https:\/\/www.gdirekt.se\/wp-content\/uploads\/natbaderoll-1.png","type":"image\/png"}],"twitter_card":"summary_large_image","twitter_misc":{"Estimeret l\u00e6setid":"2 minutter"},"schema":{"@context":"https:\/\/schema.org","@graph":[{"@type":"WebPage","@id":"https:\/\/www.gdirekt.se\/da\/produkt\/meshbanner-i-egen-stoerrelse\/","url":"https:\/\/www.gdirekt.se\/da\/produkt\/meshbanner-i-egen-stoerrelse\/","name":"Meshbanner i egen st\u00f8rrelse, k\u00f8b billigt med hurtig forsendelse | Gdirekt.se","isPartOf":{"@id":"https:\/\/www.gdirekt.se\/#website"},"primaryImageOfPage":{"@id":"https:\/\/www.gdirekt.se\/da\/produkt\/meshbanner-i-egen-stoerrelse\/#primaryimage"},"image":{"@id":"https:\/\/www.gdirekt.se\/da\/produkt\/meshbanner-i-egen-stoerrelse\/#primaryimage"},"thumbnailUrl":"https:\/\/www.gdirekt.se\/wp-content\/uploads\/natbaderoll-1.png","datePublished":"2016-12-12T10:57:42+00:00","dateModified":"2019-12-13T07:54:04+00:00","description":"Bestil netbanner eller meshbanner i egen st\u00f8rrelse med holdbar kvalitet. Trykte reklamebilleder p\u00e5 facadebannerne er inkluderet i den billige pris. Levering hver dag direkte fra vores fabrik. K\u00f8ber du meshbanner er milj\u00f8venligt print i farve p\u00e5 tekst og fotobillede altid inkluderet.","breadcrumb":{"@id":"https:\/\/www.gdirekt.se\/da\/produkt\/meshbanner-i-egen-stoerrelse\/#breadcrumb"},"inLanguage":"da-DK","potentialAction":[{"@type":"ReadAction","target":["https:\/\/www.gdirekt.se\/da\/produkt\/meshbanner-i-egen-stoerrelse\/"]}]},{"@type":"ImageObject","inLanguage":"da-DK","@id":"https:\/\/www.gdirekt.se\/da\/produkt\/meshbanner-i-egen-stoerrelse\/#primaryimage","url":"https:\/\/www.gdirekt.se\/wp-content\/uploads\/natbaderoll-1.png","contentUrl":"https:\/\/www.gdirekt.se\/wp-content\/uploads\/natbaderoll-1.png","width":1000,"height":1000,"caption":"Netbanner till facadebanner"},{"@type":"BreadcrumbList","@id":"https:\/\/www.gdirekt.se\/da\/produkt\/meshbanner-i-egen-stoerrelse\/#breadcrumb","itemListElement":[{"@type":"ListItem","position":1,"name":"Hem","item":"https:\/\/www.gdirekt.se\/da\/"},{"@type":"ListItem","position":2,"name":"Start","item":"https:\/\/www.gdirekt.se\/da\/"},{"@type":"ListItem","position":3,"name":"Meshbanner i egen st\u00f8rrelse"}]},{"@type":"WebSite","@id":"https:\/\/www.gdirekt.se\/#website","url":"https:\/\/www.gdirekt.se\/","name":"Gdirekt.se","description":"Tryck snabbt \u00e5 l\u00e4tt = Gdirekt","potentialAction":[{"@type":"SearchAction","target":{"@type":"EntryPoint","urlTemplate":"https:\/\/www.gdirekt.se\/?s={search_term_string}"},"query-input":{"@type":"PropertyValueSpecification","valueRequired":true,"valueName":"search_term_string"}}],"inLanguage":"da-DK"}]}},"_links":{"self":[{"href":"https:\/\/www.gdirekt.se\/da\/wp-json\/wp\/v2\/product\/9168","targetHints":{"allow":["GET"]}}],"collection":[{"href":"https:\/\/www.gdirekt.se\/da\/wp-json\/wp\/v2\/product"}],"about":[{"href":"https:\/\/www.gdirekt.se\/da\/wp-json\/wp\/v2\/types\/product"}],"wp:featuredmedia":[{"embeddable":true,"href":"https:\/\/www.gdirekt.se\/da\/wp-json\/wp\/v2\/media\/8263"}],"wp:attachment":[{"href":"https:\/\/www.gdirekt.se\/da\/wp-json\/wp\/v2\/media?parent=9168"}],"wp:term":[{"taxonomy":"product_brand","embeddable":true,"href":"https:\/\/www.gdirekt.se\/da\/wp-json\/wp\/v2\/product_brand?post=9168"},{"taxonomy":"product_cat","embeddable":true,"href":"https:\/\/www.gdirekt.se\/da\/wp-json\/wp\/v2\/product_cat?post=9168"},{"taxonomy":"product_tag","embeddable":true,"href":"https:\/\/www.gdirekt.se\/da\/wp-json\/wp\/v2\/product_tag?post=9168"}],"curies":[{"name":"wp","href":"https:\/\/api.w.org\/{rel}","templated":true}]}}