{"id":9108,"date":"2016-11-22T09:57:27","date_gmt":"2016-11-22T08:57:27","guid":{"rendered":"http:\/\/gdirekt.hamstage.hamrenmedia.se\/produkt\/plakat-til-gatupratare\/"},"modified":"2019-01-10T15:22:42","modified_gmt":"2019-01-10T14:22:42","slug":"plakat-og-poster-til-gadeskilte","status":"publish","type":"product","link":"https:\/\/www.gdirekt.se\/da\/produkt\/plakat-og-poster-til-gadeskilte\/","title":{"rendered":"Plakat og poster til gadeskilte"},"content":{"rendered":"<p><span lang=\"DA\">K\u00f8b plakat og poster til gadeskilte hos Gdirekt.\u00a0Disse skilte kaldes ogs\u00e5 sandwichskilte, gadestandere eller menutavler. Uanset hvad, s\u00e5 kan du let k\u00f8be en plakat eller poster i papir, der t\u00e5ler vand, og som kan bruges b\u00e5de udend\u00f8rs og indend\u00f8rs uden at falme. Den passer til alle vores gadeskilte.<\/span><\/p>\n<p><span lang=\"DA\">Fortovsskiltene er udstyret med snaplister, der g\u00f8r det let at skifte plakat. Plakaten f\u00e5s i st\u00f8rrelse 50 x 70\u00a0cm, 70 x 100\u00a0cm og A3.<\/span><\/p>\n<p><span lang=\"DA\">Plakater og posters til gadeskilte fremstilles til at kunne bruges udend\u00f8rs, selvom det bl\u00e6ser og regner. Vi sikrer, at de trykte plakater og plancher holder. Gadeskilte er en billig investering, fordi de er meget robuste og dermed kan bruges til visning af budskaber i lang tid. Plakaterne har en gennemsigtig plade i plexiglas foran billedet, der beskytter plakaten ekstra godt mod regn og fugt i gadeskiltene.<\/span><\/p>\n<p><span lang=\"DA\">Se hele vores<span class=\"apple-converted-space\">\u00a0<\/span><\/span><span lang=\"DA\"><a href=\"https:\/\/www.gdirekt.se\/produkt-kategori\/gatupratare-och-trottoarpratare\/\"><b><i>sortiment af fortovsskilte<\/i><\/b><\/a><\/span><span lang=\"DA\">her! Gdirekts standardmodeller omfatter et stort udvalg. Der er alt lige fra store versioner, der kan holde til vind og vejr, til sm\u00e5, enkle versioner.<\/span><\/p>\n","protected":false},"excerpt":{"rendered":"<p>Plakat og poster til gadeskilte i papir, der t\u00e5ler vand. Bestil din egen plakat, s\u00e5 trykker vi den til en god pris. F\u00e5s i m\u00e5lene 50 x 70\u00a0cm, 70 x 100\u00a0cm og A3.<\/p>\n","protected":false},"featured_media":8213,"template":"","meta":{"_acf_changed":false},"product_brand":[],"product_cat":[355,365],"product_tag":[],"class_list":{"0":"post-9108","1":"product","2":"type-product","3":"status-publish","4":"has-post-thumbnail","6":"product_cat-gatupratare-og-fortovet-snak","7":"product_cat-posters-og-plakater","8":"product_shipping_class-180sek","10":"first","11":"instock","12":"taxable","13":"shipping-taxable","14":"purchasable","15":"product-type-variable","16":"has-default-attributes"},"exclude_global_add_ons":[],"addons":[],"acf":[],"yoast_head":"<!-- This site is optimized with the Yoast SEO plugin v27.2 - https:\/\/yoast.com\/product\/yoast-seo-wordpress\/ -->\n<title>Plakat og poster til gadeskilte med billigt tryck | Gdirekt.se<\/title>\n<meta name=\"description\" content=\"Plakat og poster til gadeskilte i papir, der t\u00e5ler vand. Bestil din egen plakat, s\u00e5 trykker vi den til en god pris. F\u00e5s i m\u00e5lene 50 x 70 cm, 70 x 100 cm og A3. Bestil online, s\u00e5 sender vi hurtigt med sikker og sporbar fragt.\" \/>\n<meta name=\"robots\" content=\"index, follow, max-snippet:-1, max-image-preview:large, max-video-preview:-1\" \/>\n<link rel=\"canonical\" href=\"https:\/\/www.gdirekt.se\/da\/produkt\/plakat-og-poster-til-gadeskilte\/\" \/>\n<meta property=\"og:locale\" content=\"da_DK\" \/>\n<meta property=\"og:type\" content=\"article\" \/>\n<meta property=\"og:title\" content=\"Plakat og poster til gadeskilte med billigt tryck | Gdirekt.se\" \/>\n<meta property=\"og:description\" content=\"Plakat og poster til gadeskilte i papir, der t\u00e5ler vand. Bestil din egen plakat, s\u00e5 trykker vi den til en god pris. F\u00e5s i m\u00e5lene 50 x 70 cm, 70 x 100 cm og A3. Bestil online, s\u00e5 sender vi hurtigt med sikker og sporbar fragt.\" \/>\n<meta property=\"og:url\" content=\"https:\/\/www.gdirekt.se\/da\/produkt\/plakat-og-poster-til-gadeskilte\/\" \/>\n<meta property=\"og:site_name\" content=\"Gdirekt.se\" \/>\n<meta property=\"article:modified_time\" content=\"2019-01-10T14:22:42+00:00\" \/>\n<meta property=\"og:image\" content=\"https:\/\/www.gdirekt.se\/wp-content\/uploads\/affisch_poster_trottoarpratare.png\" \/>\n\t<meta property=\"og:image:width\" content=\"1000\" \/>\n\t<meta property=\"og:image:height\" content=\"1000\" \/>\n\t<meta property=\"og:image:type\" content=\"image\/png\" \/>\n<meta name=\"twitter:card\" content=\"summary_large_image\" \/>\n<meta name=\"twitter:label1\" content=\"Estimeret l\u00e6setid\" \/>\n\t<meta name=\"twitter:data1\" content=\"1 minut\" \/>\n<script type=\"application\/ld+json\" class=\"yoast-schema-graph\">{\"@context\":\"https:\/\/schema.org\",\"@graph\":[{\"@type\":\"WebPage\",\"@id\":\"https:\/\/www.gdirekt.se\/da\/produkt\/plakat-og-poster-til-gadeskilte\/\",\"url\":\"https:\/\/www.gdirekt.se\/da\/produkt\/plakat-og-poster-til-gadeskilte\/\",\"name\":\"Plakat og poster til gadeskilte med billigt tryck | Gdirekt.se\",\"isPartOf\":{\"@id\":\"https:\/\/www.gdirekt.se\/#website\"},\"primaryImageOfPage\":{\"@id\":\"https:\/\/www.gdirekt.se\/da\/produkt\/plakat-og-poster-til-gadeskilte\/#primaryimage\"},\"image\":{\"@id\":\"https:\/\/www.gdirekt.se\/da\/produkt\/plakat-og-poster-til-gadeskilte\/#primaryimage\"},\"thumbnailUrl\":\"https:\/\/www.gdirekt.se\/wp-content\/uploads\/affisch_poster_trottoarpratare.png\",\"datePublished\":\"2016-11-22T08:57:27+00:00\",\"dateModified\":\"2019-01-10T14:22:42+00:00\",\"description\":\"Plakat og poster til gadeskilte i papir, der t\u00e5ler vand. Bestil din egen plakat, s\u00e5 trykker vi den til en god pris. F\u00e5s i m\u00e5lene 50 x 70 cm, 70 x 100 cm og A3. Bestil online, s\u00e5 sender vi hurtigt med sikker og sporbar fragt.\",\"breadcrumb\":{\"@id\":\"https:\/\/www.gdirekt.se\/da\/produkt\/plakat-og-poster-til-gadeskilte\/#breadcrumb\"},\"inLanguage\":\"da-DK\",\"potentialAction\":[{\"@type\":\"ReadAction\",\"target\":[\"https:\/\/www.gdirekt.se\/da\/produkt\/plakat-og-poster-til-gadeskilte\/\"]}]},{\"@type\":\"ImageObject\",\"inLanguage\":\"da-DK\",\"@id\":\"https:\/\/www.gdirekt.se\/da\/produkt\/plakat-og-poster-til-gadeskilte\/#primaryimage\",\"url\":\"https:\/\/www.gdirekt.se\/wp-content\/uploads\/affisch_poster_trottoarpratare.png\",\"contentUrl\":\"https:\/\/www.gdirekt.se\/wp-content\/uploads\/affisch_poster_trottoarpratare.png\",\"width\":1000,\"height\":1000,\"caption\":\"Vandt\u00e6t plakat til gadeskilte\"},{\"@type\":\"BreadcrumbList\",\"@id\":\"https:\/\/www.gdirekt.se\/da\/produkt\/plakat-og-poster-til-gadeskilte\/#breadcrumb\",\"itemListElement\":[{\"@type\":\"ListItem\",\"position\":1,\"name\":\"Hem\",\"item\":\"https:\/\/www.gdirekt.se\/da\/\"},{\"@type\":\"ListItem\",\"position\":2,\"name\":\"Start\",\"item\":\"https:\/\/www.gdirekt.se\/da\/\"},{\"@type\":\"ListItem\",\"position\":3,\"name\":\"Plakat og poster til gadeskilte\"}]},{\"@type\":\"WebSite\",\"@id\":\"https:\/\/www.gdirekt.se\/#website\",\"url\":\"https:\/\/www.gdirekt.se\/\",\"name\":\"Gdirekt.se\",\"description\":\"Tryck snabbt \u00e5 l\u00e4tt = Gdirekt\",\"potentialAction\":[{\"@type\":\"SearchAction\",\"target\":{\"@type\":\"EntryPoint\",\"urlTemplate\":\"https:\/\/www.gdirekt.se\/?s={search_term_string}\"},\"query-input\":{\"@type\":\"PropertyValueSpecification\",\"valueRequired\":true,\"valueName\":\"search_term_string\"}}],\"inLanguage\":\"da-DK\"}]}<\/script>\n<!-- \/ Yoast SEO plugin. -->","yoast_head_json":{"title":"Plakat og poster til gadeskilte med billigt tryck | Gdirekt.se","description":"Plakat og poster til gadeskilte i papir, der t\u00e5ler vand. Bestil din egen plakat, s\u00e5 trykker vi den til en god pris. F\u00e5s i m\u00e5lene 50 x 70 cm, 70 x 100 cm og A3. Bestil online, s\u00e5 sender vi hurtigt med sikker og sporbar fragt.","robots":{"index":"index","follow":"follow","max-snippet":"max-snippet:-1","max-image-preview":"max-image-preview:large","max-video-preview":"max-video-preview:-1"},"canonical":"https:\/\/www.gdirekt.se\/da\/produkt\/plakat-og-poster-til-gadeskilte\/","og_locale":"da_DK","og_type":"article","og_title":"Plakat og poster til gadeskilte med billigt tryck | Gdirekt.se","og_description":"Plakat og poster til gadeskilte i papir, der t\u00e5ler vand. Bestil din egen plakat, s\u00e5 trykker vi den til en god pris. F\u00e5s i m\u00e5lene 50 x 70 cm, 70 x 100 cm og A3. Bestil online, s\u00e5 sender vi hurtigt med sikker og sporbar fragt.","og_url":"https:\/\/www.gdirekt.se\/da\/produkt\/plakat-og-poster-til-gadeskilte\/","og_site_name":"Gdirekt.se","article_modified_time":"2019-01-10T14:22:42+00:00","og_image":[{"width":1000,"height":1000,"url":"https:\/\/www.gdirekt.se\/wp-content\/uploads\/affisch_poster_trottoarpratare.png","type":"image\/png"}],"twitter_card":"summary_large_image","twitter_misc":{"Estimeret l\u00e6setid":"1 minut"},"schema":{"@context":"https:\/\/schema.org","@graph":[{"@type":"WebPage","@id":"https:\/\/www.gdirekt.se\/da\/produkt\/plakat-og-poster-til-gadeskilte\/","url":"https:\/\/www.gdirekt.se\/da\/produkt\/plakat-og-poster-til-gadeskilte\/","name":"Plakat og poster til gadeskilte med billigt tryck | Gdirekt.se","isPartOf":{"@id":"https:\/\/www.gdirekt.se\/#website"},"primaryImageOfPage":{"@id":"https:\/\/www.gdirekt.se\/da\/produkt\/plakat-og-poster-til-gadeskilte\/#primaryimage"},"image":{"@id":"https:\/\/www.gdirekt.se\/da\/produkt\/plakat-og-poster-til-gadeskilte\/#primaryimage"},"thumbnailUrl":"https:\/\/www.gdirekt.se\/wp-content\/uploads\/affisch_poster_trottoarpratare.png","datePublished":"2016-11-22T08:57:27+00:00","dateModified":"2019-01-10T14:22:42+00:00","description":"Plakat og poster til gadeskilte i papir, der t\u00e5ler vand. Bestil din egen plakat, s\u00e5 trykker vi den til en god pris. F\u00e5s i m\u00e5lene 50 x 70 cm, 70 x 100 cm og A3. Bestil online, s\u00e5 sender vi hurtigt med sikker og sporbar fragt.","breadcrumb":{"@id":"https:\/\/www.gdirekt.se\/da\/produkt\/plakat-og-poster-til-gadeskilte\/#breadcrumb"},"inLanguage":"da-DK","potentialAction":[{"@type":"ReadAction","target":["https:\/\/www.gdirekt.se\/da\/produkt\/plakat-og-poster-til-gadeskilte\/"]}]},{"@type":"ImageObject","inLanguage":"da-DK","@id":"https:\/\/www.gdirekt.se\/da\/produkt\/plakat-og-poster-til-gadeskilte\/#primaryimage","url":"https:\/\/www.gdirekt.se\/wp-content\/uploads\/affisch_poster_trottoarpratare.png","contentUrl":"https:\/\/www.gdirekt.se\/wp-content\/uploads\/affisch_poster_trottoarpratare.png","width":1000,"height":1000,"caption":"Vandt\u00e6t plakat til gadeskilte"},{"@type":"BreadcrumbList","@id":"https:\/\/www.gdirekt.se\/da\/produkt\/plakat-og-poster-til-gadeskilte\/#breadcrumb","itemListElement":[{"@type":"ListItem","position":1,"name":"Hem","item":"https:\/\/www.gdirekt.se\/da\/"},{"@type":"ListItem","position":2,"name":"Start","item":"https:\/\/www.gdirekt.se\/da\/"},{"@type":"ListItem","position":3,"name":"Plakat og poster til gadeskilte"}]},{"@type":"WebSite","@id":"https:\/\/www.gdirekt.se\/#website","url":"https:\/\/www.gdirekt.se\/","name":"Gdirekt.se","description":"Tryck snabbt \u00e5 l\u00e4tt = Gdirekt","potentialAction":[{"@type":"SearchAction","target":{"@type":"EntryPoint","urlTemplate":"https:\/\/www.gdirekt.se\/?s={search_term_string}"},"query-input":{"@type":"PropertyValueSpecification","valueRequired":true,"valueName":"search_term_string"}}],"inLanguage":"da-DK"}]}},"_links":{"self":[{"href":"https:\/\/www.gdirekt.se\/da\/wp-json\/wp\/v2\/product\/9108","targetHints":{"allow":["GET"]}}],"collection":[{"href":"https:\/\/www.gdirekt.se\/da\/wp-json\/wp\/v2\/product"}],"about":[{"href":"https:\/\/www.gdirekt.se\/da\/wp-json\/wp\/v2\/types\/product"}],"wp:featuredmedia":[{"embeddable":true,"href":"https:\/\/www.gdirekt.se\/da\/wp-json\/wp\/v2\/media\/8213"}],"wp:attachment":[{"href":"https:\/\/www.gdirekt.se\/da\/wp-json\/wp\/v2\/media?parent=9108"}],"wp:term":[{"taxonomy":"product_brand","embeddable":true,"href":"https:\/\/www.gdirekt.se\/da\/wp-json\/wp\/v2\/product_brand?post=9108"},{"taxonomy":"product_cat","embeddable":true,"href":"https:\/\/www.gdirekt.se\/da\/wp-json\/wp\/v2\/product_cat?post=9108"},{"taxonomy":"product_tag","embeddable":true,"href":"https:\/\/www.gdirekt.se\/da\/wp-json\/wp\/v2\/product_tag?post=9108"}],"curies":[{"name":"wp","href":"https:\/\/api.w.org\/{rel}","templated":true}]}}