{"id":22258,"date":"2024-09-20T14:03:12","date_gmt":"2024-09-20T12:03:12","guid":{"rendered":"https:\/\/www.gdirekt.se\/?post_type=product&#038;p=22258"},"modified":"2024-09-20T14:20:18","modified_gmt":"2024-09-20T12:20:18","slug":"skilteholder-60-mm-ror-flat-metalskilt-kopia","status":"publish","type":"product","link":"https:\/\/www.gdirekt.se\/da\/produkt\/skilteholder-60-mm-ror-flat-metalskilt-kopia\/","title":{"rendered":"Skilteholder 60 mm r\u00f8r flat metalskilt"},"content":{"rendered":"<p><span lang=\"DA\">Skilteholder 60 mm r\u00f8r flat metalskilt bruges blot til at fastg\u00f8re bukkede skilte. Holderen er til r\u00f8r, der er 60 mm i diameter, som ofte er fastgjort til betonfundamenter eller sl\u00e5et ned i jorden. Meget slidst\u00e6rkt produkt i st\u00e5l, der er galvaniseret, s\u00e5 de ikke ruster.<\/span><\/p>\n<p>Perfekt til fastg\u00f8relse af flade skilte i metalplade, st\u00e5l og dibond<\/p>\n<p><span lang=\"DA\">Se ogs\u00e5 vores andet tilbeh\u00f8r til skilte ved at klikke<span class=\"apple-converted-space\">\u00a0<\/span><\/span><span lang=\"DA\"><a href=\"https:\/\/www.gdirekt.se\/produkt-kategori\/skyltar-tillbehor\/\"><b><i>her<\/i><\/b><\/a><\/span><span lang=\"DA\">.<\/span><\/p>\n","protected":false},"excerpt":{"rendered":"<p>Skilteholder 60 mm r\u00f8r flat metalskilt. Fremstillet i slidst\u00e6rkt st\u00e5l, der er galvaniseret. Perfekt til fastg\u00f8relse af flade skilte i metalplade, st\u00e5l og dibond<\/p>\n","protected":false},"featured_media":22260,"template":"","meta":{"_acf_changed":false},"product_brand":[],"product_cat":[372,379],"product_tag":[],"class_list":{"0":"post-22258","1":"product","2":"type-product","3":"status-publish","4":"has-post-thumbnail","6":"product_cat-display-skilteholdere-skiltestander","7":"product_cat-skilte-tilbehoer","8":"product_shipping_class-85kr-da","10":"first","11":"instock","12":"taxable","13":"shipping-taxable","14":"purchasable","15":"product-type-simple"},"exclude_global_add_ons":[],"addons":[],"acf":[],"yoast_head":"<!-- This site is optimized with the Yoast SEO plugin v27.2 - https:\/\/yoast.com\/product\/yoast-seo-wordpress\/ -->\n<title>Skilteholder 60 mm r\u00f8r flat metalskilt til trykte skilte | Gdirekt.se<\/title>\n<meta name=\"description\" content=\"Skilteholder 60 mm r\u00f8r flat metalskilt. Holdbar i galvaniseret st\u00e5l, s\u00e5 de ikke ruster. K\u00f8b skilteholder billig pris allerede i dag!\" \/>\n<meta name=\"robots\" content=\"index, follow, max-snippet:-1, max-image-preview:large, max-video-preview:-1\" \/>\n<link rel=\"canonical\" href=\"https:\/\/www.gdirekt.se\/da\/produkt\/skilteholder-60-mm-ror-flat-metalskilt-kopia\/\" \/>\n<meta property=\"og:locale\" content=\"da_DK\" \/>\n<meta property=\"og:type\" content=\"article\" \/>\n<meta property=\"og:title\" content=\"Skilteholder 60 mm r\u00f8r flat metalskilt til trykte skilte | Gdirekt.se\" \/>\n<meta property=\"og:description\" content=\"Skilteholder 60 mm r\u00f8r flat metalskilt. Holdbar i galvaniseret st\u00e5l, s\u00e5 de ikke ruster. K\u00f8b skilteholder billig pris allerede i dag!\" \/>\n<meta property=\"og:url\" content=\"https:\/\/www.gdirekt.se\/da\/produkt\/skilteholder-60-mm-ror-flat-metalskilt-kopia\/\" \/>\n<meta property=\"og:site_name\" content=\"Gdirekt.se\" \/>\n<meta property=\"article:modified_time\" content=\"2024-09-20T12:20:18+00:00\" \/>\n<meta property=\"og:image\" content=\"https:\/\/www.gdirekt.se\/wp-content\/uploads\/Skyltfaste-slat-plat.png\" \/>\n\t<meta property=\"og:image:width\" content=\"1000\" \/>\n\t<meta property=\"og:image:height\" content=\"1000\" \/>\n\t<meta property=\"og:image:type\" content=\"image\/png\" \/>\n<meta name=\"twitter:card\" content=\"summary_large_image\" \/>\n<meta name=\"twitter:label1\" content=\"Estimeret l\u00e6setid\" \/>\n\t<meta name=\"twitter:data1\" content=\"1 minut\" \/>\n<script type=\"application\/ld+json\" class=\"yoast-schema-graph\">{\"@context\":\"https:\/\/schema.org\",\"@graph\":[{\"@type\":\"WebPage\",\"@id\":\"https:\/\/www.gdirekt.se\/da\/produkt\/skilteholder-60-mm-ror-flat-metalskilt-kopia\/\",\"url\":\"https:\/\/www.gdirekt.se\/da\/produkt\/skilteholder-60-mm-ror-flat-metalskilt-kopia\/\",\"name\":\"Skilteholder 60 mm r\u00f8r flat metalskilt til trykte skilte | Gdirekt.se\",\"isPartOf\":{\"@id\":\"https:\/\/www.gdirekt.se\/#website\"},\"primaryImageOfPage\":{\"@id\":\"https:\/\/www.gdirekt.se\/da\/produkt\/skilteholder-60-mm-ror-flat-metalskilt-kopia\/#primaryimage\"},\"image\":{\"@id\":\"https:\/\/www.gdirekt.se\/da\/produkt\/skilteholder-60-mm-ror-flat-metalskilt-kopia\/#primaryimage\"},\"thumbnailUrl\":\"https:\/\/www.gdirekt.se\/wp-content\/uploads\/Skyltfaste-slat-plat.png\",\"datePublished\":\"2024-09-20T12:03:12+00:00\",\"dateModified\":\"2024-09-20T12:20:18+00:00\",\"description\":\"Skilteholder 60 mm r\u00f8r flat metalskilt. Holdbar i galvaniseret st\u00e5l, s\u00e5 de ikke ruster. K\u00f8b skilteholder billig pris allerede i dag!\",\"breadcrumb\":{\"@id\":\"https:\/\/www.gdirekt.se\/da\/produkt\/skilteholder-60-mm-ror-flat-metalskilt-kopia\/#breadcrumb\"},\"inLanguage\":\"da-DK\",\"potentialAction\":[{\"@type\":\"ReadAction\",\"target\":[\"https:\/\/www.gdirekt.se\/da\/produkt\/skilteholder-60-mm-ror-flat-metalskilt-kopia\/\"]}]},{\"@type\":\"ImageObject\",\"inLanguage\":\"da-DK\",\"@id\":\"https:\/\/www.gdirekt.se\/da\/produkt\/skilteholder-60-mm-ror-flat-metalskilt-kopia\/#primaryimage\",\"url\":\"https:\/\/www.gdirekt.se\/wp-content\/uploads\/Skyltfaste-slat-plat.png\",\"contentUrl\":\"https:\/\/www.gdirekt.se\/wp-content\/uploads\/Skyltfaste-slat-plat.png\",\"width\":1000,\"height\":1000,\"caption\":\"Skyltfa\u0308ste sla\u0308t pla\u030at\"},{\"@type\":\"BreadcrumbList\",\"@id\":\"https:\/\/www.gdirekt.se\/da\/produkt\/skilteholder-60-mm-ror-flat-metalskilt-kopia\/#breadcrumb\",\"itemListElement\":[{\"@type\":\"ListItem\",\"position\":1,\"name\":\"Hem\",\"item\":\"https:\/\/www.gdirekt.se\/da\/\"},{\"@type\":\"ListItem\",\"position\":2,\"name\":\"Start\",\"item\":\"https:\/\/www.gdirekt.se\/da\/\"},{\"@type\":\"ListItem\",\"position\":3,\"name\":\"Skilteholder 60 mm r\u00f8r flat metalskilt\"}]},{\"@type\":\"WebSite\",\"@id\":\"https:\/\/www.gdirekt.se\/#website\",\"url\":\"https:\/\/www.gdirekt.se\/\",\"name\":\"Gdirekt.se\",\"description\":\"Tryck snabbt \u00e5 l\u00e4tt = Gdirekt\",\"potentialAction\":[{\"@type\":\"SearchAction\",\"target\":{\"@type\":\"EntryPoint\",\"urlTemplate\":\"https:\/\/www.gdirekt.se\/?s={search_term_string}\"},\"query-input\":{\"@type\":\"PropertyValueSpecification\",\"valueRequired\":true,\"valueName\":\"search_term_string\"}}],\"inLanguage\":\"da-DK\"}]}<\/script>\n<!-- \/ Yoast SEO plugin. -->","yoast_head_json":{"title":"Skilteholder 60 mm r\u00f8r flat metalskilt til trykte skilte | Gdirekt.se","description":"Skilteholder 60 mm r\u00f8r flat metalskilt. Holdbar i galvaniseret st\u00e5l, s\u00e5 de ikke ruster. K\u00f8b skilteholder billig pris allerede i dag!","robots":{"index":"index","follow":"follow","max-snippet":"max-snippet:-1","max-image-preview":"max-image-preview:large","max-video-preview":"max-video-preview:-1"},"canonical":"https:\/\/www.gdirekt.se\/da\/produkt\/skilteholder-60-mm-ror-flat-metalskilt-kopia\/","og_locale":"da_DK","og_type":"article","og_title":"Skilteholder 60 mm r\u00f8r flat metalskilt til trykte skilte | Gdirekt.se","og_description":"Skilteholder 60 mm r\u00f8r flat metalskilt. Holdbar i galvaniseret st\u00e5l, s\u00e5 de ikke ruster. K\u00f8b skilteholder billig pris allerede i dag!","og_url":"https:\/\/www.gdirekt.se\/da\/produkt\/skilteholder-60-mm-ror-flat-metalskilt-kopia\/","og_site_name":"Gdirekt.se","article_modified_time":"2024-09-20T12:20:18+00:00","og_image":[{"width":1000,"height":1000,"url":"https:\/\/www.gdirekt.se\/wp-content\/uploads\/Skyltfaste-slat-plat.png","type":"image\/png"}],"twitter_card":"summary_large_image","twitter_misc":{"Estimeret l\u00e6setid":"1 minut"},"schema":{"@context":"https:\/\/schema.org","@graph":[{"@type":"WebPage","@id":"https:\/\/www.gdirekt.se\/da\/produkt\/skilteholder-60-mm-ror-flat-metalskilt-kopia\/","url":"https:\/\/www.gdirekt.se\/da\/produkt\/skilteholder-60-mm-ror-flat-metalskilt-kopia\/","name":"Skilteholder 60 mm r\u00f8r flat metalskilt til trykte skilte | Gdirekt.se","isPartOf":{"@id":"https:\/\/www.gdirekt.se\/#website"},"primaryImageOfPage":{"@id":"https:\/\/www.gdirekt.se\/da\/produkt\/skilteholder-60-mm-ror-flat-metalskilt-kopia\/#primaryimage"},"image":{"@id":"https:\/\/www.gdirekt.se\/da\/produkt\/skilteholder-60-mm-ror-flat-metalskilt-kopia\/#primaryimage"},"thumbnailUrl":"https:\/\/www.gdirekt.se\/wp-content\/uploads\/Skyltfaste-slat-plat.png","datePublished":"2024-09-20T12:03:12+00:00","dateModified":"2024-09-20T12:20:18+00:00","description":"Skilteholder 60 mm r\u00f8r flat metalskilt. Holdbar i galvaniseret st\u00e5l, s\u00e5 de ikke ruster. K\u00f8b skilteholder billig pris allerede i dag!","breadcrumb":{"@id":"https:\/\/www.gdirekt.se\/da\/produkt\/skilteholder-60-mm-ror-flat-metalskilt-kopia\/#breadcrumb"},"inLanguage":"da-DK","potentialAction":[{"@type":"ReadAction","target":["https:\/\/www.gdirekt.se\/da\/produkt\/skilteholder-60-mm-ror-flat-metalskilt-kopia\/"]}]},{"@type":"ImageObject","inLanguage":"da-DK","@id":"https:\/\/www.gdirekt.se\/da\/produkt\/skilteholder-60-mm-ror-flat-metalskilt-kopia\/#primaryimage","url":"https:\/\/www.gdirekt.se\/wp-content\/uploads\/Skyltfaste-slat-plat.png","contentUrl":"https:\/\/www.gdirekt.se\/wp-content\/uploads\/Skyltfaste-slat-plat.png","width":1000,"height":1000,"caption":"Skyltfa\u0308ste sla\u0308t pla\u030at"},{"@type":"BreadcrumbList","@id":"https:\/\/www.gdirekt.se\/da\/produkt\/skilteholder-60-mm-ror-flat-metalskilt-kopia\/#breadcrumb","itemListElement":[{"@type":"ListItem","position":1,"name":"Hem","item":"https:\/\/www.gdirekt.se\/da\/"},{"@type":"ListItem","position":2,"name":"Start","item":"https:\/\/www.gdirekt.se\/da\/"},{"@type":"ListItem","position":3,"name":"Skilteholder 60 mm r\u00f8r flat metalskilt"}]},{"@type":"WebSite","@id":"https:\/\/www.gdirekt.se\/#website","url":"https:\/\/www.gdirekt.se\/","name":"Gdirekt.se","description":"Tryck snabbt \u00e5 l\u00e4tt = Gdirekt","potentialAction":[{"@type":"SearchAction","target":{"@type":"EntryPoint","urlTemplate":"https:\/\/www.gdirekt.se\/?s={search_term_string}"},"query-input":{"@type":"PropertyValueSpecification","valueRequired":true,"valueName":"search_term_string"}}],"inLanguage":"da-DK"}]}},"_links":{"self":[{"href":"https:\/\/www.gdirekt.se\/da\/wp-json\/wp\/v2\/product\/22258","targetHints":{"allow":["GET"]}}],"collection":[{"href":"https:\/\/www.gdirekt.se\/da\/wp-json\/wp\/v2\/product"}],"about":[{"href":"https:\/\/www.gdirekt.se\/da\/wp-json\/wp\/v2\/types\/product"}],"wp:featuredmedia":[{"embeddable":true,"href":"https:\/\/www.gdirekt.se\/da\/wp-json\/wp\/v2\/media\/22260"}],"wp:attachment":[{"href":"https:\/\/www.gdirekt.se\/da\/wp-json\/wp\/v2\/media?parent=22258"}],"wp:term":[{"taxonomy":"product_brand","embeddable":true,"href":"https:\/\/www.gdirekt.se\/da\/wp-json\/wp\/v2\/product_brand?post=22258"},{"taxonomy":"product_cat","embeddable":true,"href":"https:\/\/www.gdirekt.se\/da\/wp-json\/wp\/v2\/product_cat?post=22258"},{"taxonomy":"product_tag","embeddable":true,"href":"https:\/\/www.gdirekt.se\/da\/wp-json\/wp\/v2\/product_tag?post=22258"}],"curies":[{"name":"wp","href":"https:\/\/api.w.org\/{rel}","templated":true}]}}