{"id":22099,"date":"2024-08-09T15:50:18","date_gmt":"2024-08-09T13:50:18","guid":{"rendered":"https:\/\/www.gdirekt.se\/?post_type=product&#038;p=22099"},"modified":"2025-03-27T14:45:39","modified_gmt":"2025-03-27T13:45:39","slug":"flag-med-tryk","status":"publish","type":"product","link":"https:\/\/www.gdirekt.se\/da\/produkt\/flag-med-tryk\/","title":{"rendered":"Flag med tryk"},"content":{"rendered":"<p>Trykte flag er vores produkt til flagst\u00e6nger. Disse er produceret i en god flag polyester, fordi de skal v\u00e6re holdbare. Disse printede flag er fastgjort til flagstangen, s\u00e5 de b\u00f8lger p\u00e6nt i vinden. Vi producerer alle trykte flag selv, ingen mellemm\u00e6nd som de fleste andre. Trykte flag f\u00e5s som standard i fire forskellige st\u00f8rrelser: \u2022 200x150cm som passer til en 8-9 meter flagstang.<\/p>\n<p>\u2022 240x150cm som passer til en 10 meter flagstang.<\/p>\n<p>\u2022 300x180cm som passer til en 12 meter flagstang.<\/p>\n<p>\u2022 350x220cm som passer til en 14 meter flagstang.<\/p>\n<p>Flag med tryk Trykte flag er et stoftryk, der er vand- og vindafvisende. Reklameflaggenes gennemtr\u00e6ngningsgrad er omkring 90 %, og reklamebudskabet ses som f\u00f8lge heraf fra begge sider. Vi syr og forst\u00e6rker flagene for maksimal holdbarhed. Du kan ogs\u00e5 bestille i dine egne specialm\u00e5l og s\u00e5 bare kontakte os p\u00e5 <a href=\"mailto:info@gdirekt.se\">info@gdirekt.se<\/a> K\u00f8ber du flag, f\u00e5r du de mest prisbillige og holdbare p\u00e5 markedet.<\/p>\n<p>Trykte flag har en form, der passer til flagst\u00e6ngerne og giver god plads til budskabet. De er velegnede som budbringere og reklames\u00f8jler for sportsklubber og sportsforeninger i hele Sverige. Vi har udsalg i Stockholm, G\u00f8teborg, Malm\u00f8, V\u00e4ster\u00e5s, N\u00e4ssj\u00f6, Link\u00f6ping og Oslo samt K\u00f8benhavn. \u00d8nsker du at bestille trykte flag med dit firmalogo p\u00e5, er der Gdirekt. Hurtig levering med gode farver, der vil g\u00f8re dig tilfreds med printkvaliteten. Vi har den nyeste printteknologi p\u00e5 vores egne flag.<\/p>\n<p>Se alle vores modeller af <a href=\"https:\/\/www.gdirekt.se\/produkt-kategori\/beachflaggor\/\"><strong><em>Beachflag<\/em><\/strong><\/a>!<\/p>\n<p>Skal du udskifte flagene fra de eksisterende lokationer, er det nemt at bestille online. Lige s\u00e5 nemt er det at k\u00f8be et nyt jordbeslag, der holder beachflagene p\u00e5 plastik. Vi leverer ogs\u00e5 beachflag til Norge og Danmark sikkert, nemlig via Postnord.<\/p>\n<p>Leder I efter andre produkter som standardskilte med tryk, skal I klikke\u00a0<a href=\"https:\/\/shop.svasab.se\/\"><strong><em>her<\/em><\/strong><\/a>!<\/p>\n","protected":false},"excerpt":{"rendered":"<p>Trykte flag f\u00e5s i st\u00f8rrelser, der passer til flagst\u00e6nger. Farvetryk af logoer og tekst er inkluderet i prisen. F\u00e5s i fire st\u00f8rrelser og produceret i flag polyester.<\/p>\n","protected":false},"featured_media":22435,"template":"","meta":{"_acf_changed":false},"product_brand":[],"product_cat":[370,356],"product_tag":[],"class_list":{"0":"post-22099","1":"product","2":"type-product","3":"status-publish","4":"has-post-thumbnail","6":"product_cat-beachflag","7":"product_cat-udendoersskilte-og-expo","8":"product_shipping_class-350kr","10":"first","11":"instock","12":"taxable","13":"shipping-taxable","14":"purchasable","15":"product-type-variable"},"exclude_global_add_ons":[],"addons":[],"acf":[],"yoast_head":"<!-- This site is optimized with the Yoast SEO plugin v27.2 - https:\/\/yoast.com\/product\/yoast-seo-wordpress\/ -->\n<title>Flag med tryk, k\u00f8b billige til den rigtige pris | Gdirekt.se<\/title>\n<meta name=\"description\" content=\"Trykte flag produceret i Sverige med hurtig levering. Flagpolyester med trykte logoer og farvede tekster er ogs\u00e5 billigt.\" \/>\n<meta name=\"robots\" content=\"index, follow, max-snippet:-1, max-image-preview:large, max-video-preview:-1\" \/>\n<link rel=\"canonical\" href=\"https:\/\/www.gdirekt.se\/da\/produkt\/flag-med-tryk\/\" \/>\n<meta property=\"og:locale\" content=\"da_DK\" \/>\n<meta property=\"og:type\" content=\"article\" \/>\n<meta property=\"og:title\" content=\"Flag med tryk, k\u00f8b billige til den rigtige pris | Gdirekt.se\" \/>\n<meta property=\"og:description\" content=\"Trykte flag produceret i Sverige med hurtig levering. Flagpolyester med trykte logoer og farvede tekster er ogs\u00e5 billigt.\" \/>\n<meta property=\"og:url\" content=\"https:\/\/www.gdirekt.se\/da\/produkt\/flag-med-tryk\/\" \/>\n<meta property=\"og:site_name\" content=\"Gdirekt.se\" \/>\n<meta property=\"article:modified_time\" content=\"2025-03-27T13:45:39+00:00\" \/>\n<meta property=\"og:image\" content=\"https:\/\/www.gdirekt.se\/wp-content\/uploads\/Flaggor-med-tryck.png\" \/>\n\t<meta property=\"og:image:width\" content=\"1000\" \/>\n\t<meta property=\"og:image:height\" content=\"1000\" \/>\n\t<meta property=\"og:image:type\" content=\"image\/png\" \/>\n<meta name=\"twitter:card\" content=\"summary_large_image\" \/>\n<meta name=\"twitter:label1\" content=\"Estimeret l\u00e6setid\" \/>\n\t<meta name=\"twitter:data1\" content=\"2 minutter\" \/>\n<script type=\"application\/ld+json\" class=\"yoast-schema-graph\">{\"@context\":\"https:\/\/schema.org\",\"@graph\":[{\"@type\":\"WebPage\",\"@id\":\"https:\/\/www.gdirekt.se\/da\/produkt\/flag-med-tryk\/\",\"url\":\"https:\/\/www.gdirekt.se\/da\/produkt\/flag-med-tryk\/\",\"name\":\"Flag med tryk, k\u00f8b billige til den rigtige pris | Gdirekt.se\",\"isPartOf\":{\"@id\":\"https:\/\/www.gdirekt.se\/#website\"},\"primaryImageOfPage\":{\"@id\":\"https:\/\/www.gdirekt.se\/da\/produkt\/flag-med-tryk\/#primaryimage\"},\"image\":{\"@id\":\"https:\/\/www.gdirekt.se\/da\/produkt\/flag-med-tryk\/#primaryimage\"},\"thumbnailUrl\":\"https:\/\/www.gdirekt.se\/wp-content\/uploads\/Flaggor-med-tryck.png\",\"datePublished\":\"2024-08-09T13:50:18+00:00\",\"dateModified\":\"2025-03-27T13:45:39+00:00\",\"description\":\"Trykte flag produceret i Sverige med hurtig levering. Flagpolyester med trykte logoer og farvede tekster er ogs\u00e5 billigt.\",\"breadcrumb\":{\"@id\":\"https:\/\/www.gdirekt.se\/da\/produkt\/flag-med-tryk\/#breadcrumb\"},\"inLanguage\":\"da-DK\",\"potentialAction\":[{\"@type\":\"ReadAction\",\"target\":[\"https:\/\/www.gdirekt.se\/da\/produkt\/flag-med-tryk\/\"]}]},{\"@type\":\"ImageObject\",\"inLanguage\":\"da-DK\",\"@id\":\"https:\/\/www.gdirekt.se\/da\/produkt\/flag-med-tryk\/#primaryimage\",\"url\":\"https:\/\/www.gdirekt.se\/wp-content\/uploads\/Flaggor-med-tryck.png\",\"contentUrl\":\"https:\/\/www.gdirekt.se\/wp-content\/uploads\/Flaggor-med-tryck.png\",\"width\":1000,\"height\":1000,\"caption\":\"Tryckta f\u00f6aggor med genomtryck.\"},{\"@type\":\"BreadcrumbList\",\"@id\":\"https:\/\/www.gdirekt.se\/da\/produkt\/flag-med-tryk\/#breadcrumb\",\"itemListElement\":[{\"@type\":\"ListItem\",\"position\":1,\"name\":\"Hem\",\"item\":\"https:\/\/www.gdirekt.se\/da\/\"},{\"@type\":\"ListItem\",\"position\":2,\"name\":\"Start\",\"item\":\"https:\/\/www.gdirekt.se\/da\/\"},{\"@type\":\"ListItem\",\"position\":3,\"name\":\"Flag med tryk\"}]},{\"@type\":\"WebSite\",\"@id\":\"https:\/\/www.gdirekt.se\/#website\",\"url\":\"https:\/\/www.gdirekt.se\/\",\"name\":\"Gdirekt.se\",\"description\":\"Tryck snabbt \u00e5 l\u00e4tt = Gdirekt\",\"potentialAction\":[{\"@type\":\"SearchAction\",\"target\":{\"@type\":\"EntryPoint\",\"urlTemplate\":\"https:\/\/www.gdirekt.se\/?s={search_term_string}\"},\"query-input\":{\"@type\":\"PropertyValueSpecification\",\"valueRequired\":true,\"valueName\":\"search_term_string\"}}],\"inLanguage\":\"da-DK\"}]}<\/script>\n<!-- \/ Yoast SEO plugin. -->","yoast_head_json":{"title":"Flag med tryk, k\u00f8b billige til den rigtige pris | Gdirekt.se","description":"Trykte flag produceret i Sverige med hurtig levering. Flagpolyester med trykte logoer og farvede tekster er ogs\u00e5 billigt.","robots":{"index":"index","follow":"follow","max-snippet":"max-snippet:-1","max-image-preview":"max-image-preview:large","max-video-preview":"max-video-preview:-1"},"canonical":"https:\/\/www.gdirekt.se\/da\/produkt\/flag-med-tryk\/","og_locale":"da_DK","og_type":"article","og_title":"Flag med tryk, k\u00f8b billige til den rigtige pris | Gdirekt.se","og_description":"Trykte flag produceret i Sverige med hurtig levering. Flagpolyester med trykte logoer og farvede tekster er ogs\u00e5 billigt.","og_url":"https:\/\/www.gdirekt.se\/da\/produkt\/flag-med-tryk\/","og_site_name":"Gdirekt.se","article_modified_time":"2025-03-27T13:45:39+00:00","og_image":[{"width":1000,"height":1000,"url":"https:\/\/www.gdirekt.se\/wp-content\/uploads\/Flaggor-med-tryck.png","type":"image\/png"}],"twitter_card":"summary_large_image","twitter_misc":{"Estimeret l\u00e6setid":"2 minutter"},"schema":{"@context":"https:\/\/schema.org","@graph":[{"@type":"WebPage","@id":"https:\/\/www.gdirekt.se\/da\/produkt\/flag-med-tryk\/","url":"https:\/\/www.gdirekt.se\/da\/produkt\/flag-med-tryk\/","name":"Flag med tryk, k\u00f8b billige til den rigtige pris | Gdirekt.se","isPartOf":{"@id":"https:\/\/www.gdirekt.se\/#website"},"primaryImageOfPage":{"@id":"https:\/\/www.gdirekt.se\/da\/produkt\/flag-med-tryk\/#primaryimage"},"image":{"@id":"https:\/\/www.gdirekt.se\/da\/produkt\/flag-med-tryk\/#primaryimage"},"thumbnailUrl":"https:\/\/www.gdirekt.se\/wp-content\/uploads\/Flaggor-med-tryck.png","datePublished":"2024-08-09T13:50:18+00:00","dateModified":"2025-03-27T13:45:39+00:00","description":"Trykte flag produceret i Sverige med hurtig levering. Flagpolyester med trykte logoer og farvede tekster er ogs\u00e5 billigt.","breadcrumb":{"@id":"https:\/\/www.gdirekt.se\/da\/produkt\/flag-med-tryk\/#breadcrumb"},"inLanguage":"da-DK","potentialAction":[{"@type":"ReadAction","target":["https:\/\/www.gdirekt.se\/da\/produkt\/flag-med-tryk\/"]}]},{"@type":"ImageObject","inLanguage":"da-DK","@id":"https:\/\/www.gdirekt.se\/da\/produkt\/flag-med-tryk\/#primaryimage","url":"https:\/\/www.gdirekt.se\/wp-content\/uploads\/Flaggor-med-tryck.png","contentUrl":"https:\/\/www.gdirekt.se\/wp-content\/uploads\/Flaggor-med-tryck.png","width":1000,"height":1000,"caption":"Tryckta f\u00f6aggor med genomtryck."},{"@type":"BreadcrumbList","@id":"https:\/\/www.gdirekt.se\/da\/produkt\/flag-med-tryk\/#breadcrumb","itemListElement":[{"@type":"ListItem","position":1,"name":"Hem","item":"https:\/\/www.gdirekt.se\/da\/"},{"@type":"ListItem","position":2,"name":"Start","item":"https:\/\/www.gdirekt.se\/da\/"},{"@type":"ListItem","position":3,"name":"Flag med tryk"}]},{"@type":"WebSite","@id":"https:\/\/www.gdirekt.se\/#website","url":"https:\/\/www.gdirekt.se\/","name":"Gdirekt.se","description":"Tryck snabbt \u00e5 l\u00e4tt = Gdirekt","potentialAction":[{"@type":"SearchAction","target":{"@type":"EntryPoint","urlTemplate":"https:\/\/www.gdirekt.se\/?s={search_term_string}"},"query-input":{"@type":"PropertyValueSpecification","valueRequired":true,"valueName":"search_term_string"}}],"inLanguage":"da-DK"}]}},"_links":{"self":[{"href":"https:\/\/www.gdirekt.se\/da\/wp-json\/wp\/v2\/product\/22099","targetHints":{"allow":["GET"]}}],"collection":[{"href":"https:\/\/www.gdirekt.se\/da\/wp-json\/wp\/v2\/product"}],"about":[{"href":"https:\/\/www.gdirekt.se\/da\/wp-json\/wp\/v2\/types\/product"}],"wp:featuredmedia":[{"embeddable":true,"href":"https:\/\/www.gdirekt.se\/da\/wp-json\/wp\/v2\/media\/22435"}],"wp:attachment":[{"href":"https:\/\/www.gdirekt.se\/da\/wp-json\/wp\/v2\/media?parent=22099"}],"wp:term":[{"taxonomy":"product_brand","embeddable":true,"href":"https:\/\/www.gdirekt.se\/da\/wp-json\/wp\/v2\/product_brand?post=22099"},{"taxonomy":"product_cat","embeddable":true,"href":"https:\/\/www.gdirekt.se\/da\/wp-json\/wp\/v2\/product_cat?post=22099"},{"taxonomy":"product_tag","embeddable":true,"href":"https:\/\/www.gdirekt.se\/da\/wp-json\/wp\/v2\/product_tag?post=22099"}],"curies":[{"name":"wp","href":"https:\/\/api.w.org\/{rel}","templated":true}]}}