{"id":21649,"date":"2024-02-23T08:46:25","date_gmt":"2024-02-23T07:46:25","guid":{"rendered":"https:\/\/www.gdirekt.se\/?post_type=product&#038;p=21649"},"modified":"2024-02-27T14:57:26","modified_gmt":"2024-02-27T13:57:26","slug":"messedisk-fold-out-counter","status":"publish","type":"product","link":"https:\/\/www.gdirekt.se\/da\/produkt\/messedisk-fold-out-counter\/","title":{"rendered":"Messedisk Fold Out Counter"},"content":{"rendered":"<p>Messedisk Fold Out Counter leveres med stofbannere p\u00e5monteret, s\u00e5 den er klar hurtig og enkel til brug.<\/p>\n<p>Passer id\u00e9elt til vores udvalg af andre messesystemer med samme stofbanner l\u00f8sninger. Leveres komplet med stativ, 3 sider med p\u00e5monteret stofbanner, m\u00f8rkegr\u00e5 topplade, hylde og i polstret nylonpose p\u00e5 hjul. M\u00e5lene til Messedisk er: Front 100\u00d798,5 cm og sidebillederne 33,5\u00d798,5 cm.<\/p>\n<p>Du kan downloade skabelonen nedenfor, hvilket selvf\u00f8lgelig er gratis. Med skabelonen kan du nemt lave filerne i rette st\u00f8rrelse, og vores guide hj\u00e6lper dig til rette placering af tekst, billeder og logo.<\/p>\n<p>Ved print p\u00e5 stofbannere, er vores anbefaling at holde tekster enkle. Det kan v\u00e6re et logo eller et kort slogan. S\u00e5 l\u00e6nge teksterne ikke er for sm\u00e5.<\/p>\n<p>Messebord Fold Out Counter er samme konstruktion som Expolinc, hvilket er et h\u00f8j kvalitetsprodukt. Stofbannerne bliver p\u00e5syet med silikoneb\u00e5nd, som passer i rammerne. Den robuste konstruktion str\u00e6kker tekstilet til en perfekt og rynkefri l\u00f8sning. Den stabile hylde, passer perfekt til opbevaring af dine markedsf\u00f8ringsmaterialer til din messe.\u00a0 Se flere af vores andre modeller og st\u00f8rrelser af <em><strong><a href=\"https:\/\/www.gdirekt.se\/da\/produkt-kategori\/skranker-podie-messebord\/\">udstillingsborde og diske<\/a><\/strong><\/em>.<\/p>\n<p>Ved forsendelse f\u00e5r du altid en track and trace, s\u00e5 du kan f\u00f8lge din pakke hele vejen.<\/p>\n","protected":false},"excerpt":{"rendered":"<p>Messedisk Fold Out Counter m\u00e5ler 104,5&#215;100 cm og kan monteres p\u00e5 f\u00e5 minutter. Markedets smarteste bord med nem montering af stofbannere som motiv. Leveres i en sort nylonpose med hjul og en hylde.<\/p>\n","protected":false},"featured_media":21651,"template":"","meta":{"_acf_changed":false},"product_brand":[],"product_cat":[373],"product_tag":[],"class_list":{"0":"post-21649","1":"product","2":"type-product","3":"status-publish","4":"has-post-thumbnail","6":"product_cat-skranker-podie-messebord","7":"product_shipping_class-180sek","9":"first","10":"instock","11":"taxable","12":"shipping-taxable","13":"purchasable","14":"product-type-simple"},"exclude_global_add_ons":[],"addons":[],"acf":[],"yoast_head":"<!-- This site is optimized with the Yoast SEO plugin v27.2 - https:\/\/yoast.com\/product\/yoast-seo-wordpress\/ -->\n<title>Messedisk Fold Out Counter, trykt billede er inkluderet i den billige pris | Gdirekt.se<\/title>\n<meta name=\"description\" content=\"Messedisk Fold Out Counter er en udstillingsdisk med stofbilleder, som du nemt kan s\u00e6tte op. Markedets enkleste bord til arrangementer og aktiviteter.\" \/>\n<meta name=\"robots\" content=\"index, follow, max-snippet:-1, max-image-preview:large, max-video-preview:-1\" \/>\n<link rel=\"canonical\" href=\"https:\/\/www.gdirekt.se\/da\/produkt\/messedisk-fold-out-counter\/\" \/>\n<meta property=\"og:locale\" content=\"da_DK\" \/>\n<meta property=\"og:type\" content=\"article\" \/>\n<meta property=\"og:title\" content=\"Messedisk Fold Out Counter, trykt billede er inkluderet i den billige pris | Gdirekt.se\" \/>\n<meta property=\"og:description\" content=\"Messedisk Fold Out Counter er en udstillingsdisk med stofbilleder, som du nemt kan s\u00e6tte op. Markedets enkleste bord til arrangementer og aktiviteter.\" \/>\n<meta property=\"og:url\" content=\"https:\/\/www.gdirekt.se\/da\/produkt\/messedisk-fold-out-counter\/\" \/>\n<meta property=\"og:site_name\" content=\"Gdirekt.se\" \/>\n<meta property=\"article:modified_time\" content=\"2024-02-27T13:57:26+00:00\" \/>\n<meta property=\"og:image\" content=\"https:\/\/www.gdirekt.se\/wp-content\/uploads\/Massbord-Fold-Out-Counter.png\" \/>\n\t<meta property=\"og:image:width\" content=\"1000\" \/>\n\t<meta property=\"og:image:height\" content=\"1000\" \/>\n\t<meta property=\"og:image:type\" content=\"image\/png\" \/>\n<meta name=\"twitter:card\" content=\"summary_large_image\" \/>\n<meta name=\"twitter:label1\" content=\"Estimeret l\u00e6setid\" \/>\n\t<meta name=\"twitter:data1\" content=\"1 minut\" \/>\n<script type=\"application\/ld+json\" class=\"yoast-schema-graph\">{\"@context\":\"https:\/\/schema.org\",\"@graph\":[{\"@type\":\"WebPage\",\"@id\":\"https:\/\/www.gdirekt.se\/da\/produkt\/messedisk-fold-out-counter\/\",\"url\":\"https:\/\/www.gdirekt.se\/da\/produkt\/messedisk-fold-out-counter\/\",\"name\":\"Messedisk Fold Out Counter, trykt billede er inkluderet i den billige pris | Gdirekt.se\",\"isPartOf\":{\"@id\":\"https:\/\/www.gdirekt.se\/#website\"},\"primaryImageOfPage\":{\"@id\":\"https:\/\/www.gdirekt.se\/da\/produkt\/messedisk-fold-out-counter\/#primaryimage\"},\"image\":{\"@id\":\"https:\/\/www.gdirekt.se\/da\/produkt\/messedisk-fold-out-counter\/#primaryimage\"},\"thumbnailUrl\":\"https:\/\/www.gdirekt.se\/wp-content\/uploads\/Massbord-Fold-Out-Counter.png\",\"datePublished\":\"2024-02-23T07:46:25+00:00\",\"dateModified\":\"2024-02-27T13:57:26+00:00\",\"description\":\"Messedisk Fold Out Counter er en udstillingsdisk med stofbilleder, som du nemt kan s\u00e6tte op. Markedets enkleste bord til arrangementer og aktiviteter.\",\"breadcrumb\":{\"@id\":\"https:\/\/www.gdirekt.se\/da\/produkt\/messedisk-fold-out-counter\/#breadcrumb\"},\"inLanguage\":\"da-DK\",\"potentialAction\":[{\"@type\":\"ReadAction\",\"target\":[\"https:\/\/www.gdirekt.se\/da\/produkt\/messedisk-fold-out-counter\/\"]}]},{\"@type\":\"ImageObject\",\"inLanguage\":\"da-DK\",\"@id\":\"https:\/\/www.gdirekt.se\/da\/produkt\/messedisk-fold-out-counter\/#primaryimage\",\"url\":\"https:\/\/www.gdirekt.se\/wp-content\/uploads\/Massbord-Fold-Out-Counter.png\",\"contentUrl\":\"https:\/\/www.gdirekt.se\/wp-content\/uploads\/Massbord-Fold-Out-Counter.png\",\"width\":1000,\"height\":1000,\"caption\":\"Mart m\u00e4ssbord i tyg\"},{\"@type\":\"BreadcrumbList\",\"@id\":\"https:\/\/www.gdirekt.se\/da\/produkt\/messedisk-fold-out-counter\/#breadcrumb\",\"itemListElement\":[{\"@type\":\"ListItem\",\"position\":1,\"name\":\"Hem\",\"item\":\"https:\/\/www.gdirekt.se\/da\/\"},{\"@type\":\"ListItem\",\"position\":2,\"name\":\"Start\",\"item\":\"https:\/\/www.gdirekt.se\/da\/\"},{\"@type\":\"ListItem\",\"position\":3,\"name\":\"Messedisk Fold Out Counter\"}]},{\"@type\":\"WebSite\",\"@id\":\"https:\/\/www.gdirekt.se\/#website\",\"url\":\"https:\/\/www.gdirekt.se\/\",\"name\":\"Gdirekt.se\",\"description\":\"Tryck snabbt \u00e5 l\u00e4tt = Gdirekt\",\"potentialAction\":[{\"@type\":\"SearchAction\",\"target\":{\"@type\":\"EntryPoint\",\"urlTemplate\":\"https:\/\/www.gdirekt.se\/?s={search_term_string}\"},\"query-input\":{\"@type\":\"PropertyValueSpecification\",\"valueRequired\":true,\"valueName\":\"search_term_string\"}}],\"inLanguage\":\"da-DK\"}]}<\/script>\n<!-- \/ Yoast SEO plugin. -->","yoast_head_json":{"title":"Messedisk Fold Out Counter, trykt billede er inkluderet i den billige pris | Gdirekt.se","description":"Messedisk Fold Out Counter er en udstillingsdisk med stofbilleder, som du nemt kan s\u00e6tte op. Markedets enkleste bord til arrangementer og aktiviteter.","robots":{"index":"index","follow":"follow","max-snippet":"max-snippet:-1","max-image-preview":"max-image-preview:large","max-video-preview":"max-video-preview:-1"},"canonical":"https:\/\/www.gdirekt.se\/da\/produkt\/messedisk-fold-out-counter\/","og_locale":"da_DK","og_type":"article","og_title":"Messedisk Fold Out Counter, trykt billede er inkluderet i den billige pris | Gdirekt.se","og_description":"Messedisk Fold Out Counter er en udstillingsdisk med stofbilleder, som du nemt kan s\u00e6tte op. Markedets enkleste bord til arrangementer og aktiviteter.","og_url":"https:\/\/www.gdirekt.se\/da\/produkt\/messedisk-fold-out-counter\/","og_site_name":"Gdirekt.se","article_modified_time":"2024-02-27T13:57:26+00:00","og_image":[{"width":1000,"height":1000,"url":"https:\/\/www.gdirekt.se\/wp-content\/uploads\/Massbord-Fold-Out-Counter.png","type":"image\/png"}],"twitter_card":"summary_large_image","twitter_misc":{"Estimeret l\u00e6setid":"1 minut"},"schema":{"@context":"https:\/\/schema.org","@graph":[{"@type":"WebPage","@id":"https:\/\/www.gdirekt.se\/da\/produkt\/messedisk-fold-out-counter\/","url":"https:\/\/www.gdirekt.se\/da\/produkt\/messedisk-fold-out-counter\/","name":"Messedisk Fold Out Counter, trykt billede er inkluderet i den billige pris | Gdirekt.se","isPartOf":{"@id":"https:\/\/www.gdirekt.se\/#website"},"primaryImageOfPage":{"@id":"https:\/\/www.gdirekt.se\/da\/produkt\/messedisk-fold-out-counter\/#primaryimage"},"image":{"@id":"https:\/\/www.gdirekt.se\/da\/produkt\/messedisk-fold-out-counter\/#primaryimage"},"thumbnailUrl":"https:\/\/www.gdirekt.se\/wp-content\/uploads\/Massbord-Fold-Out-Counter.png","datePublished":"2024-02-23T07:46:25+00:00","dateModified":"2024-02-27T13:57:26+00:00","description":"Messedisk Fold Out Counter er en udstillingsdisk med stofbilleder, som du nemt kan s\u00e6tte op. Markedets enkleste bord til arrangementer og aktiviteter.","breadcrumb":{"@id":"https:\/\/www.gdirekt.se\/da\/produkt\/messedisk-fold-out-counter\/#breadcrumb"},"inLanguage":"da-DK","potentialAction":[{"@type":"ReadAction","target":["https:\/\/www.gdirekt.se\/da\/produkt\/messedisk-fold-out-counter\/"]}]},{"@type":"ImageObject","inLanguage":"da-DK","@id":"https:\/\/www.gdirekt.se\/da\/produkt\/messedisk-fold-out-counter\/#primaryimage","url":"https:\/\/www.gdirekt.se\/wp-content\/uploads\/Massbord-Fold-Out-Counter.png","contentUrl":"https:\/\/www.gdirekt.se\/wp-content\/uploads\/Massbord-Fold-Out-Counter.png","width":1000,"height":1000,"caption":"Mart m\u00e4ssbord i tyg"},{"@type":"BreadcrumbList","@id":"https:\/\/www.gdirekt.se\/da\/produkt\/messedisk-fold-out-counter\/#breadcrumb","itemListElement":[{"@type":"ListItem","position":1,"name":"Hem","item":"https:\/\/www.gdirekt.se\/da\/"},{"@type":"ListItem","position":2,"name":"Start","item":"https:\/\/www.gdirekt.se\/da\/"},{"@type":"ListItem","position":3,"name":"Messedisk Fold Out Counter"}]},{"@type":"WebSite","@id":"https:\/\/www.gdirekt.se\/#website","url":"https:\/\/www.gdirekt.se\/","name":"Gdirekt.se","description":"Tryck snabbt \u00e5 l\u00e4tt = Gdirekt","potentialAction":[{"@type":"SearchAction","target":{"@type":"EntryPoint","urlTemplate":"https:\/\/www.gdirekt.se\/?s={search_term_string}"},"query-input":{"@type":"PropertyValueSpecification","valueRequired":true,"valueName":"search_term_string"}}],"inLanguage":"da-DK"}]}},"_links":{"self":[{"href":"https:\/\/www.gdirekt.se\/da\/wp-json\/wp\/v2\/product\/21649","targetHints":{"allow":["GET"]}}],"collection":[{"href":"https:\/\/www.gdirekt.se\/da\/wp-json\/wp\/v2\/product"}],"about":[{"href":"https:\/\/www.gdirekt.se\/da\/wp-json\/wp\/v2\/types\/product"}],"wp:featuredmedia":[{"embeddable":true,"href":"https:\/\/www.gdirekt.se\/da\/wp-json\/wp\/v2\/media\/21651"}],"wp:attachment":[{"href":"https:\/\/www.gdirekt.se\/da\/wp-json\/wp\/v2\/media?parent=21649"}],"wp:term":[{"taxonomy":"product_brand","embeddable":true,"href":"https:\/\/www.gdirekt.se\/da\/wp-json\/wp\/v2\/product_brand?post=21649"},{"taxonomy":"product_cat","embeddable":true,"href":"https:\/\/www.gdirekt.se\/da\/wp-json\/wp\/v2\/product_cat?post=21649"},{"taxonomy":"product_tag","embeddable":true,"href":"https:\/\/www.gdirekt.se\/da\/wp-json\/wp\/v2\/product_tag?post=21649"}],"curies":[{"name":"wp","href":"https:\/\/api.w.org\/{rel}","templated":true}]}}