{"id":21073,"date":"2023-10-23T15:00:04","date_gmt":"2023-10-23T13:00:04","guid":{"rendered":"https:\/\/www.gdirekt.se\/?post_type=product&#038;p=21073"},"modified":"2024-02-01T09:24:28","modified_gmt":"2024-02-01T08:24:28","slug":"jordplade-bannerstativ-28kg","status":"publish","type":"product","link":"https:\/\/www.gdirekt.se\/da\/produkt\/jordplade-bannerstativ-28kg\/","title":{"rendered":"Jordplade Bannerstativ 28kg"},"content":{"rendered":"<p>Jordplade Bannerstativ 28kg er f\u00f8rst og fremmest til vores bannerstativ. Disse s\u00e6lges enkeltvis og er meget st\u00e6rke og vejer hele 28 kilo stykket.<\/p>\n<p>Du forankrer bannerstanderne med disse Jordplade Bannerstativ 28kg p\u00e5 alle overflader s\u00e5som gr\u00e6s, jord, marker, asfalt, beton og skov. N\u00e5r der er arrangementer og konkurrencer udend\u00f8rs som golf, st\u00e6vner langs veje eller p\u00e5 tankstationer og indk\u00f8bscentre. Samt ladestandere.<\/p>\n<p>Dimensionerne p\u00e5 disse jordplade er:<\/p>\n<p>L\u00e6ngde: 77 cm<\/p>\n<p>Bredde: 39 cm<\/p>\n<p>H\u00f8jde: 12 cm<\/p>\n<p>Se flere af vores <em><strong><a href=\"https:\/\/www.gdirekt.se\/da\/produkt-kategori\/udendoersskilte-og-expo\/\">udvalgte standardprodukter<\/a><\/strong><\/em> til events og udend\u00f8rs visninger!<\/p>\n<p>Har du \u00f8nsker til andre produkter, s\u00e5 kontakt os p\u00e5 info@gdirekt.se eller telefon 011-252515<\/p>\n<p>Skulle du ogs\u00e5 have brug for faste skilte i lokalerne, har vi alle modeller af vores andet m\u00e6rke <em><strong><a href=\"https:\/\/shop.svasab.se\/\">SVASAB!<\/a><\/strong><\/em><\/p>\n","protected":false},"excerpt":{"rendered":"<p>Jordplade Bannerstativ 28kg s\u00e6lges enkeltvis og bruges til vores bannerstativ. Meget st\u00e6rk med h\u00f8j kvalitet og er perfekt i h\u00e5rd vind.<\/p>\n","protected":false},"featured_media":21078,"template":"","meta":{"_acf_changed":false},"product_brand":[],"product_cat":[356],"product_tag":[],"class_list":{"0":"post-21073","1":"product","2":"type-product","3":"status-publish","4":"has-post-thumbnail","6":"product_cat-udendoersskilte-og-expo","7":"product_shipping_class-350kr","9":"first","10":"instock","11":"taxable","12":"shipping-taxable","13":"purchasable","14":"product-type-simple"},"exclude_global_add_ons":[],"addons":[],"acf":[],"yoast_head":"<!-- This site is optimized with the Yoast SEO plugin v27.2 - https:\/\/yoast.com\/product\/yoast-seo-wordpress\/ -->\n<title>Jordplade Bannerstativ 28kg h\u00e5ller fast budskapen i stark vind | Gdirekt.se<\/title>\n<meta name=\"description\" content=\"Jordplade Bannerstativ 28kg holder stangen i h\u00e5rd vind. De er meget holdbare og tunge og lavet med genbrugsgummi. S\u00e6lges enkeltvis.\" \/>\n<meta name=\"robots\" content=\"index, follow, max-snippet:-1, max-image-preview:large, max-video-preview:-1\" \/>\n<link rel=\"canonical\" href=\"https:\/\/www.gdirekt.se\/da\/produkt\/jordplade-bannerstativ-28kg\/\" \/>\n<meta property=\"og:locale\" content=\"da_DK\" \/>\n<meta property=\"og:type\" content=\"article\" \/>\n<meta property=\"og:title\" content=\"Jordplade Bannerstativ 28kg h\u00e5ller fast budskapen i stark vind | Gdirekt.se\" \/>\n<meta property=\"og:description\" content=\"Jordplade Bannerstativ 28kg holder stangen i h\u00e5rd vind. De er meget holdbare og tunge og lavet med genbrugsgummi. S\u00e6lges enkeltvis.\" \/>\n<meta property=\"og:url\" content=\"https:\/\/www.gdirekt.se\/da\/produkt\/jordplade-bannerstativ-28kg\/\" \/>\n<meta property=\"og:site_name\" content=\"Gdirekt.se\" \/>\n<meta property=\"article:modified_time\" content=\"2024-02-01T08:24:28+00:00\" \/>\n<meta property=\"og:image\" content=\"https:\/\/www.gdirekt.se\/wp-content\/uploads\/Tung-fot-banderollstall.png\" \/>\n\t<meta property=\"og:image:width\" content=\"1000\" \/>\n\t<meta property=\"og:image:height\" content=\"1000\" \/>\n\t<meta property=\"og:image:type\" content=\"image\/png\" \/>\n<meta name=\"twitter:card\" content=\"summary_large_image\" \/>\n<meta name=\"twitter:label1\" content=\"Estimeret l\u00e6setid\" \/>\n\t<meta name=\"twitter:data1\" content=\"1 minut\" \/>\n<script type=\"application\/ld+json\" class=\"yoast-schema-graph\">{\"@context\":\"https:\/\/schema.org\",\"@graph\":[{\"@type\":\"WebPage\",\"@id\":\"https:\/\/www.gdirekt.se\/da\/produkt\/jordplade-bannerstativ-28kg\/\",\"url\":\"https:\/\/www.gdirekt.se\/da\/produkt\/jordplade-bannerstativ-28kg\/\",\"name\":\"Jordplade Bannerstativ 28kg h\u00e5ller fast budskapen i stark vind | Gdirekt.se\",\"isPartOf\":{\"@id\":\"https:\/\/www.gdirekt.se\/#website\"},\"primaryImageOfPage\":{\"@id\":\"https:\/\/www.gdirekt.se\/da\/produkt\/jordplade-bannerstativ-28kg\/#primaryimage\"},\"image\":{\"@id\":\"https:\/\/www.gdirekt.se\/da\/produkt\/jordplade-bannerstativ-28kg\/#primaryimage\"},\"thumbnailUrl\":\"https:\/\/www.gdirekt.se\/wp-content\/uploads\/Tung-fot-banderollstall.png\",\"datePublished\":\"2023-10-23T13:00:04+00:00\",\"dateModified\":\"2024-02-01T08:24:28+00:00\",\"description\":\"Jordplade Bannerstativ 28kg holder stangen i h\u00e5rd vind. De er meget holdbare og tunge og lavet med genbrugsgummi. S\u00e6lges enkeltvis.\",\"breadcrumb\":{\"@id\":\"https:\/\/www.gdirekt.se\/da\/produkt\/jordplade-bannerstativ-28kg\/#breadcrumb\"},\"inLanguage\":\"da-DK\",\"potentialAction\":[{\"@type\":\"ReadAction\",\"target\":[\"https:\/\/www.gdirekt.se\/da\/produkt\/jordplade-bannerstativ-28kg\/\"]}]},{\"@type\":\"ImageObject\",\"inLanguage\":\"da-DK\",\"@id\":\"https:\/\/www.gdirekt.se\/da\/produkt\/jordplade-bannerstativ-28kg\/#primaryimage\",\"url\":\"https:\/\/www.gdirekt.se\/wp-content\/uploads\/Tung-fot-banderollstall.png\",\"contentUrl\":\"https:\/\/www.gdirekt.se\/wp-content\/uploads\/Tung-fot-banderollstall.png\",\"width\":1000,\"height\":1000,\"caption\":\"Denne jordplade eller fod passer til vores bannerstativ\"},{\"@type\":\"BreadcrumbList\",\"@id\":\"https:\/\/www.gdirekt.se\/da\/produkt\/jordplade-bannerstativ-28kg\/#breadcrumb\",\"itemListElement\":[{\"@type\":\"ListItem\",\"position\":1,\"name\":\"Hem\",\"item\":\"https:\/\/www.gdirekt.se\/da\/\"},{\"@type\":\"ListItem\",\"position\":2,\"name\":\"Start\",\"item\":\"https:\/\/www.gdirekt.se\/da\/\"},{\"@type\":\"ListItem\",\"position\":3,\"name\":\"Jordplade Bannerstativ 28kg\"}]},{\"@type\":\"WebSite\",\"@id\":\"https:\/\/www.gdirekt.se\/#website\",\"url\":\"https:\/\/www.gdirekt.se\/\",\"name\":\"Gdirekt.se\",\"description\":\"Tryck snabbt \u00e5 l\u00e4tt = Gdirekt\",\"potentialAction\":[{\"@type\":\"SearchAction\",\"target\":{\"@type\":\"EntryPoint\",\"urlTemplate\":\"https:\/\/www.gdirekt.se\/?s={search_term_string}\"},\"query-input\":{\"@type\":\"PropertyValueSpecification\",\"valueRequired\":true,\"valueName\":\"search_term_string\"}}],\"inLanguage\":\"da-DK\"}]}<\/script>\n<!-- \/ Yoast SEO plugin. -->","yoast_head_json":{"title":"Jordplade Bannerstativ 28kg h\u00e5ller fast budskapen i stark vind | Gdirekt.se","description":"Jordplade Bannerstativ 28kg holder stangen i h\u00e5rd vind. De er meget holdbare og tunge og lavet med genbrugsgummi. S\u00e6lges enkeltvis.","robots":{"index":"index","follow":"follow","max-snippet":"max-snippet:-1","max-image-preview":"max-image-preview:large","max-video-preview":"max-video-preview:-1"},"canonical":"https:\/\/www.gdirekt.se\/da\/produkt\/jordplade-bannerstativ-28kg\/","og_locale":"da_DK","og_type":"article","og_title":"Jordplade Bannerstativ 28kg h\u00e5ller fast budskapen i stark vind | Gdirekt.se","og_description":"Jordplade Bannerstativ 28kg holder stangen i h\u00e5rd vind. De er meget holdbare og tunge og lavet med genbrugsgummi. S\u00e6lges enkeltvis.","og_url":"https:\/\/www.gdirekt.se\/da\/produkt\/jordplade-bannerstativ-28kg\/","og_site_name":"Gdirekt.se","article_modified_time":"2024-02-01T08:24:28+00:00","og_image":[{"width":1000,"height":1000,"url":"https:\/\/www.gdirekt.se\/wp-content\/uploads\/Tung-fot-banderollstall.png","type":"image\/png"}],"twitter_card":"summary_large_image","twitter_misc":{"Estimeret l\u00e6setid":"1 minut"},"schema":{"@context":"https:\/\/schema.org","@graph":[{"@type":"WebPage","@id":"https:\/\/www.gdirekt.se\/da\/produkt\/jordplade-bannerstativ-28kg\/","url":"https:\/\/www.gdirekt.se\/da\/produkt\/jordplade-bannerstativ-28kg\/","name":"Jordplade Bannerstativ 28kg h\u00e5ller fast budskapen i stark vind | Gdirekt.se","isPartOf":{"@id":"https:\/\/www.gdirekt.se\/#website"},"primaryImageOfPage":{"@id":"https:\/\/www.gdirekt.se\/da\/produkt\/jordplade-bannerstativ-28kg\/#primaryimage"},"image":{"@id":"https:\/\/www.gdirekt.se\/da\/produkt\/jordplade-bannerstativ-28kg\/#primaryimage"},"thumbnailUrl":"https:\/\/www.gdirekt.se\/wp-content\/uploads\/Tung-fot-banderollstall.png","datePublished":"2023-10-23T13:00:04+00:00","dateModified":"2024-02-01T08:24:28+00:00","description":"Jordplade Bannerstativ 28kg holder stangen i h\u00e5rd vind. De er meget holdbare og tunge og lavet med genbrugsgummi. S\u00e6lges enkeltvis.","breadcrumb":{"@id":"https:\/\/www.gdirekt.se\/da\/produkt\/jordplade-bannerstativ-28kg\/#breadcrumb"},"inLanguage":"da-DK","potentialAction":[{"@type":"ReadAction","target":["https:\/\/www.gdirekt.se\/da\/produkt\/jordplade-bannerstativ-28kg\/"]}]},{"@type":"ImageObject","inLanguage":"da-DK","@id":"https:\/\/www.gdirekt.se\/da\/produkt\/jordplade-bannerstativ-28kg\/#primaryimage","url":"https:\/\/www.gdirekt.se\/wp-content\/uploads\/Tung-fot-banderollstall.png","contentUrl":"https:\/\/www.gdirekt.se\/wp-content\/uploads\/Tung-fot-banderollstall.png","width":1000,"height":1000,"caption":"Denne jordplade eller fod passer til vores bannerstativ"},{"@type":"BreadcrumbList","@id":"https:\/\/www.gdirekt.se\/da\/produkt\/jordplade-bannerstativ-28kg\/#breadcrumb","itemListElement":[{"@type":"ListItem","position":1,"name":"Hem","item":"https:\/\/www.gdirekt.se\/da\/"},{"@type":"ListItem","position":2,"name":"Start","item":"https:\/\/www.gdirekt.se\/da\/"},{"@type":"ListItem","position":3,"name":"Jordplade Bannerstativ 28kg"}]},{"@type":"WebSite","@id":"https:\/\/www.gdirekt.se\/#website","url":"https:\/\/www.gdirekt.se\/","name":"Gdirekt.se","description":"Tryck snabbt \u00e5 l\u00e4tt = Gdirekt","potentialAction":[{"@type":"SearchAction","target":{"@type":"EntryPoint","urlTemplate":"https:\/\/www.gdirekt.se\/?s={search_term_string}"},"query-input":{"@type":"PropertyValueSpecification","valueRequired":true,"valueName":"search_term_string"}}],"inLanguage":"da-DK"}]}},"_links":{"self":[{"href":"https:\/\/www.gdirekt.se\/da\/wp-json\/wp\/v2\/product\/21073","targetHints":{"allow":["GET"]}}],"collection":[{"href":"https:\/\/www.gdirekt.se\/da\/wp-json\/wp\/v2\/product"}],"about":[{"href":"https:\/\/www.gdirekt.se\/da\/wp-json\/wp\/v2\/types\/product"}],"wp:featuredmedia":[{"embeddable":true,"href":"https:\/\/www.gdirekt.se\/da\/wp-json\/wp\/v2\/media\/21078"}],"wp:attachment":[{"href":"https:\/\/www.gdirekt.se\/da\/wp-json\/wp\/v2\/media?parent=21073"}],"wp:term":[{"taxonomy":"product_brand","embeddable":true,"href":"https:\/\/www.gdirekt.se\/da\/wp-json\/wp\/v2\/product_brand?post=21073"},{"taxonomy":"product_cat","embeddable":true,"href":"https:\/\/www.gdirekt.se\/da\/wp-json\/wp\/v2\/product_cat?post=21073"},{"taxonomy":"product_tag","embeddable":true,"href":"https:\/\/www.gdirekt.se\/da\/wp-json\/wp\/v2\/product_tag?post=21073"}],"curies":[{"name":"wp","href":"https:\/\/api.w.org\/{rel}","templated":true}]}}