{"id":20378,"date":"2023-08-09T16:36:29","date_gmt":"2023-08-09T14:36:29","guid":{"rendered":"https:\/\/www.gdirekt.se\/?post_type=product&#038;p=20378"},"modified":"2023-08-10T11:22:54","modified_gmt":"2023-08-10T09:22:54","slug":"lysboks-lysskilt-led-skilt-dobbeltsidet","status":"publish","type":"product","link":"https:\/\/www.gdirekt.se\/da\/produkt\/lysboks-lysskilt-led-skilt-dobbeltsidet\/","title":{"rendered":"Lysboks Lysskilt LED-skilt &#8211; dobbeltsidet"},"content":{"rendered":"<p><span lang=\"DA\">Lysboks Lysskilt LED-skilt &#8211; dobbeltsidet er et komplet produkt med billede, der er trykt p\u00e5 en stoftype, som sikrer, at lyset fordeles optimalt. Lysboksene leveres komplette med LED-belysning og stik. Disse lysbokse bruges til indretning i butikker og p\u00e5 offentlige steder. De bruges som lysende informationstavler eller lystavler med oplysninger eller reklame. Uanset hvordan de bruges, er resultatet foto og tekst i meget h\u00f8j opl\u00f8sning. Lysboks Lysskilt LED-skilt &#8211; dobbeltsidet\u00a0er meget synlige reklameskilte, som viser motivet konstant i mods\u00e6tning til sk\u00e6rme. Der kr\u00e6ves ikke elektriker til installationen, og de har et lavt str\u00f8mforbrug.<\/span><\/p>\n<p>\u00d8nsker du at lyskassen skal st\u00e5 p\u00e5 gulvet, kan f\u00f8dder bestilles p\u00e5: <em><strong><a href=\"https:\/\/www.gdirekt.se\/produkt\/fotter-till-ljuslador\/\">https:\/\/www.gdirekt.se\/produkt\/fotter-till-ljuslador\/<\/a><\/strong><\/em><\/p>\n<p><span lang=\"DA\">Vi laver selv lysboksene og har dem p\u00e5 lager. Det betyder, at n\u00e5r I bestiller, s\u00e5 fremstiller vi dem med det samme! Disse lysskilte eller lysbokse kan indbygges i en v\u00e6g, og vi kan levere i alle st\u00f8rrelser. Kontakt os for at f\u00e5 tilbud og prisoplysninger. De er 10 cm tykke og af meget h\u00f8j kvalitet. F\u00f8lg os p\u00e5<span class=\"apple-converted-space\">\u00a0<\/span><\/span><span lang=\"DA\"><a href=\"https:\/\/www.instagram.com\/gigantprint\/\"><b><i>Instagram<\/i><\/b><\/a><\/span><span lang=\"DA\">for at se inspirerende billeder og andre displays med tryk!<\/span><\/p>\n<p><span lang=\"DA\">Hvis I har brug for andre virkemidler, har vi et bredt udvalg i forskelligt materiale og forskellige st\u00f8rrelser. Klik her for at se<span class=\"apple-converted-space\">\u00a0<\/span><\/span><span lang=\"DA\"><a href=\"https:\/\/www.gdirekt.se\/produkt-kategori\/skyltar\/\"><b><i>vores skilte<\/i><\/b><\/a><\/span><span lang=\"DA\">.<\/span><\/p>\n","protected":false},"excerpt":{"rendered":"<p>Lysboks Lysskilt LED-skilt med design til indretning i butikker. Bestil en stor lysboks med backlight-stof. Bannerstoffet har en gummiliste, og det er let at skifte billede i lysboksen. Lysboksen er 10 cm tyk, af h\u00f8j kvalitet og leveres komplet med billede, LED-p\u00e6rer og stik. F\u00e5s i farverne s\u00f8lv\/aluminium, sort og hvid.<\/p>\n","protected":false},"featured_media":20299,"template":"","meta":{"_acf_changed":false},"product_brand":[],"product_cat":[375,378],"product_tag":[],"class_list":{"0":"post-20378","1":"product","2":"type-product","3":"status-publish","4":"has-post-thumbnail","6":"product_cat-messevaegge-og-displaysystemer","7":"product_cat-skilte","9":"first","10":"instock","11":"taxable","12":"shipping-taxable","13":"purchasable","14":"product-type-variable","15":"has-default-attributes"},"exclude_global_add_ons":[],"addons":[],"acf":[],"yoast_head":"<!-- This site is optimized with the Yoast SEO plugin v27.2 - https:\/\/yoast.com\/product\/yoast-seo-wordpress\/ -->\n<title>Lysboks Lysskilt LED-skilt - dobbeltsidet, i h\u00f8jeste kvalitet | Gdirekt.se<\/title>\n<meta name=\"description\" content=\"Lysboks Lysskilt LED-skilt - dobbeltsidet. Bestil en stor lysboks med backlight-stof. Banneret har gummiliste, det er let at skifte billede.\" \/>\n<meta name=\"robots\" content=\"index, follow, max-snippet:-1, max-image-preview:large, max-video-preview:-1\" \/>\n<link rel=\"canonical\" href=\"https:\/\/www.gdirekt.se\/da\/produkt\/lysboks-lysskilt-led-skilt-dobbeltsidet\/\" \/>\n<meta property=\"og:locale\" content=\"da_DK\" \/>\n<meta property=\"og:type\" content=\"article\" \/>\n<meta property=\"og:title\" content=\"Lysboks Lysskilt LED-skilt - dobbeltsidet, i h\u00f8jeste kvalitet | Gdirekt.se\" \/>\n<meta property=\"og:description\" content=\"Lysboks Lysskilt LED-skilt - dobbeltsidet. Bestil en stor lysboks med backlight-stof. Banneret har gummiliste, det er let at skifte billede.\" \/>\n<meta property=\"og:url\" content=\"https:\/\/www.gdirekt.se\/da\/produkt\/lysboks-lysskilt-led-skilt-dobbeltsidet\/\" \/>\n<meta property=\"og:site_name\" content=\"Gdirekt.se\" \/>\n<meta property=\"article:modified_time\" content=\"2023-08-10T09:22:54+00:00\" \/>\n<meta property=\"og:image\" content=\"https:\/\/www.gdirekt.se\/wp-content\/uploads\/Ljusla\u030ada.png\" \/>\n\t<meta property=\"og:image:width\" content=\"1000\" \/>\n\t<meta property=\"og:image:height\" content=\"1000\" \/>\n\t<meta property=\"og:image:type\" content=\"image\/png\" \/>\n<meta name=\"twitter:card\" content=\"summary_large_image\" \/>\n<meta name=\"twitter:label1\" content=\"Estimeret l\u00e6setid\" \/>\n\t<meta name=\"twitter:data1\" content=\"2 minutter\" \/>\n<script type=\"application\/ld+json\" class=\"yoast-schema-graph\">{\"@context\":\"https:\/\/schema.org\",\"@graph\":[{\"@type\":\"WebPage\",\"@id\":\"https:\/\/www.gdirekt.se\/da\/produkt\/lysboks-lysskilt-led-skilt-dobbeltsidet\/\",\"url\":\"https:\/\/www.gdirekt.se\/da\/produkt\/lysboks-lysskilt-led-skilt-dobbeltsidet\/\",\"name\":\"Lysboks Lysskilt LED-skilt - dobbeltsidet, i h\u00f8jeste kvalitet | Gdirekt.se\",\"isPartOf\":{\"@id\":\"https:\/\/www.gdirekt.se\/#website\"},\"primaryImageOfPage\":{\"@id\":\"https:\/\/www.gdirekt.se\/da\/produkt\/lysboks-lysskilt-led-skilt-dobbeltsidet\/#primaryimage\"},\"image\":{\"@id\":\"https:\/\/www.gdirekt.se\/da\/produkt\/lysboks-lysskilt-led-skilt-dobbeltsidet\/#primaryimage\"},\"thumbnailUrl\":\"https:\/\/www.gdirekt.se\/wp-content\/uploads\/Ljusla\u030ada.png\",\"datePublished\":\"2023-08-09T14:36:29+00:00\",\"dateModified\":\"2023-08-10T09:22:54+00:00\",\"description\":\"Lysboks Lysskilt LED-skilt - dobbeltsidet. Bestil en stor lysboks med backlight-stof. Banneret har gummiliste, det er let at skifte billede.\",\"breadcrumb\":{\"@id\":\"https:\/\/www.gdirekt.se\/da\/produkt\/lysboks-lysskilt-led-skilt-dobbeltsidet\/#breadcrumb\"},\"inLanguage\":\"da-DK\",\"potentialAction\":[{\"@type\":\"ReadAction\",\"target\":[\"https:\/\/www.gdirekt.se\/da\/produkt\/lysboks-lysskilt-led-skilt-dobbeltsidet\/\"]}]},{\"@type\":\"ImageObject\",\"inLanguage\":\"da-DK\",\"@id\":\"https:\/\/www.gdirekt.se\/da\/produkt\/lysboks-lysskilt-led-skilt-dobbeltsidet\/#primaryimage\",\"url\":\"https:\/\/www.gdirekt.se\/wp-content\/uploads\/Ljusla\u030ada.png\",\"contentUrl\":\"https:\/\/www.gdirekt.se\/wp-content\/uploads\/Ljusla\u030ada.png\",\"width\":1000,\"height\":1000,\"caption\":\"Ljusla\u030ada med LED belysning\"},{\"@type\":\"BreadcrumbList\",\"@id\":\"https:\/\/www.gdirekt.se\/da\/produkt\/lysboks-lysskilt-led-skilt-dobbeltsidet\/#breadcrumb\",\"itemListElement\":[{\"@type\":\"ListItem\",\"position\":1,\"name\":\"Hem\",\"item\":\"https:\/\/www.gdirekt.se\/da\/\"},{\"@type\":\"ListItem\",\"position\":2,\"name\":\"Start\",\"item\":\"https:\/\/www.gdirekt.se\/da\/\"},{\"@type\":\"ListItem\",\"position\":3,\"name\":\"Lysboks Lysskilt LED-skilt &#8211; dobbeltsidet\"}]},{\"@type\":\"WebSite\",\"@id\":\"https:\/\/www.gdirekt.se\/#website\",\"url\":\"https:\/\/www.gdirekt.se\/\",\"name\":\"Gdirekt.se\",\"description\":\"Tryck snabbt \u00e5 l\u00e4tt = Gdirekt\",\"potentialAction\":[{\"@type\":\"SearchAction\",\"target\":{\"@type\":\"EntryPoint\",\"urlTemplate\":\"https:\/\/www.gdirekt.se\/?s={search_term_string}\"},\"query-input\":{\"@type\":\"PropertyValueSpecification\",\"valueRequired\":true,\"valueName\":\"search_term_string\"}}],\"inLanguage\":\"da-DK\"}]}<\/script>\n<!-- \/ Yoast SEO plugin. -->","yoast_head_json":{"title":"Lysboks Lysskilt LED-skilt - dobbeltsidet, i h\u00f8jeste kvalitet | Gdirekt.se","description":"Lysboks Lysskilt LED-skilt - dobbeltsidet. Bestil en stor lysboks med backlight-stof. Banneret har gummiliste, det er let at skifte billede.","robots":{"index":"index","follow":"follow","max-snippet":"max-snippet:-1","max-image-preview":"max-image-preview:large","max-video-preview":"max-video-preview:-1"},"canonical":"https:\/\/www.gdirekt.se\/da\/produkt\/lysboks-lysskilt-led-skilt-dobbeltsidet\/","og_locale":"da_DK","og_type":"article","og_title":"Lysboks Lysskilt LED-skilt - dobbeltsidet, i h\u00f8jeste kvalitet | Gdirekt.se","og_description":"Lysboks Lysskilt LED-skilt - dobbeltsidet. Bestil en stor lysboks med backlight-stof. Banneret har gummiliste, det er let at skifte billede.","og_url":"https:\/\/www.gdirekt.se\/da\/produkt\/lysboks-lysskilt-led-skilt-dobbeltsidet\/","og_site_name":"Gdirekt.se","article_modified_time":"2023-08-10T09:22:54+00:00","og_image":[{"width":1000,"height":1000,"url":"https:\/\/www.gdirekt.se\/wp-content\/uploads\/Ljusla\u030ada.png","type":"image\/png"}],"twitter_card":"summary_large_image","twitter_misc":{"Estimeret l\u00e6setid":"2 minutter"},"schema":{"@context":"https:\/\/schema.org","@graph":[{"@type":"WebPage","@id":"https:\/\/www.gdirekt.se\/da\/produkt\/lysboks-lysskilt-led-skilt-dobbeltsidet\/","url":"https:\/\/www.gdirekt.se\/da\/produkt\/lysboks-lysskilt-led-skilt-dobbeltsidet\/","name":"Lysboks Lysskilt LED-skilt - dobbeltsidet, i h\u00f8jeste kvalitet | Gdirekt.se","isPartOf":{"@id":"https:\/\/www.gdirekt.se\/#website"},"primaryImageOfPage":{"@id":"https:\/\/www.gdirekt.se\/da\/produkt\/lysboks-lysskilt-led-skilt-dobbeltsidet\/#primaryimage"},"image":{"@id":"https:\/\/www.gdirekt.se\/da\/produkt\/lysboks-lysskilt-led-skilt-dobbeltsidet\/#primaryimage"},"thumbnailUrl":"https:\/\/www.gdirekt.se\/wp-content\/uploads\/Ljusla\u030ada.png","datePublished":"2023-08-09T14:36:29+00:00","dateModified":"2023-08-10T09:22:54+00:00","description":"Lysboks Lysskilt LED-skilt - dobbeltsidet. Bestil en stor lysboks med backlight-stof. Banneret har gummiliste, det er let at skifte billede.","breadcrumb":{"@id":"https:\/\/www.gdirekt.se\/da\/produkt\/lysboks-lysskilt-led-skilt-dobbeltsidet\/#breadcrumb"},"inLanguage":"da-DK","potentialAction":[{"@type":"ReadAction","target":["https:\/\/www.gdirekt.se\/da\/produkt\/lysboks-lysskilt-led-skilt-dobbeltsidet\/"]}]},{"@type":"ImageObject","inLanguage":"da-DK","@id":"https:\/\/www.gdirekt.se\/da\/produkt\/lysboks-lysskilt-led-skilt-dobbeltsidet\/#primaryimage","url":"https:\/\/www.gdirekt.se\/wp-content\/uploads\/Ljusla\u030ada.png","contentUrl":"https:\/\/www.gdirekt.se\/wp-content\/uploads\/Ljusla\u030ada.png","width":1000,"height":1000,"caption":"Ljusla\u030ada med LED belysning"},{"@type":"BreadcrumbList","@id":"https:\/\/www.gdirekt.se\/da\/produkt\/lysboks-lysskilt-led-skilt-dobbeltsidet\/#breadcrumb","itemListElement":[{"@type":"ListItem","position":1,"name":"Hem","item":"https:\/\/www.gdirekt.se\/da\/"},{"@type":"ListItem","position":2,"name":"Start","item":"https:\/\/www.gdirekt.se\/da\/"},{"@type":"ListItem","position":3,"name":"Lysboks Lysskilt LED-skilt &#8211; dobbeltsidet"}]},{"@type":"WebSite","@id":"https:\/\/www.gdirekt.se\/#website","url":"https:\/\/www.gdirekt.se\/","name":"Gdirekt.se","description":"Tryck snabbt \u00e5 l\u00e4tt = Gdirekt","potentialAction":[{"@type":"SearchAction","target":{"@type":"EntryPoint","urlTemplate":"https:\/\/www.gdirekt.se\/?s={search_term_string}"},"query-input":{"@type":"PropertyValueSpecification","valueRequired":true,"valueName":"search_term_string"}}],"inLanguage":"da-DK"}]}},"_links":{"self":[{"href":"https:\/\/www.gdirekt.se\/da\/wp-json\/wp\/v2\/product\/20378","targetHints":{"allow":["GET"]}}],"collection":[{"href":"https:\/\/www.gdirekt.se\/da\/wp-json\/wp\/v2\/product"}],"about":[{"href":"https:\/\/www.gdirekt.se\/da\/wp-json\/wp\/v2\/types\/product"}],"wp:featuredmedia":[{"embeddable":true,"href":"https:\/\/www.gdirekt.se\/da\/wp-json\/wp\/v2\/media\/20299"}],"wp:attachment":[{"href":"https:\/\/www.gdirekt.se\/da\/wp-json\/wp\/v2\/media?parent=20378"}],"wp:term":[{"taxonomy":"product_brand","embeddable":true,"href":"https:\/\/www.gdirekt.se\/da\/wp-json\/wp\/v2\/product_brand?post=20378"},{"taxonomy":"product_cat","embeddable":true,"href":"https:\/\/www.gdirekt.se\/da\/wp-json\/wp\/v2\/product_cat?post=20378"},{"taxonomy":"product_tag","embeddable":true,"href":"https:\/\/www.gdirekt.se\/da\/wp-json\/wp\/v2\/product_tag?post=20378"}],"curies":[{"name":"wp","href":"https:\/\/api.w.org\/{rel}","templated":true}]}}