{"id":20305,"date":"2023-08-02T15:30:13","date_gmt":"2023-08-02T13:30:13","guid":{"rendered":"https:\/\/www.gdirekt.se\/?post_type=product&#038;p=20305"},"modified":"2023-08-10T14:04:37","modified_gmt":"2023-08-10T12:04:37","slug":"fodder-til-lyskasser","status":"publish","type":"product","link":"https:\/\/www.gdirekt.se\/da\/produkt\/fodder-til-lyskasser\/","title":{"rendered":"F\u00f8dder til lyskasser"},"content":{"rendered":"<p>F\u00f8dder til lyskasser er f\u00f8rst og fremmest til vores lysskilte i LED-belysning. Disse s\u00e6lges enkeltvis og er meget st\u00e6rke og monteringsv\u00e6rkt\u00f8jet er inkluderet i prisen.<\/p>\n<p>Man s\u00e6tter en skinne fast p\u00e5 lysboksens profil og skruer derefter foden fast med en unbrakon\u00f8gle. Alt er inkluderet i prisen. Disse bruges ved events, konkurrencer, messer og andre arrangementer.<\/p>\n<p>Hvis lyskassen er over 150 cm, b\u00f8r du bruge de bredere f\u00f8dder. Og vil du have ekstra stabilitet, er dem med sidest\u00f8tterne bedst.<\/p>\n<p>Dimensionerne p\u00e5 de forskellige f\u00f8dder til lyskasser er:<\/p>\n<p>38&#215;7,5 cm<\/p>\n<p>45&#215;15 cm<\/p>\n<p>45x15cm med sidest\u00f8tte<\/p>\n<p>Alle varianter f\u00e5s i tre farver: S\u00f8lv\/aluminium, sort og hvid.<\/p>\n<p>&nbsp;<\/p>\n<p>Se flere af vores udvalgte standardprodukter til events og udstillinger!<\/p>\n<p>Har du \u00f8nsker til andre produkter, s\u00e5 kontakt os p\u00e5 info@gdirekt.se eller telefon 011-252515<\/p>\n<p>Skulle du ogs\u00e5 have brug for faste skilte i lokalerne, har vi alle modeller af vores andet m\u00e6rke SVASAB!<\/p>\n","protected":false},"excerpt":{"rendered":"<p>F\u00f8dder til lyskasser <strong>s\u00e6lges enkeltvis<\/strong> og alt monteringsv\u00e6rkt\u00f8j medf\u00f8lger. F\u00e5s i flere st\u00f8rrelser og farver: s\u00f8lv\/aluminium, sort og s\u00f8lv.<\/p>\n","protected":false},"featured_media":20307,"template":"","meta":{"_acf_changed":false},"product_brand":[],"product_cat":[379],"product_tag":[],"class_list":{"0":"post-20305","1":"product","2":"type-product","3":"status-publish","4":"has-post-thumbnail","6":"product_cat-skilte-tilbehoer","7":"product_shipping_class-250kr","9":"first","10":"instock","11":"taxable","12":"shipping-taxable","13":"purchasable","14":"product-type-variable","15":"has-default-attributes"},"exclude_global_add_ons":[],"addons":[],"acf":[],"yoast_head":"<!-- This site is optimized with the Yoast SEO plugin v27.2 - https:\/\/yoast.com\/product\/yoast-seo-wordpress\/ -->\n<title>F\u00f8dder til lyskasser i aluminium, sort og s\u00f8lv. H\u00f8jeste kvalitet! | Gdirekt.se<\/title>\n<meta name=\"description\" content=\"F\u00f8dder til lyskasser f\u00e5s i forskellige st\u00f8rrelser og flere farver. S\u00f8lv\/aluminium, sort og hvid. Dem med sidest\u00f8tter giver ekstra stabilitet.\" \/>\n<meta name=\"robots\" content=\"index, follow, max-snippet:-1, max-image-preview:large, max-video-preview:-1\" \/>\n<link rel=\"canonical\" href=\"https:\/\/www.gdirekt.se\/da\/produkt\/fodder-til-lyskasser\/\" \/>\n<meta property=\"og:locale\" content=\"da_DK\" \/>\n<meta property=\"og:type\" content=\"article\" \/>\n<meta property=\"og:title\" content=\"F\u00f8dder til lyskasser i aluminium, sort og s\u00f8lv. H\u00f8jeste kvalitet! | Gdirekt.se\" \/>\n<meta property=\"og:description\" content=\"F\u00f8dder til lyskasser f\u00e5s i forskellige st\u00f8rrelser og flere farver. S\u00f8lv\/aluminium, sort og hvid. Dem med sidest\u00f8tter giver ekstra stabilitet.\" \/>\n<meta property=\"og:url\" content=\"https:\/\/www.gdirekt.se\/da\/produkt\/fodder-til-lyskasser\/\" \/>\n<meta property=\"og:site_name\" content=\"Gdirekt.se\" \/>\n<meta property=\"article:modified_time\" content=\"2023-08-10T12:04:37+00:00\" \/>\n<meta property=\"og:image\" content=\"https:\/\/www.gdirekt.se\/wp-content\/uploads\/Fo\u0308tter_45x15cm.png\" \/>\n\t<meta property=\"og:image:width\" content=\"1000\" \/>\n\t<meta property=\"og:image:height\" content=\"1000\" \/>\n\t<meta property=\"og:image:type\" content=\"image\/png\" \/>\n<meta name=\"twitter:card\" content=\"summary_large_image\" \/>\n<meta name=\"twitter:label1\" content=\"Estimeret l\u00e6setid\" \/>\n\t<meta name=\"twitter:data1\" content=\"1 minut\" \/>\n<script type=\"application\/ld+json\" class=\"yoast-schema-graph\">{\"@context\":\"https:\/\/schema.org\",\"@graph\":[{\"@type\":\"WebPage\",\"@id\":\"https:\/\/www.gdirekt.se\/da\/produkt\/fodder-til-lyskasser\/\",\"url\":\"https:\/\/www.gdirekt.se\/da\/produkt\/fodder-til-lyskasser\/\",\"name\":\"F\u00f8dder til lyskasser i aluminium, sort og s\u00f8lv. H\u00f8jeste kvalitet! | Gdirekt.se\",\"isPartOf\":{\"@id\":\"https:\/\/www.gdirekt.se\/#website\"},\"primaryImageOfPage\":{\"@id\":\"https:\/\/www.gdirekt.se\/da\/produkt\/fodder-til-lyskasser\/#primaryimage\"},\"image\":{\"@id\":\"https:\/\/www.gdirekt.se\/da\/produkt\/fodder-til-lyskasser\/#primaryimage\"},\"thumbnailUrl\":\"https:\/\/www.gdirekt.se\/wp-content\/uploads\/Fo\u0308tter_45x15cm.png\",\"datePublished\":\"2023-08-02T13:30:13+00:00\",\"dateModified\":\"2023-08-10T12:04:37+00:00\",\"description\":\"F\u00f8dder til lyskasser f\u00e5s i forskellige st\u00f8rrelser og flere farver. S\u00f8lv\/aluminium, sort og hvid. Dem med sidest\u00f8tter giver ekstra stabilitet.\",\"breadcrumb\":{\"@id\":\"https:\/\/www.gdirekt.se\/da\/produkt\/fodder-til-lyskasser\/#breadcrumb\"},\"inLanguage\":\"da-DK\",\"potentialAction\":[{\"@type\":\"ReadAction\",\"target\":[\"https:\/\/www.gdirekt.se\/da\/produkt\/fodder-til-lyskasser\/\"]}]},{\"@type\":\"ImageObject\",\"inLanguage\":\"da-DK\",\"@id\":\"https:\/\/www.gdirekt.se\/da\/produkt\/fodder-til-lyskasser\/#primaryimage\",\"url\":\"https:\/\/www.gdirekt.se\/wp-content\/uploads\/Fo\u0308tter_45x15cm.png\",\"contentUrl\":\"https:\/\/www.gdirekt.se\/wp-content\/uploads\/Fo\u0308tter_45x15cm.png\",\"width\":1000,\"height\":1000,\"caption\":\"F\u00f8dder i s\u00f8lv\/aluminium, sort og hvid\"},{\"@type\":\"BreadcrumbList\",\"@id\":\"https:\/\/www.gdirekt.se\/da\/produkt\/fodder-til-lyskasser\/#breadcrumb\",\"itemListElement\":[{\"@type\":\"ListItem\",\"position\":1,\"name\":\"Hem\",\"item\":\"https:\/\/www.gdirekt.se\/da\/\"},{\"@type\":\"ListItem\",\"position\":2,\"name\":\"Start\",\"item\":\"https:\/\/www.gdirekt.se\/da\/\"},{\"@type\":\"ListItem\",\"position\":3,\"name\":\"F\u00f8dder til lyskasser\"}]},{\"@type\":\"WebSite\",\"@id\":\"https:\/\/www.gdirekt.se\/#website\",\"url\":\"https:\/\/www.gdirekt.se\/\",\"name\":\"Gdirekt.se\",\"description\":\"Tryck snabbt \u00e5 l\u00e4tt = Gdirekt\",\"potentialAction\":[{\"@type\":\"SearchAction\",\"target\":{\"@type\":\"EntryPoint\",\"urlTemplate\":\"https:\/\/www.gdirekt.se\/?s={search_term_string}\"},\"query-input\":{\"@type\":\"PropertyValueSpecification\",\"valueRequired\":true,\"valueName\":\"search_term_string\"}}],\"inLanguage\":\"da-DK\"}]}<\/script>\n<!-- \/ Yoast SEO plugin. -->","yoast_head_json":{"title":"F\u00f8dder til lyskasser i aluminium, sort og s\u00f8lv. H\u00f8jeste kvalitet! | Gdirekt.se","description":"F\u00f8dder til lyskasser f\u00e5s i forskellige st\u00f8rrelser og flere farver. S\u00f8lv\/aluminium, sort og hvid. Dem med sidest\u00f8tter giver ekstra stabilitet.","robots":{"index":"index","follow":"follow","max-snippet":"max-snippet:-1","max-image-preview":"max-image-preview:large","max-video-preview":"max-video-preview:-1"},"canonical":"https:\/\/www.gdirekt.se\/da\/produkt\/fodder-til-lyskasser\/","og_locale":"da_DK","og_type":"article","og_title":"F\u00f8dder til lyskasser i aluminium, sort og s\u00f8lv. H\u00f8jeste kvalitet! | Gdirekt.se","og_description":"F\u00f8dder til lyskasser f\u00e5s i forskellige st\u00f8rrelser og flere farver. S\u00f8lv\/aluminium, sort og hvid. Dem med sidest\u00f8tter giver ekstra stabilitet.","og_url":"https:\/\/www.gdirekt.se\/da\/produkt\/fodder-til-lyskasser\/","og_site_name":"Gdirekt.se","article_modified_time":"2023-08-10T12:04:37+00:00","og_image":[{"width":1000,"height":1000,"url":"https:\/\/www.gdirekt.se\/wp-content\/uploads\/Fo\u0308tter_45x15cm.png","type":"image\/png"}],"twitter_card":"summary_large_image","twitter_misc":{"Estimeret l\u00e6setid":"1 minut"},"schema":{"@context":"https:\/\/schema.org","@graph":[{"@type":"WebPage","@id":"https:\/\/www.gdirekt.se\/da\/produkt\/fodder-til-lyskasser\/","url":"https:\/\/www.gdirekt.se\/da\/produkt\/fodder-til-lyskasser\/","name":"F\u00f8dder til lyskasser i aluminium, sort og s\u00f8lv. H\u00f8jeste kvalitet! | Gdirekt.se","isPartOf":{"@id":"https:\/\/www.gdirekt.se\/#website"},"primaryImageOfPage":{"@id":"https:\/\/www.gdirekt.se\/da\/produkt\/fodder-til-lyskasser\/#primaryimage"},"image":{"@id":"https:\/\/www.gdirekt.se\/da\/produkt\/fodder-til-lyskasser\/#primaryimage"},"thumbnailUrl":"https:\/\/www.gdirekt.se\/wp-content\/uploads\/Fo\u0308tter_45x15cm.png","datePublished":"2023-08-02T13:30:13+00:00","dateModified":"2023-08-10T12:04:37+00:00","description":"F\u00f8dder til lyskasser f\u00e5s i forskellige st\u00f8rrelser og flere farver. S\u00f8lv\/aluminium, sort og hvid. Dem med sidest\u00f8tter giver ekstra stabilitet.","breadcrumb":{"@id":"https:\/\/www.gdirekt.se\/da\/produkt\/fodder-til-lyskasser\/#breadcrumb"},"inLanguage":"da-DK","potentialAction":[{"@type":"ReadAction","target":["https:\/\/www.gdirekt.se\/da\/produkt\/fodder-til-lyskasser\/"]}]},{"@type":"ImageObject","inLanguage":"da-DK","@id":"https:\/\/www.gdirekt.se\/da\/produkt\/fodder-til-lyskasser\/#primaryimage","url":"https:\/\/www.gdirekt.se\/wp-content\/uploads\/Fo\u0308tter_45x15cm.png","contentUrl":"https:\/\/www.gdirekt.se\/wp-content\/uploads\/Fo\u0308tter_45x15cm.png","width":1000,"height":1000,"caption":"F\u00f8dder i s\u00f8lv\/aluminium, sort og hvid"},{"@type":"BreadcrumbList","@id":"https:\/\/www.gdirekt.se\/da\/produkt\/fodder-til-lyskasser\/#breadcrumb","itemListElement":[{"@type":"ListItem","position":1,"name":"Hem","item":"https:\/\/www.gdirekt.se\/da\/"},{"@type":"ListItem","position":2,"name":"Start","item":"https:\/\/www.gdirekt.se\/da\/"},{"@type":"ListItem","position":3,"name":"F\u00f8dder til lyskasser"}]},{"@type":"WebSite","@id":"https:\/\/www.gdirekt.se\/#website","url":"https:\/\/www.gdirekt.se\/","name":"Gdirekt.se","description":"Tryck snabbt \u00e5 l\u00e4tt = Gdirekt","potentialAction":[{"@type":"SearchAction","target":{"@type":"EntryPoint","urlTemplate":"https:\/\/www.gdirekt.se\/?s={search_term_string}"},"query-input":{"@type":"PropertyValueSpecification","valueRequired":true,"valueName":"search_term_string"}}],"inLanguage":"da-DK"}]}},"_links":{"self":[{"href":"https:\/\/www.gdirekt.se\/da\/wp-json\/wp\/v2\/product\/20305","targetHints":{"allow":["GET"]}}],"collection":[{"href":"https:\/\/www.gdirekt.se\/da\/wp-json\/wp\/v2\/product"}],"about":[{"href":"https:\/\/www.gdirekt.se\/da\/wp-json\/wp\/v2\/types\/product"}],"wp:featuredmedia":[{"embeddable":true,"href":"https:\/\/www.gdirekt.se\/da\/wp-json\/wp\/v2\/media\/20307"}],"wp:attachment":[{"href":"https:\/\/www.gdirekt.se\/da\/wp-json\/wp\/v2\/media?parent=20305"}],"wp:term":[{"taxonomy":"product_brand","embeddable":true,"href":"https:\/\/www.gdirekt.se\/da\/wp-json\/wp\/v2\/product_brand?post=20305"},{"taxonomy":"product_cat","embeddable":true,"href":"https:\/\/www.gdirekt.se\/da\/wp-json\/wp\/v2\/product_cat?post=20305"},{"taxonomy":"product_tag","embeddable":true,"href":"https:\/\/www.gdirekt.se\/da\/wp-json\/wp\/v2\/product_tag?post=20305"}],"curies":[{"name":"wp","href":"https:\/\/api.w.org\/{rel}","templated":true}]}}