{"id":18992,"date":"2023-01-23T11:07:23","date_gmt":"2023-01-23T10:07:23","guid":{"rendered":"https:\/\/www.gdirekt.se\/?post_type=product&#038;p=18992"},"modified":"2023-01-24T11:20:19","modified_gmt":"2023-01-24T10:20:19","slug":"bordskilt-opskummet-pvc","status":"publish","type":"product","link":"https:\/\/www.gdirekt.se\/da\/produkt\/bordskilt-opskummet-pvc\/","title":{"rendered":"Bordskilt opskummet PVC"},"content":{"rendered":"<p>Bordskilt opskummet PVC med pladefod er f\u00f8rst og fremmest et perfekt reklameskilt til en butik. Uanset hvilket format du v\u00e6lger af A5, A4 eller A3 syner din branding rigtigt flot.Vi kan naturligvis lave disse i andre st\u00f8rrelser ogs\u00e5, s\u00e5 endelig kontakt os med din foresp\u00f8rgsel. Vi kan hj\u00e6lpe jer med alverdens muligheder af display i forskellige materialer. Du kan se flere printede displays <a href=\"https:\/\/www.gdirekt.se\/produkt-kategori\/reklamstall-och-butikdisplayer\/\"><strong><em>her<\/em><\/strong><\/a>.<\/p>\n<p>&nbsp;<\/p>\n<p>Vi hj\u00e6lper ogs\u00e5 med at levere forskellige former og formater p\u00e5 Bordskiltet i 10 mm opskummet PVC, Andre materialer kan ogs\u00e5 bruges s\u00e5som karton. Vi producerer borddisplays i alle mulige formater og materialer. Alt fra akryl, plast til tr\u00e6 for at skabe det rigtige look hvor produktet skal vises frem. Vi har ved andre opgaver l\u00f8st at arbejde med flere materialer p\u00e5 \u00e9n gang, s\u00e5 skiltet har f\u00e5et et look med karton med print, sammensat med akryl som beskyttende plade p\u00e5 fronten. Materialet findes i op til 16 mm.<\/p>\n<p>Mest benyttet, bruges disse printede Bordskilt opskummet PVC p\u00e5 en hylde eller p\u00e5 disken i en butik. Du kan udvide designet og tilf\u00f8je rum eller holdere til flyers eller m\u00e5ske visitkort.<\/p>\n<p>&nbsp;<\/p>\n<p>Send os en mail p\u00e5 <a href=\"mailto:info@gdirekt.se\"><strong><em>info@gdirekt.se<\/em><\/strong><\/a>\u00a0eller ring p\u00e5 011-251515 s\u00e5 vi sammen kan finde den rigtige l\u00f8sning p\u00e5 designet og variant af det printede display<\/p>\n<p>Har du behov for hj\u00e6lp til en st\u00f8rre opgave eller event, s\u00e5 er du velkommen til at bes\u00f8ge vores hovedafdeling <em><strong><a href=\"https:\/\/gigantprint.se\/\">GigantPrint<\/a><\/strong><\/em><\/p>\n<p>Vi giver dig muligheden for at eksponere dine produkter og brands.<\/p>\n","protected":false},"excerpt":{"rendered":"<p><span lang=\"DA\">Bordskilt i opskummet PVC er et stabilt reklamedisplay med fod. Passer ideelt til printet logo og billeder. Uanset hvilket format du v\u00e6lger af A5, A4 eller A3 syner din branding rigtigt flot. Materialet er af 10 mm holdbar PVC og i prisen indg\u00e5r selvf\u00f8lgelig din eget print.<\/span><\/p>\n<p><span lang=\"DA\">Vi kan naturligvis lave disse i andre st\u00f8rrelser ogs\u00e5, s\u00e5 endelig kontakt os med din foresp\u00f8rgsel.<\/span><\/p>\n","protected":false},"featured_media":19012,"template":"","meta":{"_acf_changed":false},"product_brand":[],"product_cat":[357,378],"product_tag":[],"class_list":{"0":"post-18992","1":"product","2":"type-product","3":"status-publish","4":"has-post-thumbnail","6":"product_cat-reklamstall-og-butikdisplayer","7":"product_cat-skilte","8":"product_shipping_class-250kr","10":"first","11":"instock","12":"taxable","13":"shipping-taxable","14":"purchasable","15":"product-type-variable","16":"has-default-attributes"},"exclude_global_add_ons":[],"addons":[],"acf":[],"yoast_head":"<!-- This site is optimized with the Yoast SEO plugin v27.2 - https:\/\/yoast.com\/product\/yoast-seo-wordpress\/ -->\n<title>Bordskilt opskummet PVC med trykt logo til butikker | Gdirekt.se<\/title>\n<meta name=\"description\" content=\"Bordskilt opskummet PVC er et reklamedisplay til en disk eller i en butik. Bestil dobbeltsidet bordstativ i A5, A4 eller A3.\" \/>\n<meta name=\"robots\" content=\"index, follow, max-snippet:-1, max-image-preview:large, max-video-preview:-1\" \/>\n<link rel=\"canonical\" href=\"https:\/\/www.gdirekt.se\/da\/produkt\/bordskilt-opskummet-pvc\/\" \/>\n<meta property=\"og:locale\" content=\"da_DK\" \/>\n<meta property=\"og:type\" content=\"article\" \/>\n<meta property=\"og:title\" content=\"Bordskilt opskummet PVC med trykt logo til butikker | Gdirekt.se\" \/>\n<meta property=\"og:description\" content=\"Bordskilt opskummet PVC er et reklamedisplay til en disk eller i en butik. Bestil dobbeltsidet bordstativ i A5, A4 eller A3.\" \/>\n<meta property=\"og:url\" content=\"https:\/\/www.gdirekt.se\/da\/produkt\/bordskilt-opskummet-pvc\/\" \/>\n<meta property=\"og:site_name\" content=\"Gdirekt.se\" \/>\n<meta property=\"article:modified_time\" content=\"2023-01-24T10:20:19+00:00\" \/>\n<meta property=\"og:image\" content=\"https:\/\/www.gdirekt.se\/wp-content\/uploads\/Bordsskylt-forexplast.png\" \/>\n\t<meta property=\"og:image:width\" content=\"1000\" \/>\n\t<meta property=\"og:image:height\" content=\"1000\" \/>\n\t<meta property=\"og:image:type\" content=\"image\/png\" \/>\n<meta name=\"twitter:card\" content=\"summary_large_image\" \/>\n<meta name=\"twitter:label1\" content=\"Estimeret l\u00e6setid\" \/>\n\t<meta name=\"twitter:data1\" content=\"2 minutter\" \/>\n<script type=\"application\/ld+json\" class=\"yoast-schema-graph\">{\"@context\":\"https:\/\/schema.org\",\"@graph\":[{\"@type\":\"WebPage\",\"@id\":\"https:\/\/www.gdirekt.se\/da\/produkt\/bordskilt-opskummet-pvc\/\",\"url\":\"https:\/\/www.gdirekt.se\/da\/produkt\/bordskilt-opskummet-pvc\/\",\"name\":\"Bordskilt opskummet PVC med trykt logo til butikker | Gdirekt.se\",\"isPartOf\":{\"@id\":\"https:\/\/www.gdirekt.se\/#website\"},\"primaryImageOfPage\":{\"@id\":\"https:\/\/www.gdirekt.se\/da\/produkt\/bordskilt-opskummet-pvc\/#primaryimage\"},\"image\":{\"@id\":\"https:\/\/www.gdirekt.se\/da\/produkt\/bordskilt-opskummet-pvc\/#primaryimage\"},\"thumbnailUrl\":\"https:\/\/www.gdirekt.se\/wp-content\/uploads\/Bordsskylt-forexplast.png\",\"datePublished\":\"2023-01-23T10:07:23+00:00\",\"dateModified\":\"2023-01-24T10:20:19+00:00\",\"description\":\"Bordskilt opskummet PVC er et reklamedisplay til en disk eller i en butik. Bestil dobbeltsidet bordstativ i A5, A4 eller A3.\",\"breadcrumb\":{\"@id\":\"https:\/\/www.gdirekt.se\/da\/produkt\/bordskilt-opskummet-pvc\/#breadcrumb\"},\"inLanguage\":\"da-DK\",\"potentialAction\":[{\"@type\":\"ReadAction\",\"target\":[\"https:\/\/www.gdirekt.se\/da\/produkt\/bordskilt-opskummet-pvc\/\"]}]},{\"@type\":\"ImageObject\",\"inLanguage\":\"da-DK\",\"@id\":\"https:\/\/www.gdirekt.se\/da\/produkt\/bordskilt-opskummet-pvc\/#primaryimage\",\"url\":\"https:\/\/www.gdirekt.se\/wp-content\/uploads\/Bordsskylt-forexplast.png\",\"contentUrl\":\"https:\/\/www.gdirekt.se\/wp-content\/uploads\/Bordsskylt-forexplast.png\",\"width\":1000,\"height\":1000,\"caption\":\"Perfekt bordsdisplay til butikker.\"},{\"@type\":\"BreadcrumbList\",\"@id\":\"https:\/\/www.gdirekt.se\/da\/produkt\/bordskilt-opskummet-pvc\/#breadcrumb\",\"itemListElement\":[{\"@type\":\"ListItem\",\"position\":1,\"name\":\"Hem\",\"item\":\"https:\/\/www.gdirekt.se\/da\/\"},{\"@type\":\"ListItem\",\"position\":2,\"name\":\"Start\",\"item\":\"https:\/\/www.gdirekt.se\/da\/\"},{\"@type\":\"ListItem\",\"position\":3,\"name\":\"Bordskilt opskummet PVC\"}]},{\"@type\":\"WebSite\",\"@id\":\"https:\/\/www.gdirekt.se\/#website\",\"url\":\"https:\/\/www.gdirekt.se\/\",\"name\":\"Gdirekt.se\",\"description\":\"Tryck snabbt \u00e5 l\u00e4tt = Gdirekt\",\"potentialAction\":[{\"@type\":\"SearchAction\",\"target\":{\"@type\":\"EntryPoint\",\"urlTemplate\":\"https:\/\/www.gdirekt.se\/?s={search_term_string}\"},\"query-input\":{\"@type\":\"PropertyValueSpecification\",\"valueRequired\":true,\"valueName\":\"search_term_string\"}}],\"inLanguage\":\"da-DK\"}]}<\/script>\n<!-- \/ Yoast SEO plugin. -->","yoast_head_json":{"title":"Bordskilt opskummet PVC med trykt logo til butikker | Gdirekt.se","description":"Bordskilt opskummet PVC er et reklamedisplay til en disk eller i en butik. Bestil dobbeltsidet bordstativ i A5, A4 eller A3.","robots":{"index":"index","follow":"follow","max-snippet":"max-snippet:-1","max-image-preview":"max-image-preview:large","max-video-preview":"max-video-preview:-1"},"canonical":"https:\/\/www.gdirekt.se\/da\/produkt\/bordskilt-opskummet-pvc\/","og_locale":"da_DK","og_type":"article","og_title":"Bordskilt opskummet PVC med trykt logo til butikker | Gdirekt.se","og_description":"Bordskilt opskummet PVC er et reklamedisplay til en disk eller i en butik. Bestil dobbeltsidet bordstativ i A5, A4 eller A3.","og_url":"https:\/\/www.gdirekt.se\/da\/produkt\/bordskilt-opskummet-pvc\/","og_site_name":"Gdirekt.se","article_modified_time":"2023-01-24T10:20:19+00:00","og_image":[{"width":1000,"height":1000,"url":"https:\/\/www.gdirekt.se\/wp-content\/uploads\/Bordsskylt-forexplast.png","type":"image\/png"}],"twitter_card":"summary_large_image","twitter_misc":{"Estimeret l\u00e6setid":"2 minutter"},"schema":{"@context":"https:\/\/schema.org","@graph":[{"@type":"WebPage","@id":"https:\/\/www.gdirekt.se\/da\/produkt\/bordskilt-opskummet-pvc\/","url":"https:\/\/www.gdirekt.se\/da\/produkt\/bordskilt-opskummet-pvc\/","name":"Bordskilt opskummet PVC med trykt logo til butikker | Gdirekt.se","isPartOf":{"@id":"https:\/\/www.gdirekt.se\/#website"},"primaryImageOfPage":{"@id":"https:\/\/www.gdirekt.se\/da\/produkt\/bordskilt-opskummet-pvc\/#primaryimage"},"image":{"@id":"https:\/\/www.gdirekt.se\/da\/produkt\/bordskilt-opskummet-pvc\/#primaryimage"},"thumbnailUrl":"https:\/\/www.gdirekt.se\/wp-content\/uploads\/Bordsskylt-forexplast.png","datePublished":"2023-01-23T10:07:23+00:00","dateModified":"2023-01-24T10:20:19+00:00","description":"Bordskilt opskummet PVC er et reklamedisplay til en disk eller i en butik. Bestil dobbeltsidet bordstativ i A5, A4 eller A3.","breadcrumb":{"@id":"https:\/\/www.gdirekt.se\/da\/produkt\/bordskilt-opskummet-pvc\/#breadcrumb"},"inLanguage":"da-DK","potentialAction":[{"@type":"ReadAction","target":["https:\/\/www.gdirekt.se\/da\/produkt\/bordskilt-opskummet-pvc\/"]}]},{"@type":"ImageObject","inLanguage":"da-DK","@id":"https:\/\/www.gdirekt.se\/da\/produkt\/bordskilt-opskummet-pvc\/#primaryimage","url":"https:\/\/www.gdirekt.se\/wp-content\/uploads\/Bordsskylt-forexplast.png","contentUrl":"https:\/\/www.gdirekt.se\/wp-content\/uploads\/Bordsskylt-forexplast.png","width":1000,"height":1000,"caption":"Perfekt bordsdisplay til butikker."},{"@type":"BreadcrumbList","@id":"https:\/\/www.gdirekt.se\/da\/produkt\/bordskilt-opskummet-pvc\/#breadcrumb","itemListElement":[{"@type":"ListItem","position":1,"name":"Hem","item":"https:\/\/www.gdirekt.se\/da\/"},{"@type":"ListItem","position":2,"name":"Start","item":"https:\/\/www.gdirekt.se\/da\/"},{"@type":"ListItem","position":3,"name":"Bordskilt opskummet PVC"}]},{"@type":"WebSite","@id":"https:\/\/www.gdirekt.se\/#website","url":"https:\/\/www.gdirekt.se\/","name":"Gdirekt.se","description":"Tryck snabbt \u00e5 l\u00e4tt = Gdirekt","potentialAction":[{"@type":"SearchAction","target":{"@type":"EntryPoint","urlTemplate":"https:\/\/www.gdirekt.se\/?s={search_term_string}"},"query-input":{"@type":"PropertyValueSpecification","valueRequired":true,"valueName":"search_term_string"}}],"inLanguage":"da-DK"}]}},"_links":{"self":[{"href":"https:\/\/www.gdirekt.se\/da\/wp-json\/wp\/v2\/product\/18992","targetHints":{"allow":["GET"]}}],"collection":[{"href":"https:\/\/www.gdirekt.se\/da\/wp-json\/wp\/v2\/product"}],"about":[{"href":"https:\/\/www.gdirekt.se\/da\/wp-json\/wp\/v2\/types\/product"}],"wp:featuredmedia":[{"embeddable":true,"href":"https:\/\/www.gdirekt.se\/da\/wp-json\/wp\/v2\/media\/19012"}],"wp:attachment":[{"href":"https:\/\/www.gdirekt.se\/da\/wp-json\/wp\/v2\/media?parent=18992"}],"wp:term":[{"taxonomy":"product_brand","embeddable":true,"href":"https:\/\/www.gdirekt.se\/da\/wp-json\/wp\/v2\/product_brand?post=18992"},{"taxonomy":"product_cat","embeddable":true,"href":"https:\/\/www.gdirekt.se\/da\/wp-json\/wp\/v2\/product_cat?post=18992"},{"taxonomy":"product_tag","embeddable":true,"href":"https:\/\/www.gdirekt.se\/da\/wp-json\/wp\/v2\/product_tag?post=18992"}],"curies":[{"name":"wp","href":"https:\/\/api.w.org\/{rel}","templated":true}]}}