{"id":18906,"date":"2023-01-18T16:19:51","date_gmt":"2023-01-18T15:19:51","guid":{"rendered":"https:\/\/www.gdirekt.se\/?post_type=product&#038;p=18906"},"modified":"2024-02-01T09:24:44","modified_gmt":"2024-02-01T08:24:44","slug":"reklametelt-vaegtklods","status":"publish","type":"product","link":"https:\/\/www.gdirekt.se\/da\/produkt\/reklametelt-vaegtklods\/","title":{"rendered":"Reklametelt v\u00e6gtklods"},"content":{"rendered":"<p>Reklametelt v\u00e6gtklodser passer til alle vores telte. De er todelte og vejer 15 kg sammen.<br \/>\nV\u00e6gtene er perfekte, n\u00e5r det bl\u00e6ser og vinden er kraftig.<br \/>\nDer er ydermere mulighed for at tilk\u00f8be en transporttaske p\u00e5 hjul som passer til alle vores reklametelte.<\/p>\n<p>Har du andre \u00f8nskem\u00e5l, st\u00f8rrelser og sp\u00f8rgsm\u00e5l til varianter, s\u00e5 kontakt os p\u00e5 <a href=\"mailto:info@gdirekt.se\"><strong><em>info@gdirekt.se<\/em><\/strong><\/a> eller telefon 011-252515<\/p>\n<p>Bannerstander er et smart valg hvis man \u00f8nsker et slidst\u00e6rkt bannersystem til dobbeltsidet reklamebudskaber. Banner med print p\u00e5 indg\u00e5r i prisen og skal du k\u00f8be nye print, g\u00f8r du det mest enkelt her: <a href=\"https:\/\/www.gdirekt.se\/produkt\/bild-till-banderollstativ-exl-arena\/\"><strong><em>h\u00e4r<\/em><\/strong><\/a>. Har du behov for andre faste n\u00f8dskilte i lokalet s\u00e5 har vi alle modeller, p\u00e5 vores andet brandsite <a href=\"https:\/\/shop.svasab.se\"><strong><em>SVASAB<\/em><\/strong><\/a>!<\/p>\n","protected":false},"excerpt":{"rendered":"<p>Reklametelt v\u00e6gtklodser passer til alle vores telte. De er todelte og vejer 15 kg sammen.<br \/>\nV\u00e6gtene er perfekte, n\u00e5r det bl\u00e6ser og vinden er kraftig. Der er ydermere mulighed for at tilk\u00f8be en transporttaske p\u00e5 hjul som passer til alle vores reklametelte.<\/p>\n","protected":false},"featured_media":18920,"template":"","meta":{"_acf_changed":false},"product_brand":[],"product_cat":[372,356],"product_tag":[],"class_list":{"0":"post-18906","1":"product","2":"type-product","3":"status-publish","4":"has-post-thumbnail","6":"product_cat-display-skilteholdere-skiltestander","7":"product_cat-udendoersskilte-og-expo","8":"product_shipping_class-350kr","10":"first","11":"instock","12":"taxable","13":"shipping-taxable","14":"purchasable","15":"product-type-simple"},"exclude_global_add_ons":[],"addons":[],"acf":[],"yoast_head":"<!-- This site is optimized with the Yoast SEO plugin v27.2 - https:\/\/yoast.com\/product\/yoast-seo-wordpress\/ -->\n<title>Reklametelt v\u00e6gtklods holder festtelt p\u00e5 plads under bl\u00e6sende | Gdirekt.se<\/title>\n<meta name=\"description\" content=\"Reklametelt v\u00e6gtklods er ekstra v\u00e6gte, der holder pavillonen p\u00e5 plastik i h\u00e5rd vind n\u00e5r du har et arrangement!\" \/>\n<meta name=\"robots\" content=\"index, follow, max-snippet:-1, max-image-preview:large, max-video-preview:-1\" \/>\n<link rel=\"canonical\" href=\"https:\/\/www.gdirekt.se\/da\/produkt\/reklametelt-vaegtklods\/\" \/>\n<meta property=\"og:locale\" content=\"da_DK\" \/>\n<meta property=\"og:type\" content=\"article\" \/>\n<meta property=\"og:title\" content=\"Reklametelt v\u00e6gtklods holder festtelt p\u00e5 plads under bl\u00e6sende | Gdirekt.se\" \/>\n<meta property=\"og:description\" content=\"Reklametelt v\u00e6gtklods er ekstra v\u00e6gte, der holder pavillonen p\u00e5 plastik i h\u00e5rd vind n\u00e5r du har et arrangement!\" \/>\n<meta property=\"og:url\" content=\"https:\/\/www.gdirekt.se\/da\/produkt\/reklametelt-vaegtklods\/\" \/>\n<meta property=\"og:site_name\" content=\"Gdirekt.se\" \/>\n<meta property=\"article:modified_time\" content=\"2024-02-01T08:24:44+00:00\" \/>\n<meta property=\"og:image\" content=\"https:\/\/www.gdirekt.se\/wp-content\/uploads\/ta\u0308ltvikt.png\" \/>\n\t<meta property=\"og:image:width\" content=\"1000\" \/>\n\t<meta property=\"og:image:height\" content=\"1000\" \/>\n\t<meta property=\"og:image:type\" content=\"image\/png\" \/>\n<meta name=\"twitter:card\" content=\"summary_large_image\" \/>\n<meta name=\"twitter:label1\" content=\"Estimeret l\u00e6setid\" \/>\n\t<meta name=\"twitter:data1\" content=\"1 minut\" \/>\n<script type=\"application\/ld+json\" class=\"yoast-schema-graph\">{\"@context\":\"https:\/\/schema.org\",\"@graph\":[{\"@type\":\"WebPage\",\"@id\":\"https:\/\/www.gdirekt.se\/da\/produkt\/reklametelt-vaegtklods\/\",\"url\":\"https:\/\/www.gdirekt.se\/da\/produkt\/reklametelt-vaegtklods\/\",\"name\":\"Reklametelt v\u00e6gtklods holder festtelt p\u00e5 plads under bl\u00e6sende | Gdirekt.se\",\"isPartOf\":{\"@id\":\"https:\/\/www.gdirekt.se\/#website\"},\"primaryImageOfPage\":{\"@id\":\"https:\/\/www.gdirekt.se\/da\/produkt\/reklametelt-vaegtklods\/#primaryimage\"},\"image\":{\"@id\":\"https:\/\/www.gdirekt.se\/da\/produkt\/reklametelt-vaegtklods\/#primaryimage\"},\"thumbnailUrl\":\"https:\/\/www.gdirekt.se\/wp-content\/uploads\/ta\u0308ltvikt.png\",\"datePublished\":\"2023-01-18T15:19:51+00:00\",\"dateModified\":\"2024-02-01T08:24:44+00:00\",\"description\":\"Reklametelt v\u00e6gtklods er ekstra v\u00e6gte, der holder pavillonen p\u00e5 plastik i h\u00e5rd vind n\u00e5r du har et arrangement!\",\"breadcrumb\":{\"@id\":\"https:\/\/www.gdirekt.se\/da\/produkt\/reklametelt-vaegtklods\/#breadcrumb\"},\"inLanguage\":\"da-DK\",\"potentialAction\":[{\"@type\":\"ReadAction\",\"target\":[\"https:\/\/www.gdirekt.se\/da\/produkt\/reklametelt-vaegtklods\/\"]}]},{\"@type\":\"ImageObject\",\"inLanguage\":\"da-DK\",\"@id\":\"https:\/\/www.gdirekt.se\/da\/produkt\/reklametelt-vaegtklods\/#primaryimage\",\"url\":\"https:\/\/www.gdirekt.se\/wp-content\/uploads\/ta\u0308ltvikt.png\",\"contentUrl\":\"https:\/\/www.gdirekt.se\/wp-content\/uploads\/ta\u0308ltvikt.png\",\"width\":1000,\"height\":1000,\"caption\":\"Teltv\u00e6gt til vores reklametelte, der vejer 15 kg\"},{\"@type\":\"BreadcrumbList\",\"@id\":\"https:\/\/www.gdirekt.se\/da\/produkt\/reklametelt-vaegtklods\/#breadcrumb\",\"itemListElement\":[{\"@type\":\"ListItem\",\"position\":1,\"name\":\"Hem\",\"item\":\"https:\/\/www.gdirekt.se\/da\/\"},{\"@type\":\"ListItem\",\"position\":2,\"name\":\"Start\",\"item\":\"https:\/\/www.gdirekt.se\/da\/\"},{\"@type\":\"ListItem\",\"position\":3,\"name\":\"Reklametelt v\u00e6gtklods\"}]},{\"@type\":\"WebSite\",\"@id\":\"https:\/\/www.gdirekt.se\/#website\",\"url\":\"https:\/\/www.gdirekt.se\/\",\"name\":\"Gdirekt.se\",\"description\":\"Tryck snabbt \u00e5 l\u00e4tt = Gdirekt\",\"potentialAction\":[{\"@type\":\"SearchAction\",\"target\":{\"@type\":\"EntryPoint\",\"urlTemplate\":\"https:\/\/www.gdirekt.se\/?s={search_term_string}\"},\"query-input\":{\"@type\":\"PropertyValueSpecification\",\"valueRequired\":true,\"valueName\":\"search_term_string\"}}],\"inLanguage\":\"da-DK\"}]}<\/script>\n<!-- \/ Yoast SEO plugin. -->","yoast_head_json":{"title":"Reklametelt v\u00e6gtklods holder festtelt p\u00e5 plads under bl\u00e6sende | Gdirekt.se","description":"Reklametelt v\u00e6gtklods er ekstra v\u00e6gte, der holder pavillonen p\u00e5 plastik i h\u00e5rd vind n\u00e5r du har et arrangement!","robots":{"index":"index","follow":"follow","max-snippet":"max-snippet:-1","max-image-preview":"max-image-preview:large","max-video-preview":"max-video-preview:-1"},"canonical":"https:\/\/www.gdirekt.se\/da\/produkt\/reklametelt-vaegtklods\/","og_locale":"da_DK","og_type":"article","og_title":"Reklametelt v\u00e6gtklods holder festtelt p\u00e5 plads under bl\u00e6sende | Gdirekt.se","og_description":"Reklametelt v\u00e6gtklods er ekstra v\u00e6gte, der holder pavillonen p\u00e5 plastik i h\u00e5rd vind n\u00e5r du har et arrangement!","og_url":"https:\/\/www.gdirekt.se\/da\/produkt\/reklametelt-vaegtklods\/","og_site_name":"Gdirekt.se","article_modified_time":"2024-02-01T08:24:44+00:00","og_image":[{"width":1000,"height":1000,"url":"https:\/\/www.gdirekt.se\/wp-content\/uploads\/ta\u0308ltvikt.png","type":"image\/png"}],"twitter_card":"summary_large_image","twitter_misc":{"Estimeret l\u00e6setid":"1 minut"},"schema":{"@context":"https:\/\/schema.org","@graph":[{"@type":"WebPage","@id":"https:\/\/www.gdirekt.se\/da\/produkt\/reklametelt-vaegtklods\/","url":"https:\/\/www.gdirekt.se\/da\/produkt\/reklametelt-vaegtklods\/","name":"Reklametelt v\u00e6gtklods holder festtelt p\u00e5 plads under bl\u00e6sende | Gdirekt.se","isPartOf":{"@id":"https:\/\/www.gdirekt.se\/#website"},"primaryImageOfPage":{"@id":"https:\/\/www.gdirekt.se\/da\/produkt\/reklametelt-vaegtklods\/#primaryimage"},"image":{"@id":"https:\/\/www.gdirekt.se\/da\/produkt\/reklametelt-vaegtklods\/#primaryimage"},"thumbnailUrl":"https:\/\/www.gdirekt.se\/wp-content\/uploads\/ta\u0308ltvikt.png","datePublished":"2023-01-18T15:19:51+00:00","dateModified":"2024-02-01T08:24:44+00:00","description":"Reklametelt v\u00e6gtklods er ekstra v\u00e6gte, der holder pavillonen p\u00e5 plastik i h\u00e5rd vind n\u00e5r du har et arrangement!","breadcrumb":{"@id":"https:\/\/www.gdirekt.se\/da\/produkt\/reklametelt-vaegtklods\/#breadcrumb"},"inLanguage":"da-DK","potentialAction":[{"@type":"ReadAction","target":["https:\/\/www.gdirekt.se\/da\/produkt\/reklametelt-vaegtklods\/"]}]},{"@type":"ImageObject","inLanguage":"da-DK","@id":"https:\/\/www.gdirekt.se\/da\/produkt\/reklametelt-vaegtklods\/#primaryimage","url":"https:\/\/www.gdirekt.se\/wp-content\/uploads\/ta\u0308ltvikt.png","contentUrl":"https:\/\/www.gdirekt.se\/wp-content\/uploads\/ta\u0308ltvikt.png","width":1000,"height":1000,"caption":"Teltv\u00e6gt til vores reklametelte, der vejer 15 kg"},{"@type":"BreadcrumbList","@id":"https:\/\/www.gdirekt.se\/da\/produkt\/reklametelt-vaegtklods\/#breadcrumb","itemListElement":[{"@type":"ListItem","position":1,"name":"Hem","item":"https:\/\/www.gdirekt.se\/da\/"},{"@type":"ListItem","position":2,"name":"Start","item":"https:\/\/www.gdirekt.se\/da\/"},{"@type":"ListItem","position":3,"name":"Reklametelt v\u00e6gtklods"}]},{"@type":"WebSite","@id":"https:\/\/www.gdirekt.se\/#website","url":"https:\/\/www.gdirekt.se\/","name":"Gdirekt.se","description":"Tryck snabbt \u00e5 l\u00e4tt = Gdirekt","potentialAction":[{"@type":"SearchAction","target":{"@type":"EntryPoint","urlTemplate":"https:\/\/www.gdirekt.se\/?s={search_term_string}"},"query-input":{"@type":"PropertyValueSpecification","valueRequired":true,"valueName":"search_term_string"}}],"inLanguage":"da-DK"}]}},"_links":{"self":[{"href":"https:\/\/www.gdirekt.se\/da\/wp-json\/wp\/v2\/product\/18906","targetHints":{"allow":["GET"]}}],"collection":[{"href":"https:\/\/www.gdirekt.se\/da\/wp-json\/wp\/v2\/product"}],"about":[{"href":"https:\/\/www.gdirekt.se\/da\/wp-json\/wp\/v2\/types\/product"}],"wp:featuredmedia":[{"embeddable":true,"href":"https:\/\/www.gdirekt.se\/da\/wp-json\/wp\/v2\/media\/18920"}],"wp:attachment":[{"href":"https:\/\/www.gdirekt.se\/da\/wp-json\/wp\/v2\/media?parent=18906"}],"wp:term":[{"taxonomy":"product_brand","embeddable":true,"href":"https:\/\/www.gdirekt.se\/da\/wp-json\/wp\/v2\/product_brand?post=18906"},{"taxonomy":"product_cat","embeddable":true,"href":"https:\/\/www.gdirekt.se\/da\/wp-json\/wp\/v2\/product_cat?post=18906"},{"taxonomy":"product_tag","embeddable":true,"href":"https:\/\/www.gdirekt.se\/da\/wp-json\/wp\/v2\/product_tag?post=18906"}],"curies":[{"name":"wp","href":"https:\/\/api.w.org\/{rel}","templated":true}]}}