{"id":18583,"date":"2023-01-05T10:58:23","date_gmt":"2023-01-05T09:58:23","guid":{"rendered":"https:\/\/www.gdirekt.se\/?post_type=product&#038;p=18583"},"modified":"2024-02-01T09:24:46","modified_gmt":"2024-02-01T08:24:46","slug":"panda-skiltholder","status":"publish","type":"product","link":"https:\/\/www.gdirekt.se\/da\/produkt\/panda-skiltholder\/","title":{"rendered":"Panda skiltholder"},"content":{"rendered":"<p>Panda skiltholder er frem for alt en fod til fladtrykte billeder p\u00e5 diske i alle mulige materialer. Ogs\u00e5 velegnet til alle forskellige pladematerialer mellem 3-10 mm tykke. Skilteholderen vejer 3 kg og er produceret i PP plast \/ 50% genanvendt. Anbefalet maksimal v\u00e6gt p\u00e5 pladerne er 10 kg og det kan v\u00e6re sk\u00e6rebr\u00e6tter, stadurskilte, tr\u00e6plader, dibondplader. Du kan ogs\u00e5 klippe de printede skiver ud, som du blot fastg\u00f8r med to gennemg\u00e5ende skruer, der medf\u00f8lger, da du bestilte displaystanderen. Her kan du tjekke, hvilke pladematerialer du kan bestille!<\/p>\n<p>Eksempler p\u00e5 anvendelsesomr\u00e5der for Panda skilteholdere er butiksannoncering, annonces\u00f8jler, informationsmeddelelser, salgsskilte og referenceskilte. Smart at bruge disse skiltesystemer p\u00e5 messer, sportsarenaer, i butikker, i indk\u00f8bscentre, i indk\u00f8bscentre, i biludstillingslokaler, f\u00f8devarebutikker og alle former for offentlige milj\u00f8er.<\/p>\n<p>Til sidst \u00f8nsker vi dig held og lykke med dette rigtige valg!<\/p>\n","protected":false},"excerpt":{"rendered":"<p>Panda skiltholder er et stabilt underlag til diske og fladtrykte billeder. Passer til h\u00e5rde materialer mellem 3-10 mm tykke. V\u00e6gt op til 30 kg, skilteholderen vejer 3 kg og kan fyldes med 15 liter sand eller vand.<\/p>\n","protected":false},"featured_media":18585,"template":"","meta":{"_acf_changed":false},"product_brand":[],"product_cat":[357,379,356],"product_tag":[],"class_list":{"0":"post-18583","1":"product","2":"type-product","3":"status-publish","4":"has-post-thumbnail","6":"product_cat-reklamstall-og-butikdisplayer","7":"product_cat-skilte-tilbehoer","8":"product_cat-udendoersskilte-og-expo","9":"product_shipping_class-250kr","11":"first","12":"instock","13":"taxable","14":"shipping-taxable","15":"purchasable","16":"product-type-simple"},"exclude_global_add_ons":[],"addons":[],"acf":[],"yoast_head":"<!-- This site is optimized with the Yoast SEO plugin v27.2 - https:\/\/yoast.com\/product\/yoast-seo-wordpress\/ -->\n<title>Panda skiltholder en stabil holder til plademateriale med tryk | Gdirekt.se<\/title>\n<meta name=\"description\" content=\"Panda skilteolder er en skilteholder til plader og plantrykte reklames\u00f8jler. Bestil til brug i butik som udsalgsskilt eller informationskilte.\" \/>\n<meta name=\"robots\" content=\"index, follow, max-snippet:-1, max-image-preview:large, max-video-preview:-1\" \/>\n<link rel=\"canonical\" href=\"https:\/\/www.gdirekt.se\/da\/produkt\/panda-skiltholder\/\" \/>\n<meta property=\"og:locale\" content=\"da_DK\" \/>\n<meta property=\"og:type\" content=\"article\" \/>\n<meta property=\"og:title\" content=\"Panda skiltholder en stabil holder til plademateriale med tryk | Gdirekt.se\" \/>\n<meta property=\"og:description\" content=\"Panda skilteolder er en skilteholder til plader og plantrykte reklames\u00f8jler. Bestil til brug i butik som udsalgsskilt eller informationskilte.\" \/>\n<meta property=\"og:url\" content=\"https:\/\/www.gdirekt.se\/da\/produkt\/panda-skiltholder\/\" \/>\n<meta property=\"og:site_name\" content=\"Gdirekt.se\" \/>\n<meta property=\"article:modified_time\" content=\"2024-02-01T08:24:46+00:00\" \/>\n<meta property=\"og:image\" content=\"https:\/\/www.gdirekt.se\/wp-content\/uploads\/Panda-skyltha\u030allare.png\" \/>\n\t<meta property=\"og:image:width\" content=\"1000\" \/>\n\t<meta property=\"og:image:height\" content=\"1000\" \/>\n\t<meta property=\"og:image:type\" content=\"image\/png\" \/>\n<meta name=\"twitter:card\" content=\"summary_large_image\" \/>\n<meta name=\"twitter:label1\" content=\"Estimeret l\u00e6setid\" \/>\n\t<meta name=\"twitter:data1\" content=\"1 minut\" \/>\n<script type=\"application\/ld+json\" class=\"yoast-schema-graph\">{\"@context\":\"https:\/\/schema.org\",\"@graph\":[{\"@type\":\"WebPage\",\"@id\":\"https:\/\/www.gdirekt.se\/da\/produkt\/panda-skiltholder\/\",\"url\":\"https:\/\/www.gdirekt.se\/da\/produkt\/panda-skiltholder\/\",\"name\":\"Panda skiltholder en stabil holder til plademateriale med tryk | Gdirekt.se\",\"isPartOf\":{\"@id\":\"https:\/\/www.gdirekt.se\/#website\"},\"primaryImageOfPage\":{\"@id\":\"https:\/\/www.gdirekt.se\/da\/produkt\/panda-skiltholder\/#primaryimage\"},\"image\":{\"@id\":\"https:\/\/www.gdirekt.se\/da\/produkt\/panda-skiltholder\/#primaryimage\"},\"thumbnailUrl\":\"https:\/\/www.gdirekt.se\/wp-content\/uploads\/Panda-skyltha\u030allare.png\",\"datePublished\":\"2023-01-05T09:58:23+00:00\",\"dateModified\":\"2024-02-01T08:24:46+00:00\",\"description\":\"Panda skilteolder er en skilteholder til plader og plantrykte reklames\u00f8jler. Bestil til brug i butik som udsalgsskilt eller informationskilte.\",\"breadcrumb\":{\"@id\":\"https:\/\/www.gdirekt.se\/da\/produkt\/panda-skiltholder\/#breadcrumb\"},\"inLanguage\":\"da-DK\",\"potentialAction\":[{\"@type\":\"ReadAction\",\"target\":[\"https:\/\/www.gdirekt.se\/da\/produkt\/panda-skiltholder\/\"]}]},{\"@type\":\"ImageObject\",\"inLanguage\":\"da-DK\",\"@id\":\"https:\/\/www.gdirekt.se\/da\/produkt\/panda-skiltholder\/#primaryimage\",\"url\":\"https:\/\/www.gdirekt.se\/wp-content\/uploads\/Panda-skyltha\u030allare.png\",\"contentUrl\":\"https:\/\/www.gdirekt.se\/wp-content\/uploads\/Panda-skyltha\u030allare.png\",\"width\":1000,\"height\":1000,\"caption\":\"Stabil skiltholder\"},{\"@type\":\"BreadcrumbList\",\"@id\":\"https:\/\/www.gdirekt.se\/da\/produkt\/panda-skiltholder\/#breadcrumb\",\"itemListElement\":[{\"@type\":\"ListItem\",\"position\":1,\"name\":\"Hem\",\"item\":\"https:\/\/www.gdirekt.se\/da\/\"},{\"@type\":\"ListItem\",\"position\":2,\"name\":\"Start\",\"item\":\"https:\/\/www.gdirekt.se\/da\/\"},{\"@type\":\"ListItem\",\"position\":3,\"name\":\"Panda skiltholder\"}]},{\"@type\":\"WebSite\",\"@id\":\"https:\/\/www.gdirekt.se\/#website\",\"url\":\"https:\/\/www.gdirekt.se\/\",\"name\":\"Gdirekt.se\",\"description\":\"Tryck snabbt \u00e5 l\u00e4tt = Gdirekt\",\"potentialAction\":[{\"@type\":\"SearchAction\",\"target\":{\"@type\":\"EntryPoint\",\"urlTemplate\":\"https:\/\/www.gdirekt.se\/?s={search_term_string}\"},\"query-input\":{\"@type\":\"PropertyValueSpecification\",\"valueRequired\":true,\"valueName\":\"search_term_string\"}}],\"inLanguage\":\"da-DK\"}]}<\/script>\n<!-- \/ Yoast SEO plugin. -->","yoast_head_json":{"title":"Panda skiltholder en stabil holder til plademateriale med tryk | Gdirekt.se","description":"Panda skilteolder er en skilteholder til plader og plantrykte reklames\u00f8jler. Bestil til brug i butik som udsalgsskilt eller informationskilte.","robots":{"index":"index","follow":"follow","max-snippet":"max-snippet:-1","max-image-preview":"max-image-preview:large","max-video-preview":"max-video-preview:-1"},"canonical":"https:\/\/www.gdirekt.se\/da\/produkt\/panda-skiltholder\/","og_locale":"da_DK","og_type":"article","og_title":"Panda skiltholder en stabil holder til plademateriale med tryk | Gdirekt.se","og_description":"Panda skilteolder er en skilteholder til plader og plantrykte reklames\u00f8jler. Bestil til brug i butik som udsalgsskilt eller informationskilte.","og_url":"https:\/\/www.gdirekt.se\/da\/produkt\/panda-skiltholder\/","og_site_name":"Gdirekt.se","article_modified_time":"2024-02-01T08:24:46+00:00","og_image":[{"width":1000,"height":1000,"url":"https:\/\/www.gdirekt.se\/wp-content\/uploads\/Panda-skyltha\u030allare.png","type":"image\/png"}],"twitter_card":"summary_large_image","twitter_misc":{"Estimeret l\u00e6setid":"1 minut"},"schema":{"@context":"https:\/\/schema.org","@graph":[{"@type":"WebPage","@id":"https:\/\/www.gdirekt.se\/da\/produkt\/panda-skiltholder\/","url":"https:\/\/www.gdirekt.se\/da\/produkt\/panda-skiltholder\/","name":"Panda skiltholder en stabil holder til plademateriale med tryk | Gdirekt.se","isPartOf":{"@id":"https:\/\/www.gdirekt.se\/#website"},"primaryImageOfPage":{"@id":"https:\/\/www.gdirekt.se\/da\/produkt\/panda-skiltholder\/#primaryimage"},"image":{"@id":"https:\/\/www.gdirekt.se\/da\/produkt\/panda-skiltholder\/#primaryimage"},"thumbnailUrl":"https:\/\/www.gdirekt.se\/wp-content\/uploads\/Panda-skyltha\u030allare.png","datePublished":"2023-01-05T09:58:23+00:00","dateModified":"2024-02-01T08:24:46+00:00","description":"Panda skilteolder er en skilteholder til plader og plantrykte reklames\u00f8jler. Bestil til brug i butik som udsalgsskilt eller informationskilte.","breadcrumb":{"@id":"https:\/\/www.gdirekt.se\/da\/produkt\/panda-skiltholder\/#breadcrumb"},"inLanguage":"da-DK","potentialAction":[{"@type":"ReadAction","target":["https:\/\/www.gdirekt.se\/da\/produkt\/panda-skiltholder\/"]}]},{"@type":"ImageObject","inLanguage":"da-DK","@id":"https:\/\/www.gdirekt.se\/da\/produkt\/panda-skiltholder\/#primaryimage","url":"https:\/\/www.gdirekt.se\/wp-content\/uploads\/Panda-skyltha\u030allare.png","contentUrl":"https:\/\/www.gdirekt.se\/wp-content\/uploads\/Panda-skyltha\u030allare.png","width":1000,"height":1000,"caption":"Stabil skiltholder"},{"@type":"BreadcrumbList","@id":"https:\/\/www.gdirekt.se\/da\/produkt\/panda-skiltholder\/#breadcrumb","itemListElement":[{"@type":"ListItem","position":1,"name":"Hem","item":"https:\/\/www.gdirekt.se\/da\/"},{"@type":"ListItem","position":2,"name":"Start","item":"https:\/\/www.gdirekt.se\/da\/"},{"@type":"ListItem","position":3,"name":"Panda skiltholder"}]},{"@type":"WebSite","@id":"https:\/\/www.gdirekt.se\/#website","url":"https:\/\/www.gdirekt.se\/","name":"Gdirekt.se","description":"Tryck snabbt \u00e5 l\u00e4tt = Gdirekt","potentialAction":[{"@type":"SearchAction","target":{"@type":"EntryPoint","urlTemplate":"https:\/\/www.gdirekt.se\/?s={search_term_string}"},"query-input":{"@type":"PropertyValueSpecification","valueRequired":true,"valueName":"search_term_string"}}],"inLanguage":"da-DK"}]}},"_links":{"self":[{"href":"https:\/\/www.gdirekt.se\/da\/wp-json\/wp\/v2\/product\/18583","targetHints":{"allow":["GET"]}}],"collection":[{"href":"https:\/\/www.gdirekt.se\/da\/wp-json\/wp\/v2\/product"}],"about":[{"href":"https:\/\/www.gdirekt.se\/da\/wp-json\/wp\/v2\/types\/product"}],"wp:featuredmedia":[{"embeddable":true,"href":"https:\/\/www.gdirekt.se\/da\/wp-json\/wp\/v2\/media\/18585"}],"wp:attachment":[{"href":"https:\/\/www.gdirekt.se\/da\/wp-json\/wp\/v2\/media?parent=18583"}],"wp:term":[{"taxonomy":"product_brand","embeddable":true,"href":"https:\/\/www.gdirekt.se\/da\/wp-json\/wp\/v2\/product_brand?post=18583"},{"taxonomy":"product_cat","embeddable":true,"href":"https:\/\/www.gdirekt.se\/da\/wp-json\/wp\/v2\/product_cat?post=18583"},{"taxonomy":"product_tag","embeddable":true,"href":"https:\/\/www.gdirekt.se\/da\/wp-json\/wp\/v2\/product_tag?post=18583"}],"curies":[{"name":"wp","href":"https:\/\/api.w.org\/{rel}","templated":true}]}}