{"id":18194,"date":"2022-11-03T11:43:50","date_gmt":"2022-11-03T10:43:50","guid":{"rendered":"https:\/\/www.gdirekt.se\/?post_type=product&#038;p=18194"},"modified":"2022-11-14T14:31:36","modified_gmt":"2022-11-14T13:31:36","slug":"bannerstand-singel","status":"publish","type":"product","link":"https:\/\/www.gdirekt.se\/da\/produkt\/bannerstand-singel\/","title":{"rendered":"Bannerstand Singel"},"content":{"rendered":"<p>Bannerstand Singel er f\u00f8rst og fremmest til brug af bannere. Man samler systemet med skruer og fasts\u00e6tter banneret. Der medf\u00f8lger trykt banner p\u00e5 450 g. Den stabile bannerstand anvendes som outdoor reklame eller informationsskilt. Findes i seks bredder og 3 h\u00f8jder. Fronten af Bannerstanden st\u00e5r lige, og bagsiden st\u00e5r i 30 graders vinkel, og m\u00e5ler 60 cm fra midt og bagud.<\/p>\n<p>Bannerstanderen er produceret i holdbart og robust helgalvaniseret st\u00e5l (30x30x1,5mm) s\u00e5 det med fordel kan anvendes ude. Eksempelvis til golfarrangement eller andet outdoor event. De kraftige pl\u00f8kker anvendes n\u00e5r systemet f\u00e6stes p\u00e5 gr\u00e6s. De passer i systemets hj\u00f8rner og skaber herved balance p\u00e5 uj\u00e6vne underlag. Andre fordele med bannerstander, er den nemme udskiftning af banner og derved budskab. De mest vanlige anvendelsesmuligheder er som reklameskilt ved butikker, tankstationer eller stadions. Bannerstanderens f\u00f8dder er leddelte, s\u00e5 de f\u00f8lger jordet p\u00e6nt, og rammen giver en flot afslutning og helhed til budskabet. Vi har skabeloner til alle st\u00f8rrelserne, klar til at downloade og de er selvf\u00f8lgelig gratis.<br \/>\nTotalh\u00f8jden p\u00e5 systemets ben er 1365 \/ 1865 \/ 2365 mm inkl. fod. Inder m\u00e5l mellem den horisontale stang er 1100 \/ 1600 \/ 2200 mm tilpasset bannerm\u00e5l H= 1000 \/1500 \/2000 mm.<\/p>\n<p>Installation af \u00e9n bannerstand tager ca. 10 minutter, og det g\u00f8r systemet nem og let at bruge. Det leveres som en flad pakke og man samler efter medf\u00f8lgende brugsanvisning. Se flere af vores <strong>udvalgte standard produkter<\/strong> til events og outdoor l\u00f8sninger<\/p>\n<p>Har du andre \u00f8nskem\u00e5l, st\u00f8rrelser og sp\u00f8rgsm\u00e5l til varianter, s\u00e5 kontakt os p\u00e5 <a href=\"mailto:info@gdirekt.se\"><strong><em>info@gdirekt.se<\/em><\/strong><\/a> eller telefon 011-252515<\/p>\n<p>Bannerstander er et smart valg hvis man \u00f8nsker et slidst\u00e6rkt bannersystem til dobbeltsidet reklamebudskaber. Banner med print p\u00e5 indg\u00e5r i prisen og skal du k\u00f8be nye print, g\u00f8r du det mest enkelt her: <a href=\"https:\/\/www.gdirekt.se\/produkt\/bild-till-banderollstativ-exl-arena\/\"><strong><em>h\u00e4r<\/em><\/strong><\/a>. Har du behov for andre faste n\u00f8dskilte i lokalet s\u00e5 har vi alle modeller, p\u00e5 vores andet brandsite <a href=\"https:\/\/shop.svasab.se\"><strong><em>SVASAB<\/em><\/strong><\/a>!<\/p>\n","protected":false},"excerpt":{"rendered":"<p>Bannerstand Singel er et system til banner. Reklamestanderen er stabil og produceret af galvaniseret st\u00e5l. Ideel til idr\u00e6tsst\u00e6vner, messer og events. V\u00e6lg imellem seks bredder og 3 forskellige h\u00f8jder. Inklusiv trykt banner, 4 stk pl\u00f8kker og gummistropper<\/p>\n","protected":false},"featured_media":18299,"template":"","meta":{"_acf_changed":false},"product_brand":[],"product_cat":[372,356],"product_tag":[],"class_list":{"0":"post-18194","1":"product","2":"type-product","3":"status-publish","4":"has-post-thumbnail","6":"product_cat-display-skilteholdere-skiltestander","7":"product_cat-udendoersskilte-og-expo","8":"product_shipping_class-690kr","10":"first","11":"instock","12":"taxable","13":"shipping-taxable","14":"purchasable","15":"product-type-variable","16":"has-default-attributes"},"exclude_global_add_ons":[],"addons":[],"acf":[],"yoast_head":"<!-- This site is optimized with the Yoast SEO plugin v27.2 - https:\/\/yoast.com\/product\/yoast-seo-wordpress\/ -->\n<title>Bannerstand Singel med trykt log og reklametekst | Gdirekt.se<\/title>\n<meta name=\"description\" content=\"Bannerstand Singel, er et stativ til udend\u00f8rs vepos. Mesh-bannere fungerer ogs\u00e5 godt. Holdbar og robust i lakeret st\u00e5l.\" \/>\n<meta name=\"robots\" content=\"index, follow, max-snippet:-1, max-image-preview:large, max-video-preview:-1\" \/>\n<link rel=\"canonical\" href=\"https:\/\/www.gdirekt.se\/produkt\/banderollstall-singel\/\" \/>\n<meta property=\"og:locale\" content=\"da_DK\" \/>\n<meta property=\"og:type\" content=\"article\" \/>\n<meta property=\"og:title\" content=\"Bannerstand Singel med trykt log og reklametekst | Gdirekt.se\" \/>\n<meta property=\"og:description\" content=\"Bannerstand Singel, er et stativ til udend\u00f8rs vepos. Mesh-bannere fungerer ogs\u00e5 godt. Holdbar og robust i lakeret st\u00e5l.\" \/>\n<meta property=\"og:url\" content=\"https:\/\/www.gdirekt.se\/produkt\/banderollstall-singel\/\" \/>\n<meta property=\"og:site_name\" content=\"Gdirekt.se\" \/>\n<meta property=\"article:modified_time\" content=\"2022-11-14T13:31:36+00:00\" \/>\n<meta property=\"og:image\" content=\"https:\/\/www.gdirekt.se\/wp-content\/uploads\/Banderollsta\u0308ll-Singel.png\" \/>\n\t<meta property=\"og:image:width\" content=\"1000\" \/>\n\t<meta property=\"og:image:height\" content=\"1000\" \/>\n\t<meta property=\"og:image:type\" content=\"image\/png\" \/>\n<meta name=\"twitter:card\" content=\"summary_large_image\" \/>\n<meta name=\"twitter:label1\" content=\"Estimeret l\u00e6setid\" \/>\n\t<meta name=\"twitter:data1\" content=\"2 minutter\" \/>\n<script type=\"application\/ld+json\" class=\"yoast-schema-graph\">{\"@context\":\"https:\/\/schema.org\",\"@graph\":[{\"@type\":\"WebPage\",\"@id\":\"https:\/\/www.gdirekt.se\/produkt\/banderollstall-singel\/\",\"url\":\"https:\/\/www.gdirekt.se\/produkt\/banderollstall-singel\/\",\"name\":\"Bannerstand Singel med trykt log og reklametekst | Gdirekt.se\",\"isPartOf\":{\"@id\":\"https:\/\/www.gdirekt.se\/#website\"},\"primaryImageOfPage\":{\"@id\":\"https:\/\/www.gdirekt.se\/produkt\/banderollstall-singel\/#primaryimage\"},\"image\":{\"@id\":\"https:\/\/www.gdirekt.se\/produkt\/banderollstall-singel\/#primaryimage\"},\"thumbnailUrl\":\"https:\/\/www.gdirekt.se\/wp-content\/uploads\/Banderollsta\u0308ll-Singel.png\",\"datePublished\":\"2022-11-03T10:43:50+00:00\",\"dateModified\":\"2022-11-14T13:31:36+00:00\",\"description\":\"Bannerstand Singel, er et stativ til udend\u00f8rs vepos. Mesh-bannere fungerer ogs\u00e5 godt. Holdbar og robust i lakeret st\u00e5l.\",\"breadcrumb\":{\"@id\":\"https:\/\/www.gdirekt.se\/produkt\/banderollstall-singel\/#breadcrumb\"},\"inLanguage\":\"da-DK\",\"potentialAction\":[{\"@type\":\"ReadAction\",\"target\":[\"https:\/\/www.gdirekt.se\/produkt\/banderollstall-singel\/\"]}]},{\"@type\":\"ImageObject\",\"inLanguage\":\"da-DK\",\"@id\":\"https:\/\/www.gdirekt.se\/produkt\/banderollstall-singel\/#primaryimage\",\"url\":\"https:\/\/www.gdirekt.se\/wp-content\/uploads\/Banderollsta\u0308ll-Singel.png\",\"contentUrl\":\"https:\/\/www.gdirekt.se\/wp-content\/uploads\/Banderollsta\u0308ll-Singel.png\",\"width\":1000,\"height\":1000,\"caption\":\"Perfekt stativ til fastg\u00f8relse af bannere\"},{\"@type\":\"BreadcrumbList\",\"@id\":\"https:\/\/www.gdirekt.se\/produkt\/banderollstall-singel\/#breadcrumb\",\"itemListElement\":[{\"@type\":\"ListItem\",\"position\":1,\"name\":\"Hem\",\"item\":\"https:\/\/www.gdirekt.se\/da\/\"},{\"@type\":\"ListItem\",\"position\":2,\"name\":\"Start\",\"item\":\"https:\/\/www.gdirekt.se\/da\/\"},{\"@type\":\"ListItem\",\"position\":3,\"name\":\"Bannerstand Singel\"}]},{\"@type\":\"WebSite\",\"@id\":\"https:\/\/www.gdirekt.se\/#website\",\"url\":\"https:\/\/www.gdirekt.se\/\",\"name\":\"Gdirekt.se\",\"description\":\"Tryck snabbt \u00e5 l\u00e4tt = Gdirekt\",\"potentialAction\":[{\"@type\":\"SearchAction\",\"target\":{\"@type\":\"EntryPoint\",\"urlTemplate\":\"https:\/\/www.gdirekt.se\/?s={search_term_string}\"},\"query-input\":{\"@type\":\"PropertyValueSpecification\",\"valueRequired\":true,\"valueName\":\"search_term_string\"}}],\"inLanguage\":\"da-DK\"}]}<\/script>\n<!-- \/ Yoast SEO plugin. -->","yoast_head_json":{"title":"Bannerstand Singel med trykt log og reklametekst | Gdirekt.se","description":"Bannerstand Singel, er et stativ til udend\u00f8rs vepos. Mesh-bannere fungerer ogs\u00e5 godt. Holdbar og robust i lakeret st\u00e5l.","robots":{"index":"index","follow":"follow","max-snippet":"max-snippet:-1","max-image-preview":"max-image-preview:large","max-video-preview":"max-video-preview:-1"},"canonical":"https:\/\/www.gdirekt.se\/produkt\/banderollstall-singel\/","og_locale":"da_DK","og_type":"article","og_title":"Bannerstand Singel med trykt log og reklametekst | Gdirekt.se","og_description":"Bannerstand Singel, er et stativ til udend\u00f8rs vepos. Mesh-bannere fungerer ogs\u00e5 godt. Holdbar og robust i lakeret st\u00e5l.","og_url":"https:\/\/www.gdirekt.se\/produkt\/banderollstall-singel\/","og_site_name":"Gdirekt.se","article_modified_time":"2022-11-14T13:31:36+00:00","og_image":[{"width":1000,"height":1000,"url":"https:\/\/www.gdirekt.se\/wp-content\/uploads\/Banderollsta\u0308ll-Singel.png","type":"image\/png"}],"twitter_card":"summary_large_image","twitter_misc":{"Estimeret l\u00e6setid":"2 minutter"},"schema":{"@context":"https:\/\/schema.org","@graph":[{"@type":"WebPage","@id":"https:\/\/www.gdirekt.se\/produkt\/banderollstall-singel\/","url":"https:\/\/www.gdirekt.se\/produkt\/banderollstall-singel\/","name":"Bannerstand Singel med trykt log og reklametekst | Gdirekt.se","isPartOf":{"@id":"https:\/\/www.gdirekt.se\/#website"},"primaryImageOfPage":{"@id":"https:\/\/www.gdirekt.se\/produkt\/banderollstall-singel\/#primaryimage"},"image":{"@id":"https:\/\/www.gdirekt.se\/produkt\/banderollstall-singel\/#primaryimage"},"thumbnailUrl":"https:\/\/www.gdirekt.se\/wp-content\/uploads\/Banderollsta\u0308ll-Singel.png","datePublished":"2022-11-03T10:43:50+00:00","dateModified":"2022-11-14T13:31:36+00:00","description":"Bannerstand Singel, er et stativ til udend\u00f8rs vepos. Mesh-bannere fungerer ogs\u00e5 godt. Holdbar og robust i lakeret st\u00e5l.","breadcrumb":{"@id":"https:\/\/www.gdirekt.se\/produkt\/banderollstall-singel\/#breadcrumb"},"inLanguage":"da-DK","potentialAction":[{"@type":"ReadAction","target":["https:\/\/www.gdirekt.se\/produkt\/banderollstall-singel\/"]}]},{"@type":"ImageObject","inLanguage":"da-DK","@id":"https:\/\/www.gdirekt.se\/produkt\/banderollstall-singel\/#primaryimage","url":"https:\/\/www.gdirekt.se\/wp-content\/uploads\/Banderollsta\u0308ll-Singel.png","contentUrl":"https:\/\/www.gdirekt.se\/wp-content\/uploads\/Banderollsta\u0308ll-Singel.png","width":1000,"height":1000,"caption":"Perfekt stativ til fastg\u00f8relse af bannere"},{"@type":"BreadcrumbList","@id":"https:\/\/www.gdirekt.se\/produkt\/banderollstall-singel\/#breadcrumb","itemListElement":[{"@type":"ListItem","position":1,"name":"Hem","item":"https:\/\/www.gdirekt.se\/da\/"},{"@type":"ListItem","position":2,"name":"Start","item":"https:\/\/www.gdirekt.se\/da\/"},{"@type":"ListItem","position":3,"name":"Bannerstand Singel"}]},{"@type":"WebSite","@id":"https:\/\/www.gdirekt.se\/#website","url":"https:\/\/www.gdirekt.se\/","name":"Gdirekt.se","description":"Tryck snabbt \u00e5 l\u00e4tt = Gdirekt","potentialAction":[{"@type":"SearchAction","target":{"@type":"EntryPoint","urlTemplate":"https:\/\/www.gdirekt.se\/?s={search_term_string}"},"query-input":{"@type":"PropertyValueSpecification","valueRequired":true,"valueName":"search_term_string"}}],"inLanguage":"da-DK"}]}},"_links":{"self":[{"href":"https:\/\/www.gdirekt.se\/da\/wp-json\/wp\/v2\/product\/18194","targetHints":{"allow":["GET"]}}],"collection":[{"href":"https:\/\/www.gdirekt.se\/da\/wp-json\/wp\/v2\/product"}],"about":[{"href":"https:\/\/www.gdirekt.se\/da\/wp-json\/wp\/v2\/types\/product"}],"wp:featuredmedia":[{"embeddable":true,"href":"https:\/\/www.gdirekt.se\/da\/wp-json\/wp\/v2\/media\/18299"}],"wp:attachment":[{"href":"https:\/\/www.gdirekt.se\/da\/wp-json\/wp\/v2\/media?parent=18194"}],"wp:term":[{"taxonomy":"product_brand","embeddable":true,"href":"https:\/\/www.gdirekt.se\/da\/wp-json\/wp\/v2\/product_brand?post=18194"},{"taxonomy":"product_cat","embeddable":true,"href":"https:\/\/www.gdirekt.se\/da\/wp-json\/wp\/v2\/product_cat?post=18194"},{"taxonomy":"product_tag","embeddable":true,"href":"https:\/\/www.gdirekt.se\/da\/wp-json\/wp\/v2\/product_tag?post=18194"}],"curies":[{"name":"wp","href":"https:\/\/api.w.org\/{rel}","templated":true}]}}