{"id":16074,"date":"2016-12-27T11:03:21","date_gmt":"2016-12-27T10:03:21","guid":{"rendered":"https:\/\/www.gdirekt.se\/produkt\/frostet-vinduesfilm-og-vinylfolie-pa-rulle\/"},"modified":"2024-02-01T09:37:03","modified_gmt":"2024-02-01T08:37:03","slug":"frostet-vinduesfilm-og-vinylfolie-pa-rulle","status":"publish","type":"product","link":"https:\/\/www.gdirekt.se\/da\/produkt\/frostet-vinduesfilm-og-vinylfolie-pa-rulle\/","title":{"rendered":"Frostet vinduesfilm og vinylfolie p\u00e5 rulle"},"content":{"rendered":"<p>Frostet vinduesfilm og vinylfolie p\u00e5 rulle giver god indsynsbeskyttelse uden at tage for meget af lyset i lokalet.Her kan I k\u00f8be det direkte p\u00e5 rulle og d\u00e6kke de dele, I \u00f8nsker. Indsynsbeskyttelsen bevarer en hel del af lysindfaldet i lokalet, uden at man kan se ind. Rullernes bredde er 152 cm.<\/p>\n<p>Effekten af denne frostede film bliver meget flot og bidrager til et moderne interi\u00f8r. Man kan v\u00e6lge at montere det frostede vinylfolie p\u00e5\u00a0<strong>ydersiden<\/strong>af et vindue, hvilket er mest almindeligt indend\u00f8rs p\u00e5 kontorer og i butikker.\u00a0Hvis man skal s\u00e6tte en frostet vinduesfilm p\u00e5 et udstillingsvindue, b\u00f8r man g\u00f8re det p\u00e5\u00a0<strong>indersiden<\/strong>.<\/p>\n<p>Det er forholdsvist enkelt at montere den bestilte indsynsbeskyttelse i form af frostet vinyl. Man skal f\u00f8rst s\u00f8rge for, at reng\u00f8re vinduesruden, som man vil s\u00e6tte den frostede film p\u00e5. Den frostede vinyl har en bagside i papir, som man f\u00f8rst b\u00f8jer om og s\u00e6tter fast p\u00e5 ruden. Derefter tr\u00e6kker man helt enkelt dekorationen ud, hvorefter man fjerner bagsiden. Du kan bestille en speciel vinylskraber, som g\u00f8r p\u00e5s\u00e6tningen v\u00e6sentligt lettere. Den kan k\u00f8bes\u00a0<a href=\"https:\/\/www.gdirekt.se\/produkt\/vinylskrapa-med-filt\/\"><strong><em>her<\/em><\/strong><\/a>.<\/p>\n<p>Disse vinduesfilm, som anvendes til indsynsbeskyttelse, anvendes i alle mulige milj\u00f8er og lokaler. Det kan for eksempel v\u00e6re p\u00e5 udstillingsvinduer i butikker og firmaer, kontorlokaler, b\u00e5de indend\u00f8rs og udend\u00f8rs. Andre omr\u00e5der, hvor man v\u00e6lger at arbejde med frostet vinduesfilm og vinylfolie p\u00e5 rulle, er, hvor der er mange glaspartier i indretningen, og der skal sk\u00e6rmes af. Det bliver flot, n\u00e5r man d\u00e6kker glasruder til konferencerum til, s\u00e5 man bevarer lysindfaldet og skaber et moderne interi\u00f8r. Og man kan naturligvis anvende disse vinduesfilm hjemme i huset eller lejligheden, s\u00e5 naboerne ikke kan se ind, men man bevarer lyset udefra. Har I sp\u00f8rgsm\u00e5l, kan I ringe p\u00e5 +46 (0)11-251515 eller sende os en e-mail p\u00e5\u00a0<strong><em>info@gdirekt.se<\/em><\/strong><\/p>\n<p>Har I brug for andre vinyler eller klisterm\u00e6rker, har vi til alle milj\u00f8er og form\u00e5l,\u00a0<a href=\"https:\/\/www.gdirekt.se\/produkt-kategori\/dekaler-dekor-vinyl-klistermarken\/\"><strong><em>klik her!<\/em><\/strong><\/a><\/p>\n<p>Vil I have inspiration og se eksempler, kan I kigge p\u00e5 vores moderselskabs\u00a0<a href=\"http:\/\/www.gigantprint.se\/butik-inredning\/vinyl\/\">side<\/a>.<\/p>\n","protected":false},"excerpt":{"rendered":"<p>Frostet vinduesfilm og vinylfolie p\u00e5 rulle er indsynsbeskyttelse til glasruder og interi\u00f8r p\u00e5 kontorer. Bestil frostet film eller vinyl p\u00e5 rulle, og bekl\u00e6d selv vinduerne. Glasfilmen har en gr\u00e5tone, som giver et flot design, der passer i hjemmet til privat brug.<\/p>\n","protected":false},"featured_media":8342,"template":"","meta":{"_acf_changed":false},"product_brand":[],"product_cat":[369,356],"product_tag":[],"class_list":{"0":"post-16074","1":"product","2":"type-product","3":"status-publish","4":"has-post-thumbnail","6":"product_cat-klistermaerker-vinyl-og-folie","7":"product_cat-udendoersskilte-og-expo","8":"product_shipping_class-180sek","10":"first","11":"instock","12":"taxable","13":"shipping-taxable","14":"purchasable","15":"product-type-simple"},"exclude_global_add_ons":[],"addons":[],"acf":[],"yoast_head":"<!-- This site is optimized with the Yoast SEO plugin v27.2 - https:\/\/yoast.com\/product\/yoast-seo-wordpress\/ -->\n<title>Frostet vinduesfilm og vinylfolie p\u00e5 rulle for gennemsigtighed | Gdirekt.se<\/title>\n<meta name=\"description\" content=\"Frostet vinduesfilm og vinylfolie p\u00e5 rulle er indsynsbeskyttelse til glasruder og interi\u00f8r p\u00e5 kontorer. Bekl\u00e6d selv vinduerne.\" \/>\n<meta name=\"robots\" content=\"index, follow, max-snippet:-1, max-image-preview:large, max-video-preview:-1\" \/>\n<link rel=\"canonical\" href=\"https:\/\/www.gdirekt.se\/da\/produkt\/frostet-vinduesfilm-og-vinylfolie-pa-rulle\/\" \/>\n<meta property=\"og:locale\" content=\"da_DK\" \/>\n<meta property=\"og:type\" content=\"article\" \/>\n<meta property=\"og:title\" content=\"Frostet vinduesfilm og vinylfolie p\u00e5 rulle for gennemsigtighed | Gdirekt.se\" \/>\n<meta property=\"og:description\" content=\"Frostet vinduesfilm og vinylfolie p\u00e5 rulle er indsynsbeskyttelse til glasruder og interi\u00f8r p\u00e5 kontorer. Bekl\u00e6d selv vinduerne.\" \/>\n<meta property=\"og:url\" content=\"https:\/\/www.gdirekt.se\/da\/produkt\/frostet-vinduesfilm-og-vinylfolie-pa-rulle\/\" \/>\n<meta property=\"og:site_name\" content=\"Gdirekt.se\" \/>\n<meta property=\"article:modified_time\" content=\"2024-02-01T08:37:03+00:00\" \/>\n<meta property=\"og:image\" content=\"https:\/\/www.gdirekt.se\/wp-content\/uploads\/frostad-film.png\" \/>\n\t<meta property=\"og:image:width\" content=\"1000\" \/>\n\t<meta property=\"og:image:height\" content=\"1000\" \/>\n\t<meta property=\"og:image:type\" content=\"image\/png\" \/>\n<meta name=\"twitter:card\" content=\"summary_large_image\" \/>\n<meta name=\"twitter:label1\" content=\"Estimeret l\u00e6setid\" \/>\n\t<meta name=\"twitter:data1\" content=\"2 minutter\" \/>\n<script type=\"application\/ld+json\" class=\"yoast-schema-graph\">{\"@context\":\"https:\/\/schema.org\",\"@graph\":[{\"@type\":\"WebPage\",\"@id\":\"https:\/\/www.gdirekt.se\/da\/produkt\/frostet-vinduesfilm-og-vinylfolie-pa-rulle\/\",\"url\":\"https:\/\/www.gdirekt.se\/da\/produkt\/frostet-vinduesfilm-og-vinylfolie-pa-rulle\/\",\"name\":\"Frostet vinduesfilm og vinylfolie p\u00e5 rulle for gennemsigtighed | Gdirekt.se\",\"isPartOf\":{\"@id\":\"https:\/\/www.gdirekt.se\/#website\"},\"primaryImageOfPage\":{\"@id\":\"https:\/\/www.gdirekt.se\/da\/produkt\/frostet-vinduesfilm-og-vinylfolie-pa-rulle\/#primaryimage\"},\"image\":{\"@id\":\"https:\/\/www.gdirekt.se\/da\/produkt\/frostet-vinduesfilm-og-vinylfolie-pa-rulle\/#primaryimage\"},\"thumbnailUrl\":\"https:\/\/www.gdirekt.se\/wp-content\/uploads\/frostad-film.png\",\"datePublished\":\"2016-12-27T10:03:21+00:00\",\"dateModified\":\"2024-02-01T08:37:03+00:00\",\"description\":\"Frostet vinduesfilm og vinylfolie p\u00e5 rulle er indsynsbeskyttelse til glasruder og interi\u00f8r p\u00e5 kontorer. Bekl\u00e6d selv vinduerne.\",\"breadcrumb\":{\"@id\":\"https:\/\/www.gdirekt.se\/da\/produkt\/frostet-vinduesfilm-og-vinylfolie-pa-rulle\/#breadcrumb\"},\"inLanguage\":\"da-DK\",\"potentialAction\":[{\"@type\":\"ReadAction\",\"target\":[\"https:\/\/www.gdirekt.se\/da\/produkt\/frostet-vinduesfilm-og-vinylfolie-pa-rulle\/\"]}]},{\"@type\":\"ImageObject\",\"inLanguage\":\"da-DK\",\"@id\":\"https:\/\/www.gdirekt.se\/da\/produkt\/frostet-vinduesfilm-og-vinylfolie-pa-rulle\/#primaryimage\",\"url\":\"https:\/\/www.gdirekt.se\/wp-content\/uploads\/frostad-film.png\",\"contentUrl\":\"https:\/\/www.gdirekt.se\/wp-content\/uploads\/frostad-film.png\",\"width\":1000,\"height\":1000,\"caption\":\"Frostet film i gr\u00e5ton for gennemsigtighed\"},{\"@type\":\"BreadcrumbList\",\"@id\":\"https:\/\/www.gdirekt.se\/da\/produkt\/frostet-vinduesfilm-og-vinylfolie-pa-rulle\/#breadcrumb\",\"itemListElement\":[{\"@type\":\"ListItem\",\"position\":1,\"name\":\"Hem\",\"item\":\"https:\/\/www.gdirekt.se\/da\/\"},{\"@type\":\"ListItem\",\"position\":2,\"name\":\"Start\",\"item\":\"https:\/\/www.gdirekt.se\/da\/\"},{\"@type\":\"ListItem\",\"position\":3,\"name\":\"Frostet vinduesfilm og vinylfolie p\u00e5 rulle\"}]},{\"@type\":\"WebSite\",\"@id\":\"https:\/\/www.gdirekt.se\/#website\",\"url\":\"https:\/\/www.gdirekt.se\/\",\"name\":\"Gdirekt.se\",\"description\":\"Tryck snabbt \u00e5 l\u00e4tt = Gdirekt\",\"potentialAction\":[{\"@type\":\"SearchAction\",\"target\":{\"@type\":\"EntryPoint\",\"urlTemplate\":\"https:\/\/www.gdirekt.se\/?s={search_term_string}\"},\"query-input\":{\"@type\":\"PropertyValueSpecification\",\"valueRequired\":true,\"valueName\":\"search_term_string\"}}],\"inLanguage\":\"da-DK\"}]}<\/script>\n<!-- \/ Yoast SEO plugin. -->","yoast_head_json":{"title":"Frostet vinduesfilm og vinylfolie p\u00e5 rulle for gennemsigtighed | Gdirekt.se","description":"Frostet vinduesfilm og vinylfolie p\u00e5 rulle er indsynsbeskyttelse til glasruder og interi\u00f8r p\u00e5 kontorer. Bekl\u00e6d selv vinduerne.","robots":{"index":"index","follow":"follow","max-snippet":"max-snippet:-1","max-image-preview":"max-image-preview:large","max-video-preview":"max-video-preview:-1"},"canonical":"https:\/\/www.gdirekt.se\/da\/produkt\/frostet-vinduesfilm-og-vinylfolie-pa-rulle\/","og_locale":"da_DK","og_type":"article","og_title":"Frostet vinduesfilm og vinylfolie p\u00e5 rulle for gennemsigtighed | Gdirekt.se","og_description":"Frostet vinduesfilm og vinylfolie p\u00e5 rulle er indsynsbeskyttelse til glasruder og interi\u00f8r p\u00e5 kontorer. Bekl\u00e6d selv vinduerne.","og_url":"https:\/\/www.gdirekt.se\/da\/produkt\/frostet-vinduesfilm-og-vinylfolie-pa-rulle\/","og_site_name":"Gdirekt.se","article_modified_time":"2024-02-01T08:37:03+00:00","og_image":[{"width":1000,"height":1000,"url":"https:\/\/www.gdirekt.se\/wp-content\/uploads\/frostad-film.png","type":"image\/png"}],"twitter_card":"summary_large_image","twitter_misc":{"Estimeret l\u00e6setid":"2 minutter"},"schema":{"@context":"https:\/\/schema.org","@graph":[{"@type":"WebPage","@id":"https:\/\/www.gdirekt.se\/da\/produkt\/frostet-vinduesfilm-og-vinylfolie-pa-rulle\/","url":"https:\/\/www.gdirekt.se\/da\/produkt\/frostet-vinduesfilm-og-vinylfolie-pa-rulle\/","name":"Frostet vinduesfilm og vinylfolie p\u00e5 rulle for gennemsigtighed | Gdirekt.se","isPartOf":{"@id":"https:\/\/www.gdirekt.se\/#website"},"primaryImageOfPage":{"@id":"https:\/\/www.gdirekt.se\/da\/produkt\/frostet-vinduesfilm-og-vinylfolie-pa-rulle\/#primaryimage"},"image":{"@id":"https:\/\/www.gdirekt.se\/da\/produkt\/frostet-vinduesfilm-og-vinylfolie-pa-rulle\/#primaryimage"},"thumbnailUrl":"https:\/\/www.gdirekt.se\/wp-content\/uploads\/frostad-film.png","datePublished":"2016-12-27T10:03:21+00:00","dateModified":"2024-02-01T08:37:03+00:00","description":"Frostet vinduesfilm og vinylfolie p\u00e5 rulle er indsynsbeskyttelse til glasruder og interi\u00f8r p\u00e5 kontorer. Bekl\u00e6d selv vinduerne.","breadcrumb":{"@id":"https:\/\/www.gdirekt.se\/da\/produkt\/frostet-vinduesfilm-og-vinylfolie-pa-rulle\/#breadcrumb"},"inLanguage":"da-DK","potentialAction":[{"@type":"ReadAction","target":["https:\/\/www.gdirekt.se\/da\/produkt\/frostet-vinduesfilm-og-vinylfolie-pa-rulle\/"]}]},{"@type":"ImageObject","inLanguage":"da-DK","@id":"https:\/\/www.gdirekt.se\/da\/produkt\/frostet-vinduesfilm-og-vinylfolie-pa-rulle\/#primaryimage","url":"https:\/\/www.gdirekt.se\/wp-content\/uploads\/frostad-film.png","contentUrl":"https:\/\/www.gdirekt.se\/wp-content\/uploads\/frostad-film.png","width":1000,"height":1000,"caption":"Frostet film i gr\u00e5ton for gennemsigtighed"},{"@type":"BreadcrumbList","@id":"https:\/\/www.gdirekt.se\/da\/produkt\/frostet-vinduesfilm-og-vinylfolie-pa-rulle\/#breadcrumb","itemListElement":[{"@type":"ListItem","position":1,"name":"Hem","item":"https:\/\/www.gdirekt.se\/da\/"},{"@type":"ListItem","position":2,"name":"Start","item":"https:\/\/www.gdirekt.se\/da\/"},{"@type":"ListItem","position":3,"name":"Frostet vinduesfilm og vinylfolie p\u00e5 rulle"}]},{"@type":"WebSite","@id":"https:\/\/www.gdirekt.se\/#website","url":"https:\/\/www.gdirekt.se\/","name":"Gdirekt.se","description":"Tryck snabbt \u00e5 l\u00e4tt = Gdirekt","potentialAction":[{"@type":"SearchAction","target":{"@type":"EntryPoint","urlTemplate":"https:\/\/www.gdirekt.se\/?s={search_term_string}"},"query-input":{"@type":"PropertyValueSpecification","valueRequired":true,"valueName":"search_term_string"}}],"inLanguage":"da-DK"}]}},"_links":{"self":[{"href":"https:\/\/www.gdirekt.se\/da\/wp-json\/wp\/v2\/product\/16074","targetHints":{"allow":["GET"]}}],"collection":[{"href":"https:\/\/www.gdirekt.se\/da\/wp-json\/wp\/v2\/product"}],"about":[{"href":"https:\/\/www.gdirekt.se\/da\/wp-json\/wp\/v2\/types\/product"}],"wp:featuredmedia":[{"embeddable":true,"href":"https:\/\/www.gdirekt.se\/da\/wp-json\/wp\/v2\/media\/8342"}],"wp:attachment":[{"href":"https:\/\/www.gdirekt.se\/da\/wp-json\/wp\/v2\/media?parent=16074"}],"wp:term":[{"taxonomy":"product_brand","embeddable":true,"href":"https:\/\/www.gdirekt.se\/da\/wp-json\/wp\/v2\/product_brand?post=16074"},{"taxonomy":"product_cat","embeddable":true,"href":"https:\/\/www.gdirekt.se\/da\/wp-json\/wp\/v2\/product_cat?post=16074"},{"taxonomy":"product_tag","embeddable":true,"href":"https:\/\/www.gdirekt.se\/da\/wp-json\/wp\/v2\/product_tag?post=16074"}],"curies":[{"name":"wp","href":"https:\/\/api.w.org\/{rel}","templated":true}]}}