{"id":16005,"date":"2021-06-01T11:35:02","date_gmt":"2021-06-01T09:35:02","guid":{"rendered":"https:\/\/www.gdirekt.se\/?post_type=product&#038;p=16005"},"modified":"2021-06-02T09:32:46","modified_gmt":"2021-06-02T07:32:46","slug":"gulvdisplay-4-screen-kun-billede","status":"publish","type":"product","link":"https:\/\/www.gdirekt.se\/da\/produkt\/gulvdisplay-4-screen-kun-billede\/","title":{"rendered":"Gulvdisplay 4 Screen \u2013 Kun billede"},"content":{"rendered":"<p><span lang=\"DA\">Gulvdisplay 4 Screen \u2013 Kun billede er et standardprodukt og en klassiker inden for skiltesystemer. Disse skiltestandere kaldes ogs\u00e5 L-bannere. Ideen med skiltestanderen 4 Screen er et design, hvor selve standeren er skjult, mens billedet fremst\u00e5r tydeligt. Man f\u00e5r et udstillingsprodukt i h\u00f8j kvalitet til en god pris, der er velegnet til messer, kampagner og kunder i detailhandlen. <strong>Her k\u00f8ber du kun billedet, hvis du har stedet!<\/strong><\/span><\/p>\n<p><span lang=\"DA\">Displaystanderen f\u00e5s i mange forskellige st\u00f8rrelser i en bredde fra 55 til 200\u00a0cm. H\u00f8jden er fra 148 til 215\u00a0cm. Disse gulvstandere kaldes ofte for L-bannere. Det skyldes, at det trykte display st\u00e5r vinkelret i forhold til holderen p\u00e5 gulvet, og dermed ligner et L. Udstillingsstanderen placeres p\u00e5 gulvet og er velegnet til brug i butikker, p\u00e5 messer, i butikscentre samt p\u00e5 stadioner og andre offentlige steder. Budskabet vises i form af trykte bannere, hvor man kan bruge tekst, logoer og billeder i alle farver. Banneret kan naturligvis ogs\u00e5 f\u00e5s i sort\/hvid, hvis det passer til virksomhedens profil. Vi mener, at det vigtigste i forbindelse med trykning af bannere til udstillinger er en ensartet stil med et enkelt design. Derudover er det ogs\u00e5 en god id\u00e9 at bruge en s\u00e5 kort tekst som mulig, s\u00e5 man n\u00e5r ud med sit budskab.<\/span><\/p>\n<p><span lang=\"DA\">Vores trykte bannere fremstilles med digitaltryk p\u00e5 et stof, der forbliver udstrakt. Billederne har meget h\u00f8j opl\u00f8sning og optimal farvegengivelse. Vi trykker selv alt i Sverige p\u00e5 fabrikken i Norrk\u00f6ping. Se eventuelt vores<span class=\"apple-converted-space\">\u00a0<\/span><\/span><span lang=\"DA\"><a href=\"https:\/\/www.gdirekt.se\/produkt-kategori\/display-skylthallare-skyltstall\/\"><b><i>andre skiltestandere<\/i><\/b><\/a><\/span><span lang=\"DA\">!<\/span><\/p>\n<p><span lang=\"DA\">Gulvdisplay 4 Screen \u2013 Kun billede er en omkostningseffektiv metode til visning af reklamebudskaber i stor skala og er velegnet til events og store kampagner, hvor alt lige fra pris til opstillingstid er vigtig. Designet er moderne og enkelt, og det tager under et minut at stille displayet op! Takket v\u00e6re st\u00f8ttestangens v\u00e6gt, st\u00e5r 4 Screen stabilt trods sin lave v\u00e6gt. Vi sender altid alle pakker som sporbar fragt, s\u00e5 man kan v\u00e6re sikker p\u00e5, at varerne kommer frem.<\/span><\/p>\n","protected":false},"excerpt":{"rendered":"<p>Gulvdisplay 4 Screen \u2013 Kun billede f\u00e5s i mange st\u00f8rrelser. Hvis du har stedet, bestiller du billedet her. Det kaldes for L-banner og har et enkelt design, hvor billedet fremst\u00e5r tydeligt.<\/p>\n","protected":false},"featured_media":16013,"template":"","meta":{"_acf_changed":false},"product_brand":[],"product_cat":[372],"product_tag":[],"class_list":{"0":"post-16005","1":"product","2":"type-product","3":"status-publish","4":"has-post-thumbnail","6":"product_cat-display-skilteholdere-skiltestander","7":"product_shipping_class-180sek","9":"first","10":"instock","11":"taxable","12":"shipping-taxable","13":"purchasable","14":"product-type-variable","15":"has-default-attributes"},"exclude_global_add_ons":[],"addons":[],"acf":[],"yoast_head":"<!-- This site is optimized with the Yoast SEO plugin v27.2 - https:\/\/yoast.com\/product\/yoast-seo-wordpress\/ -->\n<title>Gulvdisplay 4 Screen \u2013 Kun billede, billede passer i stedet | Gdirekt.se<\/title>\n<meta name=\"description\" content=\"Gulvdisplay 4 Screen \u2013 Kun billede f\u00e5s i mange st\u00f8rrelser. Udstillingsstanderens enkle design er beregnet til at f\u00e5 billedet til at fremst\u00e5 optimalt.\" \/>\n<meta name=\"robots\" content=\"index, follow, max-snippet:-1, max-image-preview:large, max-video-preview:-1\" \/>\n<link rel=\"canonical\" href=\"https:\/\/www.gdirekt.se\/da\/produkt\/gulvdisplay-4-screen-kun-billede\/\" \/>\n<meta property=\"og:locale\" content=\"da_DK\" \/>\n<meta property=\"og:type\" content=\"article\" \/>\n<meta property=\"og:title\" content=\"Gulvdisplay 4 Screen \u2013 Kun billede, billede passer i stedet | Gdirekt.se\" \/>\n<meta property=\"og:description\" content=\"Gulvdisplay 4 Screen \u2013 Kun billede f\u00e5s i mange st\u00f8rrelser. Udstillingsstanderens enkle design er beregnet til at f\u00e5 billedet til at fremst\u00e5 optimalt.\" \/>\n<meta property=\"og:url\" content=\"https:\/\/www.gdirekt.se\/da\/produkt\/gulvdisplay-4-screen-kun-billede\/\" \/>\n<meta property=\"og:site_name\" content=\"Gdirekt.se\" \/>\n<meta property=\"article:modified_time\" content=\"2021-06-02T07:32:46+00:00\" \/>\n<meta property=\"og:image\" content=\"https:\/\/www.gdirekt.se\/wp-content\/uploads\/4-Screen-Golvdisplay-Endast-bildvepa.png\" \/>\n\t<meta property=\"og:image:width\" content=\"1000\" \/>\n\t<meta property=\"og:image:height\" content=\"1000\" \/>\n\t<meta property=\"og:image:type\" content=\"image\/png\" \/>\n<meta name=\"twitter:card\" content=\"summary_large_image\" \/>\n<meta name=\"twitter:label1\" content=\"Estimeret l\u00e6setid\" \/>\n\t<meta name=\"twitter:data1\" content=\"2 minutter\" \/>\n<script type=\"application\/ld+json\" class=\"yoast-schema-graph\">{\"@context\":\"https:\/\/schema.org\",\"@graph\":[{\"@type\":\"WebPage\",\"@id\":\"https:\/\/www.gdirekt.se\/da\/produkt\/gulvdisplay-4-screen-kun-billede\/\",\"url\":\"https:\/\/www.gdirekt.se\/da\/produkt\/gulvdisplay-4-screen-kun-billede\/\",\"name\":\"Gulvdisplay 4 Screen \u2013 Kun billede, billede passer i stedet | Gdirekt.se\",\"isPartOf\":{\"@id\":\"https:\/\/www.gdirekt.se\/#website\"},\"primaryImageOfPage\":{\"@id\":\"https:\/\/www.gdirekt.se\/da\/produkt\/gulvdisplay-4-screen-kun-billede\/#primaryimage\"},\"image\":{\"@id\":\"https:\/\/www.gdirekt.se\/da\/produkt\/gulvdisplay-4-screen-kun-billede\/#primaryimage\"},\"thumbnailUrl\":\"https:\/\/www.gdirekt.se\/wp-content\/uploads\/4-Screen-Golvdisplay-Endast-bildvepa.png\",\"datePublished\":\"2021-06-01T09:35:02+00:00\",\"dateModified\":\"2021-06-02T07:32:46+00:00\",\"description\":\"Gulvdisplay 4 Screen \u2013 Kun billede f\u00e5s i mange st\u00f8rrelser. Udstillingsstanderens enkle design er beregnet til at f\u00e5 billedet til at fremst\u00e5 optimalt.\",\"breadcrumb\":{\"@id\":\"https:\/\/www.gdirekt.se\/da\/produkt\/gulvdisplay-4-screen-kun-billede\/#breadcrumb\"},\"inLanguage\":\"da-DK\",\"potentialAction\":[{\"@type\":\"ReadAction\",\"target\":[\"https:\/\/www.gdirekt.se\/da\/produkt\/gulvdisplay-4-screen-kun-billede\/\"]}]},{\"@type\":\"ImageObject\",\"inLanguage\":\"da-DK\",\"@id\":\"https:\/\/www.gdirekt.se\/da\/produkt\/gulvdisplay-4-screen-kun-billede\/#primaryimage\",\"url\":\"https:\/\/www.gdirekt.se\/wp-content\/uploads\/4-Screen-Golvdisplay-Endast-bildvepa.png\",\"contentUrl\":\"https:\/\/www.gdirekt.se\/wp-content\/uploads\/4-Screen-Golvdisplay-Endast-bildvepa.png\",\"width\":1000,\"height\":1000,\"caption\":\"4 Screen Golvdisplay - Endast bildvepa\"},{\"@type\":\"BreadcrumbList\",\"@id\":\"https:\/\/www.gdirekt.se\/da\/produkt\/gulvdisplay-4-screen-kun-billede\/#breadcrumb\",\"itemListElement\":[{\"@type\":\"ListItem\",\"position\":1,\"name\":\"Hem\",\"item\":\"https:\/\/www.gdirekt.se\/da\/\"},{\"@type\":\"ListItem\",\"position\":2,\"name\":\"Start\",\"item\":\"https:\/\/www.gdirekt.se\/da\/\"},{\"@type\":\"ListItem\",\"position\":3,\"name\":\"Gulvdisplay 4 Screen \u2013 Kun billede\"}]},{\"@type\":\"WebSite\",\"@id\":\"https:\/\/www.gdirekt.se\/#website\",\"url\":\"https:\/\/www.gdirekt.se\/\",\"name\":\"Gdirekt.se\",\"description\":\"Tryck snabbt \u00e5 l\u00e4tt = Gdirekt\",\"potentialAction\":[{\"@type\":\"SearchAction\",\"target\":{\"@type\":\"EntryPoint\",\"urlTemplate\":\"https:\/\/www.gdirekt.se\/?s={search_term_string}\"},\"query-input\":{\"@type\":\"PropertyValueSpecification\",\"valueRequired\":true,\"valueName\":\"search_term_string\"}}],\"inLanguage\":\"da-DK\"}]}<\/script>\n<!-- \/ Yoast SEO plugin. -->","yoast_head_json":{"title":"Gulvdisplay 4 Screen \u2013 Kun billede, billede passer i stedet | Gdirekt.se","description":"Gulvdisplay 4 Screen \u2013 Kun billede f\u00e5s i mange st\u00f8rrelser. Udstillingsstanderens enkle design er beregnet til at f\u00e5 billedet til at fremst\u00e5 optimalt.","robots":{"index":"index","follow":"follow","max-snippet":"max-snippet:-1","max-image-preview":"max-image-preview:large","max-video-preview":"max-video-preview:-1"},"canonical":"https:\/\/www.gdirekt.se\/da\/produkt\/gulvdisplay-4-screen-kun-billede\/","og_locale":"da_DK","og_type":"article","og_title":"Gulvdisplay 4 Screen \u2013 Kun billede, billede passer i stedet | Gdirekt.se","og_description":"Gulvdisplay 4 Screen \u2013 Kun billede f\u00e5s i mange st\u00f8rrelser. Udstillingsstanderens enkle design er beregnet til at f\u00e5 billedet til at fremst\u00e5 optimalt.","og_url":"https:\/\/www.gdirekt.se\/da\/produkt\/gulvdisplay-4-screen-kun-billede\/","og_site_name":"Gdirekt.se","article_modified_time":"2021-06-02T07:32:46+00:00","og_image":[{"width":1000,"height":1000,"url":"https:\/\/www.gdirekt.se\/wp-content\/uploads\/4-Screen-Golvdisplay-Endast-bildvepa.png","type":"image\/png"}],"twitter_card":"summary_large_image","twitter_misc":{"Estimeret l\u00e6setid":"2 minutter"},"schema":{"@context":"https:\/\/schema.org","@graph":[{"@type":"WebPage","@id":"https:\/\/www.gdirekt.se\/da\/produkt\/gulvdisplay-4-screen-kun-billede\/","url":"https:\/\/www.gdirekt.se\/da\/produkt\/gulvdisplay-4-screen-kun-billede\/","name":"Gulvdisplay 4 Screen \u2013 Kun billede, billede passer i stedet | Gdirekt.se","isPartOf":{"@id":"https:\/\/www.gdirekt.se\/#website"},"primaryImageOfPage":{"@id":"https:\/\/www.gdirekt.se\/da\/produkt\/gulvdisplay-4-screen-kun-billede\/#primaryimage"},"image":{"@id":"https:\/\/www.gdirekt.se\/da\/produkt\/gulvdisplay-4-screen-kun-billede\/#primaryimage"},"thumbnailUrl":"https:\/\/www.gdirekt.se\/wp-content\/uploads\/4-Screen-Golvdisplay-Endast-bildvepa.png","datePublished":"2021-06-01T09:35:02+00:00","dateModified":"2021-06-02T07:32:46+00:00","description":"Gulvdisplay 4 Screen \u2013 Kun billede f\u00e5s i mange st\u00f8rrelser. Udstillingsstanderens enkle design er beregnet til at f\u00e5 billedet til at fremst\u00e5 optimalt.","breadcrumb":{"@id":"https:\/\/www.gdirekt.se\/da\/produkt\/gulvdisplay-4-screen-kun-billede\/#breadcrumb"},"inLanguage":"da-DK","potentialAction":[{"@type":"ReadAction","target":["https:\/\/www.gdirekt.se\/da\/produkt\/gulvdisplay-4-screen-kun-billede\/"]}]},{"@type":"ImageObject","inLanguage":"da-DK","@id":"https:\/\/www.gdirekt.se\/da\/produkt\/gulvdisplay-4-screen-kun-billede\/#primaryimage","url":"https:\/\/www.gdirekt.se\/wp-content\/uploads\/4-Screen-Golvdisplay-Endast-bildvepa.png","contentUrl":"https:\/\/www.gdirekt.se\/wp-content\/uploads\/4-Screen-Golvdisplay-Endast-bildvepa.png","width":1000,"height":1000,"caption":"4 Screen Golvdisplay - Endast bildvepa"},{"@type":"BreadcrumbList","@id":"https:\/\/www.gdirekt.se\/da\/produkt\/gulvdisplay-4-screen-kun-billede\/#breadcrumb","itemListElement":[{"@type":"ListItem","position":1,"name":"Hem","item":"https:\/\/www.gdirekt.se\/da\/"},{"@type":"ListItem","position":2,"name":"Start","item":"https:\/\/www.gdirekt.se\/da\/"},{"@type":"ListItem","position":3,"name":"Gulvdisplay 4 Screen \u2013 Kun billede"}]},{"@type":"WebSite","@id":"https:\/\/www.gdirekt.se\/#website","url":"https:\/\/www.gdirekt.se\/","name":"Gdirekt.se","description":"Tryck snabbt \u00e5 l\u00e4tt = Gdirekt","potentialAction":[{"@type":"SearchAction","target":{"@type":"EntryPoint","urlTemplate":"https:\/\/www.gdirekt.se\/?s={search_term_string}"},"query-input":{"@type":"PropertyValueSpecification","valueRequired":true,"valueName":"search_term_string"}}],"inLanguage":"da-DK"}]}},"_links":{"self":[{"href":"https:\/\/www.gdirekt.se\/da\/wp-json\/wp\/v2\/product\/16005","targetHints":{"allow":["GET"]}}],"collection":[{"href":"https:\/\/www.gdirekt.se\/da\/wp-json\/wp\/v2\/product"}],"about":[{"href":"https:\/\/www.gdirekt.se\/da\/wp-json\/wp\/v2\/types\/product"}],"wp:featuredmedia":[{"embeddable":true,"href":"https:\/\/www.gdirekt.se\/da\/wp-json\/wp\/v2\/media\/16013"}],"wp:attachment":[{"href":"https:\/\/www.gdirekt.se\/da\/wp-json\/wp\/v2\/media?parent=16005"}],"wp:term":[{"taxonomy":"product_brand","embeddable":true,"href":"https:\/\/www.gdirekt.se\/da\/wp-json\/wp\/v2\/product_brand?post=16005"},{"taxonomy":"product_cat","embeddable":true,"href":"https:\/\/www.gdirekt.se\/da\/wp-json\/wp\/v2\/product_cat?post=16005"},{"taxonomy":"product_tag","embeddable":true,"href":"https:\/\/www.gdirekt.se\/da\/wp-json\/wp\/v2\/product_tag?post=16005"}],"curies":[{"name":"wp","href":"https:\/\/api.w.org\/{rel}","templated":true}]}}