{"id":15614,"date":"2021-03-30T16:02:14","date_gmt":"2021-03-30T14:02:14","guid":{"rendered":"https:\/\/www.gdirekt.se\/?post_type=product&#038;p=15614"},"modified":"2025-01-29T09:29:08","modified_gmt":"2025-01-29T08:29:08","slug":"produktdisplay-med-hylder-kopia","status":"publish","type":"product","link":"https:\/\/www.gdirekt.se\/da\/produkt\/produktdisplay-med-hylder-kopia\/","title":{"rendered":"Produktdisplay med hylder"},"content":{"rendered":"<p>Produktdisplay med hylder er is\u00e6r god i butikken. Bestil denne butiksstand, s\u00e5 ser din kampagne godt ud. Vi kan ogs\u00e5 hj\u00e6lpe dig med alle mulige sk\u00e6rme i ombord og pap. Se flere trykte sk\u00e6rme p\u00e5 bord eller b\u00f8ljepap p\u00e5 <em><strong><a href=\"https:\/\/www.gdirekt.se\/produkt-kategori\/reklamstall-och-butikdisplayer\/\">denne side.<\/a><\/strong><\/em><\/p>\n<p><strong>Dimensionerne p\u00e5 dette stativ er:<\/strong><\/p>\n<p>H\u00f8jde: 153cm.<\/p>\n<p>Topskilt: 59,6 cm bred og 40 cm h\u00f8j.<\/p>\n<p>Bredde: 60cm.<\/p>\n<p>Dybde i bunden: 48 cm<\/p>\n<p>Dybde \u00f8verst: 40 cm<\/p>\n<p>Hyldernes bredde: 56,5 cm<\/p>\n<p>Hyldernes dybde (de to \u00f8verste): 35 cm.<\/p>\n<p>Hyldedybde (bund): 43cm.<\/p>\n<p>Endelig hj\u00e6lper vi dig med at bestille alle de forskellige former og st\u00f8rrelser af produktdisplay med hylder i 16 mm tykkelse. Andre materialer s\u00e5som pap er tilg\u00e6ngelige. Vi kan producere borddisplay og gulvdisplay i alle mulige materialer. Alt fra plexiglas og plast til tr\u00e6 for at skabe det rigtige interi\u00f8r, der passer til de produkter, du skal vise. I flere tilf\u00e6lde blander vi forskellige materialer, du kan bruge et trykt ombord med nogle plexiglasdele som vinduer. Materialet f\u00e5s ogs\u00e5 i 10 mm.<\/p>\n<p>Du placerer normalt disse trykte produktdisplay med hylder i en butik eller butik. Du kan ogs\u00e5 tilf\u00f8je rum eller holdere til flyers og andre trykte kort. E-mail os p\u00e5 <a href=\"mailto:info@gdirekt.se\">info@gdirekt.se<\/a> eller ring til +46011-251515, s\u00e5 kan vi diskutere det smukkeste design eller variant p\u00e5 et trykt display.<\/p>\n<p>Endelig giver dette en milj\u00f8venlig og naturlig f\u00f8lelse! Og glem ikke, at vi ogs\u00e5 har faste skilte til butikkerne p\u00e5 <em><strong><a href=\"https:\/\/svasab.dk\/\">SVASAB!<\/a><\/strong><\/em><\/p>\n","protected":false},"excerpt":{"rendered":"<p>Produktdisplay med hylder er en holdbar butiksstativ med tryk. Materialet er i st\u00e6rkt Re-board\u00ae 16mm med dimensionerne 60x153cm + top 40cm. Se flere m\u00e5linger nedenfor:<\/p>\n","protected":false},"featured_media":15620,"template":"","meta":{"_acf_changed":false},"product_brand":[],"product_cat":[372,373],"product_tag":[],"class_list":{"0":"post-15614","1":"product","2":"type-product","3":"status-publish","4":"has-post-thumbnail","6":"product_cat-display-skilteholdere-skiltestander","7":"product_cat-skranker-podie-messebord","8":"product_shipping_class-250kr","10":"first","11":"instock","12":"taxable","13":"shipping-taxable","14":"purchasable","15":"product-type-variable","16":"has-default-attributes"},"exclude_global_add_ons":[],"addons":[],"acf":[],"yoast_head":"<!-- This site is optimized with the Yoast SEO plugin v27.2 - https:\/\/yoast.com\/product\/yoast-seo-wordpress\/ -->\n<title>Produktdisplay med hylder en butiksstand med print Re-board | Gdirekt.se<\/title>\n<meta name=\"description\" content=\"Produktdisplay med hylder er en b\u00e6redygtig butiksstand i Re-board\u00ae. Bestil displayet, s\u00e5 ser din kampagne godt ud. Udskrivning er inkluderet i prisen!\" \/>\n<meta name=\"robots\" content=\"index, follow, max-snippet:-1, max-image-preview:large, max-video-preview:-1\" \/>\n<link rel=\"canonical\" href=\"https:\/\/www.gdirekt.se\/da\/produkt\/produktdisplay-med-hylder-kopia\/\" \/>\n<meta property=\"og:locale\" content=\"da_DK\" \/>\n<meta property=\"og:type\" content=\"article\" \/>\n<meta property=\"og:title\" content=\"Produktdisplay med hylder en butiksstand med print Re-board | Gdirekt.se\" \/>\n<meta property=\"og:description\" content=\"Produktdisplay med hylder er en b\u00e6redygtig butiksstand i Re-board\u00ae. Bestil displayet, s\u00e5 ser din kampagne godt ud. Udskrivning er inkluderet i prisen!\" \/>\n<meta property=\"og:url\" content=\"https:\/\/www.gdirekt.se\/da\/produkt\/produktdisplay-med-hylder-kopia\/\" \/>\n<meta property=\"og:site_name\" content=\"Gdirekt.se\" \/>\n<meta property=\"article:modified_time\" content=\"2025-01-29T08:29:08+00:00\" \/>\n<meta property=\"og:image\" content=\"https:\/\/www.gdirekt.se\/wp-content\/uploads\/Sta\u030abord-display.png\" \/>\n\t<meta property=\"og:image:width\" content=\"1000\" \/>\n\t<meta property=\"og:image:height\" content=\"1000\" \/>\n\t<meta property=\"og:image:type\" content=\"image\/png\" \/>\n<meta name=\"twitter:card\" content=\"summary_large_image\" \/>\n<meta name=\"twitter:label1\" content=\"Estimeret l\u00e6setid\" \/>\n\t<meta name=\"twitter:data1\" content=\"2 minutter\" \/>\n<script type=\"application\/ld+json\" class=\"yoast-schema-graph\">{\"@context\":\"https:\/\/schema.org\",\"@graph\":[{\"@type\":\"WebPage\",\"@id\":\"https:\/\/www.gdirekt.se\/da\/produkt\/produktdisplay-med-hylder-kopia\/\",\"url\":\"https:\/\/www.gdirekt.se\/da\/produkt\/produktdisplay-med-hylder-kopia\/\",\"name\":\"Produktdisplay med hylder en butiksstand med print Re-board | Gdirekt.se\",\"isPartOf\":{\"@id\":\"https:\/\/www.gdirekt.se\/#website\"},\"primaryImageOfPage\":{\"@id\":\"https:\/\/www.gdirekt.se\/da\/produkt\/produktdisplay-med-hylder-kopia\/#primaryimage\"},\"image\":{\"@id\":\"https:\/\/www.gdirekt.se\/da\/produkt\/produktdisplay-med-hylder-kopia\/#primaryimage\"},\"thumbnailUrl\":\"https:\/\/www.gdirekt.se\/wp-content\/uploads\/Sta\u030abord-display.png\",\"datePublished\":\"2021-03-30T14:02:14+00:00\",\"dateModified\":\"2025-01-29T08:29:08+00:00\",\"description\":\"Produktdisplay med hylder er en b\u00e6redygtig butiksstand i Re-board\u00ae. Bestil displayet, s\u00e5 ser din kampagne godt ud. Udskrivning er inkluderet i prisen!\",\"breadcrumb\":{\"@id\":\"https:\/\/www.gdirekt.se\/da\/produkt\/produktdisplay-med-hylder-kopia\/#breadcrumb\"},\"inLanguage\":\"da-DK\",\"potentialAction\":[{\"@type\":\"ReadAction\",\"target\":[\"https:\/\/www.gdirekt.se\/da\/produkt\/produktdisplay-med-hylder-kopia\/\"]}]},{\"@type\":\"ImageObject\",\"inLanguage\":\"da-DK\",\"@id\":\"https:\/\/www.gdirekt.se\/da\/produkt\/produktdisplay-med-hylder-kopia\/#primaryimage\",\"url\":\"https:\/\/www.gdirekt.se\/wp-content\/uploads\/Sta\u030abord-display.png\",\"contentUrl\":\"https:\/\/www.gdirekt.se\/wp-content\/uploads\/Sta\u030abord-display.png\",\"width\":1000,\"height\":1000,\"caption\":\"Perfekt st\u00e5bord f\u00f6r kontoret hemma!\"},{\"@type\":\"BreadcrumbList\",\"@id\":\"https:\/\/www.gdirekt.se\/da\/produkt\/produktdisplay-med-hylder-kopia\/#breadcrumb\",\"itemListElement\":[{\"@type\":\"ListItem\",\"position\":1,\"name\":\"Hem\",\"item\":\"https:\/\/www.gdirekt.se\/da\/\"},{\"@type\":\"ListItem\",\"position\":2,\"name\":\"Start\",\"item\":\"https:\/\/www.gdirekt.se\/da\/\"},{\"@type\":\"ListItem\",\"position\":3,\"name\":\"Produktdisplay med hylder\"}]},{\"@type\":\"WebSite\",\"@id\":\"https:\/\/www.gdirekt.se\/#website\",\"url\":\"https:\/\/www.gdirekt.se\/\",\"name\":\"Gdirekt.se\",\"description\":\"Tryck snabbt \u00e5 l\u00e4tt = Gdirekt\",\"potentialAction\":[{\"@type\":\"SearchAction\",\"target\":{\"@type\":\"EntryPoint\",\"urlTemplate\":\"https:\/\/www.gdirekt.se\/?s={search_term_string}\"},\"query-input\":{\"@type\":\"PropertyValueSpecification\",\"valueRequired\":true,\"valueName\":\"search_term_string\"}}],\"inLanguage\":\"da-DK\"}]}<\/script>\n<!-- \/ Yoast SEO plugin. -->","yoast_head_json":{"title":"Produktdisplay med hylder en butiksstand med print Re-board | Gdirekt.se","description":"Produktdisplay med hylder er en b\u00e6redygtig butiksstand i Re-board\u00ae. Bestil displayet, s\u00e5 ser din kampagne godt ud. Udskrivning er inkluderet i prisen!","robots":{"index":"index","follow":"follow","max-snippet":"max-snippet:-1","max-image-preview":"max-image-preview:large","max-video-preview":"max-video-preview:-1"},"canonical":"https:\/\/www.gdirekt.se\/da\/produkt\/produktdisplay-med-hylder-kopia\/","og_locale":"da_DK","og_type":"article","og_title":"Produktdisplay med hylder en butiksstand med print Re-board | Gdirekt.se","og_description":"Produktdisplay med hylder er en b\u00e6redygtig butiksstand i Re-board\u00ae. Bestil displayet, s\u00e5 ser din kampagne godt ud. Udskrivning er inkluderet i prisen!","og_url":"https:\/\/www.gdirekt.se\/da\/produkt\/produktdisplay-med-hylder-kopia\/","og_site_name":"Gdirekt.se","article_modified_time":"2025-01-29T08:29:08+00:00","og_image":[{"width":1000,"height":1000,"url":"https:\/\/www.gdirekt.se\/wp-content\/uploads\/Sta\u030abord-display.png","type":"image\/png"}],"twitter_card":"summary_large_image","twitter_misc":{"Estimeret l\u00e6setid":"2 minutter"},"schema":{"@context":"https:\/\/schema.org","@graph":[{"@type":"WebPage","@id":"https:\/\/www.gdirekt.se\/da\/produkt\/produktdisplay-med-hylder-kopia\/","url":"https:\/\/www.gdirekt.se\/da\/produkt\/produktdisplay-med-hylder-kopia\/","name":"Produktdisplay med hylder en butiksstand med print Re-board | Gdirekt.se","isPartOf":{"@id":"https:\/\/www.gdirekt.se\/#website"},"primaryImageOfPage":{"@id":"https:\/\/www.gdirekt.se\/da\/produkt\/produktdisplay-med-hylder-kopia\/#primaryimage"},"image":{"@id":"https:\/\/www.gdirekt.se\/da\/produkt\/produktdisplay-med-hylder-kopia\/#primaryimage"},"thumbnailUrl":"https:\/\/www.gdirekt.se\/wp-content\/uploads\/Sta\u030abord-display.png","datePublished":"2021-03-30T14:02:14+00:00","dateModified":"2025-01-29T08:29:08+00:00","description":"Produktdisplay med hylder er en b\u00e6redygtig butiksstand i Re-board\u00ae. Bestil displayet, s\u00e5 ser din kampagne godt ud. Udskrivning er inkluderet i prisen!","breadcrumb":{"@id":"https:\/\/www.gdirekt.se\/da\/produkt\/produktdisplay-med-hylder-kopia\/#breadcrumb"},"inLanguage":"da-DK","potentialAction":[{"@type":"ReadAction","target":["https:\/\/www.gdirekt.se\/da\/produkt\/produktdisplay-med-hylder-kopia\/"]}]},{"@type":"ImageObject","inLanguage":"da-DK","@id":"https:\/\/www.gdirekt.se\/da\/produkt\/produktdisplay-med-hylder-kopia\/#primaryimage","url":"https:\/\/www.gdirekt.se\/wp-content\/uploads\/Sta\u030abord-display.png","contentUrl":"https:\/\/www.gdirekt.se\/wp-content\/uploads\/Sta\u030abord-display.png","width":1000,"height":1000,"caption":"Perfekt st\u00e5bord f\u00f6r kontoret hemma!"},{"@type":"BreadcrumbList","@id":"https:\/\/www.gdirekt.se\/da\/produkt\/produktdisplay-med-hylder-kopia\/#breadcrumb","itemListElement":[{"@type":"ListItem","position":1,"name":"Hem","item":"https:\/\/www.gdirekt.se\/da\/"},{"@type":"ListItem","position":2,"name":"Start","item":"https:\/\/www.gdirekt.se\/da\/"},{"@type":"ListItem","position":3,"name":"Produktdisplay med hylder"}]},{"@type":"WebSite","@id":"https:\/\/www.gdirekt.se\/#website","url":"https:\/\/www.gdirekt.se\/","name":"Gdirekt.se","description":"Tryck snabbt \u00e5 l\u00e4tt = Gdirekt","potentialAction":[{"@type":"SearchAction","target":{"@type":"EntryPoint","urlTemplate":"https:\/\/www.gdirekt.se\/?s={search_term_string}"},"query-input":{"@type":"PropertyValueSpecification","valueRequired":true,"valueName":"search_term_string"}}],"inLanguage":"da-DK"}]}},"_links":{"self":[{"href":"https:\/\/www.gdirekt.se\/da\/wp-json\/wp\/v2\/product\/15614","targetHints":{"allow":["GET"]}}],"collection":[{"href":"https:\/\/www.gdirekt.se\/da\/wp-json\/wp\/v2\/product"}],"about":[{"href":"https:\/\/www.gdirekt.se\/da\/wp-json\/wp\/v2\/types\/product"}],"wp:featuredmedia":[{"embeddable":true,"href":"https:\/\/www.gdirekt.se\/da\/wp-json\/wp\/v2\/media\/15620"}],"wp:attachment":[{"href":"https:\/\/www.gdirekt.se\/da\/wp-json\/wp\/v2\/media?parent=15614"}],"wp:term":[{"taxonomy":"product_brand","embeddable":true,"href":"https:\/\/www.gdirekt.se\/da\/wp-json\/wp\/v2\/product_brand?post=15614"},{"taxonomy":"product_cat","embeddable":true,"href":"https:\/\/www.gdirekt.se\/da\/wp-json\/wp\/v2\/product_cat?post=15614"},{"taxonomy":"product_tag","embeddable":true,"href":"https:\/\/www.gdirekt.se\/da\/wp-json\/wp\/v2\/product_tag?post=15614"}],"curies":[{"name":"wp","href":"https:\/\/api.w.org\/{rel}","templated":true}]}}