{"id":15411,"date":"2021-03-05T13:50:57","date_gmt":"2021-03-05T12:50:57","guid":{"rendered":"https:\/\/www.gdirekt.se\/?post_type=product&#038;p=15411"},"modified":"2024-02-01T09:25:10","modified_gmt":"2024-02-01T08:25:10","slug":"billedkrog","status":"publish","type":"product","link":"https:\/\/www.gdirekt.se\/da\/produkt\/billedkrog\/","title":{"rendered":"Billedkrog"},"content":{"rendered":"<div class=\"tlid-input input\">\n<div class=\"source-wrap\">\n<div class=\"input-full-height-wrapper tlid-input-full-height-wrapper\">\n<div class=\"source-input\">\n<div class=\"source-footer-wrap source-or-target-footer\">\n<div class=\"character-count tlid-character-count\">\n<div class=\"cc-ctr normal\">\n<p>Billedkrog bruges hovedsageligt til rammer i l\u00e6rred og aluminium. Samt andre materialer, der passer. Det er et v\u00e6gbeslag, der holder rammerne op uden at v\u00e6re synlige. F\u00f8rst markerer du, hvor beslaget skal sidde. Derefter skrues billedkrogen fast p\u00e5 v\u00e6ggen med en skrue, og helst bruger du en eller anden form for stik. Det er ogs\u00e5 muligt at bruge flere parenteser til store malerier. Det er vigtigt at bruge den korrekte skrue og prop til billedkrogen. Derefter h\u00e6nger du tavlen op over afstandsbeslagene eller krogen, og selvf\u00f8lgelig skal den v\u00e6re lige. Skiltet eller tavlen er endelig op med en skjult eller usynlig afstand. Se m\u00e5lene nedenfor. Skrue og stik er IKKE inkluderet i leveringen.<\/p>\n<p><strong>Billedkrog dimensioner:<\/strong><\/p>\n<p>Samlet h\u00f8jde 39 mm<\/p>\n<p>Bredde 22 mm<\/p>\n<p>Dybde 14 mm<\/p>\n<p>Rille 9 mm dyb<\/p>\n<p>Hullerne er 4 mm i diameter<\/p>\n<p>Tykkelsen p\u00e5 materialet er 2 mm<\/p>\n<p>15 mm dyb<\/p>\n<p>19 mm dyb<\/p>\n<\/div>\n<p>Hvis du har brug for andet tilbeh\u00f8r, er der meget <strong><em><a href=\"https:\/\/www.gdirekt.se\/da\/produkt-kategori\/skilte-tilbehoer\/\">her!<\/a><\/em><\/strong><\/p>\n<div class=\"cc-ctr normal\">\n<p>&nbsp;<\/p>\n<\/div>\n<\/div>\n<\/div>\n<\/div>\n<\/div>\n<\/div>\n<\/div>\n","protected":false},"excerpt":{"rendered":"<div class=\"tlid-input input\">\n<div class=\"source-wrap\">\n<div class=\"input-full-height-wrapper tlid-input-full-height-wrapper\">\n<div class=\"source-input\">\n<div class=\"source-footer-wrap source-or-target-footer\">\n<div class=\"character-count tlid-character-count\"><\/div>\n<\/div>\n<\/div>\n<\/div>\n<\/div>\n<\/div>\n<div class=\"tlid-results-container results-container\">\n<div class=\"tlid-result result-dict-wrapper\">\n<div class=\"result tlid-copy-target\">\n<div class=\"text-wrap tlid-copy-target\">\n<div class=\"result-shield-container tlid-copy-target\" tabindex=\"0\">Billedkrog til rammer i l\u00e6rred og aluminium. Disse har den h\u00f8jeste holdbarhed. Se m\u00e5linger nedenfor.<\/div>\n<\/div>\n<\/div>\n<\/div>\n<\/div>\n","protected":false},"featured_media":15415,"template":"","meta":{"_acf_changed":false},"product_brand":[],"product_cat":[379],"product_tag":[],"class_list":{"0":"post-15411","1":"product","2":"type-product","3":"status-publish","4":"has-post-thumbnail","6":"product_cat-skilte-tilbehoer","7":"product_shipping_class-85kr-da","9":"first","10":"instock","11":"taxable","12":"shipping-taxable","13":"purchasable","14":"product-type-simple"},"exclude_global_add_ons":[],"addons":[],"acf":[],"yoast_head":"<!-- This site is optimized with the Yoast SEO plugin v27.2 - https:\/\/yoast.com\/product\/yoast-seo-wordpress\/ -->\n<title>Billedkrog til rammer i l\u00e6rred og canvas, der holder godt| Gdirekt.se<\/title>\n<meta name=\"description\" content=\"Billedkrog til oph\u00e6ngning af store rammer i l\u00e6rred og aluminium. Et holdbart beslag til tunge profiler, fastgjort til v\u00e6ggen med en skrue.\" \/>\n<meta name=\"robots\" content=\"index, follow, max-snippet:-1, max-image-preview:large, max-video-preview:-1\" \/>\n<link rel=\"canonical\" href=\"https:\/\/www.gdirekt.se\/da\/produkt\/billedkrog\/\" \/>\n<meta property=\"og:locale\" content=\"da_DK\" \/>\n<meta property=\"og:type\" content=\"article\" \/>\n<meta property=\"og:title\" content=\"Billedkrog til rammer i l\u00e6rred og canvas, der holder godt| Gdirekt.se\" \/>\n<meta property=\"og:description\" content=\"Billedkrog til oph\u00e6ngning af store rammer i l\u00e6rred og aluminium. Et holdbart beslag til tunge profiler, fastgjort til v\u00e6ggen med en skrue.\" \/>\n<meta property=\"og:url\" content=\"https:\/\/www.gdirekt.se\/da\/produkt\/billedkrog\/\" \/>\n<meta property=\"og:site_name\" content=\"Gdirekt.se\" \/>\n<meta property=\"article:modified_time\" content=\"2024-02-01T08:25:10+00:00\" \/>\n<meta property=\"og:image\" content=\"https:\/\/www.gdirekt.se\/wp-content\/uploads\/Tavelkrok.png\" \/>\n\t<meta property=\"og:image:width\" content=\"1000\" \/>\n\t<meta property=\"og:image:height\" content=\"1000\" \/>\n\t<meta property=\"og:image:type\" content=\"image\/png\" \/>\n<meta name=\"twitter:card\" content=\"summary_large_image\" \/>\n<meta name=\"twitter:label1\" content=\"Estimeret l\u00e6setid\" \/>\n\t<meta name=\"twitter:data1\" content=\"1 minut\" \/>\n<script type=\"application\/ld+json\" class=\"yoast-schema-graph\">{\"@context\":\"https:\/\/schema.org\",\"@graph\":[{\"@type\":\"WebPage\",\"@id\":\"https:\/\/www.gdirekt.se\/da\/produkt\/billedkrog\/\",\"url\":\"https:\/\/www.gdirekt.se\/da\/produkt\/billedkrog\/\",\"name\":\"Billedkrog til rammer i l\u00e6rred og canvas, der holder godt| Gdirekt.se\",\"isPartOf\":{\"@id\":\"https:\/\/www.gdirekt.se\/#website\"},\"primaryImageOfPage\":{\"@id\":\"https:\/\/www.gdirekt.se\/da\/produkt\/billedkrog\/#primaryimage\"},\"image\":{\"@id\":\"https:\/\/www.gdirekt.se\/da\/produkt\/billedkrog\/#primaryimage\"},\"thumbnailUrl\":\"https:\/\/www.gdirekt.se\/wp-content\/uploads\/Tavelkrok.png\",\"datePublished\":\"2021-03-05T12:50:57+00:00\",\"dateModified\":\"2024-02-01T08:25:10+00:00\",\"description\":\"Billedkrog til oph\u00e6ngning af store rammer i l\u00e6rred og aluminium. Et holdbart beslag til tunge profiler, fastgjort til v\u00e6ggen med en skrue.\",\"breadcrumb\":{\"@id\":\"https:\/\/www.gdirekt.se\/da\/produkt\/billedkrog\/#breadcrumb\"},\"inLanguage\":\"da-DK\",\"potentialAction\":[{\"@type\":\"ReadAction\",\"target\":[\"https:\/\/www.gdirekt.se\/da\/produkt\/billedkrog\/\"]}]},{\"@type\":\"ImageObject\",\"inLanguage\":\"da-DK\",\"@id\":\"https:\/\/www.gdirekt.se\/da\/produkt\/billedkrog\/#primaryimage\",\"url\":\"https:\/\/www.gdirekt.se\/wp-content\/uploads\/Tavelkrok.png\",\"contentUrl\":\"https:\/\/www.gdirekt.se\/wp-content\/uploads\/Tavelkrok.png\",\"width\":1000,\"height\":1000,\"caption\":\"Upph\u00e4ngning f\u00f6r canvas och alumniumramar.\"},{\"@type\":\"BreadcrumbList\",\"@id\":\"https:\/\/www.gdirekt.se\/da\/produkt\/billedkrog\/#breadcrumb\",\"itemListElement\":[{\"@type\":\"ListItem\",\"position\":1,\"name\":\"Hem\",\"item\":\"https:\/\/www.gdirekt.se\/da\/\"},{\"@type\":\"ListItem\",\"position\":2,\"name\":\"Start\",\"item\":\"https:\/\/www.gdirekt.se\/da\/\"},{\"@type\":\"ListItem\",\"position\":3,\"name\":\"Billedkrog\"}]},{\"@type\":\"WebSite\",\"@id\":\"https:\/\/www.gdirekt.se\/#website\",\"url\":\"https:\/\/www.gdirekt.se\/\",\"name\":\"Gdirekt.se\",\"description\":\"Tryck snabbt \u00e5 l\u00e4tt = Gdirekt\",\"potentialAction\":[{\"@type\":\"SearchAction\",\"target\":{\"@type\":\"EntryPoint\",\"urlTemplate\":\"https:\/\/www.gdirekt.se\/?s={search_term_string}\"},\"query-input\":{\"@type\":\"PropertyValueSpecification\",\"valueRequired\":true,\"valueName\":\"search_term_string\"}}],\"inLanguage\":\"da-DK\"}]}<\/script>\n<!-- \/ Yoast SEO plugin. -->","yoast_head_json":{"title":"Billedkrog til rammer i l\u00e6rred og canvas, der holder godt| Gdirekt.se","description":"Billedkrog til oph\u00e6ngning af store rammer i l\u00e6rred og aluminium. Et holdbart beslag til tunge profiler, fastgjort til v\u00e6ggen med en skrue.","robots":{"index":"index","follow":"follow","max-snippet":"max-snippet:-1","max-image-preview":"max-image-preview:large","max-video-preview":"max-video-preview:-1"},"canonical":"https:\/\/www.gdirekt.se\/da\/produkt\/billedkrog\/","og_locale":"da_DK","og_type":"article","og_title":"Billedkrog til rammer i l\u00e6rred og canvas, der holder godt| Gdirekt.se","og_description":"Billedkrog til oph\u00e6ngning af store rammer i l\u00e6rred og aluminium. Et holdbart beslag til tunge profiler, fastgjort til v\u00e6ggen med en skrue.","og_url":"https:\/\/www.gdirekt.se\/da\/produkt\/billedkrog\/","og_site_name":"Gdirekt.se","article_modified_time":"2024-02-01T08:25:10+00:00","og_image":[{"width":1000,"height":1000,"url":"https:\/\/www.gdirekt.se\/wp-content\/uploads\/Tavelkrok.png","type":"image\/png"}],"twitter_card":"summary_large_image","twitter_misc":{"Estimeret l\u00e6setid":"1 minut"},"schema":{"@context":"https:\/\/schema.org","@graph":[{"@type":"WebPage","@id":"https:\/\/www.gdirekt.se\/da\/produkt\/billedkrog\/","url":"https:\/\/www.gdirekt.se\/da\/produkt\/billedkrog\/","name":"Billedkrog til rammer i l\u00e6rred og canvas, der holder godt| Gdirekt.se","isPartOf":{"@id":"https:\/\/www.gdirekt.se\/#website"},"primaryImageOfPage":{"@id":"https:\/\/www.gdirekt.se\/da\/produkt\/billedkrog\/#primaryimage"},"image":{"@id":"https:\/\/www.gdirekt.se\/da\/produkt\/billedkrog\/#primaryimage"},"thumbnailUrl":"https:\/\/www.gdirekt.se\/wp-content\/uploads\/Tavelkrok.png","datePublished":"2021-03-05T12:50:57+00:00","dateModified":"2024-02-01T08:25:10+00:00","description":"Billedkrog til oph\u00e6ngning af store rammer i l\u00e6rred og aluminium. Et holdbart beslag til tunge profiler, fastgjort til v\u00e6ggen med en skrue.","breadcrumb":{"@id":"https:\/\/www.gdirekt.se\/da\/produkt\/billedkrog\/#breadcrumb"},"inLanguage":"da-DK","potentialAction":[{"@type":"ReadAction","target":["https:\/\/www.gdirekt.se\/da\/produkt\/billedkrog\/"]}]},{"@type":"ImageObject","inLanguage":"da-DK","@id":"https:\/\/www.gdirekt.se\/da\/produkt\/billedkrog\/#primaryimage","url":"https:\/\/www.gdirekt.se\/wp-content\/uploads\/Tavelkrok.png","contentUrl":"https:\/\/www.gdirekt.se\/wp-content\/uploads\/Tavelkrok.png","width":1000,"height":1000,"caption":"Upph\u00e4ngning f\u00f6r canvas och alumniumramar."},{"@type":"BreadcrumbList","@id":"https:\/\/www.gdirekt.se\/da\/produkt\/billedkrog\/#breadcrumb","itemListElement":[{"@type":"ListItem","position":1,"name":"Hem","item":"https:\/\/www.gdirekt.se\/da\/"},{"@type":"ListItem","position":2,"name":"Start","item":"https:\/\/www.gdirekt.se\/da\/"},{"@type":"ListItem","position":3,"name":"Billedkrog"}]},{"@type":"WebSite","@id":"https:\/\/www.gdirekt.se\/#website","url":"https:\/\/www.gdirekt.se\/","name":"Gdirekt.se","description":"Tryck snabbt \u00e5 l\u00e4tt = Gdirekt","potentialAction":[{"@type":"SearchAction","target":{"@type":"EntryPoint","urlTemplate":"https:\/\/www.gdirekt.se\/?s={search_term_string}"},"query-input":{"@type":"PropertyValueSpecification","valueRequired":true,"valueName":"search_term_string"}}],"inLanguage":"da-DK"}]}},"_links":{"self":[{"href":"https:\/\/www.gdirekt.se\/da\/wp-json\/wp\/v2\/product\/15411","targetHints":{"allow":["GET"]}}],"collection":[{"href":"https:\/\/www.gdirekt.se\/da\/wp-json\/wp\/v2\/product"}],"about":[{"href":"https:\/\/www.gdirekt.se\/da\/wp-json\/wp\/v2\/types\/product"}],"wp:featuredmedia":[{"embeddable":true,"href":"https:\/\/www.gdirekt.se\/da\/wp-json\/wp\/v2\/media\/15415"}],"wp:attachment":[{"href":"https:\/\/www.gdirekt.se\/da\/wp-json\/wp\/v2\/media?parent=15411"}],"wp:term":[{"taxonomy":"product_brand","embeddable":true,"href":"https:\/\/www.gdirekt.se\/da\/wp-json\/wp\/v2\/product_brand?post=15411"},{"taxonomy":"product_cat","embeddable":true,"href":"https:\/\/www.gdirekt.se\/da\/wp-json\/wp\/v2\/product_cat?post=15411"},{"taxonomy":"product_tag","embeddable":true,"href":"https:\/\/www.gdirekt.se\/da\/wp-json\/wp\/v2\/product_tag?post=15411"}],"curies":[{"name":"wp","href":"https:\/\/api.w.org\/{rel}","templated":true}]}}