{"id":15150,"date":"2021-01-04T15:17:00","date_gmt":"2021-01-04T14:17:00","guid":{"rendered":"https:\/\/www.gdirekt.se\/?post_type=product&#038;p=15150"},"modified":"2021-01-04T15:40:20","modified_gmt":"2021-01-04T14:40:20","slug":"banner-i-egen-stoerrelse","status":"publish","type":"product","link":"https:\/\/www.gdirekt.se\/da\/produkt\/banner-i-egen-stoerrelse\/","title":{"rendered":"Banner i egen st\u00f8rrelse"},"content":{"rendered":"<p>Bestil banner i din egen st\u00f8rrelse. Banneret vejer 450 gram, er af h\u00f8jeste kvalitet og holder godt i al slags vejr! I kan v\u00e6lge, hvilket format I vil have, og bestille med hurtig levering. Store bannere op til fem meter brede fungerer fint. Fordelen ved at bestille banner i egen st\u00f8rrelse er, at man tilpasser budskabet, s\u00e5 man f\u00e5r et perfekt reklamebanner.<\/p>\n<p>Vores egne bannere er indk\u00f8bt i Europa, og vi producerer alt p\u00e5 vores egne fabrik i Sverige och staden Norrk\u00f6ping. Vi har personale og projektledere til at k\u00f8be banner i egen st\u00f8rrelse i f\u00f8lgende byer: K\u00f8benhavn, Aalborg, Horsens, Malm\u00f6, G\u00f6teborg, och Odense samt Oslo i Norge. Bannerne fra Gdirekt er i h\u00f8jeste kvalitet, og vi anvender milj\u00f8venlig farve uden opl\u00f8sningsmidler. Selve de trykte bannere produceres med s\u00e5kaldt UV-teknik, hvor farven spr\u00f8jtes p\u00e5 og t\u00f8rrer med en UV-lampe. Denne trykteknik p\u00e5 storformatsbannere g\u00f8r, at farven ikke blegner. Vi producerer bannere i egen st\u00f8rrelse hele d\u00f8gnet rundt og leverer i hele Danmark. Normalt med Postnord, og hvis det virkelig haster, har vi vores egne bude hos Gdirekt, som bringer disse store bannere ud. Skal I bruge profiler til oph\u00e6ngning og montering af bannerne, kan I k\u00f8be listerne <a href=\"https:\/\/www.gdirekt.se\/produkt\/aluminiumprofil-till-banderoll-med-kederlist\/\"><b><i>her!<\/i><\/b><\/a><\/p>\n<p>Man handler trygt hos os p\u00e5 nettet, da vi er en p\u00e5lidelig virksomhed. Det skal v\u00e6re let og fleksibelt at trykke bannere. Vi s\u00f8rger for, at jeres reklamebannere leveres til tiden. En del billige bannere, som s\u00e6lges p\u00e5 nettet, holder ikke s\u00e5 godt. Derfor er det bedre at finde vores priser, som er gode, og man f\u00e5r et banner, som ikke er for tyndt. Vi anbefaler disse tykke bannere med eget tryk som reklameb\u00e6rere til kampagner og budskaber med priser og anden information. De kan h\u00e6nges op mellem tr\u00e6er, p\u00e5 stakit eller p\u00e5 steder i trafikken. Eller hvorfor ikke k\u00f8be et banner til et bryllup eller studenten. Der s\u00e6ttes altid pris p\u00e5 studenterbannere og bannere til fester og f\u00f8dselsdage.<\/p>\n<p>Skal i bruge en helhedsl\u00f8sning, s\u00e5 kontakt vores moderselskab <a href=\"http:\/\/www.gigantprint.se\/\"><b><i>GigantPrint!<\/i><\/b><\/a><\/p>\n<p>Vi efterbehandler bannerne med sn\u00f8rehuller eller syr l\u00f8begange til rundstave. Og skal der ekstra forst\u00e6rkning til, syr vi det p\u00e5. Er det speciall\u00f8sninger p\u00e5 bannerne til en event, ringer I bare til os p\u00e5 +46 (0)11-251515 eller sender os en mail p\u00e5\u00a0<em><strong><a href=\"mailto:info@gdirekt.se\">info@gdirekt.se<\/a><\/strong><\/em><\/p>\n","protected":false},"excerpt":{"rendered":"<p>Bestil banner i egen st\u00f8rrelse i god kvalitet, og v\u00e6lg hvilken efterbehandling, I vil have. Billig pris og hurtig levering. V\u00e6lg ogs\u00e5 tilbeh\u00f8r nedenfor \u2013 Hurtig og let \u2013 Gdirekt<\/p>\n","protected":false},"featured_media":8234,"template":"","meta":{"_acf_changed":false},"product_brand":[],"product_cat":[366,356],"product_tag":[],"class_list":{"0":"post-15150","1":"product","2":"type-product","3":"status-publish","4":"has-post-thumbnail","6":"product_cat-bannere-og-facadebannere","7":"product_cat-udendoersskilte-og-expo","8":"product_shipping_class-250kr","10":"first","11":"instock","12":"sale","13":"taxable","14":"shipping-taxable","15":"purchasable","16":"product-type-variable","17":"has-default-attributes"},"exclude_global_add_ons":[],"addons":[],"acf":[],"yoast_head":"<!-- This site is optimized with the Yoast SEO plugin v27.2 - https:\/\/yoast.com\/product\/yoast-seo-wordpress\/ -->\n<title>Banner i egen st\u00f8rrelse | Gdirekt.se<\/title>\n<meta name=\"description\" content=\"K\u00f6p banderoll i egen storlek med tryckt text och bild i f\u00e4rg! H\u00f6gsta kvalit\u00e9, billigt pris och snabb leverans direkt fr\u00e5n tryckeriet!\" \/>\n<meta name=\"robots\" content=\"index, follow, max-snippet:-1, max-image-preview:large, max-video-preview:-1\" \/>\n<link rel=\"canonical\" href=\"https:\/\/www.gdirekt.se\/da\/produkt\/banner-i-egen-stoerrelse\/\" \/>\n<meta property=\"og:locale\" content=\"da_DK\" \/>\n<meta property=\"og:type\" content=\"article\" \/>\n<meta property=\"og:title\" content=\"Banner i egen st\u00f8rrelse | Gdirekt.se\" \/>\n<meta property=\"og:description\" content=\"K\u00f6p banderoll i egen storlek med tryckt text och bild i f\u00e4rg! H\u00f6gsta kvalit\u00e9, billigt pris och snabb leverans direkt fr\u00e5n tryckeriet!\" \/>\n<meta property=\"og:url\" content=\"https:\/\/www.gdirekt.se\/da\/produkt\/banner-i-egen-stoerrelse\/\" \/>\n<meta property=\"og:site_name\" content=\"Gdirekt.se\" \/>\n<meta property=\"article:modified_time\" content=\"2021-01-04T14:40:20+00:00\" \/>\n<meta property=\"og:image\" content=\"https:\/\/www.gdirekt.se\/wp-content\/uploads\/banderoll.png\" \/>\n\t<meta property=\"og:image:width\" content=\"1000\" \/>\n\t<meta property=\"og:image:height\" content=\"1000\" \/>\n\t<meta property=\"og:image:type\" content=\"image\/png\" \/>\n<meta name=\"twitter:card\" content=\"summary_large_image\" \/>\n<meta name=\"twitter:label1\" content=\"Estimeret l\u00e6setid\" \/>\n\t<meta name=\"twitter:data1\" content=\"2 minutter\" \/>\n<script type=\"application\/ld+json\" class=\"yoast-schema-graph\">{\"@context\":\"https:\/\/schema.org\",\"@graph\":[{\"@type\":\"WebPage\",\"@id\":\"https:\/\/www.gdirekt.se\/da\/produkt\/banner-i-egen-stoerrelse\/\",\"url\":\"https:\/\/www.gdirekt.se\/da\/produkt\/banner-i-egen-stoerrelse\/\",\"name\":\"Banner i egen st\u00f8rrelse | Gdirekt.se\",\"isPartOf\":{\"@id\":\"https:\/\/www.gdirekt.se\/#website\"},\"primaryImageOfPage\":{\"@id\":\"https:\/\/www.gdirekt.se\/da\/produkt\/banner-i-egen-stoerrelse\/#primaryimage\"},\"image\":{\"@id\":\"https:\/\/www.gdirekt.se\/da\/produkt\/banner-i-egen-stoerrelse\/#primaryimage\"},\"thumbnailUrl\":\"https:\/\/www.gdirekt.se\/wp-content\/uploads\/banderoll.png\",\"datePublished\":\"2021-01-04T14:17:00+00:00\",\"dateModified\":\"2021-01-04T14:40:20+00:00\",\"description\":\"K\u00f6p banderoll i egen storlek med tryckt text och bild i f\u00e4rg! H\u00f6gsta kvalit\u00e9, billigt pris och snabb leverans direkt fr\u00e5n tryckeriet!\",\"breadcrumb\":{\"@id\":\"https:\/\/www.gdirekt.se\/da\/produkt\/banner-i-egen-stoerrelse\/#breadcrumb\"},\"inLanguage\":\"da-DK\",\"potentialAction\":[{\"@type\":\"ReadAction\",\"target\":[\"https:\/\/www.gdirekt.se\/da\/produkt\/banner-i-egen-stoerrelse\/\"]}]},{\"@type\":\"ImageObject\",\"inLanguage\":\"da-DK\",\"@id\":\"https:\/\/www.gdirekt.se\/da\/produkt\/banner-i-egen-stoerrelse\/#primaryimage\",\"url\":\"https:\/\/www.gdirekt.se\/wp-content\/uploads\/banderoll.png\",\"contentUrl\":\"https:\/\/www.gdirekt.se\/wp-content\/uploads\/banderoll.png\",\"width\":1000,\"height\":1000,\"caption\":\"Bestil bannere online\"},{\"@type\":\"BreadcrumbList\",\"@id\":\"https:\/\/www.gdirekt.se\/da\/produkt\/banner-i-egen-stoerrelse\/#breadcrumb\",\"itemListElement\":[{\"@type\":\"ListItem\",\"position\":1,\"name\":\"Hem\",\"item\":\"https:\/\/www.gdirekt.se\/da\/\"},{\"@type\":\"ListItem\",\"position\":2,\"name\":\"Start\",\"item\":\"https:\/\/www.gdirekt.se\/da\/\"},{\"@type\":\"ListItem\",\"position\":3,\"name\":\"Banner i egen st\u00f8rrelse\"}]},{\"@type\":\"WebSite\",\"@id\":\"https:\/\/www.gdirekt.se\/#website\",\"url\":\"https:\/\/www.gdirekt.se\/\",\"name\":\"Gdirekt.se\",\"description\":\"Tryck snabbt \u00e5 l\u00e4tt = Gdirekt\",\"potentialAction\":[{\"@type\":\"SearchAction\",\"target\":{\"@type\":\"EntryPoint\",\"urlTemplate\":\"https:\/\/www.gdirekt.se\/?s={search_term_string}\"},\"query-input\":{\"@type\":\"PropertyValueSpecification\",\"valueRequired\":true,\"valueName\":\"search_term_string\"}}],\"inLanguage\":\"da-DK\"}]}<\/script>\n<!-- \/ Yoast SEO plugin. -->","yoast_head_json":{"title":"Banner i egen st\u00f8rrelse | Gdirekt.se","description":"K\u00f6p banderoll i egen storlek med tryckt text och bild i f\u00e4rg! H\u00f6gsta kvalit\u00e9, billigt pris och snabb leverans direkt fr\u00e5n tryckeriet!","robots":{"index":"index","follow":"follow","max-snippet":"max-snippet:-1","max-image-preview":"max-image-preview:large","max-video-preview":"max-video-preview:-1"},"canonical":"https:\/\/www.gdirekt.se\/da\/produkt\/banner-i-egen-stoerrelse\/","og_locale":"da_DK","og_type":"article","og_title":"Banner i egen st\u00f8rrelse | Gdirekt.se","og_description":"K\u00f6p banderoll i egen storlek med tryckt text och bild i f\u00e4rg! H\u00f6gsta kvalit\u00e9, billigt pris och snabb leverans direkt fr\u00e5n tryckeriet!","og_url":"https:\/\/www.gdirekt.se\/da\/produkt\/banner-i-egen-stoerrelse\/","og_site_name":"Gdirekt.se","article_modified_time":"2021-01-04T14:40:20+00:00","og_image":[{"width":1000,"height":1000,"url":"https:\/\/www.gdirekt.se\/wp-content\/uploads\/banderoll.png","type":"image\/png"}],"twitter_card":"summary_large_image","twitter_misc":{"Estimeret l\u00e6setid":"2 minutter"},"schema":{"@context":"https:\/\/schema.org","@graph":[{"@type":"WebPage","@id":"https:\/\/www.gdirekt.se\/da\/produkt\/banner-i-egen-stoerrelse\/","url":"https:\/\/www.gdirekt.se\/da\/produkt\/banner-i-egen-stoerrelse\/","name":"Banner i egen st\u00f8rrelse | Gdirekt.se","isPartOf":{"@id":"https:\/\/www.gdirekt.se\/#website"},"primaryImageOfPage":{"@id":"https:\/\/www.gdirekt.se\/da\/produkt\/banner-i-egen-stoerrelse\/#primaryimage"},"image":{"@id":"https:\/\/www.gdirekt.se\/da\/produkt\/banner-i-egen-stoerrelse\/#primaryimage"},"thumbnailUrl":"https:\/\/www.gdirekt.se\/wp-content\/uploads\/banderoll.png","datePublished":"2021-01-04T14:17:00+00:00","dateModified":"2021-01-04T14:40:20+00:00","description":"K\u00f6p banderoll i egen storlek med tryckt text och bild i f\u00e4rg! H\u00f6gsta kvalit\u00e9, billigt pris och snabb leverans direkt fr\u00e5n tryckeriet!","breadcrumb":{"@id":"https:\/\/www.gdirekt.se\/da\/produkt\/banner-i-egen-stoerrelse\/#breadcrumb"},"inLanguage":"da-DK","potentialAction":[{"@type":"ReadAction","target":["https:\/\/www.gdirekt.se\/da\/produkt\/banner-i-egen-stoerrelse\/"]}]},{"@type":"ImageObject","inLanguage":"da-DK","@id":"https:\/\/www.gdirekt.se\/da\/produkt\/banner-i-egen-stoerrelse\/#primaryimage","url":"https:\/\/www.gdirekt.se\/wp-content\/uploads\/banderoll.png","contentUrl":"https:\/\/www.gdirekt.se\/wp-content\/uploads\/banderoll.png","width":1000,"height":1000,"caption":"Bestil bannere online"},{"@type":"BreadcrumbList","@id":"https:\/\/www.gdirekt.se\/da\/produkt\/banner-i-egen-stoerrelse\/#breadcrumb","itemListElement":[{"@type":"ListItem","position":1,"name":"Hem","item":"https:\/\/www.gdirekt.se\/da\/"},{"@type":"ListItem","position":2,"name":"Start","item":"https:\/\/www.gdirekt.se\/da\/"},{"@type":"ListItem","position":3,"name":"Banner i egen st\u00f8rrelse"}]},{"@type":"WebSite","@id":"https:\/\/www.gdirekt.se\/#website","url":"https:\/\/www.gdirekt.se\/","name":"Gdirekt.se","description":"Tryck snabbt \u00e5 l\u00e4tt = Gdirekt","potentialAction":[{"@type":"SearchAction","target":{"@type":"EntryPoint","urlTemplate":"https:\/\/www.gdirekt.se\/?s={search_term_string}"},"query-input":{"@type":"PropertyValueSpecification","valueRequired":true,"valueName":"search_term_string"}}],"inLanguage":"da-DK"}]}},"_links":{"self":[{"href":"https:\/\/www.gdirekt.se\/da\/wp-json\/wp\/v2\/product\/15150","targetHints":{"allow":["GET"]}}],"collection":[{"href":"https:\/\/www.gdirekt.se\/da\/wp-json\/wp\/v2\/product"}],"about":[{"href":"https:\/\/www.gdirekt.se\/da\/wp-json\/wp\/v2\/types\/product"}],"wp:featuredmedia":[{"embeddable":true,"href":"https:\/\/www.gdirekt.se\/da\/wp-json\/wp\/v2\/media\/8234"}],"wp:attachment":[{"href":"https:\/\/www.gdirekt.se\/da\/wp-json\/wp\/v2\/media?parent=15150"}],"wp:term":[{"taxonomy":"product_brand","embeddable":true,"href":"https:\/\/www.gdirekt.se\/da\/wp-json\/wp\/v2\/product_brand?post=15150"},{"taxonomy":"product_cat","embeddable":true,"href":"https:\/\/www.gdirekt.se\/da\/wp-json\/wp\/v2\/product_cat?post=15150"},{"taxonomy":"product_tag","embeddable":true,"href":"https:\/\/www.gdirekt.se\/da\/wp-json\/wp\/v2\/product_tag?post=15150"}],"curies":[{"name":"wp","href":"https:\/\/api.w.org\/{rel}","templated":true}]}}