{"id":14841,"date":"2020-11-12T15:36:19","date_gmt":"2020-11-12T14:36:19","guid":{"rendered":"https:\/\/www.gdirekt.se\/?post_type=product&#038;p=14841"},"modified":"2020-12-03T14:18:41","modified_gmt":"2020-12-03T13:18:41","slug":"lygtepael-skilt-rundt","status":"publish","type":"product","link":"https:\/\/www.gdirekt.se\/da\/produkt\/lygtepael-skilt-rundt\/","title":{"rendered":"Lygtep\u00e6l skilt &#8211; Rundt"},"content":{"rendered":"<p>Lygtep\u00e6l skilt &#8211; Rundt bruges oftest til informationsskilte eller reklame med tilbud. De er ogs\u00e5 popul\u00e6re til sportsbegivenheder og kampe. De bruges ogs\u00e5 til m\u00e6glertegn, og vi producerer alt selv. Disse trykte skilte fungerer ogs\u00e5 til salg, og du kan alligevel designe dit eget tegn. Her har vi taget to standardm\u00e5linger, men vi hj\u00e6lper dig ogs\u00e5 med andre formater og st\u00f8rrelser. Hvis du har brug for kontursk\u00e5rne tegn i kanalplast, l\u00f8ser vi det. Disse stangskilte er meget velegnede til bestilling af skilte, der skal placeres i byer p\u00e5 for eksempel heldige st\u00e6nger. Vi borer fire huller, hvor du tr\u00e6kker ledningsb\u00e5ndet fast og fastg\u00f8r omkring st\u00e6nger. De k\u00f8bte runde skilte i kanalplastik holder sig godt udend\u00f8rs i regn og sol samt sne. De falmer ikke, n\u00e5r vi bruger UV-maling i vores trykkeri, der er milj\u00f8venligt. Den egentlige kanalplast til Lygtep\u00e6l skilt &#8211; Rundt er lavet af polypropylen.<\/p>\n<h3>Lygtep\u00e6l skilt &#8211; Rundt f\u00e5s i flere st\u00f8rrelser!<\/h3>\n<p>Du kan bestille et Lygtep\u00e6l skilt &#8211; Rundt i to standardm\u00e5l med st\u00f8rrelserne 25x25cm og 50x50cm i diameter. Men det er slet ikke noget problem at bestille plastikskilte i enhver st\u00f8rrelse, og st\u00f8rrelserne kan v\u00e6re store, sm\u00e5, lange smalle eller endda runde figurer.<\/p>\n<p>Materialearkene f\u00e5s i f\u00f8lgende st\u00f8rrelser. V\u00e6lg den der passer dig bedst. Og velegnet til brug.<\/p>\n<p>Kanalplast 3mm tyk: 320x160cm<br \/>\nKanalplast 3mm tyk: 205x160cm<\/p>\n<p>For st\u00f8rre udgaver eller andre st\u00f8rrelser af kampagneskilte, kontakt os for et tilbud: info@gdirekt.se<\/p>\n<p>Kanalplastskilt bruges ofte til husrundvisninger og ogs\u00e5 til konstruktion af huse som et byggeskilt for at vise, hvilken husproducent det er. Det kan og er godt at bestille disse plastikskilte som referenceskilte p\u00e5 byggepladsen, s\u00e5 leverancerne finder det rigtige sted. Disse plastikskilte kan fastg\u00f8res p\u00e5 forskellige m\u00e5der. Et alternativ er simpelthen at nitte dem p\u00e5 en husfacade eller at tr\u00e6kke en skrue i hvert hj\u00f8rne. S\u00e5 er der skiltholdere at k\u00f8be hos os, og du kan bestille dem p\u00e5 <a href=\"https:\/\/www.gdirekt.se\/da\/produkt-kategori\/skilte-tilbehoer\/\">denne side.<\/a><\/p>\n<p>Vi har ogs\u00e5 alle typer n\u00f8dskilte p\u00e5 vores site kaldet <em><strong><a href=\"https:\/\/svasab.dk\/\">SVASAB!<\/a><\/strong><\/em><\/p>\n<p>Endelig komme i kontakt med sp\u00f8rgsm\u00e5l! Og endelig h\u00e5ber jeg, du er tilfreds. Det er selvf\u00f8lgelig vores m\u00e5l.<\/p>\n","protected":false},"excerpt":{"rendered":"<p>Lygtep\u00e6l skilt &#8211; Rundt leveres med 4 huller, s\u00e5 de kan fastg\u00f8res til st\u00e6nger. De er velegnede til regn, sne og sol, og det ensidige 4-farveprint er inkluderet i prisen. V\u00e6lg st\u00f8rrelse og antal nedenfor, og hvis du har brug for kabelbindere, er det ogs\u00e5 tilg\u00e6ngeligt nedenfor.<\/p>\n","protected":false},"featured_media":14922,"template":"","meta":{"_acf_changed":false},"product_brand":[],"product_cat":[378,356],"product_tag":[],"class_list":{"0":"post-14841","1":"product","2":"type-product","3":"status-publish","4":"has-post-thumbnail","6":"product_cat-skilte","7":"product_cat-udendoersskilte-og-expo","8":"product_shipping_class-250kr","10":"first","11":"instock","12":"taxable","13":"shipping-taxable","14":"purchasable","15":"product-type-variable","16":"has-default-attributes"},"exclude_global_add_ons":[],"addons":[],"acf":[],"yoast_head":"<!-- This site is optimized with the Yoast SEO plugin v27.2 - https:\/\/yoast.com\/product\/yoast-seo-wordpress\/ -->\n<title>Lygtep\u00e6l skilt - Rundt, perfekt til valgplakater med trykt besked | Gdirekt.se<\/title>\n<meta name=\"description\" content=\"Lygtep\u00e6l skilt - Rundt bestilles til m\u00e6glerskilte og fremvisningsskilte. Godt udend\u00f8rsskilt til regn og sol. Kanalplastskilte er billige skilte.\" \/>\n<meta name=\"robots\" content=\"index, follow, max-snippet:-1, max-image-preview:large, max-video-preview:-1\" \/>\n<link rel=\"canonical\" href=\"https:\/\/www.gdirekt.se\/da\/produkt\/lygtepael-skilt-rundt\/\" \/>\n<meta property=\"og:locale\" content=\"da_DK\" \/>\n<meta property=\"og:type\" content=\"article\" \/>\n<meta property=\"og:title\" content=\"Lygtep\u00e6l skilt - Rundt, perfekt til valgplakater med trykt besked | Gdirekt.se\" \/>\n<meta property=\"og:description\" content=\"Lygtep\u00e6l skilt - Rundt bestilles til m\u00e6glerskilte og fremvisningsskilte. Godt udend\u00f8rsskilt til regn og sol. Kanalplastskilte er billige skilte.\" \/>\n<meta property=\"og:url\" content=\"https:\/\/www.gdirekt.se\/da\/produkt\/lygtepael-skilt-rundt\/\" \/>\n<meta property=\"og:site_name\" content=\"Gdirekt.se\" \/>\n<meta property=\"article:modified_time\" content=\"2020-12-03T13:18:41+00:00\" \/>\n<meta property=\"og:image\" content=\"https:\/\/www.gdirekt.se\/wp-content\/uploads\/Lykstolpsskylt-rund.png\" \/>\n\t<meta property=\"og:image:width\" content=\"1000\" \/>\n\t<meta property=\"og:image:height\" content=\"1000\" \/>\n\t<meta property=\"og:image:type\" content=\"image\/png\" \/>\n<meta name=\"twitter:card\" content=\"summary_large_image\" \/>\n<meta name=\"twitter:label1\" content=\"Estimeret l\u00e6setid\" \/>\n\t<meta name=\"twitter:data1\" content=\"2 minutter\" \/>\n<script type=\"application\/ld+json\" class=\"yoast-schema-graph\">{\"@context\":\"https:\/\/schema.org\",\"@graph\":[{\"@type\":\"WebPage\",\"@id\":\"https:\/\/www.gdirekt.se\/da\/produkt\/lygtepael-skilt-rundt\/\",\"url\":\"https:\/\/www.gdirekt.se\/da\/produkt\/lygtepael-skilt-rundt\/\",\"name\":\"Lygtep\u00e6l skilt - Rundt, perfekt til valgplakater med trykt besked | Gdirekt.se\",\"isPartOf\":{\"@id\":\"https:\/\/www.gdirekt.se\/#website\"},\"primaryImageOfPage\":{\"@id\":\"https:\/\/www.gdirekt.se\/da\/produkt\/lygtepael-skilt-rundt\/#primaryimage\"},\"image\":{\"@id\":\"https:\/\/www.gdirekt.se\/da\/produkt\/lygtepael-skilt-rundt\/#primaryimage\"},\"thumbnailUrl\":\"https:\/\/www.gdirekt.se\/wp-content\/uploads\/Lykstolpsskylt-rund.png\",\"datePublished\":\"2020-11-12T14:36:19+00:00\",\"dateModified\":\"2020-12-03T13:18:41+00:00\",\"description\":\"Lygtep\u00e6l skilt - Rundt bestilles til m\u00e6glerskilte og fremvisningsskilte. Godt udend\u00f8rsskilt til regn og sol. Kanalplastskilte er billige skilte.\",\"breadcrumb\":{\"@id\":\"https:\/\/www.gdirekt.se\/da\/produkt\/lygtepael-skilt-rundt\/#breadcrumb\"},\"inLanguage\":\"da-DK\",\"potentialAction\":[{\"@type\":\"ReadAction\",\"target\":[\"https:\/\/www.gdirekt.se\/da\/produkt\/lygtepael-skilt-rundt\/\"]}]},{\"@type\":\"ImageObject\",\"inLanguage\":\"da-DK\",\"@id\":\"https:\/\/www.gdirekt.se\/da\/produkt\/lygtepael-skilt-rundt\/#primaryimage\",\"url\":\"https:\/\/www.gdirekt.se\/wp-content\/uploads\/Lykstolpsskylt-rund.png\",\"contentUrl\":\"https:\/\/www.gdirekt.se\/wp-content\/uploads\/Lykstolpsskylt-rund.png\",\"width\":1000,\"height\":1000,\"caption\":\"Rund skylt till lykstolpar med h\u00e5l.\"},{\"@type\":\"BreadcrumbList\",\"@id\":\"https:\/\/www.gdirekt.se\/da\/produkt\/lygtepael-skilt-rundt\/#breadcrumb\",\"itemListElement\":[{\"@type\":\"ListItem\",\"position\":1,\"name\":\"Hem\",\"item\":\"https:\/\/www.gdirekt.se\/da\/\"},{\"@type\":\"ListItem\",\"position\":2,\"name\":\"Start\",\"item\":\"https:\/\/www.gdirekt.se\/da\/\"},{\"@type\":\"ListItem\",\"position\":3,\"name\":\"Lygtep\u00e6l skilt &#8211; Rundt\"}]},{\"@type\":\"WebSite\",\"@id\":\"https:\/\/www.gdirekt.se\/#website\",\"url\":\"https:\/\/www.gdirekt.se\/\",\"name\":\"Gdirekt.se\",\"description\":\"Tryck snabbt \u00e5 l\u00e4tt = Gdirekt\",\"potentialAction\":[{\"@type\":\"SearchAction\",\"target\":{\"@type\":\"EntryPoint\",\"urlTemplate\":\"https:\/\/www.gdirekt.se\/?s={search_term_string}\"},\"query-input\":{\"@type\":\"PropertyValueSpecification\",\"valueRequired\":true,\"valueName\":\"search_term_string\"}}],\"inLanguage\":\"da-DK\"}]}<\/script>\n<!-- \/ Yoast SEO plugin. -->","yoast_head_json":{"title":"Lygtep\u00e6l skilt - Rundt, perfekt til valgplakater med trykt besked | Gdirekt.se","description":"Lygtep\u00e6l skilt - Rundt bestilles til m\u00e6glerskilte og fremvisningsskilte. Godt udend\u00f8rsskilt til regn og sol. Kanalplastskilte er billige skilte.","robots":{"index":"index","follow":"follow","max-snippet":"max-snippet:-1","max-image-preview":"max-image-preview:large","max-video-preview":"max-video-preview:-1"},"canonical":"https:\/\/www.gdirekt.se\/da\/produkt\/lygtepael-skilt-rundt\/","og_locale":"da_DK","og_type":"article","og_title":"Lygtep\u00e6l skilt - Rundt, perfekt til valgplakater med trykt besked | Gdirekt.se","og_description":"Lygtep\u00e6l skilt - Rundt bestilles til m\u00e6glerskilte og fremvisningsskilte. Godt udend\u00f8rsskilt til regn og sol. Kanalplastskilte er billige skilte.","og_url":"https:\/\/www.gdirekt.se\/da\/produkt\/lygtepael-skilt-rundt\/","og_site_name":"Gdirekt.se","article_modified_time":"2020-12-03T13:18:41+00:00","og_image":[{"width":1000,"height":1000,"url":"https:\/\/www.gdirekt.se\/wp-content\/uploads\/Lykstolpsskylt-rund.png","type":"image\/png"}],"twitter_card":"summary_large_image","twitter_misc":{"Estimeret l\u00e6setid":"2 minutter"},"schema":{"@context":"https:\/\/schema.org","@graph":[{"@type":"WebPage","@id":"https:\/\/www.gdirekt.se\/da\/produkt\/lygtepael-skilt-rundt\/","url":"https:\/\/www.gdirekt.se\/da\/produkt\/lygtepael-skilt-rundt\/","name":"Lygtep\u00e6l skilt - Rundt, perfekt til valgplakater med trykt besked | Gdirekt.se","isPartOf":{"@id":"https:\/\/www.gdirekt.se\/#website"},"primaryImageOfPage":{"@id":"https:\/\/www.gdirekt.se\/da\/produkt\/lygtepael-skilt-rundt\/#primaryimage"},"image":{"@id":"https:\/\/www.gdirekt.se\/da\/produkt\/lygtepael-skilt-rundt\/#primaryimage"},"thumbnailUrl":"https:\/\/www.gdirekt.se\/wp-content\/uploads\/Lykstolpsskylt-rund.png","datePublished":"2020-11-12T14:36:19+00:00","dateModified":"2020-12-03T13:18:41+00:00","description":"Lygtep\u00e6l skilt - Rundt bestilles til m\u00e6glerskilte og fremvisningsskilte. Godt udend\u00f8rsskilt til regn og sol. Kanalplastskilte er billige skilte.","breadcrumb":{"@id":"https:\/\/www.gdirekt.se\/da\/produkt\/lygtepael-skilt-rundt\/#breadcrumb"},"inLanguage":"da-DK","potentialAction":[{"@type":"ReadAction","target":["https:\/\/www.gdirekt.se\/da\/produkt\/lygtepael-skilt-rundt\/"]}]},{"@type":"ImageObject","inLanguage":"da-DK","@id":"https:\/\/www.gdirekt.se\/da\/produkt\/lygtepael-skilt-rundt\/#primaryimage","url":"https:\/\/www.gdirekt.se\/wp-content\/uploads\/Lykstolpsskylt-rund.png","contentUrl":"https:\/\/www.gdirekt.se\/wp-content\/uploads\/Lykstolpsskylt-rund.png","width":1000,"height":1000,"caption":"Rund skylt till lykstolpar med h\u00e5l."},{"@type":"BreadcrumbList","@id":"https:\/\/www.gdirekt.se\/da\/produkt\/lygtepael-skilt-rundt\/#breadcrumb","itemListElement":[{"@type":"ListItem","position":1,"name":"Hem","item":"https:\/\/www.gdirekt.se\/da\/"},{"@type":"ListItem","position":2,"name":"Start","item":"https:\/\/www.gdirekt.se\/da\/"},{"@type":"ListItem","position":3,"name":"Lygtep\u00e6l skilt &#8211; Rundt"}]},{"@type":"WebSite","@id":"https:\/\/www.gdirekt.se\/#website","url":"https:\/\/www.gdirekt.se\/","name":"Gdirekt.se","description":"Tryck snabbt \u00e5 l\u00e4tt = Gdirekt","potentialAction":[{"@type":"SearchAction","target":{"@type":"EntryPoint","urlTemplate":"https:\/\/www.gdirekt.se\/?s={search_term_string}"},"query-input":{"@type":"PropertyValueSpecification","valueRequired":true,"valueName":"search_term_string"}}],"inLanguage":"da-DK"}]}},"_links":{"self":[{"href":"https:\/\/www.gdirekt.se\/da\/wp-json\/wp\/v2\/product\/14841","targetHints":{"allow":["GET"]}}],"collection":[{"href":"https:\/\/www.gdirekt.se\/da\/wp-json\/wp\/v2\/product"}],"about":[{"href":"https:\/\/www.gdirekt.se\/da\/wp-json\/wp\/v2\/types\/product"}],"wp:featuredmedia":[{"embeddable":true,"href":"https:\/\/www.gdirekt.se\/da\/wp-json\/wp\/v2\/media\/14922"}],"wp:attachment":[{"href":"https:\/\/www.gdirekt.se\/da\/wp-json\/wp\/v2\/media?parent=14841"}],"wp:term":[{"taxonomy":"product_brand","embeddable":true,"href":"https:\/\/www.gdirekt.se\/da\/wp-json\/wp\/v2\/product_brand?post=14841"},{"taxonomy":"product_cat","embeddable":true,"href":"https:\/\/www.gdirekt.se\/da\/wp-json\/wp\/v2\/product_cat?post=14841"},{"taxonomy":"product_tag","embeddable":true,"href":"https:\/\/www.gdirekt.se\/da\/wp-json\/wp\/v2\/product_tag?post=14841"}],"curies":[{"name":"wp","href":"https:\/\/api.w.org\/{rel}","templated":true}]}}