{"id":14678,"date":"2020-10-23T13:56:11","date_gmt":"2020-10-23T11:56:11","guid":{"rendered":"https:\/\/www.gdirekt.se\/?post_type=product&#038;p=14678"},"modified":"2020-10-23T15:59:01","modified_gmt":"2020-10-23T13:59:01","slug":"loftsbeslag-til-skiltedisplay-kopia","status":"publish","type":"product","link":"https:\/\/www.gdirekt.se\/da\/produkt\/loftsbeslag-til-skiltedisplay-kopia\/","title":{"rendered":"Selvkl\u00e6bende skiltholder"},"content":{"rendered":"<p>Selvkl\u00e6bende skiltholdere har, som navnet antyder, selvkl\u00e6bende tape til at fastg\u00f8re med. Bruges prim\u00e6rt til fastg\u00f8relse af sm\u00e5 reklameskilte og displays i plast og aluminium. De kan bruges p\u00e5 v\u00e6gge, lofter og hylder s\u00e5vel som p\u00e5 sk\u00e6rme.<\/p>\n<p>Vi har ogs\u00e5 andre skiltbeslag. Se hele vores sortiment her! Derudover har vi lang erfaring. Fordelen er en simpel l\u00f8sning.<\/p>\n<p>Endelig h\u00e5ber skiltene giver resultater! Det bliver sandsynligvis super godt!<\/p>\n","protected":false},"excerpt":{"rendered":"<p>Sj\u00e4lvh\u00e4ftande skylth\u00e5llare anv\u00e4nder Ni f\u00f6r att f\u00e4sta upp skyltar i h\u00e5rda material. De finns i tv\u00e5 olika storlekar, 75x25mm och 20x25mm.<\/p>\n","protected":false},"featured_media":14700,"template":"","meta":{"_acf_changed":false},"product_brand":[],"product_cat":[379],"product_tag":[],"class_list":{"0":"post-14678","1":"product","2":"type-product","3":"status-publish","4":"has-post-thumbnail","6":"product_cat-skilte-tilbehoer","7":"product_shipping_class-49kr","9":"first","10":"instock","11":"taxable","12":"shipping-taxable","13":"purchasable","14":"product-type-variable"},"exclude_global_add_ons":[],"addons":[],"acf":[],"yoast_head":"<!-- This site is optimized with the Yoast SEO plugin v27.2 - https:\/\/yoast.com\/product\/yoast-seo-wordpress\/ -->\n<title>Selvkl\u00e6bende skiltholder, kartonskile og runde billeder | Gdirekt.se<\/title>\n<meta name=\"description\" content=\"Loftsbeslag til skiltedisplay med selvkl\u00e6bende tape. Fastg\u00f8r sm\u00e5 reklameskilte og displays i karton, der skal h\u00e6nge ned fra loftet i butikker og p\u00e5 messer.\" \/>\n<meta name=\"robots\" content=\"index, follow, max-snippet:-1, max-image-preview:large, max-video-preview:-1\" \/>\n<link rel=\"canonical\" href=\"https:\/\/www.gdirekt.se\/da\/produkt\/loftsbeslag-til-skiltedisplay-kopia\/\" \/>\n<meta property=\"og:locale\" content=\"da_DK\" \/>\n<meta property=\"og:type\" content=\"article\" \/>\n<meta property=\"og:title\" content=\"Selvkl\u00e6bende skiltholder, kartonskile og runde billeder | Gdirekt.se\" \/>\n<meta property=\"og:description\" content=\"Loftsbeslag til skiltedisplay med selvkl\u00e6bende tape. Fastg\u00f8r sm\u00e5 reklameskilte og displays i karton, der skal h\u00e6nge ned fra loftet i butikker og p\u00e5 messer.\" \/>\n<meta property=\"og:url\" content=\"https:\/\/www.gdirekt.se\/da\/produkt\/loftsbeslag-til-skiltedisplay-kopia\/\" \/>\n<meta property=\"og:site_name\" content=\"Gdirekt.se\" \/>\n<meta property=\"article:modified_time\" content=\"2020-10-23T13:59:01+00:00\" \/>\n<meta property=\"og:image\" content=\"https:\/\/www.gdirekt.se\/wp-content\/uploads\/Skyltha\u030allare-1.png\" \/>\n\t<meta property=\"og:image:width\" content=\"1000\" \/>\n\t<meta property=\"og:image:height\" content=\"1000\" \/>\n\t<meta property=\"og:image:type\" content=\"image\/png\" \/>\n<meta name=\"twitter:card\" content=\"summary_large_image\" \/>\n<script type=\"application\/ld+json\" class=\"yoast-schema-graph\">{\"@context\":\"https:\/\/schema.org\",\"@graph\":[{\"@type\":\"WebPage\",\"@id\":\"https:\/\/www.gdirekt.se\/da\/produkt\/loftsbeslag-til-skiltedisplay-kopia\/\",\"url\":\"https:\/\/www.gdirekt.se\/da\/produkt\/loftsbeslag-til-skiltedisplay-kopia\/\",\"name\":\"Selvkl\u00e6bende skiltholder, kartonskile og runde billeder | Gdirekt.se\",\"isPartOf\":{\"@id\":\"https:\/\/www.gdirekt.se\/#website\"},\"primaryImageOfPage\":{\"@id\":\"https:\/\/www.gdirekt.se\/da\/produkt\/loftsbeslag-til-skiltedisplay-kopia\/#primaryimage\"},\"image\":{\"@id\":\"https:\/\/www.gdirekt.se\/da\/produkt\/loftsbeslag-til-skiltedisplay-kopia\/#primaryimage\"},\"thumbnailUrl\":\"https:\/\/www.gdirekt.se\/wp-content\/uploads\/Skyltha\u030allare-1.png\",\"datePublished\":\"2020-10-23T11:56:11+00:00\",\"dateModified\":\"2020-10-23T13:59:01+00:00\",\"description\":\"Loftsbeslag til skiltedisplay med selvkl\u00e6bende tape. Fastg\u00f8r sm\u00e5 reklameskilte og displays i karton, der skal h\u00e6nge ned fra loftet i butikker og p\u00e5 messer.\",\"breadcrumb\":{\"@id\":\"https:\/\/www.gdirekt.se\/da\/produkt\/loftsbeslag-til-skiltedisplay-kopia\/#breadcrumb\"},\"inLanguage\":\"da-DK\",\"potentialAction\":[{\"@type\":\"ReadAction\",\"target\":[\"https:\/\/www.gdirekt.se\/da\/produkt\/loftsbeslag-til-skiltedisplay-kopia\/\"]}]},{\"@type\":\"ImageObject\",\"inLanguage\":\"da-DK\",\"@id\":\"https:\/\/www.gdirekt.se\/da\/produkt\/loftsbeslag-til-skiltedisplay-kopia\/#primaryimage\",\"url\":\"https:\/\/www.gdirekt.se\/wp-content\/uploads\/Skyltha\u030allare-1.png\",\"contentUrl\":\"https:\/\/www.gdirekt.se\/wp-content\/uploads\/Skyltha\u030allare-1.png\",\"width\":1000,\"height\":1000,\"caption\":\"Skyltha\u030allare f\u00f6r kartong, plast och aluminium.\"},{\"@type\":\"BreadcrumbList\",\"@id\":\"https:\/\/www.gdirekt.se\/da\/produkt\/loftsbeslag-til-skiltedisplay-kopia\/#breadcrumb\",\"itemListElement\":[{\"@type\":\"ListItem\",\"position\":1,\"name\":\"Hem\",\"item\":\"https:\/\/www.gdirekt.se\/da\/\"},{\"@type\":\"ListItem\",\"position\":2,\"name\":\"Start\",\"item\":\"https:\/\/www.gdirekt.se\/da\/\"},{\"@type\":\"ListItem\",\"position\":3,\"name\":\"Selvkl\u00e6bende skiltholder\"}]},{\"@type\":\"WebSite\",\"@id\":\"https:\/\/www.gdirekt.se\/#website\",\"url\":\"https:\/\/www.gdirekt.se\/\",\"name\":\"Gdirekt.se\",\"description\":\"Tryck snabbt \u00e5 l\u00e4tt = Gdirekt\",\"potentialAction\":[{\"@type\":\"SearchAction\",\"target\":{\"@type\":\"EntryPoint\",\"urlTemplate\":\"https:\/\/www.gdirekt.se\/?s={search_term_string}\"},\"query-input\":{\"@type\":\"PropertyValueSpecification\",\"valueRequired\":true,\"valueName\":\"search_term_string\"}}],\"inLanguage\":\"da-DK\"}]}<\/script>\n<!-- \/ Yoast SEO plugin. -->","yoast_head_json":{"title":"Selvkl\u00e6bende skiltholder, kartonskile og runde billeder | Gdirekt.se","description":"Loftsbeslag til skiltedisplay med selvkl\u00e6bende tape. Fastg\u00f8r sm\u00e5 reklameskilte og displays i karton, der skal h\u00e6nge ned fra loftet i butikker og p\u00e5 messer.","robots":{"index":"index","follow":"follow","max-snippet":"max-snippet:-1","max-image-preview":"max-image-preview:large","max-video-preview":"max-video-preview:-1"},"canonical":"https:\/\/www.gdirekt.se\/da\/produkt\/loftsbeslag-til-skiltedisplay-kopia\/","og_locale":"da_DK","og_type":"article","og_title":"Selvkl\u00e6bende skiltholder, kartonskile og runde billeder | Gdirekt.se","og_description":"Loftsbeslag til skiltedisplay med selvkl\u00e6bende tape. Fastg\u00f8r sm\u00e5 reklameskilte og displays i karton, der skal h\u00e6nge ned fra loftet i butikker og p\u00e5 messer.","og_url":"https:\/\/www.gdirekt.se\/da\/produkt\/loftsbeslag-til-skiltedisplay-kopia\/","og_site_name":"Gdirekt.se","article_modified_time":"2020-10-23T13:59:01+00:00","og_image":[{"width":1000,"height":1000,"url":"https:\/\/www.gdirekt.se\/wp-content\/uploads\/Skyltha\u030allare-1.png","type":"image\/png"}],"twitter_card":"summary_large_image","schema":{"@context":"https:\/\/schema.org","@graph":[{"@type":"WebPage","@id":"https:\/\/www.gdirekt.se\/da\/produkt\/loftsbeslag-til-skiltedisplay-kopia\/","url":"https:\/\/www.gdirekt.se\/da\/produkt\/loftsbeslag-til-skiltedisplay-kopia\/","name":"Selvkl\u00e6bende skiltholder, kartonskile og runde billeder | Gdirekt.se","isPartOf":{"@id":"https:\/\/www.gdirekt.se\/#website"},"primaryImageOfPage":{"@id":"https:\/\/www.gdirekt.se\/da\/produkt\/loftsbeslag-til-skiltedisplay-kopia\/#primaryimage"},"image":{"@id":"https:\/\/www.gdirekt.se\/da\/produkt\/loftsbeslag-til-skiltedisplay-kopia\/#primaryimage"},"thumbnailUrl":"https:\/\/www.gdirekt.se\/wp-content\/uploads\/Skyltha\u030allare-1.png","datePublished":"2020-10-23T11:56:11+00:00","dateModified":"2020-10-23T13:59:01+00:00","description":"Loftsbeslag til skiltedisplay med selvkl\u00e6bende tape. Fastg\u00f8r sm\u00e5 reklameskilte og displays i karton, der skal h\u00e6nge ned fra loftet i butikker og p\u00e5 messer.","breadcrumb":{"@id":"https:\/\/www.gdirekt.se\/da\/produkt\/loftsbeslag-til-skiltedisplay-kopia\/#breadcrumb"},"inLanguage":"da-DK","potentialAction":[{"@type":"ReadAction","target":["https:\/\/www.gdirekt.se\/da\/produkt\/loftsbeslag-til-skiltedisplay-kopia\/"]}]},{"@type":"ImageObject","inLanguage":"da-DK","@id":"https:\/\/www.gdirekt.se\/da\/produkt\/loftsbeslag-til-skiltedisplay-kopia\/#primaryimage","url":"https:\/\/www.gdirekt.se\/wp-content\/uploads\/Skyltha\u030allare-1.png","contentUrl":"https:\/\/www.gdirekt.se\/wp-content\/uploads\/Skyltha\u030allare-1.png","width":1000,"height":1000,"caption":"Skyltha\u030allare f\u00f6r kartong, plast och aluminium."},{"@type":"BreadcrumbList","@id":"https:\/\/www.gdirekt.se\/da\/produkt\/loftsbeslag-til-skiltedisplay-kopia\/#breadcrumb","itemListElement":[{"@type":"ListItem","position":1,"name":"Hem","item":"https:\/\/www.gdirekt.se\/da\/"},{"@type":"ListItem","position":2,"name":"Start","item":"https:\/\/www.gdirekt.se\/da\/"},{"@type":"ListItem","position":3,"name":"Selvkl\u00e6bende skiltholder"}]},{"@type":"WebSite","@id":"https:\/\/www.gdirekt.se\/#website","url":"https:\/\/www.gdirekt.se\/","name":"Gdirekt.se","description":"Tryck snabbt \u00e5 l\u00e4tt = Gdirekt","potentialAction":[{"@type":"SearchAction","target":{"@type":"EntryPoint","urlTemplate":"https:\/\/www.gdirekt.se\/?s={search_term_string}"},"query-input":{"@type":"PropertyValueSpecification","valueRequired":true,"valueName":"search_term_string"}}],"inLanguage":"da-DK"}]}},"_links":{"self":[{"href":"https:\/\/www.gdirekt.se\/da\/wp-json\/wp\/v2\/product\/14678","targetHints":{"allow":["GET"]}}],"collection":[{"href":"https:\/\/www.gdirekt.se\/da\/wp-json\/wp\/v2\/product"}],"about":[{"href":"https:\/\/www.gdirekt.se\/da\/wp-json\/wp\/v2\/types\/product"}],"wp:featuredmedia":[{"embeddable":true,"href":"https:\/\/www.gdirekt.se\/da\/wp-json\/wp\/v2\/media\/14700"}],"wp:attachment":[{"href":"https:\/\/www.gdirekt.se\/da\/wp-json\/wp\/v2\/media?parent=14678"}],"wp:term":[{"taxonomy":"product_brand","embeddable":true,"href":"https:\/\/www.gdirekt.se\/da\/wp-json\/wp\/v2\/product_brand?post=14678"},{"taxonomy":"product_cat","embeddable":true,"href":"https:\/\/www.gdirekt.se\/da\/wp-json\/wp\/v2\/product_cat?post=14678"},{"taxonomy":"product_tag","embeddable":true,"href":"https:\/\/www.gdirekt.se\/da\/wp-json\/wp\/v2\/product_tag?post=14678"}],"curies":[{"name":"wp","href":"https:\/\/api.w.org\/{rel}","templated":true}]}}