{"id":14474,"date":"2020-09-01T11:48:19","date_gmt":"2020-09-01T09:48:19","guid":{"rendered":"https:\/\/www.gdirekt.se\/?post_type=product&#038;p=14474"},"modified":"2022-03-02T11:37:28","modified_gmt":"2022-03-02T10:37:28","slug":"papfigur-i-fuld-storrelse-kopia","status":"publish","type":"product","link":"https:\/\/www.gdirekt.se\/da\/produkt\/papfigur-i-fuld-storrelse-kopia\/","title":{"rendered":"Display Figur fuld krop &#8211; kraftfuld"},"content":{"rendered":"<p>Display Figur fuld krop &#8211; kraftfuld er trykt p\u00e5 15 mm tyk Stadurlon. Bestil dit eget fotofoto af dig selv eller en anden person i naturlig st\u00f8rrelse. Kartonfiguren har rygl\u00e6n. V\u00e6lg enkelt eller dobbelt st\u00f8rrelse. Figurdisplayene er ogs\u00e5 trykt p\u00e5 et stabilt og slidst\u00e6rkt letv\u00e6gtsmateriale, der er 15 mm tykt. To f\u00f8dder er inkluderet i samme materiale som displayet. Vi kontursk\u00e6rer hele kropsfiguren som kan v\u00e6re et menneske, et dyr eller andre figurer. Se endelig alle vores trykte displays p\u00e5 <strong><em><a href=\"https:\/\/www.gdirekt.se\/da\/produkt-kategori\/display-skilteholdere-skiltestander\/\">denne side<\/a><\/em><\/strong>!<\/p>\n","protected":false},"excerpt":{"rendered":"<p>Display Figur fuld krop &#8211; kraftfuld\u00a0trykker p\u00e5 en stabil og 15 mm tyk stadurlon skive, der er sk\u00e5ret i form. F\u00f8dder i samme materiale er tilpasset til det bedste design. Bestil fotobilleder af mennesker eller andre figurer i naturlig st\u00f8rrelse. V\u00e6lg enkelt eller dobbelt st\u00f8rrelse.<\/p>\n","protected":false},"featured_media":14478,"template":"","meta":{"_acf_changed":false},"product_brand":[],"product_cat":[357,378],"product_tag":[],"class_list":{"0":"post-14474","1":"product","2":"type-product","3":"status-publish","4":"has-post-thumbnail","6":"product_cat-reklamstall-og-butikdisplayer","7":"product_cat-skilte","8":"product_shipping_class-250kr","10":"first","11":"instock","12":"taxable","13":"shipping-taxable","14":"purchasable","15":"product-type-variable","16":"has-default-attributes"},"exclude_global_add_ons":[],"addons":[],"acf":[],"yoast_head":"<!-- This site is optimized with the Yoast SEO plugin v27.2 - https:\/\/yoast.com\/product\/yoast-seo-wordpress\/ -->\n<title>Display Figur fuld krop - kraftfuld med trykte billeder og fotos | Gdirekt.se<\/title>\n<meta name=\"description\" content=\"Display Figur fuld krop - kraftfuld trykt p\u00e5 stadurlon skive. Bestil din egen foto p\u00e5 menneske i naturlig st\u00f8rrelse, f\u00f8dder medf\u00f8lger.\" \/>\n<meta name=\"robots\" content=\"index, follow, max-snippet:-1, max-image-preview:large, max-video-preview:-1\" \/>\n<link rel=\"canonical\" href=\"https:\/\/www.gdirekt.se\/da\/produkt\/papfigur-i-fuld-storrelse-kopia\/\" \/>\n<meta property=\"og:locale\" content=\"da_DK\" \/>\n<meta property=\"og:type\" content=\"article\" \/>\n<meta property=\"og:title\" content=\"Display Figur fuld krop - kraftfuld med trykte billeder og fotos | Gdirekt.se\" \/>\n<meta property=\"og:description\" content=\"Display Figur fuld krop - kraftfuld trykt p\u00e5 stadurlon skive. Bestil din egen foto p\u00e5 menneske i naturlig st\u00f8rrelse, f\u00f8dder medf\u00f8lger.\" \/>\n<meta property=\"og:url\" content=\"https:\/\/www.gdirekt.se\/da\/produkt\/papfigur-i-fuld-storrelse-kopia\/\" \/>\n<meta property=\"og:site_name\" content=\"Gdirekt.se\" \/>\n<meta property=\"article:modified_time\" content=\"2022-03-02T10:37:28+00:00\" \/>\n<meta property=\"og:image\" content=\"https:\/\/www.gdirekt.se\/wp-content\/uploads\/Helkroppsfigur-1.png\" \/>\n\t<meta property=\"og:image:width\" content=\"1000\" \/>\n\t<meta property=\"og:image:height\" content=\"1000\" \/>\n\t<meta property=\"og:image:type\" content=\"image\/png\" \/>\n<meta name=\"twitter:card\" content=\"summary_large_image\" \/>\n<meta name=\"twitter:label1\" content=\"Estimeret l\u00e6setid\" \/>\n\t<meta name=\"twitter:data1\" content=\"1 minut\" \/>\n<script type=\"application\/ld+json\" class=\"yoast-schema-graph\">{\"@context\":\"https:\/\/schema.org\",\"@graph\":[{\"@type\":\"WebPage\",\"@id\":\"https:\/\/www.gdirekt.se\/da\/produkt\/papfigur-i-fuld-storrelse-kopia\/\",\"url\":\"https:\/\/www.gdirekt.se\/da\/produkt\/papfigur-i-fuld-storrelse-kopia\/\",\"name\":\"Display Figur fuld krop - kraftfuld med trykte billeder og fotos | Gdirekt.se\",\"isPartOf\":{\"@id\":\"https:\/\/www.gdirekt.se\/#website\"},\"primaryImageOfPage\":{\"@id\":\"https:\/\/www.gdirekt.se\/da\/produkt\/papfigur-i-fuld-storrelse-kopia\/#primaryimage\"},\"image\":{\"@id\":\"https:\/\/www.gdirekt.se\/da\/produkt\/papfigur-i-fuld-storrelse-kopia\/#primaryimage\"},\"thumbnailUrl\":\"https:\/\/www.gdirekt.se\/wp-content\/uploads\/Helkroppsfigur-1.png\",\"datePublished\":\"2020-09-01T09:48:19+00:00\",\"dateModified\":\"2022-03-02T10:37:28+00:00\",\"description\":\"Display Figur fuld krop - kraftfuld trykt p\u00e5 stadurlon skive. Bestil din egen foto p\u00e5 menneske i naturlig st\u00f8rrelse, f\u00f8dder medf\u00f8lger.\",\"breadcrumb\":{\"@id\":\"https:\/\/www.gdirekt.se\/da\/produkt\/papfigur-i-fuld-storrelse-kopia\/#breadcrumb\"},\"inLanguage\":\"da-DK\",\"potentialAction\":[{\"@type\":\"ReadAction\",\"target\":[\"https:\/\/www.gdirekt.se\/da\/produkt\/papfigur-i-fuld-storrelse-kopia\/\"]}]},{\"@type\":\"ImageObject\",\"inLanguage\":\"da-DK\",\"@id\":\"https:\/\/www.gdirekt.se\/da\/produkt\/papfigur-i-fuld-storrelse-kopia\/#primaryimage\",\"url\":\"https:\/\/www.gdirekt.se\/wp-content\/uploads\/Helkroppsfigur-1.png\",\"contentUrl\":\"https:\/\/www.gdirekt.se\/wp-content\/uploads\/Helkroppsfigur-1.png\",\"width\":1000,\"height\":1000,\"caption\":\"En kraftig helkroppsfigur i Stadurlon\"},{\"@type\":\"BreadcrumbList\",\"@id\":\"https:\/\/www.gdirekt.se\/da\/produkt\/papfigur-i-fuld-storrelse-kopia\/#breadcrumb\",\"itemListElement\":[{\"@type\":\"ListItem\",\"position\":1,\"name\":\"Hem\",\"item\":\"https:\/\/www.gdirekt.se\/da\/\"},{\"@type\":\"ListItem\",\"position\":2,\"name\":\"Start\",\"item\":\"https:\/\/www.gdirekt.se\/da\/\"},{\"@type\":\"ListItem\",\"position\":3,\"name\":\"Display Figur fuld krop &#8211; kraftfuld\"}]},{\"@type\":\"WebSite\",\"@id\":\"https:\/\/www.gdirekt.se\/#website\",\"url\":\"https:\/\/www.gdirekt.se\/\",\"name\":\"Gdirekt.se\",\"description\":\"Tryck snabbt \u00e5 l\u00e4tt = Gdirekt\",\"potentialAction\":[{\"@type\":\"SearchAction\",\"target\":{\"@type\":\"EntryPoint\",\"urlTemplate\":\"https:\/\/www.gdirekt.se\/?s={search_term_string}\"},\"query-input\":{\"@type\":\"PropertyValueSpecification\",\"valueRequired\":true,\"valueName\":\"search_term_string\"}}],\"inLanguage\":\"da-DK\"}]}<\/script>\n<!-- \/ Yoast SEO plugin. -->","yoast_head_json":{"title":"Display Figur fuld krop - kraftfuld med trykte billeder og fotos | Gdirekt.se","description":"Display Figur fuld krop - kraftfuld trykt p\u00e5 stadurlon skive. Bestil din egen foto p\u00e5 menneske i naturlig st\u00f8rrelse, f\u00f8dder medf\u00f8lger.","robots":{"index":"index","follow":"follow","max-snippet":"max-snippet:-1","max-image-preview":"max-image-preview:large","max-video-preview":"max-video-preview:-1"},"canonical":"https:\/\/www.gdirekt.se\/da\/produkt\/papfigur-i-fuld-storrelse-kopia\/","og_locale":"da_DK","og_type":"article","og_title":"Display Figur fuld krop - kraftfuld med trykte billeder og fotos | Gdirekt.se","og_description":"Display Figur fuld krop - kraftfuld trykt p\u00e5 stadurlon skive. Bestil din egen foto p\u00e5 menneske i naturlig st\u00f8rrelse, f\u00f8dder medf\u00f8lger.","og_url":"https:\/\/www.gdirekt.se\/da\/produkt\/papfigur-i-fuld-storrelse-kopia\/","og_site_name":"Gdirekt.se","article_modified_time":"2022-03-02T10:37:28+00:00","og_image":[{"width":1000,"height":1000,"url":"https:\/\/www.gdirekt.se\/wp-content\/uploads\/Helkroppsfigur-1.png","type":"image\/png"}],"twitter_card":"summary_large_image","twitter_misc":{"Estimeret l\u00e6setid":"1 minut"},"schema":{"@context":"https:\/\/schema.org","@graph":[{"@type":"WebPage","@id":"https:\/\/www.gdirekt.se\/da\/produkt\/papfigur-i-fuld-storrelse-kopia\/","url":"https:\/\/www.gdirekt.se\/da\/produkt\/papfigur-i-fuld-storrelse-kopia\/","name":"Display Figur fuld krop - kraftfuld med trykte billeder og fotos | Gdirekt.se","isPartOf":{"@id":"https:\/\/www.gdirekt.se\/#website"},"primaryImageOfPage":{"@id":"https:\/\/www.gdirekt.se\/da\/produkt\/papfigur-i-fuld-storrelse-kopia\/#primaryimage"},"image":{"@id":"https:\/\/www.gdirekt.se\/da\/produkt\/papfigur-i-fuld-storrelse-kopia\/#primaryimage"},"thumbnailUrl":"https:\/\/www.gdirekt.se\/wp-content\/uploads\/Helkroppsfigur-1.png","datePublished":"2020-09-01T09:48:19+00:00","dateModified":"2022-03-02T10:37:28+00:00","description":"Display Figur fuld krop - kraftfuld trykt p\u00e5 stadurlon skive. Bestil din egen foto p\u00e5 menneske i naturlig st\u00f8rrelse, f\u00f8dder medf\u00f8lger.","breadcrumb":{"@id":"https:\/\/www.gdirekt.se\/da\/produkt\/papfigur-i-fuld-storrelse-kopia\/#breadcrumb"},"inLanguage":"da-DK","potentialAction":[{"@type":"ReadAction","target":["https:\/\/www.gdirekt.se\/da\/produkt\/papfigur-i-fuld-storrelse-kopia\/"]}]},{"@type":"ImageObject","inLanguage":"da-DK","@id":"https:\/\/www.gdirekt.se\/da\/produkt\/papfigur-i-fuld-storrelse-kopia\/#primaryimage","url":"https:\/\/www.gdirekt.se\/wp-content\/uploads\/Helkroppsfigur-1.png","contentUrl":"https:\/\/www.gdirekt.se\/wp-content\/uploads\/Helkroppsfigur-1.png","width":1000,"height":1000,"caption":"En kraftig helkroppsfigur i Stadurlon"},{"@type":"BreadcrumbList","@id":"https:\/\/www.gdirekt.se\/da\/produkt\/papfigur-i-fuld-storrelse-kopia\/#breadcrumb","itemListElement":[{"@type":"ListItem","position":1,"name":"Hem","item":"https:\/\/www.gdirekt.se\/da\/"},{"@type":"ListItem","position":2,"name":"Start","item":"https:\/\/www.gdirekt.se\/da\/"},{"@type":"ListItem","position":3,"name":"Display Figur fuld krop &#8211; kraftfuld"}]},{"@type":"WebSite","@id":"https:\/\/www.gdirekt.se\/#website","url":"https:\/\/www.gdirekt.se\/","name":"Gdirekt.se","description":"Tryck snabbt \u00e5 l\u00e4tt = Gdirekt","potentialAction":[{"@type":"SearchAction","target":{"@type":"EntryPoint","urlTemplate":"https:\/\/www.gdirekt.se\/?s={search_term_string}"},"query-input":{"@type":"PropertyValueSpecification","valueRequired":true,"valueName":"search_term_string"}}],"inLanguage":"da-DK"}]}},"_links":{"self":[{"href":"https:\/\/www.gdirekt.se\/da\/wp-json\/wp\/v2\/product\/14474","targetHints":{"allow":["GET"]}}],"collection":[{"href":"https:\/\/www.gdirekt.se\/da\/wp-json\/wp\/v2\/product"}],"about":[{"href":"https:\/\/www.gdirekt.se\/da\/wp-json\/wp\/v2\/types\/product"}],"wp:featuredmedia":[{"embeddable":true,"href":"https:\/\/www.gdirekt.se\/da\/wp-json\/wp\/v2\/media\/14478"}],"wp:attachment":[{"href":"https:\/\/www.gdirekt.se\/da\/wp-json\/wp\/v2\/media?parent=14474"}],"wp:term":[{"taxonomy":"product_brand","embeddable":true,"href":"https:\/\/www.gdirekt.se\/da\/wp-json\/wp\/v2\/product_brand?post=14474"},{"taxonomy":"product_cat","embeddable":true,"href":"https:\/\/www.gdirekt.se\/da\/wp-json\/wp\/v2\/product_cat?post=14474"},{"taxonomy":"product_tag","embeddable":true,"href":"https:\/\/www.gdirekt.se\/da\/wp-json\/wp\/v2\/product_tag?post=14474"}],"curies":[{"name":"wp","href":"https:\/\/api.w.org\/{rel}","templated":true}]}}