{"id":14291,"date":"2020-06-23T16:57:40","date_gmt":"2020-06-23T14:57:40","guid":{"rendered":"https:\/\/www.gdirekt.se\/produkt\/laerred\/"},"modified":"2020-06-25T13:42:10","modified_gmt":"2020-06-25T11:42:10","slug":"laerred","status":"publish","type":"product","link":"https:\/\/www.gdirekt.se\/da\/produkt\/laerred\/","title":{"rendered":"L\u00e6rred"},"content":{"rendered":"<p>Det vigtigste er, at du nemt kan k\u00f8be et l\u00e6rredsplade fra os p\u00e5 Gdirekt. Vi fremstiller alt selv p\u00e5 stedet i vores printstudio. Vi har selvf\u00f8lgelig de mest moderne maskiner, der giver den bedst mulige printkvalitetet. Farvegengivelsen er optimal og opl\u00f8sningen den h\u00f8jeste. De faktiske rammer til l\u00e6rredspladen er lavet af massivt tr\u00e6, 40 mm tyk. Vi bekl\u00e6der billedrammen med dit print, s\u00e5 det sidder stramt og p\u00e6nt og h\u00e6fter det fast p\u00e5 bagsiden.<\/p>\n<p>For at f\u00e5 hele dit motiv p\u00e5 forsiden, laver vi en spejling af dit billed, rund om kanten. Det bliver super flot, og vi l\u00f8ser det i det originale billede. L\u00e6rred Udskriv er popul\u00e6r som v\u00e6gdekor. B\u00e5de derhjemme, p\u00e5 kontorer og i offentlige milj\u00f8er som ventev\u00e6relser og skoler.<\/p>\n<p>Du kan v\u00e6lge disse standardst\u00f8rrelser p\u00e5 l\u00e6rred:<\/p>\n<p>30x40cm, 35x50cm, 50x70cm, 60x80cm, 70x100cm, 100x140cm. Hvis du vil bestille andre formater fjernes, skal du bare kontakte os p\u00e5 info@gdirekt.se, s\u00e5 f\u00e5r du et pristilbud! Det er nemlig muligt at bestille store malerier, lange som et panorama maleri eller h\u00f8je og brede malerier. Vi har arbejdet med l\u00e6rreder i over 25 \u00e5r.<\/p>\n<p>Alle formater fungerer b\u00e5de som Alle st\u00f8rrelser fungere b\u00e5de som h\u00f8jformat og bredformat. V\u00e6lg den, der fungerer bedst. Vi har ogs\u00e5 andre fotorammer, som du kan finde her!<\/p>\n<p>Endelig \u00f8nsker vi Dem held og lykke med dit k\u00f8b fra os hos Gdirekt! Du kan altid h\u00f8re fra dig, hvis du har sp\u00f8rgsm\u00e5l. E-mail helst <em><strong><a href=\"mailto:info@gdirekt.se\">info@gdirekt.se<\/a><\/strong><\/em> ellers ring +46011-251570.<\/p>\n","protected":false},"excerpt":{"rendered":"<p>L\u00e6rredsprint fra Gdirekt har den h\u00f8jeste kvalitet af alle. De robuste tr\u00e6rammer er 40 mm tykke, og l\u00e6rredstoffet har den h\u00f8jeste printkavlitetet med h\u00f8j opl\u00f8sning og fantastisk farvegengivelse. V\u00e6lg st\u00f8rrelse nedenfor!<\/p>\n","protected":false},"featured_media":14275,"template":"","meta":{"_acf_changed":false},"product_brand":[],"product_cat":[376,378],"product_tag":[],"class_list":{"0":"post-14291","1":"product","2":"type-product","3":"status-publish","4":"has-post-thumbnail","6":"product_cat-rammer-til-fotobilleder","7":"product_cat-skilte","8":"product_shipping_class-250kr","10":"first","11":"instock","12":"taxable","13":"shipping-taxable","14":"purchasable","15":"product-type-variable","16":"has-default-attributes"},"exclude_global_add_ons":[],"addons":[],"acf":[],"yoast_head":"<!-- This site is optimized with the Yoast SEO plugin v27.2 - https:\/\/yoast.com\/product\/yoast-seo-wordpress\/ -->\n<title>L\u00e6rred p\u00e5 robust treramme - trykt fotobillede i h\u00f8jeste kvalitet | Gdirekt.se<\/title>\n<meta name=\"description\" content=\"Bestil l\u00e6rredprint med trykt fotobillede! Bedste kvalitet tilg\u00e6ngelig og monteret p\u00e5 Krafitg treramme med kile. Hurtig levering fra egen fremstilling.\" \/>\n<meta name=\"robots\" content=\"index, follow, max-snippet:-1, max-image-preview:large, max-video-preview:-1\" \/>\n<link rel=\"canonical\" href=\"https:\/\/www.gdirekt.se\/da\/produkt\/laerred\/\" \/>\n<meta property=\"og:locale\" content=\"da_DK\" \/>\n<meta property=\"og:type\" content=\"article\" \/>\n<meta property=\"og:title\" content=\"L\u00e6rred p\u00e5 robust treramme - trykt fotobillede i h\u00f8jeste kvalitet | Gdirekt.se\" \/>\n<meta property=\"og:description\" content=\"Bestil l\u00e6rredprint med trykt fotobillede! Bedste kvalitet tilg\u00e6ngelig og monteret p\u00e5 Krafitg treramme med kile. Hurtig levering fra egen fremstilling.\" \/>\n<meta property=\"og:url\" content=\"https:\/\/www.gdirekt.se\/da\/produkt\/laerred\/\" \/>\n<meta property=\"og:site_name\" content=\"Gdirekt.se\" \/>\n<meta property=\"article:modified_time\" content=\"2020-06-25T11:42:10+00:00\" \/>\n<meta property=\"og:image\" content=\"https:\/\/www.gdirekt.se\/wp-content\/uploads\/canvastavla.png\" \/>\n\t<meta property=\"og:image:width\" content=\"1000\" \/>\n\t<meta property=\"og:image:height\" content=\"1000\" \/>\n\t<meta property=\"og:image:type\" content=\"image\/png\" \/>\n<meta name=\"twitter:card\" content=\"summary_large_image\" \/>\n<meta name=\"twitter:label1\" content=\"Estimeret l\u00e6setid\" \/>\n\t<meta name=\"twitter:data1\" content=\"1 minut\" \/>\n<script type=\"application\/ld+json\" class=\"yoast-schema-graph\">{\"@context\":\"https:\/\/schema.org\",\"@graph\":[{\"@type\":\"WebPage\",\"@id\":\"https:\/\/www.gdirekt.se\/da\/produkt\/laerred\/\",\"url\":\"https:\/\/www.gdirekt.se\/da\/produkt\/laerred\/\",\"name\":\"L\u00e6rred p\u00e5 robust treramme - trykt fotobillede i h\u00f8jeste kvalitet | Gdirekt.se\",\"isPartOf\":{\"@id\":\"https:\/\/www.gdirekt.se\/#website\"},\"primaryImageOfPage\":{\"@id\":\"https:\/\/www.gdirekt.se\/da\/produkt\/laerred\/#primaryimage\"},\"image\":{\"@id\":\"https:\/\/www.gdirekt.se\/da\/produkt\/laerred\/#primaryimage\"},\"thumbnailUrl\":\"https:\/\/www.gdirekt.se\/wp-content\/uploads\/canvastavla.png\",\"datePublished\":\"2020-06-23T14:57:40+00:00\",\"dateModified\":\"2020-06-25T11:42:10+00:00\",\"description\":\"Bestil l\u00e6rredprint med trykt fotobillede! Bedste kvalitet tilg\u00e6ngelig og monteret p\u00e5 Krafitg treramme med kile. Hurtig levering fra egen fremstilling.\",\"breadcrumb\":{\"@id\":\"https:\/\/www.gdirekt.se\/da\/produkt\/laerred\/#breadcrumb\"},\"inLanguage\":\"da-DK\",\"potentialAction\":[{\"@type\":\"ReadAction\",\"target\":[\"https:\/\/www.gdirekt.se\/da\/produkt\/laerred\/\"]}]},{\"@type\":\"ImageObject\",\"inLanguage\":\"da-DK\",\"@id\":\"https:\/\/www.gdirekt.se\/da\/produkt\/laerred\/#primaryimage\",\"url\":\"https:\/\/www.gdirekt.se\/wp-content\/uploads\/canvastavla.png\",\"contentUrl\":\"https:\/\/www.gdirekt.se\/wp-content\/uploads\/canvastavla.png\",\"width\":1000,\"height\":1000,\"caption\":\"L\u00e6rred billede p\u00e5 treramme\"},{\"@type\":\"BreadcrumbList\",\"@id\":\"https:\/\/www.gdirekt.se\/da\/produkt\/laerred\/#breadcrumb\",\"itemListElement\":[{\"@type\":\"ListItem\",\"position\":1,\"name\":\"Hem\",\"item\":\"https:\/\/www.gdirekt.se\/da\/\"},{\"@type\":\"ListItem\",\"position\":2,\"name\":\"Start\",\"item\":\"https:\/\/www.gdirekt.se\/da\/\"},{\"@type\":\"ListItem\",\"position\":3,\"name\":\"L\u00e6rred\"}]},{\"@type\":\"WebSite\",\"@id\":\"https:\/\/www.gdirekt.se\/#website\",\"url\":\"https:\/\/www.gdirekt.se\/\",\"name\":\"Gdirekt.se\",\"description\":\"Tryck snabbt \u00e5 l\u00e4tt = Gdirekt\",\"potentialAction\":[{\"@type\":\"SearchAction\",\"target\":{\"@type\":\"EntryPoint\",\"urlTemplate\":\"https:\/\/www.gdirekt.se\/?s={search_term_string}\"},\"query-input\":{\"@type\":\"PropertyValueSpecification\",\"valueRequired\":true,\"valueName\":\"search_term_string\"}}],\"inLanguage\":\"da-DK\"}]}<\/script>\n<!-- \/ Yoast SEO plugin. -->","yoast_head_json":{"title":"L\u00e6rred p\u00e5 robust treramme - trykt fotobillede i h\u00f8jeste kvalitet | Gdirekt.se","description":"Bestil l\u00e6rredprint med trykt fotobillede! Bedste kvalitet tilg\u00e6ngelig og monteret p\u00e5 Krafitg treramme med kile. Hurtig levering fra egen fremstilling.","robots":{"index":"index","follow":"follow","max-snippet":"max-snippet:-1","max-image-preview":"max-image-preview:large","max-video-preview":"max-video-preview:-1"},"canonical":"https:\/\/www.gdirekt.se\/da\/produkt\/laerred\/","og_locale":"da_DK","og_type":"article","og_title":"L\u00e6rred p\u00e5 robust treramme - trykt fotobillede i h\u00f8jeste kvalitet | Gdirekt.se","og_description":"Bestil l\u00e6rredprint med trykt fotobillede! Bedste kvalitet tilg\u00e6ngelig og monteret p\u00e5 Krafitg treramme med kile. Hurtig levering fra egen fremstilling.","og_url":"https:\/\/www.gdirekt.se\/da\/produkt\/laerred\/","og_site_name":"Gdirekt.se","article_modified_time":"2020-06-25T11:42:10+00:00","og_image":[{"width":1000,"height":1000,"url":"https:\/\/www.gdirekt.se\/wp-content\/uploads\/canvastavla.png","type":"image\/png"}],"twitter_card":"summary_large_image","twitter_misc":{"Estimeret l\u00e6setid":"1 minut"},"schema":{"@context":"https:\/\/schema.org","@graph":[{"@type":"WebPage","@id":"https:\/\/www.gdirekt.se\/da\/produkt\/laerred\/","url":"https:\/\/www.gdirekt.se\/da\/produkt\/laerred\/","name":"L\u00e6rred p\u00e5 robust treramme - trykt fotobillede i h\u00f8jeste kvalitet | Gdirekt.se","isPartOf":{"@id":"https:\/\/www.gdirekt.se\/#website"},"primaryImageOfPage":{"@id":"https:\/\/www.gdirekt.se\/da\/produkt\/laerred\/#primaryimage"},"image":{"@id":"https:\/\/www.gdirekt.se\/da\/produkt\/laerred\/#primaryimage"},"thumbnailUrl":"https:\/\/www.gdirekt.se\/wp-content\/uploads\/canvastavla.png","datePublished":"2020-06-23T14:57:40+00:00","dateModified":"2020-06-25T11:42:10+00:00","description":"Bestil l\u00e6rredprint med trykt fotobillede! Bedste kvalitet tilg\u00e6ngelig og monteret p\u00e5 Krafitg treramme med kile. Hurtig levering fra egen fremstilling.","breadcrumb":{"@id":"https:\/\/www.gdirekt.se\/da\/produkt\/laerred\/#breadcrumb"},"inLanguage":"da-DK","potentialAction":[{"@type":"ReadAction","target":["https:\/\/www.gdirekt.se\/da\/produkt\/laerred\/"]}]},{"@type":"ImageObject","inLanguage":"da-DK","@id":"https:\/\/www.gdirekt.se\/da\/produkt\/laerred\/#primaryimage","url":"https:\/\/www.gdirekt.se\/wp-content\/uploads\/canvastavla.png","contentUrl":"https:\/\/www.gdirekt.se\/wp-content\/uploads\/canvastavla.png","width":1000,"height":1000,"caption":"L\u00e6rred billede p\u00e5 treramme"},{"@type":"BreadcrumbList","@id":"https:\/\/www.gdirekt.se\/da\/produkt\/laerred\/#breadcrumb","itemListElement":[{"@type":"ListItem","position":1,"name":"Hem","item":"https:\/\/www.gdirekt.se\/da\/"},{"@type":"ListItem","position":2,"name":"Start","item":"https:\/\/www.gdirekt.se\/da\/"},{"@type":"ListItem","position":3,"name":"L\u00e6rred"}]},{"@type":"WebSite","@id":"https:\/\/www.gdirekt.se\/#website","url":"https:\/\/www.gdirekt.se\/","name":"Gdirekt.se","description":"Tryck snabbt \u00e5 l\u00e4tt = Gdirekt","potentialAction":[{"@type":"SearchAction","target":{"@type":"EntryPoint","urlTemplate":"https:\/\/www.gdirekt.se\/?s={search_term_string}"},"query-input":{"@type":"PropertyValueSpecification","valueRequired":true,"valueName":"search_term_string"}}],"inLanguage":"da-DK"}]}},"_links":{"self":[{"href":"https:\/\/www.gdirekt.se\/da\/wp-json\/wp\/v2\/product\/14291","targetHints":{"allow":["GET"]}}],"collection":[{"href":"https:\/\/www.gdirekt.se\/da\/wp-json\/wp\/v2\/product"}],"about":[{"href":"https:\/\/www.gdirekt.se\/da\/wp-json\/wp\/v2\/types\/product"}],"wp:featuredmedia":[{"embeddable":true,"href":"https:\/\/www.gdirekt.se\/da\/wp-json\/wp\/v2\/media\/14275"}],"wp:attachment":[{"href":"https:\/\/www.gdirekt.se\/da\/wp-json\/wp\/v2\/media?parent=14291"}],"wp:term":[{"taxonomy":"product_brand","embeddable":true,"href":"https:\/\/www.gdirekt.se\/da\/wp-json\/wp\/v2\/product_brand?post=14291"},{"taxonomy":"product_cat","embeddable":true,"href":"https:\/\/www.gdirekt.se\/da\/wp-json\/wp\/v2\/product_cat?post=14291"},{"taxonomy":"product_tag","embeddable":true,"href":"https:\/\/www.gdirekt.se\/da\/wp-json\/wp\/v2\/product_tag?post=14291"}],"curies":[{"name":"wp","href":"https:\/\/api.w.org\/{rel}","templated":true}]}}