{"id":14108,"date":"2020-05-15T11:53:47","date_gmt":"2020-05-15T09:53:47","guid":{"rendered":"https:\/\/www.gdirekt.se\/?post_type=product&#038;p=14108"},"modified":"2021-03-11T11:42:08","modified_gmt":"2021-03-11T10:42:08","slug":"vinkelprofil-l","status":"publish","type":"product","link":"https:\/\/www.gdirekt.se\/da\/produkt\/vinkelprofil-l\/","title":{"rendered":"Vinkelprofil L"},"content":{"rendered":"<p>Vinkelprofil L eller V f\u00e5s i aluminium eller hvid eller sort larkeret.<\/p>\n<p>Aluminiumsprofilen i sort og hvid er 27&#215;27 mm. Aluminiumsprofilerne uden lak f\u00e5s i st\u00f8rrelserne 30x30mm &amp; 30x50mm.<\/p>\n<p>Denne vinkelprofil v\u00e6lges normalt, n\u00e5r man skal fastg\u00f8re kantombukket aluskilte.<br \/>\nVinkelprofilen er ca. 15 mm tykke og 90 grader i vinkel.<br \/>\nDen ene side er malet enten i hvid eller sort, og indersiden er aluminium.<br \/>\nAlle vores vinkelprofiler til montering er p\u00e5 lager med l\u00e6ngder op til 2,5 meter.<\/p>\n<p><a href=\"https:\/\/www.gdirekt.se\/da\/produkt-kategori\/bannere-og-facadebannere-tilbehoer\/\"><strong>Her ser du alt vores tilbeh\u00f8r til bannere og skilte!<\/strong><\/a><\/p>\n<p>For mere inspiration se <strong><a href=\"https:\/\/gigantprint.se\/da\">Gigantprints.dk<\/a><\/strong><\/p>\n","protected":false},"excerpt":{"rendered":"<p>Vinkelprofil L eller V i aluminium f\u00e5s ogs\u00e5 i lakeret hvid eller sort fjernes. Egnet som montage liste til fx bukket alubakker. <strong>F\u00e5s i l\u00e6ngder p\u00e5 maks. 250 cm<\/strong><\/p>\n","protected":false},"featured_media":14117,"template":"","meta":{"_acf_changed":false},"product_brand":[],"product_cat":[367,379],"product_tag":[],"class_list":{"0":"post-14108","1":"product","2":"type-product","3":"status-publish","4":"has-post-thumbnail","6":"product_cat-bannere-og-facadebannere-tilbehoer","7":"product_cat-skilte-tilbehoer","8":"product_shipping_class-250kr","10":"first","11":"instock","12":"taxable","13":"shipping-taxable","14":"purchasable","15":"product-type-variable","16":"has-default-attributes"},"exclude_global_add_ons":[],"addons":[],"acf":[],"yoast_head":"<!-- This site is optimized with the Yoast SEO plugin v27.2 - https:\/\/yoast.com\/product\/yoast-seo-wordpress\/ -->\n<title>Vinkelprofil L eller V i aluminium ved 90 grader | Gdirekt.se<\/title>\n<meta name=\"description\" content=\"Vinkelprofil L eller V profil i aluminium Du kan nemt k\u00f8be fra os. K\u00f8b i l\u00f8bende meter og v\u00e6lg mellem sort og hvid. F\u00e5s i l\u00e6ngder op til 300 cm, 27 mm bred.\" \/>\n<meta name=\"robots\" content=\"index, follow, max-snippet:-1, max-image-preview:large, max-video-preview:-1\" \/>\n<link rel=\"canonical\" href=\"https:\/\/www.gdirekt.se\/da\/produkt\/vinkelprofil-l\/\" \/>\n<meta property=\"og:locale\" content=\"da_DK\" \/>\n<meta property=\"og:type\" content=\"article\" \/>\n<meta property=\"og:title\" content=\"Vinkelprofil L eller V i aluminium ved 90 grader | Gdirekt.se\" \/>\n<meta property=\"og:description\" content=\"Vinkelprofil L eller V profil i aluminium Du kan nemt k\u00f8be fra os. K\u00f8b i l\u00f8bende meter og v\u00e6lg mellem sort og hvid. F\u00e5s i l\u00e6ngder op til 300 cm, 27 mm bred.\" \/>\n<meta property=\"og:url\" content=\"https:\/\/www.gdirekt.se\/da\/produkt\/vinkelprofil-l\/\" \/>\n<meta property=\"og:site_name\" content=\"Gdirekt.se\" \/>\n<meta property=\"article:modified_time\" content=\"2021-03-11T10:42:08+00:00\" \/>\n<meta property=\"og:image\" content=\"https:\/\/www.gdirekt.se\/wp-content\/uploads\/Vinkelprofil-L.png\" \/>\n\t<meta property=\"og:image:width\" content=\"1000\" \/>\n\t<meta property=\"og:image:height\" content=\"1000\" \/>\n\t<meta property=\"og:image:type\" content=\"image\/png\" \/>\n<meta name=\"twitter:card\" content=\"summary_large_image\" \/>\n<meta name=\"twitter:label1\" content=\"Estimeret l\u00e6setid\" \/>\n\t<meta name=\"twitter:data1\" content=\"1 minut\" \/>\n<script type=\"application\/ld+json\" class=\"yoast-schema-graph\">{\"@context\":\"https:\/\/schema.org\",\"@graph\":[{\"@type\":\"WebPage\",\"@id\":\"https:\/\/www.gdirekt.se\/da\/produkt\/vinkelprofil-l\/\",\"url\":\"https:\/\/www.gdirekt.se\/da\/produkt\/vinkelprofil-l\/\",\"name\":\"Vinkelprofil L eller V i aluminium ved 90 grader | Gdirekt.se\",\"isPartOf\":{\"@id\":\"https:\/\/www.gdirekt.se\/#website\"},\"primaryImageOfPage\":{\"@id\":\"https:\/\/www.gdirekt.se\/da\/produkt\/vinkelprofil-l\/#primaryimage\"},\"image\":{\"@id\":\"https:\/\/www.gdirekt.se\/da\/produkt\/vinkelprofil-l\/#primaryimage\"},\"thumbnailUrl\":\"https:\/\/www.gdirekt.se\/wp-content\/uploads\/Vinkelprofil-L.png\",\"datePublished\":\"2020-05-15T09:53:47+00:00\",\"dateModified\":\"2021-03-11T10:42:08+00:00\",\"description\":\"Vinkelprofil L eller V profil i aluminium Du kan nemt k\u00f8be fra os. K\u00f8b i l\u00f8bende meter og v\u00e6lg mellem sort og hvid. F\u00e5s i l\u00e6ngder op til 300 cm, 27 mm bred.\",\"breadcrumb\":{\"@id\":\"https:\/\/www.gdirekt.se\/da\/produkt\/vinkelprofil-l\/#breadcrumb\"},\"inLanguage\":\"da-DK\",\"potentialAction\":[{\"@type\":\"ReadAction\",\"target\":[\"https:\/\/www.gdirekt.se\/da\/produkt\/vinkelprofil-l\/\"]}]},{\"@type\":\"ImageObject\",\"inLanguage\":\"da-DK\",\"@id\":\"https:\/\/www.gdirekt.se\/da\/produkt\/vinkelprofil-l\/#primaryimage\",\"url\":\"https:\/\/www.gdirekt.se\/wp-content\/uploads\/Vinkelprofil-L.png\",\"contentUrl\":\"https:\/\/www.gdirekt.se\/wp-content\/uploads\/Vinkelprofil-L.png\",\"width\":1000,\"height\":1000,\"caption\":\"Aluminiumsprofil i 90 graders vinkel\"},{\"@type\":\"BreadcrumbList\",\"@id\":\"https:\/\/www.gdirekt.se\/da\/produkt\/vinkelprofil-l\/#breadcrumb\",\"itemListElement\":[{\"@type\":\"ListItem\",\"position\":1,\"name\":\"Hem\",\"item\":\"https:\/\/www.gdirekt.se\/da\/\"},{\"@type\":\"ListItem\",\"position\":2,\"name\":\"Start\",\"item\":\"https:\/\/www.gdirekt.se\/da\/\"},{\"@type\":\"ListItem\",\"position\":3,\"name\":\"Vinkelprofil L\"}]},{\"@type\":\"WebSite\",\"@id\":\"https:\/\/www.gdirekt.se\/#website\",\"url\":\"https:\/\/www.gdirekt.se\/\",\"name\":\"Gdirekt.se\",\"description\":\"Tryck snabbt \u00e5 l\u00e4tt = Gdirekt\",\"potentialAction\":[{\"@type\":\"SearchAction\",\"target\":{\"@type\":\"EntryPoint\",\"urlTemplate\":\"https:\/\/www.gdirekt.se\/?s={search_term_string}\"},\"query-input\":{\"@type\":\"PropertyValueSpecification\",\"valueRequired\":true,\"valueName\":\"search_term_string\"}}],\"inLanguage\":\"da-DK\"}]}<\/script>\n<!-- \/ Yoast SEO plugin. -->","yoast_head_json":{"title":"Vinkelprofil L eller V i aluminium ved 90 grader | Gdirekt.se","description":"Vinkelprofil L eller V profil i aluminium Du kan nemt k\u00f8be fra os. K\u00f8b i l\u00f8bende meter og v\u00e6lg mellem sort og hvid. F\u00e5s i l\u00e6ngder op til 300 cm, 27 mm bred.","robots":{"index":"index","follow":"follow","max-snippet":"max-snippet:-1","max-image-preview":"max-image-preview:large","max-video-preview":"max-video-preview:-1"},"canonical":"https:\/\/www.gdirekt.se\/da\/produkt\/vinkelprofil-l\/","og_locale":"da_DK","og_type":"article","og_title":"Vinkelprofil L eller V i aluminium ved 90 grader | Gdirekt.se","og_description":"Vinkelprofil L eller V profil i aluminium Du kan nemt k\u00f8be fra os. K\u00f8b i l\u00f8bende meter og v\u00e6lg mellem sort og hvid. F\u00e5s i l\u00e6ngder op til 300 cm, 27 mm bred.","og_url":"https:\/\/www.gdirekt.se\/da\/produkt\/vinkelprofil-l\/","og_site_name":"Gdirekt.se","article_modified_time":"2021-03-11T10:42:08+00:00","og_image":[{"width":1000,"height":1000,"url":"https:\/\/www.gdirekt.se\/wp-content\/uploads\/Vinkelprofil-L.png","type":"image\/png"}],"twitter_card":"summary_large_image","twitter_misc":{"Estimeret l\u00e6setid":"1 minut"},"schema":{"@context":"https:\/\/schema.org","@graph":[{"@type":"WebPage","@id":"https:\/\/www.gdirekt.se\/da\/produkt\/vinkelprofil-l\/","url":"https:\/\/www.gdirekt.se\/da\/produkt\/vinkelprofil-l\/","name":"Vinkelprofil L eller V i aluminium ved 90 grader | Gdirekt.se","isPartOf":{"@id":"https:\/\/www.gdirekt.se\/#website"},"primaryImageOfPage":{"@id":"https:\/\/www.gdirekt.se\/da\/produkt\/vinkelprofil-l\/#primaryimage"},"image":{"@id":"https:\/\/www.gdirekt.se\/da\/produkt\/vinkelprofil-l\/#primaryimage"},"thumbnailUrl":"https:\/\/www.gdirekt.se\/wp-content\/uploads\/Vinkelprofil-L.png","datePublished":"2020-05-15T09:53:47+00:00","dateModified":"2021-03-11T10:42:08+00:00","description":"Vinkelprofil L eller V profil i aluminium Du kan nemt k\u00f8be fra os. K\u00f8b i l\u00f8bende meter og v\u00e6lg mellem sort og hvid. F\u00e5s i l\u00e6ngder op til 300 cm, 27 mm bred.","breadcrumb":{"@id":"https:\/\/www.gdirekt.se\/da\/produkt\/vinkelprofil-l\/#breadcrumb"},"inLanguage":"da-DK","potentialAction":[{"@type":"ReadAction","target":["https:\/\/www.gdirekt.se\/da\/produkt\/vinkelprofil-l\/"]}]},{"@type":"ImageObject","inLanguage":"da-DK","@id":"https:\/\/www.gdirekt.se\/da\/produkt\/vinkelprofil-l\/#primaryimage","url":"https:\/\/www.gdirekt.se\/wp-content\/uploads\/Vinkelprofil-L.png","contentUrl":"https:\/\/www.gdirekt.se\/wp-content\/uploads\/Vinkelprofil-L.png","width":1000,"height":1000,"caption":"Aluminiumsprofil i 90 graders vinkel"},{"@type":"BreadcrumbList","@id":"https:\/\/www.gdirekt.se\/da\/produkt\/vinkelprofil-l\/#breadcrumb","itemListElement":[{"@type":"ListItem","position":1,"name":"Hem","item":"https:\/\/www.gdirekt.se\/da\/"},{"@type":"ListItem","position":2,"name":"Start","item":"https:\/\/www.gdirekt.se\/da\/"},{"@type":"ListItem","position":3,"name":"Vinkelprofil L"}]},{"@type":"WebSite","@id":"https:\/\/www.gdirekt.se\/#website","url":"https:\/\/www.gdirekt.se\/","name":"Gdirekt.se","description":"Tryck snabbt \u00e5 l\u00e4tt = Gdirekt","potentialAction":[{"@type":"SearchAction","target":{"@type":"EntryPoint","urlTemplate":"https:\/\/www.gdirekt.se\/?s={search_term_string}"},"query-input":{"@type":"PropertyValueSpecification","valueRequired":true,"valueName":"search_term_string"}}],"inLanguage":"da-DK"}]}},"_links":{"self":[{"href":"https:\/\/www.gdirekt.se\/da\/wp-json\/wp\/v2\/product\/14108","targetHints":{"allow":["GET"]}}],"collection":[{"href":"https:\/\/www.gdirekt.se\/da\/wp-json\/wp\/v2\/product"}],"about":[{"href":"https:\/\/www.gdirekt.se\/da\/wp-json\/wp\/v2\/types\/product"}],"wp:featuredmedia":[{"embeddable":true,"href":"https:\/\/www.gdirekt.se\/da\/wp-json\/wp\/v2\/media\/14117"}],"wp:attachment":[{"href":"https:\/\/www.gdirekt.se\/da\/wp-json\/wp\/v2\/media?parent=14108"}],"wp:term":[{"taxonomy":"product_brand","embeddable":true,"href":"https:\/\/www.gdirekt.se\/da\/wp-json\/wp\/v2\/product_brand?post=14108"},{"taxonomy":"product_cat","embeddable":true,"href":"https:\/\/www.gdirekt.se\/da\/wp-json\/wp\/v2\/product_cat?post=14108"},{"taxonomy":"product_tag","embeddable":true,"href":"https:\/\/www.gdirekt.se\/da\/wp-json\/wp\/v2\/product_tag?post=14108"}],"curies":[{"name":"wp","href":"https:\/\/api.w.org\/{rel}","templated":true}]}}