{"id":13775,"date":"2020-03-26T07:50:29","date_gmt":"2020-03-26T06:50:29","guid":{"rendered":"https:\/\/www.gdirekt.se\/produkt\/gadeskilt-topsign-logo\/"},"modified":"2020-03-26T07:50:29","modified_gmt":"2020-03-26T06:50:29","slug":"gadeskilt-topsign-logo","status":"publish","type":"product","link":"https:\/\/www.gdirekt.se\/da\/produkt\/gadeskilt-topsign-logo\/","title":{"rendered":"Gadeskilt TopSign Logo"},"content":{"rendered":"<p>Gadeskilt TopSign Logo er en bedst s\u00e6lger og afsl\u00f8rer din besked! En fortovsh\u00f8jttaler med dit logo p\u00e5 toppen. St\u00f8rrelsen er 50&#215;70 cm eller 70&#215;100 cm. Plakaterne kan ogs\u00e5 skiftes meget let ved at l\u00f8fte det magnetiske vindue af. Selve r\u00f8rlegemet er st\u00e5lbelagt. V\u00e6lg mellem forskellige farver som s\u00f8lv, hvid, sort eller r\u00f8d. Fordi gadestativet er af h\u00f8j kvalitet og holder det udend\u00f8rs i alt andet vejr. Selvf\u00f8lgelig er det godt at bruge indend\u00f8rs.<\/p>\n<p>De r\u00f8rformede rammer p\u00e5 gadeskilten i st\u00e5l er lakerede i den valgte farve, og pladen med plads til firmaets logo er i samme farve. Derefter er fortovssprederen Gadeskilt TopSign Logo forsynet med en frontplastik, der er 0,5 mm tyk. Plastikken giver prim\u00e6rt fysisk beskyttelse, men ogs\u00e5 mere UV-modstand. Posterne eller plakaterne sidder fast med en magnetisk ramme og er meget lette at udskifte.<\/p>\n<p>Posterne og dine egne plakater er produceret med UV-resistent farve, der ogs\u00e5 t\u00e5ler fugt, vand og kulde. De sm\u00e5 fortovstalere, der er 50&#215;70 cm, vejer 11 kg. De store fortovstalere, der er 70&#215;100 cm, vejer 22 kg. K\u00e6re barn har mange navne, gadestande kaldes ogs\u00e5 A Stand eller menustegn med logo. Og er popul\u00e6re til menuer til restauranter. Ogs\u00e5 almindeligt som et henvisningstegn og velkomstskilt uden for virksomhedens lokaler.<\/p>\n<p>Ved indvielserne og nye \u00e5bninger skal du ogs\u00e5 tilmelde dig, s\u00e5 det bliver et indbydende indtryk. For at f\u00e5 yderligere opm\u00e6rksomhed bruger mange strandflagg fra os. Bestil let og hurtigt her. Hvis du \u00f8nsker at f\u00e5 gode ideer og inspiration, kan du se p\u00e5 vores Instagram.<\/p>\n","protected":false},"excerpt":{"rendered":"<p>Gadeskilt TopSign Logo er en meget popul\u00e6r streetstand med dit eget logo, navn eller tekst. St\u00f8rrelse 50x70cm eller 70x100cm, som er let at installere. Info-stativerne f\u00e5s i s\u00f8lv, hvid, sort eller r\u00f8d. Plakaten sidder fast med den beskyttende plast, der har en magnetisk ramme. Det er let at skifte billede p\u00e5 begge sider.<\/p>\n","protected":false},"featured_media":13772,"template":"","meta":{"_acf_changed":false},"product_brand":[],"product_cat":[355,356],"product_tag":[],"class_list":{"0":"post-13775","1":"product","2":"type-product","3":"status-publish","4":"has-post-thumbnail","6":"product_cat-gatupratare-og-fortovet-snak","7":"product_cat-udendoersskilte-og-expo","8":"product_shipping_class-350kr","10":"first","11":"instock","12":"taxable","13":"shipping-taxable","14":"purchasable","15":"product-type-variable","16":"has-default-attributes"},"exclude_global_add_ons":[],"addons":[],"acf":[],"yoast_head":"<!-- This site is optimized with the Yoast SEO plugin v27.2 - https:\/\/yoast.com\/product\/yoast-seo-wordpress\/ -->\n<title>Gadeskilt TopSign Logo f\u00e5s i s\u00f8lv, r\u00f8d, hvid og sort | Gdirekt.se<\/title>\n<meta name=\"description\" content=\"Gadeskilt TopSign Logo med dit eget navn eller tekst. St\u00f8rrelse 50x70cm eller 70x100cm. Bestil gadepladser med hurtig levering og til en billig pris!\" \/>\n<meta name=\"robots\" content=\"index, follow, max-snippet:-1, max-image-preview:large, max-video-preview:-1\" \/>\n<link rel=\"canonical\" href=\"https:\/\/www.gdirekt.se\/da\/produkt\/gadeskilt-topsign-logo\/\" \/>\n<meta property=\"og:locale\" content=\"da_DK\" \/>\n<meta property=\"og:type\" content=\"article\" \/>\n<meta property=\"og:title\" content=\"Gadeskilt TopSign Logo f\u00e5s i s\u00f8lv, r\u00f8d, hvid og sort | Gdirekt.se\" \/>\n<meta property=\"og:description\" content=\"Gadeskilt TopSign Logo med dit eget navn eller tekst. St\u00f8rrelse 50x70cm eller 70x100cm. Bestil gadepladser med hurtig levering og til en billig pris!\" \/>\n<meta property=\"og:url\" content=\"https:\/\/www.gdirekt.se\/da\/produkt\/gadeskilt-topsign-logo\/\" \/>\n<meta property=\"og:site_name\" content=\"Gdirekt.se\" \/>\n<meta property=\"og:image\" content=\"https:\/\/www.gdirekt.se\/wp-content\/uploads\/Gatupratare-TopSign-Logo-1.png\" \/>\n\t<meta property=\"og:image:width\" content=\"1000\" \/>\n\t<meta property=\"og:image:height\" content=\"1000\" \/>\n\t<meta property=\"og:image:type\" content=\"image\/png\" \/>\n<meta name=\"twitter:card\" content=\"summary_large_image\" \/>\n<meta name=\"twitter:label1\" content=\"Estimeret l\u00e6setid\" \/>\n\t<meta name=\"twitter:data1\" content=\"1 minut\" \/>\n<script type=\"application\/ld+json\" class=\"yoast-schema-graph\">{\"@context\":\"https:\/\/schema.org\",\"@graph\":[{\"@type\":\"WebPage\",\"@id\":\"https:\/\/www.gdirekt.se\/da\/produkt\/gadeskilt-topsign-logo\/\",\"url\":\"https:\/\/www.gdirekt.se\/da\/produkt\/gadeskilt-topsign-logo\/\",\"name\":\"Gadeskilt TopSign Logo f\u00e5s i s\u00f8lv, r\u00f8d, hvid og sort | Gdirekt.se\",\"isPartOf\":{\"@id\":\"https:\/\/www.gdirekt.se\/#website\"},\"primaryImageOfPage\":{\"@id\":\"https:\/\/www.gdirekt.se\/da\/produkt\/gadeskilt-topsign-logo\/#primaryimage\"},\"image\":{\"@id\":\"https:\/\/www.gdirekt.se\/da\/produkt\/gadeskilt-topsign-logo\/#primaryimage\"},\"thumbnailUrl\":\"https:\/\/www.gdirekt.se\/wp-content\/uploads\/Gatupratare-TopSign-Logo-1.png\",\"datePublished\":\"2020-03-26T06:50:29+00:00\",\"description\":\"Gadeskilt TopSign Logo med dit eget navn eller tekst. St\u00f8rrelse 50x70cm eller 70x100cm. Bestil gadepladser med hurtig levering og til en billig pris!\",\"breadcrumb\":{\"@id\":\"https:\/\/www.gdirekt.se\/da\/produkt\/gadeskilt-topsign-logo\/#breadcrumb\"},\"inLanguage\":\"da-DK\",\"potentialAction\":[{\"@type\":\"ReadAction\",\"target\":[\"https:\/\/www.gdirekt.se\/da\/produkt\/gadeskilt-topsign-logo\/\"]}]},{\"@type\":\"ImageObject\",\"inLanguage\":\"da-DK\",\"@id\":\"https:\/\/www.gdirekt.se\/da\/produkt\/gadeskilt-topsign-logo\/#primaryimage\",\"url\":\"https:\/\/www.gdirekt.se\/wp-content\/uploads\/Gatupratare-TopSign-Logo-1.png\",\"contentUrl\":\"https:\/\/www.gdirekt.se\/wp-content\/uploads\/Gatupratare-TopSign-Logo-1.png\",\"width\":1000,\"height\":1000,\"caption\":\"Gadeskilt med din egen tekst eller navn\"},{\"@type\":\"BreadcrumbList\",\"@id\":\"https:\/\/www.gdirekt.se\/da\/produkt\/gadeskilt-topsign-logo\/#breadcrumb\",\"itemListElement\":[{\"@type\":\"ListItem\",\"position\":1,\"name\":\"Hem\",\"item\":\"https:\/\/www.gdirekt.se\/da\/\"},{\"@type\":\"ListItem\",\"position\":2,\"name\":\"Start\",\"item\":\"https:\/\/www.gdirekt.se\/da\/\"},{\"@type\":\"ListItem\",\"position\":3,\"name\":\"Gadeskilt TopSign Logo\"}]},{\"@type\":\"WebSite\",\"@id\":\"https:\/\/www.gdirekt.se\/#website\",\"url\":\"https:\/\/www.gdirekt.se\/\",\"name\":\"Gdirekt.se\",\"description\":\"Tryck snabbt \u00e5 l\u00e4tt = Gdirekt\",\"potentialAction\":[{\"@type\":\"SearchAction\",\"target\":{\"@type\":\"EntryPoint\",\"urlTemplate\":\"https:\/\/www.gdirekt.se\/?s={search_term_string}\"},\"query-input\":{\"@type\":\"PropertyValueSpecification\",\"valueRequired\":true,\"valueName\":\"search_term_string\"}}],\"inLanguage\":\"da-DK\"}]}<\/script>\n<!-- \/ Yoast SEO plugin. -->","yoast_head_json":{"title":"Gadeskilt TopSign Logo f\u00e5s i s\u00f8lv, r\u00f8d, hvid og sort | Gdirekt.se","description":"Gadeskilt TopSign Logo med dit eget navn eller tekst. St\u00f8rrelse 50x70cm eller 70x100cm. Bestil gadepladser med hurtig levering og til en billig pris!","robots":{"index":"index","follow":"follow","max-snippet":"max-snippet:-1","max-image-preview":"max-image-preview:large","max-video-preview":"max-video-preview:-1"},"canonical":"https:\/\/www.gdirekt.se\/da\/produkt\/gadeskilt-topsign-logo\/","og_locale":"da_DK","og_type":"article","og_title":"Gadeskilt TopSign Logo f\u00e5s i s\u00f8lv, r\u00f8d, hvid og sort | Gdirekt.se","og_description":"Gadeskilt TopSign Logo med dit eget navn eller tekst. St\u00f8rrelse 50x70cm eller 70x100cm. Bestil gadepladser med hurtig levering og til en billig pris!","og_url":"https:\/\/www.gdirekt.se\/da\/produkt\/gadeskilt-topsign-logo\/","og_site_name":"Gdirekt.se","og_image":[{"width":1000,"height":1000,"url":"https:\/\/www.gdirekt.se\/wp-content\/uploads\/Gatupratare-TopSign-Logo-1.png","type":"image\/png"}],"twitter_card":"summary_large_image","twitter_misc":{"Estimeret l\u00e6setid":"1 minut"},"schema":{"@context":"https:\/\/schema.org","@graph":[{"@type":"WebPage","@id":"https:\/\/www.gdirekt.se\/da\/produkt\/gadeskilt-topsign-logo\/","url":"https:\/\/www.gdirekt.se\/da\/produkt\/gadeskilt-topsign-logo\/","name":"Gadeskilt TopSign Logo f\u00e5s i s\u00f8lv, r\u00f8d, hvid og sort | Gdirekt.se","isPartOf":{"@id":"https:\/\/www.gdirekt.se\/#website"},"primaryImageOfPage":{"@id":"https:\/\/www.gdirekt.se\/da\/produkt\/gadeskilt-topsign-logo\/#primaryimage"},"image":{"@id":"https:\/\/www.gdirekt.se\/da\/produkt\/gadeskilt-topsign-logo\/#primaryimage"},"thumbnailUrl":"https:\/\/www.gdirekt.se\/wp-content\/uploads\/Gatupratare-TopSign-Logo-1.png","datePublished":"2020-03-26T06:50:29+00:00","description":"Gadeskilt TopSign Logo med dit eget navn eller tekst. St\u00f8rrelse 50x70cm eller 70x100cm. Bestil gadepladser med hurtig levering og til en billig pris!","breadcrumb":{"@id":"https:\/\/www.gdirekt.se\/da\/produkt\/gadeskilt-topsign-logo\/#breadcrumb"},"inLanguage":"da-DK","potentialAction":[{"@type":"ReadAction","target":["https:\/\/www.gdirekt.se\/da\/produkt\/gadeskilt-topsign-logo\/"]}]},{"@type":"ImageObject","inLanguage":"da-DK","@id":"https:\/\/www.gdirekt.se\/da\/produkt\/gadeskilt-topsign-logo\/#primaryimage","url":"https:\/\/www.gdirekt.se\/wp-content\/uploads\/Gatupratare-TopSign-Logo-1.png","contentUrl":"https:\/\/www.gdirekt.se\/wp-content\/uploads\/Gatupratare-TopSign-Logo-1.png","width":1000,"height":1000,"caption":"Gadeskilt med din egen tekst eller navn"},{"@type":"BreadcrumbList","@id":"https:\/\/www.gdirekt.se\/da\/produkt\/gadeskilt-topsign-logo\/#breadcrumb","itemListElement":[{"@type":"ListItem","position":1,"name":"Hem","item":"https:\/\/www.gdirekt.se\/da\/"},{"@type":"ListItem","position":2,"name":"Start","item":"https:\/\/www.gdirekt.se\/da\/"},{"@type":"ListItem","position":3,"name":"Gadeskilt TopSign Logo"}]},{"@type":"WebSite","@id":"https:\/\/www.gdirekt.se\/#website","url":"https:\/\/www.gdirekt.se\/","name":"Gdirekt.se","description":"Tryck snabbt \u00e5 l\u00e4tt = Gdirekt","potentialAction":[{"@type":"SearchAction","target":{"@type":"EntryPoint","urlTemplate":"https:\/\/www.gdirekt.se\/?s={search_term_string}"},"query-input":{"@type":"PropertyValueSpecification","valueRequired":true,"valueName":"search_term_string"}}],"inLanguage":"da-DK"}]}},"_links":{"self":[{"href":"https:\/\/www.gdirekt.se\/da\/wp-json\/wp\/v2\/product\/13775","targetHints":{"allow":["GET"]}}],"collection":[{"href":"https:\/\/www.gdirekt.se\/da\/wp-json\/wp\/v2\/product"}],"about":[{"href":"https:\/\/www.gdirekt.se\/da\/wp-json\/wp\/v2\/types\/product"}],"wp:featuredmedia":[{"embeddable":true,"href":"https:\/\/www.gdirekt.se\/da\/wp-json\/wp\/v2\/media\/13772"}],"wp:attachment":[{"href":"https:\/\/www.gdirekt.se\/da\/wp-json\/wp\/v2\/media?parent=13775"}],"wp:term":[{"taxonomy":"product_brand","embeddable":true,"href":"https:\/\/www.gdirekt.se\/da\/wp-json\/wp\/v2\/product_brand?post=13775"},{"taxonomy":"product_cat","embeddable":true,"href":"https:\/\/www.gdirekt.se\/da\/wp-json\/wp\/v2\/product_cat?post=13775"},{"taxonomy":"product_tag","embeddable":true,"href":"https:\/\/www.gdirekt.se\/da\/wp-json\/wp\/v2\/product_tag?post=13775"}],"curies":[{"name":"wp","href":"https:\/\/api.w.org\/{rel}","templated":true}]}}