{"id":13565,"date":"2017-03-28T10:55:03","date_gmt":"2017-03-28T08:55:03","guid":{"rendered":"https:\/\/www.gdirekt.se\/produkt\/plakatliste-i-plast\/"},"modified":"2021-04-27T08:58:30","modified_gmt":"2021-04-27T06:58:30","slug":"plakatliste-i-plast","status":"publish","type":"product","link":"https:\/\/www.gdirekt.se\/da\/produkt\/plakatliste-i-plast\/","title":{"rendered":"Plakatliste i plast"},"content":{"rendered":"<p>Plakatliste i plast findes prim\u00e6rt i tre varianter &#8211; sort, hvid og gennemsigtig. Den maksimale l\u00e6ngde af de enkle plaststrimler til plakater er hele 145 cm. <a href=\"https:\/\/www.gdirekt.se\/da\/produkt\/plakatliste-i-plast-xl\/\"><em><strong>Hvis du har brug for mere, er det her.<\/strong><\/em><\/a> De er is\u00e6r velegnede til papirfejninger og plakater. Dimensionerne er 13 mm x 6 mm. Plaststrimlerne leveres altid med kroge til oph\u00e6ngning p\u00e5 v\u00e6ggen eller loftet. Hvis du \u00f8nsker tip og inspiration til indretning, kan du kigge p\u00e5 vores side <a href=\"https:\/\/www.dinprint.se\/\"><em><strong>www.dinprint.se<\/strong><\/em><\/a><\/p>\n<p>Anvendelsesomr\u00e5derne er prim\u00e6rt til trykte plakater til messens v\u00e6gge. Og ogs\u00e5 til butiksfejninger, der h\u00e6nger ned fra loftet eller i indk\u00f8bscentre. Det vil ogs\u00e5 v\u00e6re rart at h\u00e6nge bannerne op fra loftet ved produktlanceringer eller en demonstration af nye m\u00e6rker. Og du kan bruge vores jethastigheder til at justere h\u00f8jden. Du k\u00f8ber listerne individuelt, en efter en. Bestil to, en \u00f8verst og en nederst. Det inkluderer altid to sl\u00f8jfer pr. Par, eller hvis du k\u00f8ber en strimmel. Vi kan ogs\u00e5 klippe disse lister til n\u00f8jagtigt de l\u00e6ngder, der passer til dine plakatplakater. Fastgjort til en v\u00e6g eller h\u00e6ngende frit i l\u00f8kkerne, som du bare trykker p\u00e5.<\/p>\n<p><strong>Plakatstrimmelplast i enhver l\u00e6ngde<\/strong><br \/>\nAlle lister er p\u00e5 lager med l\u00e6ngder op til 145 cm. <a href=\"https:\/\/www.gdirekt.se\/da\/produkt\/plakatliste-i-plast-xl\/\"><strong><em>Lister mellem 146 og 300 cm er tilg\u00e6ngelige her.<\/em><\/strong><\/a> F\u00e5s i farverne transparent \/ gennemsigtig og sort. Her ser du flere <a href=\"https:\/\/www.gdirekt.se\/da\/produkt-kategori\/posters-og-plakater\/\"><em><strong>modeller<\/strong><\/em><\/a>! Det unikke ved Gdirekt som leverand\u00f8r er, at vi altid leverer med forsendelse, som vi kan spore og se, hvor varerne er et eller andet sted. Der vil v\u00e6re en SMS, hvor du som privatperson skal hente pakken, eller hvis vi sender direkte til din virksomhed. De forskellige farver p\u00e5 plakatstrimlerne i plast giver dig en god mulighed for at skabe det interi\u00f8r, du virkelig \u00f8nsker. Afh\u00e6ngigt af motivet p\u00e5 plakaten v\u00e6lger du stripens farve. K\u00f8b en gennemsigtig liste, og du vil fremh\u00e6ve motivet p\u00e5 plakaten.<\/p>\n<p>Hvis du har et lyst rum med lyse v\u00e6gge, kan en sort stribe bryde af og give en flot kontrast til b\u00e5de billedmotivet p\u00e5 billedet og v\u00e6ggen.<\/p>\n<p>Endelig held og lykke med indretningen!<\/p>\n<p>&nbsp;<\/p>\n<p>&nbsp;<\/p>\n<p>&nbsp;<\/p>\n<p>&nbsp;<\/p>\n<p>&nbsp;<\/p>\n<p>&nbsp;<\/p>\n<p>&nbsp;<\/p>\n<p>&nbsp;<\/p>\n<p>&nbsp;<\/p>\n<p>&nbsp;<\/p>\n<p>Plakatlisten i plast f\u00e5s i to udgaver \u2013 sort og gennemsigtig.\u00a0Maksimuml\u00e6ngden p\u00e5 de enkle plastlister til posters er 300\u00a0cm. De er velegnede til papirbannere og plakater og har m\u00e5let 13 x 6\u00a0mm. Plastlisterne leveres altid med kroge til oph\u00e6ngning p\u00e5 v\u00e6g eller i loft. I kan finde indretningstips og inspiration p\u00e5 vores side\u00a0<a href=\"https:\/\/www.dinprint.se\/\"><strong><em>www.dinprint.se<\/em><\/strong><\/a><\/p>\n<p>Listerne kan bruges til at h\u00e6nge trykte plakater op p\u00e5 v\u00e6ggen ved en messe eller til oph\u00e6ngning af bannere fra loftet i en butik eller et butikscenter. Det ser flot ud at h\u00e6nge bannerne fra loftet ved produktlanceringer eller demonstration af nye varem\u00e6rker. Brug eventuelt vores fjederkroge til at justere h\u00f8jden. Disse plastlister til posters s\u00e6lges stykvis, og man skal bestille to, hvis man skal bruge en foroven og forneden. Der medf\u00f8lger altid to \u00f8skener pr. par, eller hvis man k\u00f8ber en liste. Vi kan tilsk\u00e6re disse lister til de \u00f8nskede l\u00e6ngder, s\u00e5 I kan h\u00e6nge jeres plakater op p\u00e5 v\u00e6ggen eller fra loftet med \u00f8skenerne, som ganske enkelt trykkes fast.<\/p>\n<p><strong>Plakatliste i plast i valgfri l\u00e6ngde<\/strong><\/p>\n<p>Alle vores lister lagerf\u00f8res i l\u00e6ngder p\u00e5 op til 300\u00a0cm og f\u00e5s i to udgaver \u2013 gennemsigtig og sort. Se flere\u00a0<a href=\"https:\/\/www.gdirekt.se\/da\/produkt-kategori\/posters-og-plakater\/\"><strong><em>modeller<\/em><\/strong><\/a>her! Det gode ved Gdirekt som leverand\u00f8r er, at vi altid leverer med fragt, som vi kan spore. Dermed ved vi altid, hvor ordren befinder sig. Der kommer en SMS om, hvor man som privatperson kan afhente pakken, eller om vi sender direkte til jeres virksomhed. Plakatlisternes forskellige farver giver god mulighed for at opn\u00e5 den \u00f8nskede indretning. V\u00e6lg farve alt efter posterens motiv. K\u00f8b en transparent plastliste, hvis listen skal v\u00e6re diskret. I et lyst rum med lyse v\u00e6gge kan en sort liste v\u00e6re en god kontrast til b\u00e5de motivet og v\u00e6ggen.<\/p>\n","protected":false},"excerpt":{"rendered":"<p>Plakatlisten i plast f\u00e5s i en sort og gennemsigtig udgave. Listen passer til papirplakater og inkluderer en krog til v\u00e6g eller h\u00e6ngende fra loftet. St\u00f8rrelsen er 13x6mm, v\u00e6lg dimensioner nedenfor. Maks. 145 cm lang.<\/p>\n<p><a href=\"https:\/\/www.gdirekt.se\/da\/produkt\/plakatliste-i-plast-xl\/\"><em><strong>Bredere \/ l\u00e6ngere lister er tilg\u00e6ngelige her!<\/strong><\/em><\/a><\/p>\n<p><strong>BEM\u00c6RK: V\u00e6lg det korrekte antal nedenfor, da de s\u00e6lges stykvis!<\/strong><\/p>\n","protected":false},"featured_media":8696,"template":"","meta":{"_acf_changed":false},"product_brand":[],"product_cat":[365],"product_tag":[],"class_list":{"0":"post-13565","1":"product","2":"type-product","3":"status-publish","4":"has-post-thumbnail","6":"product_cat-posters-og-plakater","7":"product_shipping_class-85kr-da","9":"first","10":"instock","11":"taxable","12":"shipping-taxable","13":"purchasable","14":"product-type-variable","15":"has-default-attributes"},"exclude_global_add_ons":[],"addons":[],"acf":[],"yoast_head":"<!-- This site is optimized with the Yoast SEO plugin v27.2 - https:\/\/yoast.com\/product\/yoast-seo-wordpress\/ -->\n<title>Plakatliste i plast til trykte plakater. Sort, hvid og gennemsigtig | Gdirekt.se<\/title>\n<meta name=\"description\" content=\"Plakatst\u00f8bt plast f\u00e5s i sort gennemsigtig eller hvid. For plakater er krog til v\u00e6g eller h\u00e6ngende loft inkluderet i prisen. K\u00f8b i dag!\" \/>\n<meta name=\"robots\" content=\"index, follow, max-snippet:-1, max-image-preview:large, max-video-preview:-1\" \/>\n<link rel=\"canonical\" href=\"https:\/\/www.gdirekt.se\/da\/produkt\/plakatliste-i-plast\/\" \/>\n<meta property=\"og:locale\" content=\"da_DK\" \/>\n<meta property=\"og:type\" content=\"article\" \/>\n<meta property=\"og:title\" content=\"Plakatliste i plast til trykte plakater. Sort, hvid og gennemsigtig | Gdirekt.se\" \/>\n<meta property=\"og:description\" content=\"Plakatst\u00f8bt plast f\u00e5s i sort gennemsigtig eller hvid. For plakater er krog til v\u00e6g eller h\u00e6ngende loft inkluderet i prisen. K\u00f8b i dag!\" \/>\n<meta property=\"og:url\" content=\"https:\/\/www.gdirekt.se\/da\/produkt\/plakatliste-i-plast\/\" \/>\n<meta property=\"og:site_name\" content=\"Gdirekt.se\" \/>\n<meta property=\"article:modified_time\" content=\"2021-04-27T06:58:30+00:00\" \/>\n<meta property=\"og:image\" content=\"https:\/\/www.gdirekt.se\/wp-content\/uploads\/affischlist_svart.png\" \/>\n\t<meta property=\"og:image:width\" content=\"1000\" \/>\n\t<meta property=\"og:image:height\" content=\"1000\" \/>\n\t<meta property=\"og:image:type\" content=\"image\/png\" \/>\n<meta name=\"twitter:card\" content=\"summary_large_image\" \/>\n<meta name=\"twitter:label1\" content=\"Estimeret l\u00e6setid\" \/>\n\t<meta name=\"twitter:data1\" content=\"3 minutter\" \/>\n<script type=\"application\/ld+json\" class=\"yoast-schema-graph\">{\"@context\":\"https:\/\/schema.org\",\"@graph\":[{\"@type\":\"WebPage\",\"@id\":\"https:\/\/www.gdirekt.se\/da\/produkt\/plakatliste-i-plast\/\",\"url\":\"https:\/\/www.gdirekt.se\/da\/produkt\/plakatliste-i-plast\/\",\"name\":\"Plakatliste i plast til trykte plakater. Sort, hvid og gennemsigtig | Gdirekt.se\",\"isPartOf\":{\"@id\":\"https:\/\/www.gdirekt.se\/#website\"},\"primaryImageOfPage\":{\"@id\":\"https:\/\/www.gdirekt.se\/da\/produkt\/plakatliste-i-plast\/#primaryimage\"},\"image\":{\"@id\":\"https:\/\/www.gdirekt.se\/da\/produkt\/plakatliste-i-plast\/#primaryimage\"},\"thumbnailUrl\":\"https:\/\/www.gdirekt.se\/wp-content\/uploads\/affischlist_svart.png\",\"datePublished\":\"2017-03-28T08:55:03+00:00\",\"dateModified\":\"2021-04-27T06:58:30+00:00\",\"description\":\"Plakatst\u00f8bt plast f\u00e5s i sort gennemsigtig eller hvid. For plakater er krog til v\u00e6g eller h\u00e6ngende loft inkluderet i prisen. K\u00f8b i dag!\",\"breadcrumb\":{\"@id\":\"https:\/\/www.gdirekt.se\/da\/produkt\/plakatliste-i-plast\/#breadcrumb\"},\"inLanguage\":\"da-DK\",\"potentialAction\":[{\"@type\":\"ReadAction\",\"target\":[\"https:\/\/www.gdirekt.se\/da\/produkt\/plakatliste-i-plast\/\"]}]},{\"@type\":\"ImageObject\",\"inLanguage\":\"da-DK\",\"@id\":\"https:\/\/www.gdirekt.se\/da\/produkt\/plakatliste-i-plast\/#primaryimage\",\"url\":\"https:\/\/www.gdirekt.se\/wp-content\/uploads\/affischlist_svart.png\",\"contentUrl\":\"https:\/\/www.gdirekt.se\/wp-content\/uploads\/affischlist_svart.png\",\"width\":1000,\"height\":1000,\"caption\":\"Plakatliste med krog i sort farve\"},{\"@type\":\"BreadcrumbList\",\"@id\":\"https:\/\/www.gdirekt.se\/da\/produkt\/plakatliste-i-plast\/#breadcrumb\",\"itemListElement\":[{\"@type\":\"ListItem\",\"position\":1,\"name\":\"Hem\",\"item\":\"https:\/\/www.gdirekt.se\/da\/\"},{\"@type\":\"ListItem\",\"position\":2,\"name\":\"Start\",\"item\":\"https:\/\/www.gdirekt.se\/da\/\"},{\"@type\":\"ListItem\",\"position\":3,\"name\":\"Plakatliste i plast\"}]},{\"@type\":\"WebSite\",\"@id\":\"https:\/\/www.gdirekt.se\/#website\",\"url\":\"https:\/\/www.gdirekt.se\/\",\"name\":\"Gdirekt.se\",\"description\":\"Tryck snabbt \u00e5 l\u00e4tt = Gdirekt\",\"potentialAction\":[{\"@type\":\"SearchAction\",\"target\":{\"@type\":\"EntryPoint\",\"urlTemplate\":\"https:\/\/www.gdirekt.se\/?s={search_term_string}\"},\"query-input\":{\"@type\":\"PropertyValueSpecification\",\"valueRequired\":true,\"valueName\":\"search_term_string\"}}],\"inLanguage\":\"da-DK\"}]}<\/script>\n<!-- \/ Yoast SEO plugin. -->","yoast_head_json":{"title":"Plakatliste i plast til trykte plakater. Sort, hvid og gennemsigtig | Gdirekt.se","description":"Plakatst\u00f8bt plast f\u00e5s i sort gennemsigtig eller hvid. For plakater er krog til v\u00e6g eller h\u00e6ngende loft inkluderet i prisen. K\u00f8b i dag!","robots":{"index":"index","follow":"follow","max-snippet":"max-snippet:-1","max-image-preview":"max-image-preview:large","max-video-preview":"max-video-preview:-1"},"canonical":"https:\/\/www.gdirekt.se\/da\/produkt\/plakatliste-i-plast\/","og_locale":"da_DK","og_type":"article","og_title":"Plakatliste i plast til trykte plakater. Sort, hvid og gennemsigtig | Gdirekt.se","og_description":"Plakatst\u00f8bt plast f\u00e5s i sort gennemsigtig eller hvid. For plakater er krog til v\u00e6g eller h\u00e6ngende loft inkluderet i prisen. K\u00f8b i dag!","og_url":"https:\/\/www.gdirekt.se\/da\/produkt\/plakatliste-i-plast\/","og_site_name":"Gdirekt.se","article_modified_time":"2021-04-27T06:58:30+00:00","og_image":[{"width":1000,"height":1000,"url":"https:\/\/www.gdirekt.se\/wp-content\/uploads\/affischlist_svart.png","type":"image\/png"}],"twitter_card":"summary_large_image","twitter_misc":{"Estimeret l\u00e6setid":"3 minutter"},"schema":{"@context":"https:\/\/schema.org","@graph":[{"@type":"WebPage","@id":"https:\/\/www.gdirekt.se\/da\/produkt\/plakatliste-i-plast\/","url":"https:\/\/www.gdirekt.se\/da\/produkt\/plakatliste-i-plast\/","name":"Plakatliste i plast til trykte plakater. Sort, hvid og gennemsigtig | Gdirekt.se","isPartOf":{"@id":"https:\/\/www.gdirekt.se\/#website"},"primaryImageOfPage":{"@id":"https:\/\/www.gdirekt.se\/da\/produkt\/plakatliste-i-plast\/#primaryimage"},"image":{"@id":"https:\/\/www.gdirekt.se\/da\/produkt\/plakatliste-i-plast\/#primaryimage"},"thumbnailUrl":"https:\/\/www.gdirekt.se\/wp-content\/uploads\/affischlist_svart.png","datePublished":"2017-03-28T08:55:03+00:00","dateModified":"2021-04-27T06:58:30+00:00","description":"Plakatst\u00f8bt plast f\u00e5s i sort gennemsigtig eller hvid. For plakater er krog til v\u00e6g eller h\u00e6ngende loft inkluderet i prisen. K\u00f8b i dag!","breadcrumb":{"@id":"https:\/\/www.gdirekt.se\/da\/produkt\/plakatliste-i-plast\/#breadcrumb"},"inLanguage":"da-DK","potentialAction":[{"@type":"ReadAction","target":["https:\/\/www.gdirekt.se\/da\/produkt\/plakatliste-i-plast\/"]}]},{"@type":"ImageObject","inLanguage":"da-DK","@id":"https:\/\/www.gdirekt.se\/da\/produkt\/plakatliste-i-plast\/#primaryimage","url":"https:\/\/www.gdirekt.se\/wp-content\/uploads\/affischlist_svart.png","contentUrl":"https:\/\/www.gdirekt.se\/wp-content\/uploads\/affischlist_svart.png","width":1000,"height":1000,"caption":"Plakatliste med krog i sort farve"},{"@type":"BreadcrumbList","@id":"https:\/\/www.gdirekt.se\/da\/produkt\/plakatliste-i-plast\/#breadcrumb","itemListElement":[{"@type":"ListItem","position":1,"name":"Hem","item":"https:\/\/www.gdirekt.se\/da\/"},{"@type":"ListItem","position":2,"name":"Start","item":"https:\/\/www.gdirekt.se\/da\/"},{"@type":"ListItem","position":3,"name":"Plakatliste i plast"}]},{"@type":"WebSite","@id":"https:\/\/www.gdirekt.se\/#website","url":"https:\/\/www.gdirekt.se\/","name":"Gdirekt.se","description":"Tryck snabbt \u00e5 l\u00e4tt = Gdirekt","potentialAction":[{"@type":"SearchAction","target":{"@type":"EntryPoint","urlTemplate":"https:\/\/www.gdirekt.se\/?s={search_term_string}"},"query-input":{"@type":"PropertyValueSpecification","valueRequired":true,"valueName":"search_term_string"}}],"inLanguage":"da-DK"}]}},"_links":{"self":[{"href":"https:\/\/www.gdirekt.se\/da\/wp-json\/wp\/v2\/product\/13565","targetHints":{"allow":["GET"]}}],"collection":[{"href":"https:\/\/www.gdirekt.se\/da\/wp-json\/wp\/v2\/product"}],"about":[{"href":"https:\/\/www.gdirekt.se\/da\/wp-json\/wp\/v2\/types\/product"}],"wp:featuredmedia":[{"embeddable":true,"href":"https:\/\/www.gdirekt.se\/da\/wp-json\/wp\/v2\/media\/8696"}],"wp:attachment":[{"href":"https:\/\/www.gdirekt.se\/da\/wp-json\/wp\/v2\/media?parent=13565"}],"wp:term":[{"taxonomy":"product_brand","embeddable":true,"href":"https:\/\/www.gdirekt.se\/da\/wp-json\/wp\/v2\/product_brand?post=13565"},{"taxonomy":"product_cat","embeddable":true,"href":"https:\/\/www.gdirekt.se\/da\/wp-json\/wp\/v2\/product_cat?post=13565"},{"taxonomy":"product_tag","embeddable":true,"href":"https:\/\/www.gdirekt.se\/da\/wp-json\/wp\/v2\/product_tag?post=13565"}],"curies":[{"name":"wp","href":"https:\/\/api.w.org\/{rel}","templated":true}]}}