{"id":13561,"date":"2020-03-11T09:09:36","date_gmt":"2020-03-11T08:09:36","guid":{"rendered":"https:\/\/www.gdirekt.se\/produkt\/skjult-afstand\/"},"modified":"2020-03-11T09:09:36","modified_gmt":"2020-03-11T08:09:36","slug":"skjult-afstand","status":"publish","type":"product","link":"https:\/\/www.gdirekt.se\/da\/produkt\/skjult-afstand\/","title":{"rendered":"Skjult afstand"},"content":{"rendered":"<div class=\"tlid-input input\">\n<div class=\"source-wrap\">\n<div class=\"input-full-height-wrapper tlid-input-full-height-wrapper\">\n<div class=\"source-input\">\n<div class=\"source-footer-wrap source-or-target-footer\">\n<div class=\"character-count tlid-character-count\">\n<div class=\"cc-ctr normal\">Skjult afstand bruges hovedsageligt til skilte og tavler. Samt udsk\u00e5rne tekster og logoer. Det er en v\u00e6gbeslag, der holder skilte op uden at blive set. Lim f\u00f8rst afstande p\u00e5 skiltet eller de udsk\u00e5rne tekster med et godt kontaktlim. Derefter skrues afstandsstykkerne mod v\u00e6ggen med skruer og bruger helst en slags stik. Det er ogs\u00e5 muligt at lime afstanden p\u00e5 v\u00e6ggen. Vigtigt med den rigtige og st\u00e6rke lim. S\u00e5 holder du br\u00e6ttet over afstandsstykkerne og trykker p\u00e5 skiltet, bogstavet eller nummeret. Endelig sidder skiltet eller tavlen op med en skjult eller usynlig afstandsholder. V\u00e6lg mellem 15 mm eller 19 mm fra v\u00e6ggen afh\u00e6ngigt af varianten. Skrue og stik er IKKE inkluderet i leveringen<\/div>\n<\/div>\n<\/div>\n<\/div>\n<\/div>\n<\/div>\n<\/div>\n","protected":false},"excerpt":{"rendered":"<div class=\"tlid-input input\">\n<div class=\"source-wrap\">\n<div class=\"input-full-height-wrapper tlid-input-full-height-wrapper\">\n<div class=\"source-input\">\n<div class=\"source-footer-wrap source-or-target-footer\">\n<div class=\"character-count tlid-character-count\"><\/div>\n<\/div>\n<\/div>\n<\/div>\n<\/div>\n<\/div>\n<div class=\"tlid-results-container results-container\">\n<div class=\"tlid-result result-dict-wrapper\">\n<div class=\"result tlid-copy-target\">\n<div class=\"text-wrap tlid-copy-target\">\n<div class=\"result-shield-container tlid-copy-target\" tabindex=\"0\"><span class=\"tlid-translation translation\" lang=\"da\"><span title=\"\">Skjult afstand bestiller du til skilt og malerier samt udskrevne bogstaver, tekster og tal.<\/span> <span title=\"\">V\u00e6gbeslagene er usynlige p\u00e5 fronten.<\/span> <span title=\"\">Afstandene er i dybden 15 mm og 19 mm fra v\u00e6ggen.<\/span> <strong><span class=\"\" title=\"\">Skrue og stik er ikke inkluderet.<\/span><\/strong><\/span><\/div>\n<\/div>\n<\/div>\n<\/div>\n<\/div>\n","protected":false},"featured_media":13556,"template":"","meta":{"_acf_changed":false},"product_brand":[],"product_cat":[379],"product_tag":[],"class_list":{"0":"post-13561","1":"product","2":"type-product","3":"status-publish","4":"has-post-thumbnail","6":"product_cat-skilte-tilbehoer","7":"product_shipping_class-85kr-da","9":"first","10":"instock","11":"taxable","12":"shipping-taxable","13":"purchasable","14":"product-type-variable","15":"has-default-attributes"},"exclude_global_add_ons":[],"addons":[],"acf":[],"yoast_head":"<!-- This site is optimized with the Yoast SEO plugin v27.2 - https:\/\/yoast.com\/product\/yoast-seo-wordpress\/ -->\n<title>Skjult afstand til skilte og tekster i alle materialer | Gdirekt.se<\/title>\n<meta name=\"description\" content=\"Skjult afstand er et usynligt v\u00e6gbeslag til tskilte og tekster. Passer til plexiglas, kapa, stadurlon, re board og karton. Limet og skruet fast i v\u00e6ggen!\" \/>\n<meta name=\"robots\" content=\"index, follow, max-snippet:-1, max-image-preview:large, max-video-preview:-1\" \/>\n<link rel=\"canonical\" href=\"https:\/\/www.gdirekt.se\/da\/produkt\/skjult-afstand\/\" \/>\n<meta property=\"og:locale\" content=\"da_DK\" \/>\n<meta property=\"og:type\" content=\"article\" \/>\n<meta property=\"og:title\" content=\"Skjult afstand til skilte og tekster i alle materialer | Gdirekt.se\" \/>\n<meta property=\"og:description\" content=\"Skjult afstand er et usynligt v\u00e6gbeslag til tskilte og tekster. Passer til plexiglas, kapa, stadurlon, re board og karton. Limet og skruet fast i v\u00e6ggen!\" \/>\n<meta property=\"og:url\" content=\"https:\/\/www.gdirekt.se\/da\/produkt\/skjult-afstand\/\" \/>\n<meta property=\"og:site_name\" content=\"Gdirekt.se\" \/>\n<meta property=\"og:image\" content=\"https:\/\/www.gdirekt.se\/wp-content\/uploads\/Dold-va\u0308ggdistans.png\" \/>\n\t<meta property=\"og:image:width\" content=\"1000\" \/>\n\t<meta property=\"og:image:height\" content=\"1000\" \/>\n\t<meta property=\"og:image:type\" content=\"image\/png\" \/>\n<meta name=\"twitter:card\" content=\"summary_large_image\" \/>\n<meta name=\"twitter:label1\" content=\"Estimeret l\u00e6setid\" \/>\n\t<meta name=\"twitter:data1\" content=\"1 minut\" \/>\n<script type=\"application\/ld+json\" class=\"yoast-schema-graph\">{\"@context\":\"https:\/\/schema.org\",\"@graph\":[{\"@type\":\"WebPage\",\"@id\":\"https:\/\/www.gdirekt.se\/da\/produkt\/skjult-afstand\/\",\"url\":\"https:\/\/www.gdirekt.se\/da\/produkt\/skjult-afstand\/\",\"name\":\"Skjult afstand til skilte og tekster i alle materialer | Gdirekt.se\",\"isPartOf\":{\"@id\":\"https:\/\/www.gdirekt.se\/#website\"},\"primaryImageOfPage\":{\"@id\":\"https:\/\/www.gdirekt.se\/da\/produkt\/skjult-afstand\/#primaryimage\"},\"image\":{\"@id\":\"https:\/\/www.gdirekt.se\/da\/produkt\/skjult-afstand\/#primaryimage\"},\"thumbnailUrl\":\"https:\/\/www.gdirekt.se\/wp-content\/uploads\/Dold-va\u0308ggdistans.png\",\"datePublished\":\"2020-03-11T08:09:36+00:00\",\"description\":\"Skjult afstand er et usynligt v\u00e6gbeslag til tskilte og tekster. Passer til plexiglas, kapa, stadurlon, re board og karton. Limet og skruet fast i v\u00e6ggen!\",\"breadcrumb\":{\"@id\":\"https:\/\/www.gdirekt.se\/da\/produkt\/skjult-afstand\/#breadcrumb\"},\"inLanguage\":\"da-DK\",\"potentialAction\":[{\"@type\":\"ReadAction\",\"target\":[\"https:\/\/www.gdirekt.se\/da\/produkt\/skjult-afstand\/\"]}]},{\"@type\":\"ImageObject\",\"inLanguage\":\"da-DK\",\"@id\":\"https:\/\/www.gdirekt.se\/da\/produkt\/skjult-afstand\/#primaryimage\",\"url\":\"https:\/\/www.gdirekt.se\/wp-content\/uploads\/Dold-va\u0308ggdistans.png\",\"contentUrl\":\"https:\/\/www.gdirekt.se\/wp-content\/uploads\/Dold-va\u0308ggdistans.png\",\"width\":1000,\"height\":1000,\"caption\":\"Skiltholder som er skjult\"},{\"@type\":\"BreadcrumbList\",\"@id\":\"https:\/\/www.gdirekt.se\/da\/produkt\/skjult-afstand\/#breadcrumb\",\"itemListElement\":[{\"@type\":\"ListItem\",\"position\":1,\"name\":\"Hem\",\"item\":\"https:\/\/www.gdirekt.se\/da\/\"},{\"@type\":\"ListItem\",\"position\":2,\"name\":\"Start\",\"item\":\"https:\/\/www.gdirekt.se\/da\/\"},{\"@type\":\"ListItem\",\"position\":3,\"name\":\"Skjult afstand\"}]},{\"@type\":\"WebSite\",\"@id\":\"https:\/\/www.gdirekt.se\/#website\",\"url\":\"https:\/\/www.gdirekt.se\/\",\"name\":\"Gdirekt.se\",\"description\":\"Tryck snabbt \u00e5 l\u00e4tt = Gdirekt\",\"potentialAction\":[{\"@type\":\"SearchAction\",\"target\":{\"@type\":\"EntryPoint\",\"urlTemplate\":\"https:\/\/www.gdirekt.se\/?s={search_term_string}\"},\"query-input\":{\"@type\":\"PropertyValueSpecification\",\"valueRequired\":true,\"valueName\":\"search_term_string\"}}],\"inLanguage\":\"da-DK\"}]}<\/script>\n<!-- \/ Yoast SEO plugin. -->","yoast_head_json":{"title":"Skjult afstand til skilte og tekster i alle materialer | Gdirekt.se","description":"Skjult afstand er et usynligt v\u00e6gbeslag til tskilte og tekster. Passer til plexiglas, kapa, stadurlon, re board og karton. Limet og skruet fast i v\u00e6ggen!","robots":{"index":"index","follow":"follow","max-snippet":"max-snippet:-1","max-image-preview":"max-image-preview:large","max-video-preview":"max-video-preview:-1"},"canonical":"https:\/\/www.gdirekt.se\/da\/produkt\/skjult-afstand\/","og_locale":"da_DK","og_type":"article","og_title":"Skjult afstand til skilte og tekster i alle materialer | Gdirekt.se","og_description":"Skjult afstand er et usynligt v\u00e6gbeslag til tskilte og tekster. Passer til plexiglas, kapa, stadurlon, re board og karton. Limet og skruet fast i v\u00e6ggen!","og_url":"https:\/\/www.gdirekt.se\/da\/produkt\/skjult-afstand\/","og_site_name":"Gdirekt.se","og_image":[{"width":1000,"height":1000,"url":"https:\/\/www.gdirekt.se\/wp-content\/uploads\/Dold-va\u0308ggdistans.png","type":"image\/png"}],"twitter_card":"summary_large_image","twitter_misc":{"Estimeret l\u00e6setid":"1 minut"},"schema":{"@context":"https:\/\/schema.org","@graph":[{"@type":"WebPage","@id":"https:\/\/www.gdirekt.se\/da\/produkt\/skjult-afstand\/","url":"https:\/\/www.gdirekt.se\/da\/produkt\/skjult-afstand\/","name":"Skjult afstand til skilte og tekster i alle materialer | Gdirekt.se","isPartOf":{"@id":"https:\/\/www.gdirekt.se\/#website"},"primaryImageOfPage":{"@id":"https:\/\/www.gdirekt.se\/da\/produkt\/skjult-afstand\/#primaryimage"},"image":{"@id":"https:\/\/www.gdirekt.se\/da\/produkt\/skjult-afstand\/#primaryimage"},"thumbnailUrl":"https:\/\/www.gdirekt.se\/wp-content\/uploads\/Dold-va\u0308ggdistans.png","datePublished":"2020-03-11T08:09:36+00:00","description":"Skjult afstand er et usynligt v\u00e6gbeslag til tskilte og tekster. Passer til plexiglas, kapa, stadurlon, re board og karton. Limet og skruet fast i v\u00e6ggen!","breadcrumb":{"@id":"https:\/\/www.gdirekt.se\/da\/produkt\/skjult-afstand\/#breadcrumb"},"inLanguage":"da-DK","potentialAction":[{"@type":"ReadAction","target":["https:\/\/www.gdirekt.se\/da\/produkt\/skjult-afstand\/"]}]},{"@type":"ImageObject","inLanguage":"da-DK","@id":"https:\/\/www.gdirekt.se\/da\/produkt\/skjult-afstand\/#primaryimage","url":"https:\/\/www.gdirekt.se\/wp-content\/uploads\/Dold-va\u0308ggdistans.png","contentUrl":"https:\/\/www.gdirekt.se\/wp-content\/uploads\/Dold-va\u0308ggdistans.png","width":1000,"height":1000,"caption":"Skiltholder som er skjult"},{"@type":"BreadcrumbList","@id":"https:\/\/www.gdirekt.se\/da\/produkt\/skjult-afstand\/#breadcrumb","itemListElement":[{"@type":"ListItem","position":1,"name":"Hem","item":"https:\/\/www.gdirekt.se\/da\/"},{"@type":"ListItem","position":2,"name":"Start","item":"https:\/\/www.gdirekt.se\/da\/"},{"@type":"ListItem","position":3,"name":"Skjult afstand"}]},{"@type":"WebSite","@id":"https:\/\/www.gdirekt.se\/#website","url":"https:\/\/www.gdirekt.se\/","name":"Gdirekt.se","description":"Tryck snabbt \u00e5 l\u00e4tt = Gdirekt","potentialAction":[{"@type":"SearchAction","target":{"@type":"EntryPoint","urlTemplate":"https:\/\/www.gdirekt.se\/?s={search_term_string}"},"query-input":{"@type":"PropertyValueSpecification","valueRequired":true,"valueName":"search_term_string"}}],"inLanguage":"da-DK"}]}},"_links":{"self":[{"href":"https:\/\/www.gdirekt.se\/da\/wp-json\/wp\/v2\/product\/13561","targetHints":{"allow":["GET"]}}],"collection":[{"href":"https:\/\/www.gdirekt.se\/da\/wp-json\/wp\/v2\/product"}],"about":[{"href":"https:\/\/www.gdirekt.se\/da\/wp-json\/wp\/v2\/types\/product"}],"wp:featuredmedia":[{"embeddable":true,"href":"https:\/\/www.gdirekt.se\/da\/wp-json\/wp\/v2\/media\/13556"}],"wp:attachment":[{"href":"https:\/\/www.gdirekt.se\/da\/wp-json\/wp\/v2\/media?parent=13561"}],"wp:term":[{"taxonomy":"product_brand","embeddable":true,"href":"https:\/\/www.gdirekt.se\/da\/wp-json\/wp\/v2\/product_brand?post=13561"},{"taxonomy":"product_cat","embeddable":true,"href":"https:\/\/www.gdirekt.se\/da\/wp-json\/wp\/v2\/product_cat?post=13561"},{"taxonomy":"product_tag","embeddable":true,"href":"https:\/\/www.gdirekt.se\/da\/wp-json\/wp\/v2\/product_tag?post=13561"}],"curies":[{"name":"wp","href":"https:\/\/api.w.org\/{rel}","templated":true}]}}