{"id":13464,"date":"2016-12-30T11:33:37","date_gmt":"2016-12-30T10:33:37","guid":{"rendered":"https:\/\/www.gdirekt.se\/produkt\/aluminiumsror-til-banner\/"},"modified":"2020-05-13T10:52:21","modified_gmt":"2020-05-13T08:52:21","slug":"aluminiumsror-til-banner","status":"publish","type":"product","link":"https:\/\/www.gdirekt.se\/da\/produkt\/aluminiumsror-til-banner\/","title":{"rendered":"Aluminiumsr\u00f8r til banner"},"content":{"rendered":"<p>Aluminiumsr\u00f8r til banner bruges til at oph\u00e6nge stofmessev\u00e6gge. F\u00f8r r\u00f8ret ind i den syede kanal p\u00e5 banneret. K\u00f8b r\u00f8ret af os med hurtig levering. Anvendelsen af aluminiumsr\u00f8r som bannerholdere er en enkel l\u00f8sning til at h\u00e6nge stofbilleder op p\u00e5 v\u00e6ggen. Bestil med fordel et r\u00f8r, der er et par centimeter l\u00e6ngere end banneret, s\u00e5 det stikker et par centimeter ud. Nederst i banneret kan r\u00f8ret v\u00e6re en centimeter kortere, s\u00e5 det ikke er synligt og fungerer som v\u00e6gt, s\u00e5 messebilledet h\u00e6nger lige og glat.<\/p>\n<p>De dimensioner, der kan bestilles online, er som f\u00f8lger:<\/p>\n<p>6mm, fuldst\u00f8bte ikke-huller<\/p>\n<p>10mm, indvendige dimensioner: 7mm<\/p>\n<p>15 mm, indvendige dimensioner: 12 mm<\/p>\n<p>20 mm, indvendige m\u00e5l: 17 mm<\/p>\n<p>25 mm, indvendige m\u00e5l: 21 mm<\/p>\n<p>&nbsp;<\/p>\n<p>Man kan h\u00e6nge billeder op med aluminiumsr\u00f8r p\u00e5 forskellige m\u00e5der. En variant er, at man l\u00e6gger r\u00f8rets ender p\u00e5 en form for vinkel eller h\u00e6nger det p\u00e5 kroge. En anden l\u00f8sning er, at man f\u00f8rer en snor eller et reb igennem, som man knytter sammen, og derefter h\u00e6nger op i en fastg\u00f8relsesanordning. Hvis bannerne skal h\u00e6nge lidt ned fra loftet, er dette en smart l\u00f8sning. Det anvendes ofte i butikscentre og gallerier, samt p\u00e5 messer og til events i butikker. Sp\u00f8rg os, hvis I skal bruge tips til fastg\u00f8relsesanordninger.<\/p>\n","protected":false},"excerpt":{"rendered":"<p>Aluminiumsr\u00f8r til banner bruges til oph\u00e6ng af stofmessev\u00e6gge. F\u00f8r r\u00f8ret ind i den syede kanal p\u00e5 banneret. K\u00f8b r\u00f8r hos os med hurtig levering. Der kan bestilles i flere m\u00e5l, s\u00e5 de passer til alle st\u00f8rrelser. F\u00e5s i st\u00f8rrelser 6 mm (fuldst\u00f8bt ikke-huller), 10mm, 15mm, 20mm &amp; 25mm. Hurtig levering direkte fra vores lager!<\/p>\n","protected":false},"featured_media":8351,"template":"","meta":{"_acf_changed":false},"product_brand":[],"product_cat":[367,380],"product_tag":[],"class_list":{"0":"post-13464","1":"product","2":"type-product","3":"status-publish","4":"has-post-thumbnail","6":"product_cat-bannere-og-facadebannere-tilbehoer","7":"product_cat-tekstiltryk-og-scenetaepper","8":"product_shipping_class-350kr","10":"first","11":"instock","12":"taxable","13":"shipping-taxable","14":"purchasable","15":"product-type-variable","16":"has-default-attributes"},"exclude_global_add_ons":[],"addons":[],"acf":[],"yoast_head":"<!-- This site is optimized with the Yoast SEO plugin v27.2 - https:\/\/yoast.com\/product\/yoast-seo-wordpress\/ -->\n<title>for messe og scene<\/title>\n<meta name=\"description\" content=\"Aluminiumsr\u00f8r til banner bruges til oph\u00e6ng af stofmessev\u00e6gge. F\u00f8r r\u00f8ret ind i den syede kanal p\u00e5 banneret. K\u00f8b r\u00f8r hos os med hurtig levering. Der kan bestilles i flere m\u00e5l, s\u00e5 de passer til alle st\u00f8rrelser. Hurtig levering direkte fra vores lager!\" \/>\n<meta name=\"robots\" content=\"index, follow, max-snippet:-1, max-image-preview:large, max-video-preview:-1\" \/>\n<link rel=\"canonical\" href=\"https:\/\/www.gdirekt.se\/da\/produkt\/aluminiumsror-til-banner\/\" \/>\n<meta property=\"og:locale\" content=\"da_DK\" \/>\n<meta property=\"og:type\" content=\"article\" \/>\n<meta property=\"og:title\" content=\"for messe og scene\" \/>\n<meta property=\"og:description\" content=\"Aluminiumsr\u00f8r til banner bruges til oph\u00e6ng af stofmessev\u00e6gge. F\u00f8r r\u00f8ret ind i den syede kanal p\u00e5 banneret. K\u00f8b r\u00f8r hos os med hurtig levering. Der kan bestilles i flere m\u00e5l, s\u00e5 de passer til alle st\u00f8rrelser. Hurtig levering direkte fra vores lager!\" \/>\n<meta property=\"og:url\" content=\"https:\/\/www.gdirekt.se\/da\/produkt\/aluminiumsror-til-banner\/\" \/>\n<meta property=\"og:site_name\" content=\"Gdirekt.se\" \/>\n<meta property=\"article:modified_time\" content=\"2020-05-13T08:52:21+00:00\" \/>\n<meta property=\"og:image\" content=\"https:\/\/www.gdirekt.se\/wp-content\/uploads\/aluminiumror.png\" \/>\n\t<meta property=\"og:image:width\" content=\"1000\" \/>\n\t<meta property=\"og:image:height\" content=\"1000\" \/>\n\t<meta property=\"og:image:type\" content=\"image\/png\" \/>\n<meta name=\"twitter:card\" content=\"summary_large_image\" \/>\n<meta name=\"twitter:label1\" content=\"Estimeret l\u00e6setid\" \/>\n\t<meta name=\"twitter:data1\" content=\"1 minut\" \/>\n<script type=\"application\/ld+json\" class=\"yoast-schema-graph\">{\"@context\":\"https:\/\/schema.org\",\"@graph\":[{\"@type\":\"WebPage\",\"@id\":\"https:\/\/www.gdirekt.se\/da\/produkt\/aluminiumsror-til-banner\/\",\"url\":\"https:\/\/www.gdirekt.se\/da\/produkt\/aluminiumsror-til-banner\/\",\"name\":\"for messe og scene\",\"isPartOf\":{\"@id\":\"https:\/\/www.gdirekt.se\/#website\"},\"primaryImageOfPage\":{\"@id\":\"https:\/\/www.gdirekt.se\/da\/produkt\/aluminiumsror-til-banner\/#primaryimage\"},\"image\":{\"@id\":\"https:\/\/www.gdirekt.se\/da\/produkt\/aluminiumsror-til-banner\/#primaryimage\"},\"thumbnailUrl\":\"https:\/\/www.gdirekt.se\/wp-content\/uploads\/aluminiumror.png\",\"datePublished\":\"2016-12-30T10:33:37+00:00\",\"dateModified\":\"2020-05-13T08:52:21+00:00\",\"description\":\"Aluminiumsr\u00f8r til banner bruges til oph\u00e6ng af stofmessev\u00e6gge. F\u00f8r r\u00f8ret ind i den syede kanal p\u00e5 banneret. K\u00f8b r\u00f8r hos os med hurtig levering. Der kan bestilles i flere m\u00e5l, s\u00e5 de passer til alle st\u00f8rrelser. Hurtig levering direkte fra vores lager!\",\"breadcrumb\":{\"@id\":\"https:\/\/www.gdirekt.se\/da\/produkt\/aluminiumsror-til-banner\/#breadcrumb\"},\"inLanguage\":\"da-DK\",\"potentialAction\":[{\"@type\":\"ReadAction\",\"target\":[\"https:\/\/www.gdirekt.se\/da\/produkt\/aluminiumsror-til-banner\/\"]}]},{\"@type\":\"ImageObject\",\"inLanguage\":\"da-DK\",\"@id\":\"https:\/\/www.gdirekt.se\/da\/produkt\/aluminiumsror-til-banner\/#primaryimage\",\"url\":\"https:\/\/www.gdirekt.se\/wp-content\/uploads\/aluminiumror.png\",\"contentUrl\":\"https:\/\/www.gdirekt.se\/wp-content\/uploads\/aluminiumror.png\",\"width\":1000,\"height\":1000,\"caption\":\"R\u00f8r til stof billeder\"},{\"@type\":\"BreadcrumbList\",\"@id\":\"https:\/\/www.gdirekt.se\/da\/produkt\/aluminiumsror-til-banner\/#breadcrumb\",\"itemListElement\":[{\"@type\":\"ListItem\",\"position\":1,\"name\":\"Hem\",\"item\":\"https:\/\/www.gdirekt.se\/da\/\"},{\"@type\":\"ListItem\",\"position\":2,\"name\":\"Start\",\"item\":\"https:\/\/www.gdirekt.se\/da\/\"},{\"@type\":\"ListItem\",\"position\":3,\"name\":\"Aluminiumsr\u00f8r til banner\"}]},{\"@type\":\"WebSite\",\"@id\":\"https:\/\/www.gdirekt.se\/#website\",\"url\":\"https:\/\/www.gdirekt.se\/\",\"name\":\"Gdirekt.se\",\"description\":\"Tryck snabbt \u00e5 l\u00e4tt = Gdirekt\",\"potentialAction\":[{\"@type\":\"SearchAction\",\"target\":{\"@type\":\"EntryPoint\",\"urlTemplate\":\"https:\/\/www.gdirekt.se\/?s={search_term_string}\"},\"query-input\":{\"@type\":\"PropertyValueSpecification\",\"valueRequired\":true,\"valueName\":\"search_term_string\"}}],\"inLanguage\":\"da-DK\"}]}<\/script>\n<!-- \/ Yoast SEO plugin. -->","yoast_head_json":{"title":"for messe og scene","description":"Aluminiumsr\u00f8r til banner bruges til oph\u00e6ng af stofmessev\u00e6gge. F\u00f8r r\u00f8ret ind i den syede kanal p\u00e5 banneret. K\u00f8b r\u00f8r hos os med hurtig levering. Der kan bestilles i flere m\u00e5l, s\u00e5 de passer til alle st\u00f8rrelser. Hurtig levering direkte fra vores lager!","robots":{"index":"index","follow":"follow","max-snippet":"max-snippet:-1","max-image-preview":"max-image-preview:large","max-video-preview":"max-video-preview:-1"},"canonical":"https:\/\/www.gdirekt.se\/da\/produkt\/aluminiumsror-til-banner\/","og_locale":"da_DK","og_type":"article","og_title":"for messe og scene","og_description":"Aluminiumsr\u00f8r til banner bruges til oph\u00e6ng af stofmessev\u00e6gge. F\u00f8r r\u00f8ret ind i den syede kanal p\u00e5 banneret. K\u00f8b r\u00f8r hos os med hurtig levering. Der kan bestilles i flere m\u00e5l, s\u00e5 de passer til alle st\u00f8rrelser. Hurtig levering direkte fra vores lager!","og_url":"https:\/\/www.gdirekt.se\/da\/produkt\/aluminiumsror-til-banner\/","og_site_name":"Gdirekt.se","article_modified_time":"2020-05-13T08:52:21+00:00","og_image":[{"width":1000,"height":1000,"url":"https:\/\/www.gdirekt.se\/wp-content\/uploads\/aluminiumror.png","type":"image\/png"}],"twitter_card":"summary_large_image","twitter_misc":{"Estimeret l\u00e6setid":"1 minut"},"schema":{"@context":"https:\/\/schema.org","@graph":[{"@type":"WebPage","@id":"https:\/\/www.gdirekt.se\/da\/produkt\/aluminiumsror-til-banner\/","url":"https:\/\/www.gdirekt.se\/da\/produkt\/aluminiumsror-til-banner\/","name":"for messe og scene","isPartOf":{"@id":"https:\/\/www.gdirekt.se\/#website"},"primaryImageOfPage":{"@id":"https:\/\/www.gdirekt.se\/da\/produkt\/aluminiumsror-til-banner\/#primaryimage"},"image":{"@id":"https:\/\/www.gdirekt.se\/da\/produkt\/aluminiumsror-til-banner\/#primaryimage"},"thumbnailUrl":"https:\/\/www.gdirekt.se\/wp-content\/uploads\/aluminiumror.png","datePublished":"2016-12-30T10:33:37+00:00","dateModified":"2020-05-13T08:52:21+00:00","description":"Aluminiumsr\u00f8r til banner bruges til oph\u00e6ng af stofmessev\u00e6gge. F\u00f8r r\u00f8ret ind i den syede kanal p\u00e5 banneret. K\u00f8b r\u00f8r hos os med hurtig levering. Der kan bestilles i flere m\u00e5l, s\u00e5 de passer til alle st\u00f8rrelser. Hurtig levering direkte fra vores lager!","breadcrumb":{"@id":"https:\/\/www.gdirekt.se\/da\/produkt\/aluminiumsror-til-banner\/#breadcrumb"},"inLanguage":"da-DK","potentialAction":[{"@type":"ReadAction","target":["https:\/\/www.gdirekt.se\/da\/produkt\/aluminiumsror-til-banner\/"]}]},{"@type":"ImageObject","inLanguage":"da-DK","@id":"https:\/\/www.gdirekt.se\/da\/produkt\/aluminiumsror-til-banner\/#primaryimage","url":"https:\/\/www.gdirekt.se\/wp-content\/uploads\/aluminiumror.png","contentUrl":"https:\/\/www.gdirekt.se\/wp-content\/uploads\/aluminiumror.png","width":1000,"height":1000,"caption":"R\u00f8r til stof billeder"},{"@type":"BreadcrumbList","@id":"https:\/\/www.gdirekt.se\/da\/produkt\/aluminiumsror-til-banner\/#breadcrumb","itemListElement":[{"@type":"ListItem","position":1,"name":"Hem","item":"https:\/\/www.gdirekt.se\/da\/"},{"@type":"ListItem","position":2,"name":"Start","item":"https:\/\/www.gdirekt.se\/da\/"},{"@type":"ListItem","position":3,"name":"Aluminiumsr\u00f8r til banner"}]},{"@type":"WebSite","@id":"https:\/\/www.gdirekt.se\/#website","url":"https:\/\/www.gdirekt.se\/","name":"Gdirekt.se","description":"Tryck snabbt \u00e5 l\u00e4tt = Gdirekt","potentialAction":[{"@type":"SearchAction","target":{"@type":"EntryPoint","urlTemplate":"https:\/\/www.gdirekt.se\/?s={search_term_string}"},"query-input":{"@type":"PropertyValueSpecification","valueRequired":true,"valueName":"search_term_string"}}],"inLanguage":"da-DK"}]}},"_links":{"self":[{"href":"https:\/\/www.gdirekt.se\/da\/wp-json\/wp\/v2\/product\/13464","targetHints":{"allow":["GET"]}}],"collection":[{"href":"https:\/\/www.gdirekt.se\/da\/wp-json\/wp\/v2\/product"}],"about":[{"href":"https:\/\/www.gdirekt.se\/da\/wp-json\/wp\/v2\/types\/product"}],"wp:featuredmedia":[{"embeddable":true,"href":"https:\/\/www.gdirekt.se\/da\/wp-json\/wp\/v2\/media\/8351"}],"wp:attachment":[{"href":"https:\/\/www.gdirekt.se\/da\/wp-json\/wp\/v2\/media?parent=13464"}],"wp:term":[{"taxonomy":"product_brand","embeddable":true,"href":"https:\/\/www.gdirekt.se\/da\/wp-json\/wp\/v2\/product_brand?post=13464"},{"taxonomy":"product_cat","embeddable":true,"href":"https:\/\/www.gdirekt.se\/da\/wp-json\/wp\/v2\/product_cat?post=13464"},{"taxonomy":"product_tag","embeddable":true,"href":"https:\/\/www.gdirekt.se\/da\/wp-json\/wp\/v2\/product_tag?post=13464"}],"curies":[{"name":"wp","href":"https:\/\/api.w.org\/{rel}","templated":true}]}}