{"id":13405,"date":"2020-02-21T10:48:25","date_gmt":"2020-02-21T09:48:25","guid":{"rendered":"https:\/\/www.gdirekt.se\/?post_type=product&#038;p=13405"},"modified":"2024-02-01T09:25:17","modified_gmt":"2024-02-01T08:25:17","slug":"vaegbeslag-bannere","status":"publish","type":"product","link":"https:\/\/www.gdirekt.se\/da\/produkt\/vaegbeslag-bannere\/","title":{"rendered":"V\u00e6gbeslag til banner"},"content":{"rendered":"<div class=\"tlid-input input\">\n<div class=\"source-wrap\">\n<div class=\"input-full-height-wrapper tlid-input-full-height-wrapper\">\n<div class=\"source-input\">\n<div class=\"source-footer-wrap source-or-target-footer\">\n<div class=\"character-count tlid-character-count\">\n<div class=\"cc-ctr normal\">\n<p>V\u00e6gbeslag til bannere\u00a0passer over alt. En perfekt l\u00f8sning til lange smalle dobbeltsidede reklamer og budskab. Bannerne k\u00f8bes separat, og de er 50 cm brede og f\u00e5s i forskellige h\u00f8jder.<\/p>\n<p>V\u00e6gbeslagene er galvaniseret og sortlakeret. Til enkelt- eller dobbeltsidet print. Nem montering p\u00e5 r\u00f8r (diameter 32 mm). Leveres uden banner, men kan naturligvis k\u00f8bes. Vi bruger altid et st\u00e6rkt bannermateriale med blokering af midten, s\u00e5 budskabet st\u00e5r skarpt p\u00e5 begge sider.<\/p>\n<p>F\u00f8lgende st\u00f8rrelser kan bestilles:<\/p>\n<p>50x100cm<\/p>\n<p>50x150cm<\/p>\n<p>50x200cm<\/p>\n<p>50x250cm<\/p>\n<p>50x300cm<\/p>\n<p><strong><i><a href=\"http:\/\/V\u00e6gbeslag til bannere passer over alt. En perfekt l\u00f8sning til lange smalle dobbeltsidede reklamer og budskab. Bannerne k\u00f8bes separat, og de er 50 cm brede og f\u00e5s i forskellige h\u00f8jder.  V\u00e6gbeslagene er galvaniseret og sortlakeret. Til enkelt- eller dobbeltsidet print. Nem montering p\u00e5 r\u00f8r (diameter 32 mm). Leveres uden banner, men kan naturligvis k\u00f8bes. Vi bruger altid et st\u00e6rkt bannermateriale med blokering af midten, s\u00e5 budskabet st\u00e5r skarpt p\u00e5 begge sider.  F\u00f8lgende st\u00f8rrelser kan bestilles:  50x100cm  50x150cm  50x200cm  50x250cm  50x300cm  Her kan du bestille banner!  Til sidst \u00f8nsker vi dig held og lykke med dine nye facadebanner!  Har du ogs\u00e5 brug for andre udend\u00f8rs produkter her er det!\">Her kan du bestille banner!<\/a><\/i><\/strong><\/p>\n<p>Til sidst \u00f8nsker vi dig held og lykke med dine nye facadebanner!<\/p>\n<p>Har du ogs\u00e5 brug for andre udend\u00f8rs produkter <strong><i><a title=\"https:\/\/www.gdirekt.se\/da?product_cat=utomhusskylt-och-expo\" href=\"https:\/\/www.gdirekt.se\/da?product_cat=utomhusskylt-och-expo\">her er det!<\/a><\/i><\/strong><\/p>\n<\/div>\n<\/div>\n<\/div>\n<\/div>\n<\/div>\n<\/div>\n<\/div>\n","protected":false},"excerpt":{"rendered":"<p>V\u00e6gbeslag til bannere er en stilfuld holder til dobbeltsidede billeder, der er 50 cm brede. V\u00e6geslaget er galvaniseret og sortlakeret. Skru i facaden, og stram derefter! <a title=\"https:\/\/www.gdirekt.se\/produkt\/bild-till-vaggfasten-banderoll\/\" href=\"https:\/\/www.gdirekt.se\/da\/produkt\/billede-til-vaegbeslag-bannere\/\"><strong><i>Bestil separat til bannerprint, f\u00e5s i forskellige h\u00f8jder!<\/i><\/strong><\/a><\/p>\n","protected":false},"featured_media":13407,"template":"","meta":{"_acf_changed":false},"product_brand":[],"product_cat":[367,370,378,379,356],"product_tag":[],"class_list":{"0":"post-13405","1":"product","2":"type-product","3":"status-publish","4":"has-post-thumbnail","6":"product_cat-bannere-og-facadebannere-tilbehoer","7":"product_cat-beachflag","8":"product_cat-skilte","9":"product_cat-skilte-tilbehoer","10":"product_cat-udendoersskilte-og-expo","11":"product_shipping_class-350kr","13":"first","14":"instock","15":"taxable","16":"shipping-taxable","17":"purchasable","18":"product-type-simple"},"exclude_global_add_ons":[],"addons":[],"acf":[],"yoast_head":"<!-- This site is optimized with the Yoast SEO plugin v27.2 - https:\/\/yoast.com\/product\/yoast-seo-wordpress\/ -->\n<title>V\u00e6gbeslag til banner til dobbeltsidet trykt billede i facadevinklen | Gdirekt.se<\/title>\n<meta name=\"description\" content=\"V\u00e6gbeslag bannere passer til holder til facader. Tosidet banner strammes med sit eget tryk. Skiller sig ud i en 90 graders vinkel fra husets facade.\" \/>\n<meta name=\"robots\" content=\"index, follow, max-snippet:-1, max-image-preview:large, max-video-preview:-1\" \/>\n<link rel=\"canonical\" href=\"https:\/\/www.gdirekt.se\/da\/produkt\/vaegbeslag-bannere\/\" \/>\n<meta property=\"og:locale\" content=\"da_DK\" \/>\n<meta property=\"og:type\" content=\"article\" \/>\n<meta property=\"og:title\" content=\"V\u00e6gbeslag til banner til dobbeltsidet trykt billede i facadevinklen | Gdirekt.se\" \/>\n<meta property=\"og:description\" content=\"V\u00e6gbeslag bannere passer til holder til facader. Tosidet banner strammes med sit eget tryk. Skiller sig ud i en 90 graders vinkel fra husets facade.\" \/>\n<meta property=\"og:url\" content=\"https:\/\/www.gdirekt.se\/da\/produkt\/vaegbeslag-bannere\/\" \/>\n<meta property=\"og:site_name\" content=\"Gdirekt.se\" \/>\n<meta property=\"article:modified_time\" content=\"2024-02-01T08:25:17+00:00\" \/>\n<meta property=\"og:image\" content=\"https:\/\/www.gdirekt.se\/wp-content\/uploads\/va\u0308ggfa\u0308ste-banderoll.png\" \/>\n\t<meta property=\"og:image:width\" content=\"1000\" \/>\n\t<meta property=\"og:image:height\" content=\"1000\" \/>\n\t<meta property=\"og:image:type\" content=\"image\/png\" \/>\n<meta name=\"twitter:card\" content=\"summary_large_image\" \/>\n<meta name=\"twitter:label1\" content=\"Estimeret l\u00e6setid\" \/>\n\t<meta name=\"twitter:data1\" content=\"1 minut\" \/>\n<script type=\"application\/ld+json\" class=\"yoast-schema-graph\">{\"@context\":\"https:\/\/schema.org\",\"@graph\":[{\"@type\":\"WebPage\",\"@id\":\"https:\/\/www.gdirekt.se\/da\/produkt\/vaegbeslag-bannere\/\",\"url\":\"https:\/\/www.gdirekt.se\/da\/produkt\/vaegbeslag-bannere\/\",\"name\":\"V\u00e6gbeslag til banner til dobbeltsidet trykt billede i facadevinklen | Gdirekt.se\",\"isPartOf\":{\"@id\":\"https:\/\/www.gdirekt.se\/#website\"},\"primaryImageOfPage\":{\"@id\":\"https:\/\/www.gdirekt.se\/da\/produkt\/vaegbeslag-bannere\/#primaryimage\"},\"image\":{\"@id\":\"https:\/\/www.gdirekt.se\/da\/produkt\/vaegbeslag-bannere\/#primaryimage\"},\"thumbnailUrl\":\"https:\/\/www.gdirekt.se\/wp-content\/uploads\/va\u0308ggfa\u0308ste-banderoll.png\",\"datePublished\":\"2020-02-21T09:48:25+00:00\",\"dateModified\":\"2024-02-01T08:25:17+00:00\",\"description\":\"V\u00e6gbeslag bannere passer til holder til facader. Tosidet banner strammes med sit eget tryk. Skiller sig ud i en 90 graders vinkel fra husets facade.\",\"breadcrumb\":{\"@id\":\"https:\/\/www.gdirekt.se\/da\/produkt\/vaegbeslag-bannere\/#breadcrumb\"},\"inLanguage\":\"da-DK\",\"potentialAction\":[{\"@type\":\"ReadAction\",\"target\":[\"https:\/\/www.gdirekt.se\/da\/produkt\/vaegbeslag-bannere\/\"]}]},{\"@type\":\"ImageObject\",\"inLanguage\":\"da-DK\",\"@id\":\"https:\/\/www.gdirekt.se\/da\/produkt\/vaegbeslag-bannere\/#primaryimage\",\"url\":\"https:\/\/www.gdirekt.se\/wp-content\/uploads\/va\u0308ggfa\u0308ste-banderoll.png\",\"contentUrl\":\"https:\/\/www.gdirekt.se\/wp-content\/uploads\/va\u0308ggfa\u0308ste-banderoll.png\",\"width\":1000,\"height\":1000,\"caption\":\"Robust bannerholder til billede\"},{\"@type\":\"BreadcrumbList\",\"@id\":\"https:\/\/www.gdirekt.se\/da\/produkt\/vaegbeslag-bannere\/#breadcrumb\",\"itemListElement\":[{\"@type\":\"ListItem\",\"position\":1,\"name\":\"Hem\",\"item\":\"https:\/\/www.gdirekt.se\/da\/\"},{\"@type\":\"ListItem\",\"position\":2,\"name\":\"Start\",\"item\":\"https:\/\/www.gdirekt.se\/da\/\"},{\"@type\":\"ListItem\",\"position\":3,\"name\":\"V\u00e6gbeslag til banner\"}]},{\"@type\":\"WebSite\",\"@id\":\"https:\/\/www.gdirekt.se\/#website\",\"url\":\"https:\/\/www.gdirekt.se\/\",\"name\":\"Gdirekt.se\",\"description\":\"Tryck snabbt \u00e5 l\u00e4tt = Gdirekt\",\"potentialAction\":[{\"@type\":\"SearchAction\",\"target\":{\"@type\":\"EntryPoint\",\"urlTemplate\":\"https:\/\/www.gdirekt.se\/?s={search_term_string}\"},\"query-input\":{\"@type\":\"PropertyValueSpecification\",\"valueRequired\":true,\"valueName\":\"search_term_string\"}}],\"inLanguage\":\"da-DK\"}]}<\/script>\n<!-- \/ Yoast SEO plugin. -->","yoast_head_json":{"title":"V\u00e6gbeslag til banner til dobbeltsidet trykt billede i facadevinklen | Gdirekt.se","description":"V\u00e6gbeslag bannere passer til holder til facader. Tosidet banner strammes med sit eget tryk. Skiller sig ud i en 90 graders vinkel fra husets facade.","robots":{"index":"index","follow":"follow","max-snippet":"max-snippet:-1","max-image-preview":"max-image-preview:large","max-video-preview":"max-video-preview:-1"},"canonical":"https:\/\/www.gdirekt.se\/da\/produkt\/vaegbeslag-bannere\/","og_locale":"da_DK","og_type":"article","og_title":"V\u00e6gbeslag til banner til dobbeltsidet trykt billede i facadevinklen | Gdirekt.se","og_description":"V\u00e6gbeslag bannere passer til holder til facader. Tosidet banner strammes med sit eget tryk. Skiller sig ud i en 90 graders vinkel fra husets facade.","og_url":"https:\/\/www.gdirekt.se\/da\/produkt\/vaegbeslag-bannere\/","og_site_name":"Gdirekt.se","article_modified_time":"2024-02-01T08:25:17+00:00","og_image":[{"width":1000,"height":1000,"url":"https:\/\/www.gdirekt.se\/wp-content\/uploads\/va\u0308ggfa\u0308ste-banderoll.png","type":"image\/png"}],"twitter_card":"summary_large_image","twitter_misc":{"Estimeret l\u00e6setid":"1 minut"},"schema":{"@context":"https:\/\/schema.org","@graph":[{"@type":"WebPage","@id":"https:\/\/www.gdirekt.se\/da\/produkt\/vaegbeslag-bannere\/","url":"https:\/\/www.gdirekt.se\/da\/produkt\/vaegbeslag-bannere\/","name":"V\u00e6gbeslag til banner til dobbeltsidet trykt billede i facadevinklen | Gdirekt.se","isPartOf":{"@id":"https:\/\/www.gdirekt.se\/#website"},"primaryImageOfPage":{"@id":"https:\/\/www.gdirekt.se\/da\/produkt\/vaegbeslag-bannere\/#primaryimage"},"image":{"@id":"https:\/\/www.gdirekt.se\/da\/produkt\/vaegbeslag-bannere\/#primaryimage"},"thumbnailUrl":"https:\/\/www.gdirekt.se\/wp-content\/uploads\/va\u0308ggfa\u0308ste-banderoll.png","datePublished":"2020-02-21T09:48:25+00:00","dateModified":"2024-02-01T08:25:17+00:00","description":"V\u00e6gbeslag bannere passer til holder til facader. Tosidet banner strammes med sit eget tryk. Skiller sig ud i en 90 graders vinkel fra husets facade.","breadcrumb":{"@id":"https:\/\/www.gdirekt.se\/da\/produkt\/vaegbeslag-bannere\/#breadcrumb"},"inLanguage":"da-DK","potentialAction":[{"@type":"ReadAction","target":["https:\/\/www.gdirekt.se\/da\/produkt\/vaegbeslag-bannere\/"]}]},{"@type":"ImageObject","inLanguage":"da-DK","@id":"https:\/\/www.gdirekt.se\/da\/produkt\/vaegbeslag-bannere\/#primaryimage","url":"https:\/\/www.gdirekt.se\/wp-content\/uploads\/va\u0308ggfa\u0308ste-banderoll.png","contentUrl":"https:\/\/www.gdirekt.se\/wp-content\/uploads\/va\u0308ggfa\u0308ste-banderoll.png","width":1000,"height":1000,"caption":"Robust bannerholder til billede"},{"@type":"BreadcrumbList","@id":"https:\/\/www.gdirekt.se\/da\/produkt\/vaegbeslag-bannere\/#breadcrumb","itemListElement":[{"@type":"ListItem","position":1,"name":"Hem","item":"https:\/\/www.gdirekt.se\/da\/"},{"@type":"ListItem","position":2,"name":"Start","item":"https:\/\/www.gdirekt.se\/da\/"},{"@type":"ListItem","position":3,"name":"V\u00e6gbeslag til banner"}]},{"@type":"WebSite","@id":"https:\/\/www.gdirekt.se\/#website","url":"https:\/\/www.gdirekt.se\/","name":"Gdirekt.se","description":"Tryck snabbt \u00e5 l\u00e4tt = Gdirekt","potentialAction":[{"@type":"SearchAction","target":{"@type":"EntryPoint","urlTemplate":"https:\/\/www.gdirekt.se\/?s={search_term_string}"},"query-input":{"@type":"PropertyValueSpecification","valueRequired":true,"valueName":"search_term_string"}}],"inLanguage":"da-DK"}]}},"_links":{"self":[{"href":"https:\/\/www.gdirekt.se\/da\/wp-json\/wp\/v2\/product\/13405","targetHints":{"allow":["GET"]}}],"collection":[{"href":"https:\/\/www.gdirekt.se\/da\/wp-json\/wp\/v2\/product"}],"about":[{"href":"https:\/\/www.gdirekt.se\/da\/wp-json\/wp\/v2\/types\/product"}],"wp:featuredmedia":[{"embeddable":true,"href":"https:\/\/www.gdirekt.se\/da\/wp-json\/wp\/v2\/media\/13407"}],"wp:attachment":[{"href":"https:\/\/www.gdirekt.se\/da\/wp-json\/wp\/v2\/media?parent=13405"}],"wp:term":[{"taxonomy":"product_brand","embeddable":true,"href":"https:\/\/www.gdirekt.se\/da\/wp-json\/wp\/v2\/product_brand?post=13405"},{"taxonomy":"product_cat","embeddable":true,"href":"https:\/\/www.gdirekt.se\/da\/wp-json\/wp\/v2\/product_cat?post=13405"},{"taxonomy":"product_tag","embeddable":true,"href":"https:\/\/www.gdirekt.se\/da\/wp-json\/wp\/v2\/product_tag?post=13405"}],"curies":[{"name":"wp","href":"https:\/\/api.w.org\/{rel}","templated":true}]}}