{"id":13342,"date":"2020-02-14T11:32:25","date_gmt":"2020-02-14T10:32:25","guid":{"rendered":"https:\/\/www.gdirekt.se\/?post_type=product&#038;p=13342"},"modified":"2024-02-01T09:25:24","modified_gmt":"2024-02-01T08:25:24","slug":"bordskilt-menu","status":"publish","type":"product","link":"https:\/\/www.gdirekt.se\/da\/produkt\/bordskilt-menu\/","title":{"rendered":"Bordskilt Menu"},"content":{"rendered":"<p><span lang=\"DA\">Bordskilt Menu<\/span>\u00a0er prim\u00e6rt til dine egne udskrifter i papir. Perfekt til menuer, prisplader og anden information. Disse udstillingsstander bruges i restauranter, butikker, messer og ogs\u00e5 i receptioner. Skiltholderen er lavet af meget holdbar gennemsigtig plast. P\u00e5 grund af dette fremh\u00e6ver budskabet p\u00e5 den bedste m\u00e5de. De bruges til at vise ensidige beskeder. Derefter er disse bordsstativer udstyret med en beskyttende plast, s\u00e5 de forbliver dejlige l\u00e6ngere.<\/p>\n<p>Bordskilt Menu er p\u00e5 st\u00f8rrelsen p\u00e5 A5, der er 148x210mm.<\/p>\n<p>Se ogs\u00e5 vores modeller p\u00e5 <em><strong><a href=\"https:\/\/www.gdirekt.se\/produkt-kategori\/broschyrstall-och-infostall\/\">brochurestativer<\/a><\/strong><\/em>! Og andre <em><strong><a href=\"https:\/\/www.gdirekt.se\/produkt-kategori\/skyltar-tillbehor\/\">indehavere<\/a><\/strong><\/em>!<\/p>\n<p>Og hvis du er interesseret i alt, hvad vi kan producere, s\u00e5 se vores websted <em><strong><a href=\"https:\/\/gigantprint.se\/da\">GigantPrint!<\/a><\/strong><\/em><\/p>\n","protected":false},"excerpt":{"rendered":"<p>Bordskilt Menu\u00a0til dine egne udskrifter i papir. St\u00f8rrelsen er A5, 148x210mm. Placer nemt dine trykte l\u00f8besedler, informationsark eller menuer i displayet som fremstillet i holdbart gennemsigtig plast. En beskyttende plast er inkluderet i priset.<\/p>\n","protected":false},"featured_media":18569,"template":"","meta":{"_acf_changed":false},"product_brand":[],"product_cat":[368,379,381],"product_tag":[],"class_list":{"0":"post-13342","1":"product","2":"type-product","3":"status-publish","4":"has-post-thumbnail","6":"product_cat-brochurestander-og-informationsstander","7":"product_cat-skilte-tilbehoer","8":"product_cat-tryksager-visitkort-brochurer","9":"product_shipping_class-85kr-da","11":"first","12":"instock","13":"taxable","14":"shipping-taxable","15":"purchasable","16":"product-type-simple"},"exclude_global_add_ons":[],"addons":[],"acf":[],"yoast_head":"<!-- This site is optimized with the Yoast SEO plugin v27.2 - https:\/\/yoast.com\/product\/yoast-seo-wordpress\/ -->\n<title>Bordskilt Menu er godt til restauranter og receptioner | Gdirekt.se<\/title>\n<meta name=\"description\" content=\"Bordskilt Menu til bord og hylder. Menuholder, prism\u00e6rke &amp; info rack. Udskriv dit eget papir og stop. Stilfuld model i plastglas med plastfolie.\" \/>\n<meta name=\"robots\" content=\"index, follow, max-snippet:-1, max-image-preview:large, max-video-preview:-1\" \/>\n<link rel=\"canonical\" href=\"https:\/\/www.gdirekt.se\/da\/produkt\/bordskilt-menu\/\" \/>\n<meta property=\"og:locale\" content=\"da_DK\" \/>\n<meta property=\"og:type\" content=\"article\" \/>\n<meta property=\"og:title\" content=\"Bordskilt Menu er godt til restauranter og receptioner | Gdirekt.se\" \/>\n<meta property=\"og:description\" content=\"Bordskilt Menu til bord og hylder. Menuholder, prism\u00e6rke &amp; info rack. Udskriv dit eget papir og stop. Stilfuld model i plastglas med plastfolie.\" \/>\n<meta property=\"og:url\" content=\"https:\/\/www.gdirekt.se\/da\/produkt\/bordskilt-menu\/\" \/>\n<meta property=\"og:site_name\" content=\"Gdirekt.se\" \/>\n<meta property=\"article:modified_time\" content=\"2024-02-01T08:25:24+00:00\" \/>\n<meta property=\"og:image\" content=\"https:\/\/www.gdirekt.se\/wp-content\/uploads\/Bordsskylt-meny-A5.png\" \/>\n\t<meta property=\"og:image:width\" content=\"1000\" \/>\n\t<meta property=\"og:image:height\" content=\"1000\" \/>\n\t<meta property=\"og:image:type\" content=\"image\/png\" \/>\n<meta name=\"twitter:card\" content=\"summary_large_image\" \/>\n<meta name=\"twitter:label1\" content=\"Estimeret l\u00e6setid\" \/>\n\t<meta name=\"twitter:data1\" content=\"1 minut\" \/>\n<script type=\"application\/ld+json\" class=\"yoast-schema-graph\">{\"@context\":\"https:\/\/schema.org\",\"@graph\":[{\"@type\":\"WebPage\",\"@id\":\"https:\/\/www.gdirekt.se\/da\/produkt\/bordskilt-menu\/\",\"url\":\"https:\/\/www.gdirekt.se\/da\/produkt\/bordskilt-menu\/\",\"name\":\"Bordskilt Menu er godt til restauranter og receptioner | Gdirekt.se\",\"isPartOf\":{\"@id\":\"https:\/\/www.gdirekt.se\/#website\"},\"primaryImageOfPage\":{\"@id\":\"https:\/\/www.gdirekt.se\/da\/produkt\/bordskilt-menu\/#primaryimage\"},\"image\":{\"@id\":\"https:\/\/www.gdirekt.se\/da\/produkt\/bordskilt-menu\/#primaryimage\"},\"thumbnailUrl\":\"https:\/\/www.gdirekt.se\/wp-content\/uploads\/Bordsskylt-meny-A5.png\",\"datePublished\":\"2020-02-14T10:32:25+00:00\",\"dateModified\":\"2024-02-01T08:25:24+00:00\",\"description\":\"Bordskilt Menu til bord og hylder. Menuholder, prism\u00e6rke & info rack. Udskriv dit eget papir og stop. Stilfuld model i plastglas med plastfolie.\",\"breadcrumb\":{\"@id\":\"https:\/\/www.gdirekt.se\/da\/produkt\/bordskilt-menu\/#breadcrumb\"},\"inLanguage\":\"da-DK\",\"potentialAction\":[{\"@type\":\"ReadAction\",\"target\":[\"https:\/\/www.gdirekt.se\/da\/produkt\/bordskilt-menu\/\"]}]},{\"@type\":\"ImageObject\",\"inLanguage\":\"da-DK\",\"@id\":\"https:\/\/www.gdirekt.se\/da\/produkt\/bordskilt-menu\/#primaryimage\",\"url\":\"https:\/\/www.gdirekt.se\/wp-content\/uploads\/Bordsskylt-meny-A5.png\",\"contentUrl\":\"https:\/\/www.gdirekt.se\/wp-content\/uploads\/Bordsskylt-meny-A5.png\",\"width\":1000,\"height\":1000,\"caption\":\"Billigt och enkelt bordsst\u00e4ll\"},{\"@type\":\"BreadcrumbList\",\"@id\":\"https:\/\/www.gdirekt.se\/da\/produkt\/bordskilt-menu\/#breadcrumb\",\"itemListElement\":[{\"@type\":\"ListItem\",\"position\":1,\"name\":\"Hem\",\"item\":\"https:\/\/www.gdirekt.se\/da\/\"},{\"@type\":\"ListItem\",\"position\":2,\"name\":\"Start\",\"item\":\"https:\/\/www.gdirekt.se\/da\/\"},{\"@type\":\"ListItem\",\"position\":3,\"name\":\"Bordskilt Menu\"}]},{\"@type\":\"WebSite\",\"@id\":\"https:\/\/www.gdirekt.se\/#website\",\"url\":\"https:\/\/www.gdirekt.se\/\",\"name\":\"Gdirekt.se\",\"description\":\"Tryck snabbt \u00e5 l\u00e4tt = Gdirekt\",\"potentialAction\":[{\"@type\":\"SearchAction\",\"target\":{\"@type\":\"EntryPoint\",\"urlTemplate\":\"https:\/\/www.gdirekt.se\/?s={search_term_string}\"},\"query-input\":{\"@type\":\"PropertyValueSpecification\",\"valueRequired\":true,\"valueName\":\"search_term_string\"}}],\"inLanguage\":\"da-DK\"}]}<\/script>\n<!-- \/ Yoast SEO plugin. -->","yoast_head_json":{"title":"Bordskilt Menu er godt til restauranter og receptioner | Gdirekt.se","description":"Bordskilt Menu til bord og hylder. Menuholder, prism\u00e6rke & info rack. Udskriv dit eget papir og stop. Stilfuld model i plastglas med plastfolie.","robots":{"index":"index","follow":"follow","max-snippet":"max-snippet:-1","max-image-preview":"max-image-preview:large","max-video-preview":"max-video-preview:-1"},"canonical":"https:\/\/www.gdirekt.se\/da\/produkt\/bordskilt-menu\/","og_locale":"da_DK","og_type":"article","og_title":"Bordskilt Menu er godt til restauranter og receptioner | Gdirekt.se","og_description":"Bordskilt Menu til bord og hylder. Menuholder, prism\u00e6rke & info rack. Udskriv dit eget papir og stop. Stilfuld model i plastglas med plastfolie.","og_url":"https:\/\/www.gdirekt.se\/da\/produkt\/bordskilt-menu\/","og_site_name":"Gdirekt.se","article_modified_time":"2024-02-01T08:25:24+00:00","og_image":[{"width":1000,"height":1000,"url":"https:\/\/www.gdirekt.se\/wp-content\/uploads\/Bordsskylt-meny-A5.png","type":"image\/png"}],"twitter_card":"summary_large_image","twitter_misc":{"Estimeret l\u00e6setid":"1 minut"},"schema":{"@context":"https:\/\/schema.org","@graph":[{"@type":"WebPage","@id":"https:\/\/www.gdirekt.se\/da\/produkt\/bordskilt-menu\/","url":"https:\/\/www.gdirekt.se\/da\/produkt\/bordskilt-menu\/","name":"Bordskilt Menu er godt til restauranter og receptioner | Gdirekt.se","isPartOf":{"@id":"https:\/\/www.gdirekt.se\/#website"},"primaryImageOfPage":{"@id":"https:\/\/www.gdirekt.se\/da\/produkt\/bordskilt-menu\/#primaryimage"},"image":{"@id":"https:\/\/www.gdirekt.se\/da\/produkt\/bordskilt-menu\/#primaryimage"},"thumbnailUrl":"https:\/\/www.gdirekt.se\/wp-content\/uploads\/Bordsskylt-meny-A5.png","datePublished":"2020-02-14T10:32:25+00:00","dateModified":"2024-02-01T08:25:24+00:00","description":"Bordskilt Menu til bord og hylder. Menuholder, prism\u00e6rke & info rack. Udskriv dit eget papir og stop. Stilfuld model i plastglas med plastfolie.","breadcrumb":{"@id":"https:\/\/www.gdirekt.se\/da\/produkt\/bordskilt-menu\/#breadcrumb"},"inLanguage":"da-DK","potentialAction":[{"@type":"ReadAction","target":["https:\/\/www.gdirekt.se\/da\/produkt\/bordskilt-menu\/"]}]},{"@type":"ImageObject","inLanguage":"da-DK","@id":"https:\/\/www.gdirekt.se\/da\/produkt\/bordskilt-menu\/#primaryimage","url":"https:\/\/www.gdirekt.se\/wp-content\/uploads\/Bordsskylt-meny-A5.png","contentUrl":"https:\/\/www.gdirekt.se\/wp-content\/uploads\/Bordsskylt-meny-A5.png","width":1000,"height":1000,"caption":"Billigt och enkelt bordsst\u00e4ll"},{"@type":"BreadcrumbList","@id":"https:\/\/www.gdirekt.se\/da\/produkt\/bordskilt-menu\/#breadcrumb","itemListElement":[{"@type":"ListItem","position":1,"name":"Hem","item":"https:\/\/www.gdirekt.se\/da\/"},{"@type":"ListItem","position":2,"name":"Start","item":"https:\/\/www.gdirekt.se\/da\/"},{"@type":"ListItem","position":3,"name":"Bordskilt Menu"}]},{"@type":"WebSite","@id":"https:\/\/www.gdirekt.se\/#website","url":"https:\/\/www.gdirekt.se\/","name":"Gdirekt.se","description":"Tryck snabbt \u00e5 l\u00e4tt = Gdirekt","potentialAction":[{"@type":"SearchAction","target":{"@type":"EntryPoint","urlTemplate":"https:\/\/www.gdirekt.se\/?s={search_term_string}"},"query-input":{"@type":"PropertyValueSpecification","valueRequired":true,"valueName":"search_term_string"}}],"inLanguage":"da-DK"}]}},"_links":{"self":[{"href":"https:\/\/www.gdirekt.se\/da\/wp-json\/wp\/v2\/product\/13342","targetHints":{"allow":["GET"]}}],"collection":[{"href":"https:\/\/www.gdirekt.se\/da\/wp-json\/wp\/v2\/product"}],"about":[{"href":"https:\/\/www.gdirekt.se\/da\/wp-json\/wp\/v2\/types\/product"}],"wp:featuredmedia":[{"embeddable":true,"href":"https:\/\/www.gdirekt.se\/da\/wp-json\/wp\/v2\/media\/18569"}],"wp:attachment":[{"href":"https:\/\/www.gdirekt.se\/da\/wp-json\/wp\/v2\/media?parent=13342"}],"wp:term":[{"taxonomy":"product_brand","embeddable":true,"href":"https:\/\/www.gdirekt.se\/da\/wp-json\/wp\/v2\/product_brand?post=13342"},{"taxonomy":"product_cat","embeddable":true,"href":"https:\/\/www.gdirekt.se\/da\/wp-json\/wp\/v2\/product_cat?post=13342"},{"taxonomy":"product_tag","embeddable":true,"href":"https:\/\/www.gdirekt.se\/da\/wp-json\/wp\/v2\/product_tag?post=13342"}],"curies":[{"name":"wp","href":"https:\/\/api.w.org\/{rel}","templated":true}]}}