{"id":13282,"date":"2020-02-03T13:18:05","date_gmt":"2020-02-03T12:18:05","guid":{"rendered":"https:\/\/www.gdirekt.se\/?post_type=product&#038;p=13282"},"modified":"2024-02-01T09:25:26","modified_gmt":"2024-02-01T08:25:26","slug":"udendors-rollup","status":"publish","type":"product","link":"https:\/\/www.gdirekt.se\/da\/produkt\/udendors-rollup\/","title":{"rendered":"Udend\u00f8rs rollup"},"content":{"rendered":"<div class=\"frame\">\n<div class=\"page tlid-homepage homepage translate-text\">\n<div class=\"homepage-content-wrap\">\n<div class=\"tlid-source-target main-header small-font\">\n<div class=\"source-target-row\">\n<div class=\"tlid-input input\">\n<div class=\"tlid-language-bar ls-wrap\"><\/div>\n<div class=\"source-wrap\">\n<div class=\"input-full-height-wrapper tlid-input-full-height-wrapper\">\n<div class=\"source-input\">\n<div class=\"source-footer-wrap source-or-target-footer\">\n<div class=\"source-footer\">\n<div class=\"src-tts left-positioned ttsbutton jfk-button-flat source-or-target-footer-button jfk-button\" tabindex=\"0\" role=\"button\" aria-label=\"Lyssna\" data-tooltip=\"Lyssna\" aria-pressed=\"false\" data-tooltip-align=\"t,c\" aria-hidden=\"false\" aria-disabled=\"false\">\n<div class=\"jfk-button-img\">Udend\u00f8rs rollup er et b\u00e6redygtigt expo-stand! Stilfuldt design, der prim\u00e6rt er til visning af beskeden i begge retninger! Den udend\u00f8rsrollupen vejer hele 15 kg og st\u00e5r godt i vinden. En ekstra fordel er, at det er forsynet med fjedre. Roll upen er optimal for dem, der \u00f8nsker kvalitet til den rigtige pris. St\u00f8rrelsen er 85 cm bred og 200 cm h\u00f8j. Billederne er trykt med den h\u00f8jeste kvalitet. Sort polstret taske er ogs\u00e5 inkluderet i prisen.<\/div>\n<\/div>\n<\/div>\n<\/div>\n<\/div>\n<\/div>\n<\/div>\n<\/div>\n<div class=\"tlid-results-container results-container\">\n<div class=\"tlid-result result-dict-wrapper\">\n<div class=\"result tlid-copy-target\">\n<div class=\"text-wrap tlid-copy-target\">\n<div class=\"result-shield-container tlid-copy-target\" tabindex=\"0\"><span class=\"tlid-translation translation\" lang=\"da\"><span class=\"tlid-translation translation\" lang=\"da\"><br \/>\nUdend\u00f8rs srollup opretholder ogs\u00e5 h\u00f8j kvalitet med garanteret god udskrivning. Den dobbeltsidede rollupsen har en st\u00f8rrelse p\u00e5 85&#215;200 cm. De udskrevne bannere ruller op og ned p\u00e5 sekunder. De er lavet af en holdbar v\u00e6vning med blokeringslag, s\u00e5 de ikke skinner gennem solen.<\/span><\/span>Bestil rollup fra Gdirekt, og vi garanterer, at du bliver tilfreds. Den rigtige pris for god kvalitet og hurtig levering. Vores trykkeri i Sverige leverer til alle Danmarks byer s\u00e5vel som i Sverige som Stockholm, G\u00f6teborg og Malm\u00f6. Udend\u00f8rs rollup er m\u00e5ske markedets mest b\u00e6rbare og glateste samling til brug udenfor! Vejer 15 kg og er meget stabil. Dette er perfekt til en udend\u00f8rs begivenhed som \u00e5bning eller kampe.<\/p>\n<p>Endelig har vi i Gdirekt alle typer og varianter p\u00e5 rollups, se p\u00e5 vores oversigt og v\u00e6lg hvilken model du vil bestille. Du kan k\u00f8be smalle rollups, brede rollups, h\u00f8je rollups. Nogle er billigere og andre med dyrere design med andre materialevalg, der holder ekstra godt udend\u00f8rs. Vi arbejder meget med m\u00e6rker og ogs\u00e5 flere udstillingsbyggere, der leder efter inspiration og en m\u00e5de at finde gode ideer p\u00e5. S\u00e5 kan en nem m\u00e5de v\u00e6re at f\u00f8lge os p\u00e5 sociale medier, og den nemmeste m\u00e5de er at logge ind p\u00e5 vores Instagram-konto.<\/p>\n<\/div>\n<\/div>\n<\/div>\n<\/div>\n<\/div>\n<\/div>\n<\/div>\n<\/div>\n<\/div>\n<\/div>\n","protected":false},"excerpt":{"rendered":"<div class=\"tlid-input input\">\n<div class=\"source-wrap\">\n<div class=\"input-full-height-wrapper tlid-input-full-height-wrapper\">\n<div class=\"source-input\">\n<div class=\"source-footer-wrap source-or-target-footer\">\n<div class=\"character-count tlid-character-count\">\n<div class=\"cc-ctr normal\">Udend\u00f8rs rollup er den perfekte l\u00f8sning til at vise beskeden i to retninger! Rollupen leveres i en holdbar nylon taske. St\u00f8rrelsen p\u00e5 billedet er 85x200cm. Det inkluderer 2 trykte billeder i h\u00f8jeste kvalitet!<\/div>\n<\/div>\n<\/div>\n<\/div>\n<\/div>\n<\/div>\n<\/div>\n","protected":false},"featured_media":13284,"template":"","meta":{"_acf_changed":false},"product_brand":[],"product_cat":[377,356],"product_tag":[],"class_list":{"0":"post-13282","1":"product","2":"type-product","3":"status-publish","4":"has-post-thumbnail","6":"product_cat-rollup-og-roll-up-banner","7":"product_cat-udendoersskilte-og-expo","8":"product_shipping_class-250kr","10":"first","11":"instock","12":"taxable","13":"shipping-taxable","14":"purchasable","15":"product-type-simple"},"exclude_global_add_ons":[],"addons":[],"acf":[],"yoast_head":"<!-- This site is optimized with the Yoast SEO plugin v27.2 - https:\/\/yoast.com\/product\/yoast-seo-wordpress\/ -->\n<title>, bestil billigt og hurtigt<\/title>\n<meta name=\"description\" content=\"Udend\u00f8rs rollup, Du kan nemt bestille fra os! To trykte rollupbannere er inkluderet i den billige pris. K\u00f8b i dag, vi har hurtig levering!\" \/>\n<meta name=\"robots\" content=\"index, follow, max-snippet:-1, max-image-preview:large, max-video-preview:-1\" \/>\n<link rel=\"canonical\" href=\"https:\/\/www.gdirekt.se\/da\/produkt\/udendors-rollup\/\" \/>\n<meta property=\"og:locale\" content=\"da_DK\" \/>\n<meta property=\"og:type\" content=\"article\" \/>\n<meta property=\"og:title\" content=\", bestil billigt og hurtigt\" \/>\n<meta property=\"og:description\" content=\"Udend\u00f8rs rollup, Du kan nemt bestille fra os! To trykte rollupbannere er inkluderet i den billige pris. K\u00f8b i dag, vi har hurtig levering!\" \/>\n<meta property=\"og:url\" content=\"https:\/\/www.gdirekt.se\/da\/produkt\/udendors-rollup\/\" \/>\n<meta property=\"og:site_name\" content=\"Gdirekt.se\" \/>\n<meta property=\"article:modified_time\" content=\"2024-02-01T08:25:26+00:00\" \/>\n<meta property=\"og:image\" content=\"https:\/\/www.gdirekt.se\/wp-content\/uploads\/utomhus-rollup.png\" \/>\n\t<meta property=\"og:image:width\" content=\"1000\" \/>\n\t<meta property=\"og:image:height\" content=\"1000\" \/>\n\t<meta property=\"og:image:type\" content=\"image\/png\" \/>\n<meta name=\"twitter:card\" content=\"summary_large_image\" \/>\n<meta name=\"twitter:label1\" content=\"Estimeret l\u00e6setid\" \/>\n\t<meta name=\"twitter:data1\" content=\"2 minutter\" \/>\n<script type=\"application\/ld+json\" class=\"yoast-schema-graph\">{\"@context\":\"https:\/\/schema.org\",\"@graph\":[{\"@type\":\"WebPage\",\"@id\":\"https:\/\/www.gdirekt.se\/da\/produkt\/udendors-rollup\/\",\"url\":\"https:\/\/www.gdirekt.se\/da\/produkt\/udendors-rollup\/\",\"name\":\", bestil billigt og hurtigt\",\"isPartOf\":{\"@id\":\"https:\/\/www.gdirekt.se\/#website\"},\"primaryImageOfPage\":{\"@id\":\"https:\/\/www.gdirekt.se\/da\/produkt\/udendors-rollup\/#primaryimage\"},\"image\":{\"@id\":\"https:\/\/www.gdirekt.se\/da\/produkt\/udendors-rollup\/#primaryimage\"},\"thumbnailUrl\":\"https:\/\/www.gdirekt.se\/wp-content\/uploads\/utomhus-rollup.png\",\"datePublished\":\"2020-02-03T12:18:05+00:00\",\"dateModified\":\"2024-02-01T08:25:26+00:00\",\"description\":\"Udend\u00f8rs rollup, Du kan nemt bestille fra os! To trykte rollupbannere er inkluderet i den billige pris. K\u00f8b i dag, vi har hurtig levering!\",\"breadcrumb\":{\"@id\":\"https:\/\/www.gdirekt.se\/da\/produkt\/udendors-rollup\/#breadcrumb\"},\"inLanguage\":\"da-DK\",\"potentialAction\":[{\"@type\":\"ReadAction\",\"target\":[\"https:\/\/www.gdirekt.se\/da\/produkt\/udendors-rollup\/\"]}]},{\"@type\":\"ImageObject\",\"inLanguage\":\"da-DK\",\"@id\":\"https:\/\/www.gdirekt.se\/da\/produkt\/udendors-rollup\/#primaryimage\",\"url\":\"https:\/\/www.gdirekt.se\/wp-content\/uploads\/utomhus-rollup.png\",\"contentUrl\":\"https:\/\/www.gdirekt.se\/wp-content\/uploads\/utomhus-rollup.png\",\"width\":1000,\"height\":1000,\"caption\":\"Stabil rollup til udend\u00f8rs\"},{\"@type\":\"BreadcrumbList\",\"@id\":\"https:\/\/www.gdirekt.se\/da\/produkt\/udendors-rollup\/#breadcrumb\",\"itemListElement\":[{\"@type\":\"ListItem\",\"position\":1,\"name\":\"Hem\",\"item\":\"https:\/\/www.gdirekt.se\/da\/\"},{\"@type\":\"ListItem\",\"position\":2,\"name\":\"Start\",\"item\":\"https:\/\/www.gdirekt.se\/da\/\"},{\"@type\":\"ListItem\",\"position\":3,\"name\":\"Udend\u00f8rs rollup\"}]},{\"@type\":\"WebSite\",\"@id\":\"https:\/\/www.gdirekt.se\/#website\",\"url\":\"https:\/\/www.gdirekt.se\/\",\"name\":\"Gdirekt.se\",\"description\":\"Tryck snabbt \u00e5 l\u00e4tt = Gdirekt\",\"potentialAction\":[{\"@type\":\"SearchAction\",\"target\":{\"@type\":\"EntryPoint\",\"urlTemplate\":\"https:\/\/www.gdirekt.se\/?s={search_term_string}\"},\"query-input\":{\"@type\":\"PropertyValueSpecification\",\"valueRequired\":true,\"valueName\":\"search_term_string\"}}],\"inLanguage\":\"da-DK\"}]}<\/script>\n<!-- \/ Yoast SEO plugin. -->","yoast_head_json":{"title":", bestil billigt og hurtigt","description":"Udend\u00f8rs rollup, Du kan nemt bestille fra os! To trykte rollupbannere er inkluderet i den billige pris. K\u00f8b i dag, vi har hurtig levering!","robots":{"index":"index","follow":"follow","max-snippet":"max-snippet:-1","max-image-preview":"max-image-preview:large","max-video-preview":"max-video-preview:-1"},"canonical":"https:\/\/www.gdirekt.se\/da\/produkt\/udendors-rollup\/","og_locale":"da_DK","og_type":"article","og_title":", bestil billigt og hurtigt","og_description":"Udend\u00f8rs rollup, Du kan nemt bestille fra os! To trykte rollupbannere er inkluderet i den billige pris. K\u00f8b i dag, vi har hurtig levering!","og_url":"https:\/\/www.gdirekt.se\/da\/produkt\/udendors-rollup\/","og_site_name":"Gdirekt.se","article_modified_time":"2024-02-01T08:25:26+00:00","og_image":[{"width":1000,"height":1000,"url":"https:\/\/www.gdirekt.se\/wp-content\/uploads\/utomhus-rollup.png","type":"image\/png"}],"twitter_card":"summary_large_image","twitter_misc":{"Estimeret l\u00e6setid":"2 minutter"},"schema":{"@context":"https:\/\/schema.org","@graph":[{"@type":"WebPage","@id":"https:\/\/www.gdirekt.se\/da\/produkt\/udendors-rollup\/","url":"https:\/\/www.gdirekt.se\/da\/produkt\/udendors-rollup\/","name":", bestil billigt og hurtigt","isPartOf":{"@id":"https:\/\/www.gdirekt.se\/#website"},"primaryImageOfPage":{"@id":"https:\/\/www.gdirekt.se\/da\/produkt\/udendors-rollup\/#primaryimage"},"image":{"@id":"https:\/\/www.gdirekt.se\/da\/produkt\/udendors-rollup\/#primaryimage"},"thumbnailUrl":"https:\/\/www.gdirekt.se\/wp-content\/uploads\/utomhus-rollup.png","datePublished":"2020-02-03T12:18:05+00:00","dateModified":"2024-02-01T08:25:26+00:00","description":"Udend\u00f8rs rollup, Du kan nemt bestille fra os! To trykte rollupbannere er inkluderet i den billige pris. K\u00f8b i dag, vi har hurtig levering!","breadcrumb":{"@id":"https:\/\/www.gdirekt.se\/da\/produkt\/udendors-rollup\/#breadcrumb"},"inLanguage":"da-DK","potentialAction":[{"@type":"ReadAction","target":["https:\/\/www.gdirekt.se\/da\/produkt\/udendors-rollup\/"]}]},{"@type":"ImageObject","inLanguage":"da-DK","@id":"https:\/\/www.gdirekt.se\/da\/produkt\/udendors-rollup\/#primaryimage","url":"https:\/\/www.gdirekt.se\/wp-content\/uploads\/utomhus-rollup.png","contentUrl":"https:\/\/www.gdirekt.se\/wp-content\/uploads\/utomhus-rollup.png","width":1000,"height":1000,"caption":"Stabil rollup til udend\u00f8rs"},{"@type":"BreadcrumbList","@id":"https:\/\/www.gdirekt.se\/da\/produkt\/udendors-rollup\/#breadcrumb","itemListElement":[{"@type":"ListItem","position":1,"name":"Hem","item":"https:\/\/www.gdirekt.se\/da\/"},{"@type":"ListItem","position":2,"name":"Start","item":"https:\/\/www.gdirekt.se\/da\/"},{"@type":"ListItem","position":3,"name":"Udend\u00f8rs rollup"}]},{"@type":"WebSite","@id":"https:\/\/www.gdirekt.se\/#website","url":"https:\/\/www.gdirekt.se\/","name":"Gdirekt.se","description":"Tryck snabbt \u00e5 l\u00e4tt = Gdirekt","potentialAction":[{"@type":"SearchAction","target":{"@type":"EntryPoint","urlTemplate":"https:\/\/www.gdirekt.se\/?s={search_term_string}"},"query-input":{"@type":"PropertyValueSpecification","valueRequired":true,"valueName":"search_term_string"}}],"inLanguage":"da-DK"}]}},"_links":{"self":[{"href":"https:\/\/www.gdirekt.se\/da\/wp-json\/wp\/v2\/product\/13282","targetHints":{"allow":["GET"]}}],"collection":[{"href":"https:\/\/www.gdirekt.se\/da\/wp-json\/wp\/v2\/product"}],"about":[{"href":"https:\/\/www.gdirekt.se\/da\/wp-json\/wp\/v2\/types\/product"}],"wp:featuredmedia":[{"embeddable":true,"href":"https:\/\/www.gdirekt.se\/da\/wp-json\/wp\/v2\/media\/13284"}],"wp:attachment":[{"href":"https:\/\/www.gdirekt.se\/da\/wp-json\/wp\/v2\/media?parent=13282"}],"wp:term":[{"taxonomy":"product_brand","embeddable":true,"href":"https:\/\/www.gdirekt.se\/da\/wp-json\/wp\/v2\/product_brand?post=13282"},{"taxonomy":"product_cat","embeddable":true,"href":"https:\/\/www.gdirekt.se\/da\/wp-json\/wp\/v2\/product_cat?post=13282"},{"taxonomy":"product_tag","embeddable":true,"href":"https:\/\/www.gdirekt.se\/da\/wp-json\/wp\/v2\/product_tag?post=13282"}],"curies":[{"name":"wp","href":"https:\/\/api.w.org\/{rel}","templated":true}]}}