{"id":13249,"date":"2020-01-28T11:40:06","date_gmt":"2020-01-28T10:40:06","guid":{"rendered":"https:\/\/www.gdirekt.se\/produkt\/dobbeltsidet-rollup\/"},"modified":"2024-02-01T09:29:50","modified_gmt":"2024-02-01T08:29:50","slug":"dobbeltsidet-rollup","status":"publish","type":"product","link":"https:\/\/www.gdirekt.se\/da\/produkt\/dobbeltsidet-rollup\/","title":{"rendered":"Dobbeltsidet rollup"},"content":{"rendered":"<p>Dobbeltsidet rollup er et holdbart expo-stativ! Moderne design, der prim\u00e6rt er til visning af beskeden i begge retninger! Rollupen er optimal for dem, der \u00f8nsker kvalitet til den rigtige pris. St\u00f8rrelsen er 85 cm bred og 200 cm h\u00f8j. Billederne er trykt med den h\u00f8jeste kvalitet. Sort polstret taske er ogs\u00e5 inkluderet i prisen.<\/p>\n<p>Dobbeltsidet rollup opretholder ogs\u00e5 h\u00f8j kvalitet med garanteret god udskrivning. Den dobbeltsidige rollupen f\u00e5s i \u00e9n st\u00f8rrelse. De udskrevne billeder ruller op og ned p\u00e5 sekunder.<\/p>\n<p>Bestil roll up fra Gdirekt, og vi garanterer, at du bliver tilfreds. Den rigtige pris for god kvalitet og hurtig levering. Vores trykkeri i Sverige leverer til alle Danmarks byer s\u00e5vel som i Sverige som Stockholm, G\u00f6teborg og Malm\u00f6. Dobbeltsidet rolluper m\u00e5ske den mest b\u00e6rbare og glateste samling p\u00e5 markedet, k\u00f8b den fra os! Vejer kun 7,5 kg og er meget stabil.<\/p>\n<p>Endelig har vi i Gdirekt alle typer og forskellige varianter p\u00e5 rollups, se p\u00e5 vores oversigt og v\u00e6lg hvilken model du vil bestille. Du kan k\u00f8be smalle rollups, brede rollups, h\u00f8je rollups. Vis er billigere og andre med dyrere design med andre materialevalg, der holder ekstra godt udend\u00f8rs. Vi arbejder meget med m\u00e6rker og ogs\u00e5 flere udstillingsbyggere, der leder efter inspiration og en m\u00e5de at finde gode ideer p\u00e5. S\u00e5 kan en nem m\u00e5de v\u00e6re at f\u00f8lge os p\u00e5 sociale medier, og den nemmeste m\u00e5de er at logge ind p\u00e5 vores Instagram-konto.<\/p>\n","protected":false},"excerpt":{"rendered":"<div class=\"tlid-input input\">\n<div class=\"source-wrap\">\n<div class=\"input-full-height-wrapper tlid-input-full-height-wrapper\">\n<div class=\"source-input\">\n<div class=\"source-footer-wrap source-or-target-footer\">\n<div class=\"character-count tlid-character-count\">\n<div class=\"cc-ctr normal\"><span title=\"\">Dobbeltsidet rollup er en smart l\u00f8sning til at vise beskeden i to retninger!<\/span> <span title=\"\">Rollupen leveres i en holdbar nylon taske.<\/span> <span title=\"\">St\u00f8rrelsen p\u00e5 billedet er 85x200cm.<\/span> <span class=\"\" title=\"\">Det inkluderer 2 trykte billeder i h\u00f8jeste kvalitet!<\/span><\/div>\n<\/div>\n<\/div>\n<\/div>\n<\/div>\n<\/div>\n<\/div>\n","protected":false},"featured_media":13243,"template":"","meta":{"_acf_changed":false},"product_brand":[],"product_cat":[377],"product_tag":[],"class_list":{"0":"post-13249","1":"product","2":"type-product","3":"status-publish","4":"has-post-thumbnail","6":"product_cat-rollup-og-roll-up-banner","7":"product_shipping_class-250kr","9":"first","10":"instock","11":"taxable","12":"shipping-taxable","13":"purchasable","14":"product-type-simple"},"exclude_global_add_ons":[],"addons":[],"acf":[],"yoast_head":"<!-- This site is optimized with the Yoast SEO plugin v27.2 - https:\/\/yoast.com\/product\/yoast-seo-wordpress\/ -->\n<title>, bestil billigt og hurtigt<\/title>\n<meta name=\"description\" content=\"Dobbeltsidet rollup, Du kan nemt bestille fra os! To trykte rollupbannere er inkluderet i den billige pris. K\u00f8b i dag, vi har hurtig levering!\" \/>\n<meta name=\"robots\" content=\"index, follow, max-snippet:-1, max-image-preview:large, max-video-preview:-1\" \/>\n<link rel=\"canonical\" href=\"https:\/\/www.gdirekt.se\/da\/produkt\/dobbeltsidet-rollup\/\" \/>\n<meta property=\"og:locale\" content=\"da_DK\" \/>\n<meta property=\"og:type\" content=\"article\" \/>\n<meta property=\"og:title\" content=\", bestil billigt og hurtigt\" \/>\n<meta property=\"og:description\" content=\"Dobbeltsidet rollup, Du kan nemt bestille fra os! To trykte rollupbannere er inkluderet i den billige pris. K\u00f8b i dag, vi har hurtig levering!\" \/>\n<meta property=\"og:url\" content=\"https:\/\/www.gdirekt.se\/da\/produkt\/dobbeltsidet-rollup\/\" \/>\n<meta property=\"og:site_name\" content=\"Gdirekt.se\" \/>\n<meta property=\"article:modified_time\" content=\"2024-02-01T08:29:50+00:00\" \/>\n<meta property=\"og:image\" content=\"https:\/\/www.gdirekt.se\/wp-content\/uploads\/dubbelsidig-rollup.png\" \/>\n\t<meta property=\"og:image:width\" content=\"1000\" \/>\n\t<meta property=\"og:image:height\" content=\"1000\" \/>\n\t<meta property=\"og:image:type\" content=\"image\/png\" \/>\n<meta name=\"twitter:card\" content=\"summary_large_image\" \/>\n<meta name=\"twitter:label1\" content=\"Estimeret l\u00e6setid\" \/>\n\t<meta name=\"twitter:data1\" content=\"1 minut\" \/>\n<script type=\"application\/ld+json\" class=\"yoast-schema-graph\">{\"@context\":\"https:\/\/schema.org\",\"@graph\":[{\"@type\":\"WebPage\",\"@id\":\"https:\/\/www.gdirekt.se\/da\/produkt\/dobbeltsidet-rollup\/\",\"url\":\"https:\/\/www.gdirekt.se\/da\/produkt\/dobbeltsidet-rollup\/\",\"name\":\", bestil billigt og hurtigt\",\"isPartOf\":{\"@id\":\"https:\/\/www.gdirekt.se\/#website\"},\"primaryImageOfPage\":{\"@id\":\"https:\/\/www.gdirekt.se\/da\/produkt\/dobbeltsidet-rollup\/#primaryimage\"},\"image\":{\"@id\":\"https:\/\/www.gdirekt.se\/da\/produkt\/dobbeltsidet-rollup\/#primaryimage\"},\"thumbnailUrl\":\"https:\/\/www.gdirekt.se\/wp-content\/uploads\/dubbelsidig-rollup.png\",\"datePublished\":\"2020-01-28T10:40:06+00:00\",\"dateModified\":\"2024-02-01T08:29:50+00:00\",\"description\":\"Dobbeltsidet rollup, Du kan nemt bestille fra os! To trykte rollupbannere er inkluderet i den billige pris. K\u00f8b i dag, vi har hurtig levering!\",\"breadcrumb\":{\"@id\":\"https:\/\/www.gdirekt.se\/da\/produkt\/dobbeltsidet-rollup\/#breadcrumb\"},\"inLanguage\":\"da-DK\",\"potentialAction\":[{\"@type\":\"ReadAction\",\"target\":[\"https:\/\/www.gdirekt.se\/da\/produkt\/dobbeltsidet-rollup\/\"]}]},{\"@type\":\"ImageObject\",\"inLanguage\":\"da-DK\",\"@id\":\"https:\/\/www.gdirekt.se\/da\/produkt\/dobbeltsidet-rollup\/#primaryimage\",\"url\":\"https:\/\/www.gdirekt.se\/wp-content\/uploads\/dubbelsidig-rollup.png\",\"contentUrl\":\"https:\/\/www.gdirekt.se\/wp-content\/uploads\/dubbelsidig-rollup.png\",\"width\":1000,\"height\":1000,\"caption\":\"En dejlig rollup med dobbeltsidede billeder\"},{\"@type\":\"BreadcrumbList\",\"@id\":\"https:\/\/www.gdirekt.se\/da\/produkt\/dobbeltsidet-rollup\/#breadcrumb\",\"itemListElement\":[{\"@type\":\"ListItem\",\"position\":1,\"name\":\"Hem\",\"item\":\"https:\/\/www.gdirekt.se\/da\/\"},{\"@type\":\"ListItem\",\"position\":2,\"name\":\"Start\",\"item\":\"https:\/\/www.gdirekt.se\/da\/\"},{\"@type\":\"ListItem\",\"position\":3,\"name\":\"Dobbeltsidet rollup\"}]},{\"@type\":\"WebSite\",\"@id\":\"https:\/\/www.gdirekt.se\/#website\",\"url\":\"https:\/\/www.gdirekt.se\/\",\"name\":\"Gdirekt.se\",\"description\":\"Tryck snabbt \u00e5 l\u00e4tt = Gdirekt\",\"potentialAction\":[{\"@type\":\"SearchAction\",\"target\":{\"@type\":\"EntryPoint\",\"urlTemplate\":\"https:\/\/www.gdirekt.se\/?s={search_term_string}\"},\"query-input\":{\"@type\":\"PropertyValueSpecification\",\"valueRequired\":true,\"valueName\":\"search_term_string\"}}],\"inLanguage\":\"da-DK\"}]}<\/script>\n<!-- \/ Yoast SEO plugin. -->","yoast_head_json":{"title":", bestil billigt og hurtigt","description":"Dobbeltsidet rollup, Du kan nemt bestille fra os! To trykte rollupbannere er inkluderet i den billige pris. K\u00f8b i dag, vi har hurtig levering!","robots":{"index":"index","follow":"follow","max-snippet":"max-snippet:-1","max-image-preview":"max-image-preview:large","max-video-preview":"max-video-preview:-1"},"canonical":"https:\/\/www.gdirekt.se\/da\/produkt\/dobbeltsidet-rollup\/","og_locale":"da_DK","og_type":"article","og_title":", bestil billigt og hurtigt","og_description":"Dobbeltsidet rollup, Du kan nemt bestille fra os! To trykte rollupbannere er inkluderet i den billige pris. K\u00f8b i dag, vi har hurtig levering!","og_url":"https:\/\/www.gdirekt.se\/da\/produkt\/dobbeltsidet-rollup\/","og_site_name":"Gdirekt.se","article_modified_time":"2024-02-01T08:29:50+00:00","og_image":[{"width":1000,"height":1000,"url":"https:\/\/www.gdirekt.se\/wp-content\/uploads\/dubbelsidig-rollup.png","type":"image\/png"}],"twitter_card":"summary_large_image","twitter_misc":{"Estimeret l\u00e6setid":"1 minut"},"schema":{"@context":"https:\/\/schema.org","@graph":[{"@type":"WebPage","@id":"https:\/\/www.gdirekt.se\/da\/produkt\/dobbeltsidet-rollup\/","url":"https:\/\/www.gdirekt.se\/da\/produkt\/dobbeltsidet-rollup\/","name":", bestil billigt og hurtigt","isPartOf":{"@id":"https:\/\/www.gdirekt.se\/#website"},"primaryImageOfPage":{"@id":"https:\/\/www.gdirekt.se\/da\/produkt\/dobbeltsidet-rollup\/#primaryimage"},"image":{"@id":"https:\/\/www.gdirekt.se\/da\/produkt\/dobbeltsidet-rollup\/#primaryimage"},"thumbnailUrl":"https:\/\/www.gdirekt.se\/wp-content\/uploads\/dubbelsidig-rollup.png","datePublished":"2020-01-28T10:40:06+00:00","dateModified":"2024-02-01T08:29:50+00:00","description":"Dobbeltsidet rollup, Du kan nemt bestille fra os! To trykte rollupbannere er inkluderet i den billige pris. K\u00f8b i dag, vi har hurtig levering!","breadcrumb":{"@id":"https:\/\/www.gdirekt.se\/da\/produkt\/dobbeltsidet-rollup\/#breadcrumb"},"inLanguage":"da-DK","potentialAction":[{"@type":"ReadAction","target":["https:\/\/www.gdirekt.se\/da\/produkt\/dobbeltsidet-rollup\/"]}]},{"@type":"ImageObject","inLanguage":"da-DK","@id":"https:\/\/www.gdirekt.se\/da\/produkt\/dobbeltsidet-rollup\/#primaryimage","url":"https:\/\/www.gdirekt.se\/wp-content\/uploads\/dubbelsidig-rollup.png","contentUrl":"https:\/\/www.gdirekt.se\/wp-content\/uploads\/dubbelsidig-rollup.png","width":1000,"height":1000,"caption":"En dejlig rollup med dobbeltsidede billeder"},{"@type":"BreadcrumbList","@id":"https:\/\/www.gdirekt.se\/da\/produkt\/dobbeltsidet-rollup\/#breadcrumb","itemListElement":[{"@type":"ListItem","position":1,"name":"Hem","item":"https:\/\/www.gdirekt.se\/da\/"},{"@type":"ListItem","position":2,"name":"Start","item":"https:\/\/www.gdirekt.se\/da\/"},{"@type":"ListItem","position":3,"name":"Dobbeltsidet rollup"}]},{"@type":"WebSite","@id":"https:\/\/www.gdirekt.se\/#website","url":"https:\/\/www.gdirekt.se\/","name":"Gdirekt.se","description":"Tryck snabbt \u00e5 l\u00e4tt = Gdirekt","potentialAction":[{"@type":"SearchAction","target":{"@type":"EntryPoint","urlTemplate":"https:\/\/www.gdirekt.se\/?s={search_term_string}"},"query-input":{"@type":"PropertyValueSpecification","valueRequired":true,"valueName":"search_term_string"}}],"inLanguage":"da-DK"}]}},"_links":{"self":[{"href":"https:\/\/www.gdirekt.se\/da\/wp-json\/wp\/v2\/product\/13249","targetHints":{"allow":["GET"]}}],"collection":[{"href":"https:\/\/www.gdirekt.se\/da\/wp-json\/wp\/v2\/product"}],"about":[{"href":"https:\/\/www.gdirekt.se\/da\/wp-json\/wp\/v2\/types\/product"}],"wp:featuredmedia":[{"embeddable":true,"href":"https:\/\/www.gdirekt.se\/da\/wp-json\/wp\/v2\/media\/13243"}],"wp:attachment":[{"href":"https:\/\/www.gdirekt.se\/da\/wp-json\/wp\/v2\/media?parent=13249"}],"wp:term":[{"taxonomy":"product_brand","embeddable":true,"href":"https:\/\/www.gdirekt.se\/da\/wp-json\/wp\/v2\/product_brand?post=13249"},{"taxonomy":"product_cat","embeddable":true,"href":"https:\/\/www.gdirekt.se\/da\/wp-json\/wp\/v2\/product_cat?post=13249"},{"taxonomy":"product_tag","embeddable":true,"href":"https:\/\/www.gdirekt.se\/da\/wp-json\/wp\/v2\/product_tag?post=13249"}],"curies":[{"name":"wp","href":"https:\/\/api.w.org\/{rel}","templated":true}]}}